{"id":499,"date":"2022-08-25T11:06:02","date_gmt":"2022-08-25T16:06:02","guid":{"rendered":"https:\/\/www.une.edu.pe\/registro-une\/?page_id=499"},"modified":"2025-03-04T11:22:16","modified_gmt":"2025-03-04T16:22:16","slug":"certificado-de-estudios-parcial","status":"publish","type":"page","link":"https:\/\/www.une.edu.pe\/registro-une\/certificado-de-estudios-parcial\/","title":{"rendered":"CERTIFICADO DE ESTUDIOS PARCIAL"},"content":{"rendered":"\t\t<div data-elementor-type=\"wp-page\" data-elementor-id=\"499\" class=\"elementor elementor-499\">\n\t\t\t\t\t\t<section class=\"elementor-section elementor-top-section elementor-element elementor-element-6fbac50 elementor-section-boxed elementor-section-height-default elementor-section-height-default\" data-id=\"6fbac50\" data-element_type=\"section\" data-e-type=\"section\">\n\t\t\t\t\t\t<div class=\"elementor-container elementor-column-gap-default\">\n\t\t\t\t\t<div class=\"elementor-column elementor-col-33 elementor-top-column elementor-element elementor-element-e8a940d\" data-id=\"e8a940d\" data-element_type=\"column\" data-e-type=\"column\">\n\t\t\t<div class=\"elementor-widget-wrap elementor-element-populated\">\n\t\t\t\t\t\t<div class=\"elementor-element elementor-element-500a4dc elementor-widget elementor-widget-image\" data-id=\"500a4dc\" data-element_type=\"widget\" data-e-type=\"widget\" data-widget_type=\"image.default\">\n\t\t\t\t<div class=\"elementor-widget-container\">\n\t\t\t\t\t\t\t\t\t\t\t\t\t\t\t<img decoding=\"async\" width=\"85\" height=\"85\" src=\"https:\/\/www.une.edu.pe\/registro-une\/wp-content\/uploads\/2022\/08\/icono-1.png\" class=\"attachment-large size-large wp-image-502\" alt=\"\" \/>\t\t\t\t\t\t\t\t\t\t\t\t\t\t\t<\/div>\n\t\t\t\t<\/div>\n\t\t\t\t\t<\/div>\n\t\t<\/div>\n\t\t\t\t<div class=\"elementor-column elementor-col-33 elementor-top-column elementor-element elementor-element-86bb760\" data-id=\"86bb760\" data-element_type=\"column\" data-e-type=\"column\">\n\t\t\t<div class=\"elementor-widget-wrap elementor-element-populated\">\n\t\t\t\t\t\t<div class=\"elementor-element elementor-element-46a6356 elementor-widget elementor-widget-text-editor\" data-id=\"46a6356\" data-element_type=\"widget\" data-e-type=\"widget\" data-widget_type=\"text-editor.default\">\n\t\t\t\t<div class=\"elementor-widget-container\">\n\t\t\t\t\t\t\t\t\t<p style=\"font-weight: 400;\"><strong>CERTIFICADO DE ESTUDIOS PARCIAL:<\/strong><\/p><p style=\"font-weight: 400;\"><strong>Es un certificado que se otorga cuando el alumno todav\u00eda no egresa.<\/strong><\/p><p style=\"font-weight: 400;\"><strong><u>Requisitos:<\/u><\/strong><\/p><ul><li>Una foto actual digital de estudio fotogr\u00e1fico en formato jpg (grabar jpg en min\u00fascula). Tama\u00f1o pasaporte, con fondo blanco. color: Varones saco y corbata, damas blusa y saco (saco oscuro, camisa o blusa color claro). Cargar la foto en su INTRANET (www.une.edu.pe,INTRANET\/Alumno). Si no cumplen con las especificaciones de este requisito, el tr\u00e1mite no ser\u00e1 atendido.<\/li><li>Declaraci\u00f3n Jurada de ratificaci\u00f3n de datos de acuerdo al DNI vigente<\/li><li>Pagos a realizar:<\/li><\/ul><p>\u00a0<\/p><p><img fetchpriority=\"high\" decoding=\"async\" class=\"alignnone size-full wp-image-2528\" src=\"http:\/\/www.une.edu.pe\/registro-une\/wp-content\/uploads\/2025\/03\/EstudiosParcial.jpg\" alt=\"\" width=\"940\" height=\"614\" srcset=\"https:\/\/www.une.edu.pe\/registro-une\/wp-content\/uploads\/2025\/03\/EstudiosParcial.jpg 940w, https:\/\/www.une.edu.pe\/registro-une\/wp-content\/uploads\/2025\/03\/EstudiosParcial-300x196.jpg 300w, https:\/\/www.une.edu.pe\/registro-une\/wp-content\/uploads\/2025\/03\/EstudiosParcial-768x502.jpg 768w, https:\/\/www.une.edu.pe\/registro-une\/wp-content\/uploads\/2025\/03\/EstudiosParcial-880x575.jpg 880w\" sizes=\"(max-width: 940px) 100vw, 940px\" \/><\/p><p style=\"font-weight: 400;\"><b>Nota:<\/b>\u00a0<\/p><p>1. Todos los requisitos se deben adjuntar en un solo archivo PDF.<\/p><p>2. <span style=\"color: #ff0000;\">Los pagos por transferencia deben ser validados en www.une.edu.pe M\u00f3dulo de validaci\u00f3n de pagos por transferencia.<\/span><\/p><p><strong><span style=\"text-decoration: underline;\">Canales de atenci\u00f3n: <\/span><\/strong><\/p><p>Toda informaci\u00f3n sobre alguna observaci\u00f3n en su expediente se informar\u00e1 a trav\u00e9s de su intranet alumno.<\/p><p>Celular, WhatsApp: 992 069 901 &#8211; Sr. R.Obreg\u00f3n (Si tiene dudas sobre los requisitos. Escribir por WhatsApp).<\/p><p>Nota: Antes de llamar consultar primero en su INTRANET.<\/p>\t\t\t\t\t\t\t\t<\/div>\n\t\t\t\t<\/div>\n\t\t\t\t\t<\/div>\n\t\t<\/div>\n\t\t\t\t<div class=\"elementor-column elementor-col-33 elementor-top-column elementor-element elementor-element-00d70e8\" data-id=\"00d70e8\" data-element_type=\"column\" data-e-type=\"column\">\n\t\t\t<div class=\"elementor-widget-wrap elementor-element-populated\">\n\t\t\t\t\t\t<div class=\"elementor-element elementor-element-2ab4d00 elementor-widget elementor-widget-text-editor\" data-id=\"2ab4d00\" data-element_type=\"widget\" data-e-type=\"widget\" data-widget_type=\"text-editor.default\">\n\t\t\t\t<div class=\"elementor-widget-container\">\n\t\t\t\t\t\t\t\t\t<p><a href=\"https:\/\/apps.une.net.pe\/mpvf\/vistas\/serviciosacad.php\" target=\"_blank\" rel=\"noopener\"><img decoding=\"async\" class=\"alignnone wp-image-773\" src=\"https:\/\/www.une.edu.pe\/registro-une\/wp-content\/uploads\/2022\/08\/Solicitar.png\" alt=\"\" width=\"124\" height=\"25\" srcset=\"https:\/\/www.une.edu.pe\/registro-une\/wp-content\/uploads\/2022\/08\/Solicitar.png 1200w, https:\/\/www.une.edu.pe\/registro-une\/wp-content\/uploads\/2022\/08\/Solicitar-300x60.png 300w, https:\/\/www.une.edu.pe\/registro-une\/wp-content\/uploads\/2022\/08\/Solicitar-1024x206.png 1024w, https:\/\/www.une.edu.pe\/registro-une\/wp-content\/uploads\/2022\/08\/Solicitar-768x154.png 768w, https:\/\/www.une.edu.pe\/registro-une\/wp-content\/uploads\/2022\/08\/Solicitar-880x177.png 880w\" sizes=\"(max-width: 124px) 100vw, 124px\" \/><\/a><\/p>\t\t\t\t\t\t\t\t<\/div>\n\t\t\t\t<\/div>\n\t\t\t\t\t<\/div>\n\t\t<\/div>\n\t\t\t\t\t<\/div>\n\t\t<\/section>\n\t\t\t\t<\/div>\n\t\t","protected":false},"excerpt":{"rendered":"<p>CERTIFICADO DE ESTUDIOS PARCIAL: Es un certificado que se otorga cuando el alumno todav\u00eda no egresa. Requisitos:&#8230;<\/p>\n","protected":false},"author":1,"featured_media":0,"parent":0,"menu_order":0,"comment_status":"closed","ping_status":"closed","template":"elementor_header_footer","meta":{"footnotes":""},"class_list":["post-499","page","type-page","status-publish","hentry"],"_links":{"self":[{"href":"https:\/\/www.une.edu.pe\/registro-une\/wp-json\/wp\/v2\/pages\/499","targetHints":{"allow":["GET"]}}],"collection":[{"href":"https:\/\/www.une.edu.pe\/registro-une\/wp-json\/wp\/v2\/pages"}],"about":[{"href":"https:\/\/www.une.edu.pe\/registro-une\/wp-json\/wp\/v2\/types\/page"}],"author":[{"embeddable":true,"href":"https:\/\/www.une.edu.pe\/registro-une\/wp-json\/wp\/v2\/users\/1"}],"replies":[{"embeddable":true,"href":"https:\/\/www.une.edu.pe\/registro-une\/wp-json\/wp\/v2\/comments?post=499"}],"version-history":[{"count":34,"href":"https:\/\/www.une.edu.pe\/registro-une\/wp-json\/wp\/v2\/pages\/499\/revisions"}],"predecessor-version":[{"id":2537,"href":"https:\/\/www.une.edu.pe\/registro-une\/wp-json\/wp\/v2\/pages\/499\/revisions\/2537"}],"wp:attachment":[{"href":"https:\/\/www.une.edu.pe\/registro-une\/wp-json\/wp\/v2\/media?parent=499"}],"curies":[{"name":"wp","href":"https:\/\/api.w.org\/{rel}","templated":true}]}}