{"id":453,"date":"2022-08-25T10:27:26","date_gmt":"2022-08-25T15:27:26","guid":{"rendered":"https:\/\/www.une.edu.pe\/registro-une\/?page_id=453"},"modified":"2025-03-19T10:40:01","modified_gmt":"2025-03-19T15:40:01","slug":"constancia-de-egresado","status":"publish","type":"page","link":"https:\/\/www.une.edu.pe\/registro-une\/constancia-de-egresado\/","title":{"rendered":"CONSTANCIA DE EGRESADO"},"content":{"rendered":"\t\t<div data-elementor-type=\"wp-page\" data-elementor-id=\"453\" class=\"elementor elementor-453\">\n\t\t\t\t\t\t<section class=\"elementor-section elementor-top-section elementor-element elementor-element-039dbc8 elementor-section-boxed elementor-section-height-default elementor-section-height-default\" data-id=\"039dbc8\" data-element_type=\"section\" data-e-type=\"section\">\n\t\t\t\t\t\t<div class=\"elementor-container elementor-column-gap-default\">\n\t\t\t\t\t<div class=\"elementor-column elementor-col-33 elementor-top-column elementor-element elementor-element-7541137\" data-id=\"7541137\" data-element_type=\"column\" data-e-type=\"column\">\n\t\t\t<div class=\"elementor-widget-wrap elementor-element-populated\">\n\t\t\t\t\t\t<div class=\"elementor-element elementor-element-baf599d elementor-widget elementor-widget-image\" data-id=\"baf599d\" data-element_type=\"widget\" data-e-type=\"widget\" data-widget_type=\"image.default\">\n\t\t\t\t<div class=\"elementor-widget-container\">\n\t\t\t\t\t\t\t\t\t\t\t\t\t\t\t<img decoding=\"async\" width=\"85\" height=\"85\" src=\"https:\/\/www.une.edu.pe\/registro-une\/wp-content\/uploads\/2022\/08\/paper1.png\" class=\"attachment-large size-large wp-image-223\" alt=\"\" \/>\t\t\t\t\t\t\t\t\t\t\t\t\t\t\t<\/div>\n\t\t\t\t<\/div>\n\t\t\t\t\t<\/div>\n\t\t<\/div>\n\t\t\t\t<div class=\"elementor-column elementor-col-33 elementor-top-column elementor-element elementor-element-90f523c\" data-id=\"90f523c\" data-element_type=\"column\" data-e-type=\"column\">\n\t\t\t<div class=\"elementor-widget-wrap elementor-element-populated\">\n\t\t\t\t\t\t<div class=\"elementor-element elementor-element-24b64c0 elementor-widget elementor-widget-text-editor\" data-id=\"24b64c0\" data-element_type=\"widget\" data-e-type=\"widget\" data-widget_type=\"text-editor.default\">\n\t\t\t\t<div class=\"elementor-widget-container\">\n\t\t\t\t\t\t\t\t\t<p style=\"font-weight: 400;\"><b>CONSTANCIA DE EGRESADO:<\/b>\u00a0<\/p><p style=\"font-weight: 400;\"><strong>Documento d\u00f3nde acredita que el alumno ha cumplido con aprobar todos cr\u00e9ditos de su plan de estudios.<\/strong><\/p><p style=\"font-weight: 400;\"><strong><u>Requisitos:<\/u><\/strong><\/p><ul><li>Declaraci\u00f3n Jurada de ratificaci\u00f3n de datos de acuerdo al DNI vigente<\/li><li>Una foto actual digital de estudio fotogr\u00e1fico en formato jpg (grabar jpg en min\u00fascula). Tama\u00f1o pasaporte, con fondo blanco. color: Varones saco y corbata, damas blusa y saco (saco oscuro, camisa o blusa color claro). Cargar la foto en su INTRANET (<span style=\"color: #0000ff;\">www.une.edu.pe<\/span>, INTRANET\/Alumno). Si no cumplen con las especificaciones de este requisito, el tr\u00e1mite estar\u00e1 pendiente.<\/li><li>Pago a realizar:<\/li><\/ul><p>\u00a0<\/p><p><img fetchpriority=\"high\" decoding=\"async\" class=\"alignnone size-full wp-image-2668\" src=\"http:\/\/www.une.edu.pe\/registro-une\/wp-content\/uploads\/2025\/03\/ModificaRegistro.jpg\" alt=\"\" width=\"663\" height=\"292\" srcset=\"https:\/\/www.une.edu.pe\/registro-une\/wp-content\/uploads\/2025\/03\/ModificaRegistro.jpg 663w, https:\/\/www.une.edu.pe\/registro-une\/wp-content\/uploads\/2025\/03\/ModificaRegistro-300x132.jpg 300w\" sizes=\"(max-width: 663px) 100vw, 663px\" \/><\/p>\t\t\t\t\t\t\t\t<\/div>\n\t\t\t\t<\/div>\n\t\t\t\t\t<\/div>\n\t\t<\/div>\n\t\t\t\t<div class=\"elementor-column elementor-col-33 elementor-top-column elementor-element elementor-element-9440526\" data-id=\"9440526\" data-element_type=\"column\" data-e-type=\"column\">\n\t\t\t<div class=\"elementor-widget-wrap elementor-element-populated\">\n\t\t\t\t\t\t<div class=\"elementor-element elementor-element-955ff00 elementor-widget elementor-widget-text-editor\" data-id=\"955ff00\" data-element_type=\"widget\" data-e-type=\"widget\" data-widget_type=\"text-editor.default\">\n\t\t\t\t<div class=\"elementor-widget-container\">\n\t\t\t\t\t\t\t\t\t<p><a href=\"https:\/\/apps.une.net.pe\/mpvf\/vistas\/serviciosacad.php\" target=\"_blank\" rel=\"noopener\"><img decoding=\"async\" class=\"alignnone wp-image-773\" src=\"https:\/\/www.une.edu.pe\/registro-une\/wp-content\/uploads\/2022\/08\/Solicitar.png\" alt=\"\" width=\"124\" height=\"25\" srcset=\"https:\/\/www.une.edu.pe\/registro-une\/wp-content\/uploads\/2022\/08\/Solicitar.png 1200w, https:\/\/www.une.edu.pe\/registro-une\/wp-content\/uploads\/2022\/08\/Solicitar-300x60.png 300w, https:\/\/www.une.edu.pe\/registro-une\/wp-content\/uploads\/2022\/08\/Solicitar-1024x206.png 1024w, https:\/\/www.une.edu.pe\/registro-une\/wp-content\/uploads\/2022\/08\/Solicitar-768x154.png 768w, https:\/\/www.une.edu.pe\/registro-une\/wp-content\/uploads\/2022\/08\/Solicitar-880x177.png 880w\" sizes=\"(max-width: 124px) 100vw, 124px\" \/><\/a><\/p>\t\t\t\t\t\t\t\t<\/div>\n\t\t\t\t<\/div>\n\t\t\t\t\t<\/div>\n\t\t<\/div>\n\t\t\t\t\t<\/div>\n\t\t<\/section>\n\t\t\t\t<\/div>\n\t\t","protected":false},"excerpt":{"rendered":"<p>CONSTANCIA DE EGRESADO:\u00a0 Documento d\u00f3nde acredita que el alumno ha cumplido con aprobar todos cr\u00e9ditos de su&#8230;<\/p>\n","protected":false},"author":1,"featured_media":0,"parent":0,"menu_order":0,"comment_status":"closed","ping_status":"closed","template":"elementor_header_footer","meta":{"footnotes":""},"class_list":["post-453","page","type-page","status-publish","hentry"],"_links":{"self":[{"href":"https:\/\/www.une.edu.pe\/registro-une\/wp-json\/wp\/v2\/pages\/453","targetHints":{"allow":["GET"]}}],"collection":[{"href":"https:\/\/www.une.edu.pe\/registro-une\/wp-json\/wp\/v2\/pages"}],"about":[{"href":"https:\/\/www.une.edu.pe\/registro-une\/wp-json\/wp\/v2\/types\/page"}],"author":[{"embeddable":true,"href":"https:\/\/www.une.edu.pe\/registro-une\/wp-json\/wp\/v2\/users\/1"}],"replies":[{"embeddable":true,"href":"https:\/\/www.une.edu.pe\/registro-une\/wp-json\/wp\/v2\/comments?post=453"}],"version-history":[{"count":62,"href":"https:\/\/www.une.edu.pe\/registro-une\/wp-json\/wp\/v2\/pages\/453\/revisions"}],"predecessor-version":[{"id":2671,"href":"https:\/\/www.une.edu.pe\/registro-une\/wp-json\/wp\/v2\/pages\/453\/revisions\/2671"}],"wp:attachment":[{"href":"https:\/\/www.une.edu.pe\/registro-une\/wp-json\/wp\/v2\/media?parent=453"}],"curies":[{"name":"wp","href":"https:\/\/api.w.org\/{rel}","templated":true}]}}