{"id":2733,"date":"2026-04-07T11:11:03","date_gmt":"2026-04-07T16:11:03","guid":{"rendered":"https:\/\/www.une.edu.pe\/registro-une\/?page_id=2733"},"modified":"2026-04-07T11:30:05","modified_gmt":"2026-04-07T16:30:05","slug":"matricula-para-ingresantes-2026-i-prosep","status":"publish","type":"page","link":"https:\/\/www.une.edu.pe\/registro-une\/matricula-para-ingresantes-2026-i-prosep\/","title":{"rendered":"MATR\u00cdCULA PARA INGRESANTES 2026-I &#8211; PROSEP"},"content":{"rendered":"\t\t<div data-elementor-type=\"wp-page\" data-elementor-id=\"2733\" class=\"elementor elementor-2733\">\n\t\t\t\t\t\t<section class=\"elementor-section elementor-top-section elementor-element elementor-element-aa4e65d elementor-section-boxed elementor-section-height-default elementor-section-height-default\" data-id=\"aa4e65d\" data-element_type=\"section\" data-e-type=\"section\">\n\t\t\t\t\t\t<div class=\"elementor-container elementor-column-gap-default\">\n\t\t\t\t\t<div class=\"elementor-column elementor-col-33 elementor-top-column elementor-element elementor-element-f7bdd46\" data-id=\"f7bdd46\" data-element_type=\"column\" data-e-type=\"column\">\n\t\t\t<div class=\"elementor-widget-wrap elementor-element-populated\">\n\t\t\t\t\t\t<div class=\"elementor-element elementor-element-bfa281f elementor-widget elementor-widget-image\" data-id=\"bfa281f\" data-element_type=\"widget\" data-e-type=\"widget\" data-widget_type=\"image.default\">\n\t\t\t\t<div class=\"elementor-widget-container\">\n\t\t\t\t\t\t\t\t\t\t\t\t\t\t\t<img decoding=\"async\" width=\"150\" height=\"150\" src=\"https:\/\/www.une.edu.pe\/registro-une\/wp-content\/uploads\/2022\/09\/descarga-150x150.png\" class=\"attachment-thumbnail size-thumbnail wp-image-1010\" alt=\"\" srcset=\"https:\/\/www.une.edu.pe\/registro-une\/wp-content\/uploads\/2022\/09\/descarga-150x150.png 150w, https:\/\/www.une.edu.pe\/registro-une\/wp-content\/uploads\/2022\/09\/descarga-e1662651724917.png 85w\" sizes=\"(max-width: 150px) 100vw, 150px\" \/>\t\t\t\t\t\t\t\t\t\t\t\t\t\t\t<\/div>\n\t\t\t\t<\/div>\n\t\t\t\t\t<\/div>\n\t\t<\/div>\n\t\t\t\t<div class=\"elementor-column elementor-col-33 elementor-top-column elementor-element elementor-element-278876f\" data-id=\"278876f\" data-element_type=\"column\" data-e-type=\"column\">\n\t\t\t<div class=\"elementor-widget-wrap elementor-element-populated\">\n\t\t\t\t\t\t<div class=\"elementor-element elementor-element-d5db289 elementor-widget elementor-widget-text-editor\" data-id=\"d5db289\" data-element_type=\"widget\" data-e-type=\"widget\" data-widget_type=\"text-editor.default\">\n\t\t\t\t<div class=\"elementor-widget-container\">\n\t\t\t\t\t\t\t\t\t<h2>MATR\u00cdCULA PARA INGRESANTES SEMESTRE 2026-I &#8211; PROSEP<\/h2><p>Aqu\u00ed se publicar\u00e1 tu\u00a0<strong>C\u00d3DIGO DE INGRESANTE<\/strong> a la Universidad Nacional de Educaci\u00f3n Enrique Guzm\u00e1n y Valle\u00a0<b><br \/><\/b><\/p><h5><b>C\u00f3digos de ingresantes de PROSEP 2026-I<\/b><b><\/b><\/h5><h5><a href=\"http:\/\/www.une.edu.pe\/registro-une\/wp-content\/uploads\/2026\/04\/CODIGOS-INGRESANTES-2026-I-PROSEP.pdf\" target=\"_blank\" rel=\"noopener\"><b><img decoding=\"async\" src=\"http:\/\/www.une.edu.pe\/registro-une\/wp-content\/uploads\/2022\/09\/Ver-Codigo.png\" alt=\"\" width=\"134\" height=\"27\" \/><\/b><\/a><\/h5><div><strong style=\"color: #000000;\"><u>Requisitos:<\/u><\/strong><\/div><div><p><span style=\"color: #000000;\"><strong>Paso 1<\/strong>:<\/span><\/p><p><span style=\"color: #000000;\">Primero deber\u00e1s recoger tu Constancia de Ingreso.\u00a0 <a style=\"color: #000000;\" href=\"http:\/\/www.une.edu.pe\/registro-une\/wp-content\/uploads\/2023\/04\/Requisitos.pdf\" target=\"_blank\" rel=\"noopener\">Ver<\/a><\/span><\/p><p><span style=\"color: #000000;\"><strong>Paso 2:<\/strong><\/span><\/p><p><span style=\"color: #000000;\">Con el\u00a0<strong>C\u00d3DIGO DE INGRESANTE<\/strong>\u00a0deber\u00e1s pagar el concepto de matr\u00edcula, con el siguiente tarifario:<\/span><\/p><p><span style=\"color: #000000;\"><strong>C\u00d3DIGO DE TRANSACI\u00d3N 9135 A<\/strong><\/span><\/p><p><span style=\"color: #000000;\"><strong>DEL BANCO DE LA NACI\u00d3N A NIVEL NACIONAL<\/strong><\/span><\/p><p><span style=\"color: #000000;\"><img fetchpriority=\"high\" decoding=\"async\" src=\"http:\/\/www.une.edu.pe\/registro-une\/wp-content\/uploads\/2023\/03\/Tabla1.png\" alt=\"\" width=\"719\" height=\"277\" \/><\/span><\/p><p><img loading=\"lazy\" decoding=\"async\" class=\"alignnone size-full wp-image-2728\" src=\"http:\/\/www.une.edu.pe\/registro-une\/wp-content\/uploads\/2025\/07\/CARNE.jpg\" alt=\"\" width=\"786\" height=\"465\" srcset=\"https:\/\/www.une.edu.pe\/registro-une\/wp-content\/uploads\/2025\/07\/CARNE.jpg 786w, https:\/\/www.une.edu.pe\/registro-une\/wp-content\/uploads\/2025\/07\/CARNE-300x177.jpg 300w, https:\/\/www.une.edu.pe\/registro-une\/wp-content\/uploads\/2025\/07\/CARNE-768x454.jpg 768w\" sizes=\"(max-width: 786px) 100vw, 786px\" \/><\/p><p style=\"font-weight: 400;\"><span style=\"color: #000000;\"><strong>Paso 3:<\/strong><\/span><\/p><p style=\"font-weight: 400;\"><span style=\"color: #000000;\">24 horas despu\u00e9s de haber realizado el pago en el banco de la Naci\u00f3n, deber\u00e1s ingresar a tu intranet y realizar el proceso de matr\u00edcula inscribi\u00e9ndote en los cursos. La matr\u00edcula es personal.<\/span><\/p><p style=\"font-weight: 400;\"><span style=\"color: #000000;\"><a style=\"color: #000000;\" href=\"http:\/\/ci.une.edu.pe\/intranet\/alumno\/entrar\">Ir a la Intranet del alumno<\/a><\/span><\/p><p style=\"font-weight: 400;\"><span style=\"color: #000000;\"><a style=\"color: #000000;\" href=\"http:\/\/www.une.edu.pe\/registro-une\/wp-content\/uploads\/2023\/04\/manual_alumno_une.VALIDO.pdf\"><strong>Ver gu\u00eda de matr\u00edcula<\/strong><\/a><\/span><\/p><\/div>\t\t\t\t\t\t\t\t<\/div>\n\t\t\t\t<\/div>\n\t\t\t\t\t<\/div>\n\t\t<\/div>\n\t\t\t\t<div class=\"elementor-column elementor-col-33 elementor-top-column elementor-element elementor-element-7b57863\" data-id=\"7b57863\" data-element_type=\"column\" data-e-type=\"column\">\n\t\t\t<div class=\"elementor-widget-wrap\">\n\t\t\t\t\t\t\t<\/div>\n\t\t<\/div>\n\t\t\t\t\t<\/div>\n\t\t<\/section>\n\t\t\t\t<\/div>\n\t\t","protected":false},"excerpt":{"rendered":"<p>MATR\u00cdCULA PARA INGRESANTES SEMESTRE 2026-I &#8211; PROSEP Aqu\u00ed se publicar\u00e1 tu\u00a0C\u00d3DIGO DE INGRESANTE a la Universidad Nacional&#8230;<\/p>\n","protected":false},"author":1,"featured_media":0,"parent":0,"menu_order":0,"comment_status":"closed","ping_status":"closed","template":"elementor_header_footer","meta":{"footnotes":""},"class_list":["post-2733","page","type-page","status-publish","hentry"],"_links":{"self":[{"href":"https:\/\/www.une.edu.pe\/registro-une\/wp-json\/wp\/v2\/pages\/2733","targetHints":{"allow":["GET"]}}],"collection":[{"href":"https:\/\/www.une.edu.pe\/registro-une\/wp-json\/wp\/v2\/pages"}],"about":[{"href":"https:\/\/www.une.edu.pe\/registro-une\/wp-json\/wp\/v2\/types\/page"}],"author":[{"embeddable":true,"href":"https:\/\/www.une.edu.pe\/registro-une\/wp-json\/wp\/v2\/users\/1"}],"replies":[{"embeddable":true,"href":"https:\/\/www.une.edu.pe\/registro-une\/wp-json\/wp\/v2\/comments?post=2733"}],"version-history":[{"count":16,"href":"https:\/\/www.une.edu.pe\/registro-une\/wp-json\/wp\/v2\/pages\/2733\/revisions"}],"predecessor-version":[{"id":2771,"href":"https:\/\/www.une.edu.pe\/registro-une\/wp-json\/wp\/v2\/pages\/2733\/revisions\/2771"}],"wp:attachment":[{"href":"https:\/\/www.une.edu.pe\/registro-une\/wp-json\/wp\/v2\/media?parent=2733"}],"curies":[{"name":"wp","href":"https:\/\/api.w.org\/{rel}","templated":true}]}}