{"id":264,"date":"2022-08-24T10:39:53","date_gmt":"2022-08-24T15:39:53","guid":{"rendered":"https:\/\/www.une.edu.pe\/registro-une\/?page_id=264"},"modified":"2025-03-04T11:58:29","modified_gmt":"2025-03-04T16:58:29","slug":"constancia-de-primera-matricula","status":"publish","type":"page","link":"https:\/\/www.une.edu.pe\/registro-une\/constancia-de-primera-matricula\/","title":{"rendered":"CONSTANCIA DE PRIMERA MATR\u00cdCULA"},"content":{"rendered":"\t\t<div data-elementor-type=\"wp-page\" data-elementor-id=\"264\" class=\"elementor elementor-264\">\n\t\t\t\t\t\t<section class=\"elementor-section elementor-top-section elementor-element elementor-element-f6206a9 elementor-section-boxed elementor-section-height-default elementor-section-height-default\" data-id=\"f6206a9\" data-element_type=\"section\" data-e-type=\"section\">\n\t\t\t\t\t\t<div class=\"elementor-container elementor-column-gap-default\">\n\t\t\t\t\t<div class=\"elementor-column elementor-col-16 elementor-top-column elementor-element elementor-element-abf8075\" data-id=\"abf8075\" data-element_type=\"column\" data-e-type=\"column\">\n\t\t\t<div class=\"elementor-widget-wrap elementor-element-populated\">\n\t\t\t\t\t\t<div class=\"elementor-element elementor-element-f88d132 elementor-widget elementor-widget-image\" data-id=\"f88d132\" data-element_type=\"widget\" data-e-type=\"widget\" data-widget_type=\"image.default\">\n\t\t\t\t<div class=\"elementor-widget-container\">\n\t\t\t\t\t\t\t\t\t\t\t\t\t\t\t<img decoding=\"async\" width=\"85\" height=\"85\" src=\"https:\/\/www.une.edu.pe\/registro-une\/wp-content\/uploads\/2022\/08\/paper1-1.png\" class=\"attachment-large size-large wp-image-266\" alt=\"\" \/>\t\t\t\t\t\t\t\t\t\t\t\t\t\t\t<\/div>\n\t\t\t\t<\/div>\n\t\t\t\t\t<\/div>\n\t\t<\/div>\n\t\t\t\t<div class=\"elementor-column elementor-col-66 elementor-top-column elementor-element elementor-element-eef2916\" data-id=\"eef2916\" data-element_type=\"column\" data-e-type=\"column\">\n\t\t\t<div class=\"elementor-widget-wrap elementor-element-populated\">\n\t\t\t\t\t\t<div class=\"elementor-element elementor-element-82f9d9c elementor-widget elementor-widget-text-editor\" data-id=\"82f9d9c\" data-element_type=\"widget\" data-e-type=\"widget\" data-widget_type=\"text-editor.default\">\n\t\t\t\t<div class=\"elementor-widget-container\">\n\t\t\t\t\t\t\t\t\t<p style=\"font-weight: 400;\"><strong>CONSTANCIA DE PRIMERA MATR\u00cdCULA:<\/strong>\u00a0<\/p><p style=\"font-weight: 400;\">Es el reporte de cursos matriculados en el primer ciclo acad\u00e9mico.<\/p><p>\u00a0<\/p><p><img fetchpriority=\"high\" decoding=\"async\" class=\"alignnone size-full wp-image-2581\" src=\"http:\/\/www.une.edu.pe\/registro-une\/wp-content\/uploads\/2025\/03\/PrimeraMatricula.jpg\" alt=\"\" width=\"781\" height=\"386\" srcset=\"https:\/\/www.une.edu.pe\/registro-une\/wp-content\/uploads\/2025\/03\/PrimeraMatricula.jpg 781w, https:\/\/www.une.edu.pe\/registro-une\/wp-content\/uploads\/2025\/03\/PrimeraMatricula-300x148.jpg 300w, https:\/\/www.une.edu.pe\/registro-une\/wp-content\/uploads\/2025\/03\/PrimeraMatricula-768x380.jpg 768w\" sizes=\"(max-width: 781px) 100vw, 781px\" \/><\/p><p style=\"font-weight: 400;\"><strong>Nota:<\/strong>\u00a0<\/p><p>1. Todos los requisitos se deben adjuntar en un solo archivo PDF.<\/p><p>2. <span style=\"color: #ff0000;\">Los pagos por transferencia deben ser validados en www.une.edu.pe M\u00f3dulo de validaci\u00f3n de pagos por transferencia.<\/span><br \/><span style=\"text-decoration: underline;\"><strong>Canales de atenci\u00f3n:<\/strong><\/span><br \/>Toda informaci\u00f3n sobre alguna observaci\u00f3n en su expediente se informar\u00e1 a trav\u00e9s de su intranet alumno.<br \/>Celular, WhatsApp: 992 069 901 &#8211; Sr. R.Obreg\u00f3n (Si tiene dudas sobre los requisitos. Escribir por WhatsApp).<br \/>Nota: Antes de llamar consultar primero en su INTRANET.<\/p>\t\t\t\t\t\t\t\t<\/div>\n\t\t\t\t<\/div>\n\t\t\t\t\t<\/div>\n\t\t<\/div>\n\t\t\t\t<div class=\"elementor-column elementor-col-16 elementor-top-column elementor-element elementor-element-83defd8\" data-id=\"83defd8\" data-element_type=\"column\" data-e-type=\"column\">\n\t\t\t<div class=\"elementor-widget-wrap elementor-element-populated\">\n\t\t\t\t\t\t<div class=\"elementor-element elementor-element-1063efd elementor-widget elementor-widget-text-editor\" data-id=\"1063efd\" data-element_type=\"widget\" data-e-type=\"widget\" data-widget_type=\"text-editor.default\">\n\t\t\t\t<div class=\"elementor-widget-container\">\n\t\t\t\t\t\t\t\t\t<p><a href=\"http:\/\/apps.une.net.pe\/mpvf\/vistas\/serviciosacad.php\" target=\"_blank\" rel=\"noopener\"><img decoding=\"async\" class=\"alignnone wp-image-773\" src=\"https:\/\/www.une.edu.pe\/registro-une\/wp-content\/uploads\/2022\/08\/Solicitar.png\" alt=\"\" width=\"124\" height=\"25\" srcset=\"https:\/\/www.une.edu.pe\/registro-une\/wp-content\/uploads\/2022\/08\/Solicitar.png 1200w, https:\/\/www.une.edu.pe\/registro-une\/wp-content\/uploads\/2022\/08\/Solicitar-300x60.png 300w, https:\/\/www.une.edu.pe\/registro-une\/wp-content\/uploads\/2022\/08\/Solicitar-1024x206.png 1024w, https:\/\/www.une.edu.pe\/registro-une\/wp-content\/uploads\/2022\/08\/Solicitar-768x154.png 768w, https:\/\/www.une.edu.pe\/registro-une\/wp-content\/uploads\/2022\/08\/Solicitar-880x177.png 880w\" sizes=\"(max-width: 124px) 100vw, 124px\" \/><\/a><\/p>\t\t\t\t\t\t\t\t<\/div>\n\t\t\t\t<\/div>\n\t\t\t\t\t<\/div>\n\t\t<\/div>\n\t\t\t\t\t<\/div>\n\t\t<\/section>\n\t\t\t\t<\/div>\n\t\t","protected":false},"excerpt":{"rendered":"<p>CONSTANCIA DE PRIMERA MATR\u00cdCULA:\u00a0 Es el reporte de cursos matriculados en el primer ciclo acad\u00e9mico. \u00a0 Nota:\u00a0&#8230;<\/p>\n","protected":false},"author":1,"featured_media":0,"parent":0,"menu_order":0,"comment_status":"closed","ping_status":"closed","template":"elementor_header_footer","meta":{"footnotes":""},"class_list":["post-264","page","type-page","status-publish","hentry"],"_links":{"self":[{"href":"https:\/\/www.une.edu.pe\/registro-une\/wp-json\/wp\/v2\/pages\/264","targetHints":{"allow":["GET"]}}],"collection":[{"href":"https:\/\/www.une.edu.pe\/registro-une\/wp-json\/wp\/v2\/pages"}],"about":[{"href":"https:\/\/www.une.edu.pe\/registro-une\/wp-json\/wp\/v2\/types\/page"}],"author":[{"embeddable":true,"href":"https:\/\/www.une.edu.pe\/registro-une\/wp-json\/wp\/v2\/users\/1"}],"replies":[{"embeddable":true,"href":"https:\/\/www.une.edu.pe\/registro-une\/wp-json\/wp\/v2\/comments?post=264"}],"version-history":[{"count":65,"href":"https:\/\/www.une.edu.pe\/registro-une\/wp-json\/wp\/v2\/pages\/264\/revisions"}],"predecessor-version":[{"id":2587,"href":"https:\/\/www.une.edu.pe\/registro-une\/wp-json\/wp\/v2\/pages\/264\/revisions\/2587"}],"wp:attachment":[{"href":"https:\/\/www.une.edu.pe\/registro-une\/wp-json\/wp\/v2\/media?parent=264"}],"curies":[{"name":"wp","href":"https:\/\/api.w.org\/{rel}","templated":true}]}}