{"id":5700,"date":"2025-12-16T20:43:33","date_gmt":"2025-12-16T19:43:33","guid":{"rendered":"https:\/\/www.une.edu.pe\/oficina-cooperacion\/?page_id=5700"},"modified":"2026-01-12T04:35:19","modified_gmt":"2026-01-12T03:35:19","slug":"formatos-convenios-auspicios","status":"publish","type":"page","link":"https:\/\/www.une.edu.pe\/oficina-cooperacion\/formatos-convenios-auspicios\/","title":{"rendered":"Formatos Convenios \/ Auspicios"},"content":{"rendered":"<p><img loading=\"lazy\" decoding=\"async\" class=\"alignnone size-full wp-image-5685\" src=\"https:\/\/www.une.edu.pe\/oficina-cooperacion\/wp-content\/uploads\/2025\/12\/fondo_convenios-1.png\" alt=\"\" width=\"1032\" height=\"337\" srcset=\"https:\/\/www.une.edu.pe\/oficina-cooperacion\/wp-content\/uploads\/2025\/12\/fondo_convenios-1.png 1032w, https:\/\/www.une.edu.pe\/oficina-cooperacion\/wp-content\/uploads\/2025\/12\/fondo_convenios-1-300x98.png 300w, https:\/\/www.une.edu.pe\/oficina-cooperacion\/wp-content\/uploads\/2025\/12\/fondo_convenios-1-1024x334.png 1024w, https:\/\/www.une.edu.pe\/oficina-cooperacion\/wp-content\/uploads\/2025\/12\/fondo_convenios-1-768x251.png 768w, https:\/\/www.une.edu.pe\/oficina-cooperacion\/wp-content\/uploads\/2025\/12\/fondo_convenios-1-24x8.png 24w, https:\/\/www.une.edu.pe\/oficina-cooperacion\/wp-content\/uploads\/2025\/12\/fondo_convenios-1-36x12.png 36w, https:\/\/www.une.edu.pe\/oficina-cooperacion\/wp-content\/uploads\/2025\/12\/fondo_convenios-1-48x16.png 48w\" sizes=\"auto, (max-width: 1032px) 100vw, 1032px\" \/><\/p>\n<h3>CONVENIO MARCO<\/h3>\n<ul>\n<li><a href=\"https:\/\/docs.google.com\/document\/d\/1IYkzXoWNgCtLIKP2bsgOxijcVxRHWRS4\/export?format=docx\" target=\"_blank\" rel=\"noopener noreferrer\" style=\"text-decoration:none;\" onmouseover=\"this.style.textDecoration='underline';\" onmouseout=\"this.style.textDecoration='none';\"><strong>Formato 01 &#8211; Presentaci\u00f3n de la Instituci\u00f3n<\/strong><\/a><\/li>\n<li><strong><a href=\"https:\/\/docs.google.com\/document\/d\/1tKDFn_mfaWco-Cg37kRRzQ7bx9_W72Me\/export?format=docx\" target=\"_blank\" rel=\"noopener noreferrer\" style=\"text-decoration:none;\" onmouseover=\"this.style.textDecoration='underline';\" onmouseout=\"this.style.textDecoration='none';\">Formato 02 &#8211; Declaraci\u00f3n Jurada de Experiencia Institucional<\/a><\/strong><\/li>\n<li><strong><a href=\"https:\/\/docs.google.com\/document\/d\/1I7sJKP--wJMlEIjCsQltzz8-qXq3UJa8\/export?format=docx\" target=\"_blank\" rel=\"noopener noreferrer\" style=\"text-decoration:none;\" onmouseover=\"this.style.textDecoration='underline';\" onmouseout=\"this.style.textDecoration='none';\">Formato 03 &#8211; Declaraci\u00f3n Jurada de Observaciones Negativas<\/a><\/strong><\/li>\n<li><strong><a href=\"https:\/\/docs.google.com\/document\/d\/1647EnBo3t7tTlIua2Q2ZayK1HUFjmhg9\/export?format=docx\" target=\"_blank\" rel=\"noopener noreferrer\" style=\"text-decoration:none;\" onmouseover=\"this.style.textDecoration='underline';\" onmouseout=\"this.style.textDecoration='none';\">Formato 04 &#8211; Declaraci\u00f3n Jurada de V\u00ednculo Laboral, Acad\u00e9mico o Parentesco<\/a><\/strong><\/li>\n<li><strong><a href=\"https:\/\/docs.google.com\/document\/d\/1JOI_rHxwiY46jYMMmlt71aHvd3d4ZN5g\/export?format=docx\" target=\"_blank\" rel=\"noopener noreferrer\" style=\"text-decoration:none;\" onmouseover=\"this.style.textDecoration='underline';\" onmouseout=\"this.style.textDecoration='none';\">Formato 05 &#8211; Representantes Autorizados<\/a><\/strong><\/li>\n<li><strong><a href=\"https:\/\/docs.google.com\/document\/d\/1_FcDyJ0QNuTyBOmRKBzxd2rjLaLKffWe\/export?format=docx\" target=\"_blank\" rel=\"noopener noreferrer\" style=\"text-decoration:none;\" onmouseover=\"this.style.textDecoration='underline';\" onmouseout=\"this.style.textDecoration='none';\">Formato 06 &#8211; Hoja de Vida<\/a><\/strong><\/li>\n<li><strong><a href=\"https:\/\/docs.google.com\/document\/d\/1azvAASKfhfUkZwuMaraeNEaNDnVOV99l\/export?format=docx\" target=\"_blank\" rel=\"noopener noreferrer\" style=\"text-decoration:none;\" onmouseover=\"this.style.textDecoration='underline';\" onmouseout=\"this.style.textDecoration='none';\">Formato 07 &#8211; Acta de Verificaci\u00f3n<\/a><\/strong><\/li>\n<\/ul>\n","protected":false},"excerpt":{"rendered":"<p>CONVENIO MARCO Formato 01 &#8211; Presentaci\u00f3n de la Instituci\u00f3n Formato 02 &#8211; Declaraci\u00f3n Jurada de Experiencia Institucional Formato 03 &#8211; Declaraci\u00f3n Jurada de Observaciones Negativas Formato 04 &#8211; Declaraci\u00f3n Jurada de V\u00ednculo Laboral, Acad\u00e9mico o Parentesco Formato 05 &#8211; Representantes Autorizados Formato 06 &#8211; Hoja de Vida Formato 07 &#8211; Acta de Verificaci\u00f3n<\/p>\n","protected":false},"author":6,"featured_media":0,"parent":0,"menu_order":0,"comment_status":"closed","ping_status":"closed","template":"","meta":{"footnotes":""},"class_list":["post-5700","page","type-page","status-publish","hentry"],"_links":{"self":[{"href":"https:\/\/www.une.edu.pe\/oficina-cooperacion\/wp-json\/wp\/v2\/pages\/5700","targetHints":{"allow":["GET"]}}],"collection":[{"href":"https:\/\/www.une.edu.pe\/oficina-cooperacion\/wp-json\/wp\/v2\/pages"}],"about":[{"href":"https:\/\/www.une.edu.pe\/oficina-cooperacion\/wp-json\/wp\/v2\/types\/page"}],"author":[{"embeddable":true,"href":"https:\/\/www.une.edu.pe\/oficina-cooperacion\/wp-json\/wp\/v2\/users\/6"}],"replies":[{"embeddable":true,"href":"https:\/\/www.une.edu.pe\/oficina-cooperacion\/wp-json\/wp\/v2\/comments?post=5700"}],"version-history":[{"count":8,"href":"https:\/\/www.une.edu.pe\/oficina-cooperacion\/wp-json\/wp\/v2\/pages\/5700\/revisions"}],"predecessor-version":[{"id":5806,"href":"https:\/\/www.une.edu.pe\/oficina-cooperacion\/wp-json\/wp\/v2\/pages\/5700\/revisions\/5806"}],"wp:attachment":[{"href":"https:\/\/www.une.edu.pe\/oficina-cooperacion\/wp-json\/wp\/v2\/media?parent=5700"}],"curies":[{"name":"wp","href":"https:\/\/api.w.org\/{rel}","templated":true}]}}