{"id":5674,"date":"2025-12-16T16:44:19","date_gmt":"2025-12-16T15:44:19","guid":{"rendered":"https:\/\/www.une.edu.pe\/oficina-cooperacion\/?page_id=5674"},"modified":"2025-12-16T20:33:06","modified_gmt":"2025-12-16T19:33:06","slug":"requisitos-de-convenios-auspicios","status":"publish","type":"page","link":"https:\/\/www.une.edu.pe\/oficina-cooperacion\/requisitos-de-convenios-auspicios\/","title":{"rendered":"Requisitos para Suscribir Convenios \/ Auspicios"},"content":{"rendered":"<p><script>\n  document.addEventListener(\"DOMContentLoaded\", function () {\n    document.querySelectorAll(\"details.acordeon\").forEach((det) => {\n      det.addEventListener(\"toggle\", function () {\n        if (this.open) {\n          document.querySelectorAll(\"details.acordeon\").forEach((other) => {\n            if (other !== this) {\n              other.removeAttribute(\"open\");\n            }\n          });\n        }\n      });\n    });\n  });\n<\/script><\/p>\n<p><img loading=\"lazy\" decoding=\"async\"\n  class=\"alignnone size-full wp-image-5685\"\n  src=\"https:\/\/www.une.edu.pe\/oficina-cooperacion\/wp-content\/uploads\/2025\/12\/fondo_convenios-1.png\"\n  alt=\"\"\n  width=\"1032\"\n  height=\"337\"\n\/><\/p>\n<h3>CONVENIO MARCO<\/h3>\n<details class=\"acordeon\">\n<summary style=\"cursor:pointer;\" title=\"Haga clic para ver u ocultar los requisitos\">\n    <strong>A. Instituciones \u2013 Asociaciones \u2013 Promotoras Educativas \u2013 Otras<\/strong><br \/>\n  <\/summary>\n<ol>\n<li>Solicitud dirigida al Rectorado de la UNE.<\/li>\n<li>Presentaci\u00f3n de la Instituci\u00f3n indicando los datos generales. FORMATO 01<\/li>\n<li>\n      Declaraci\u00f3n Jurada de: a) Poseer Experiencia Institucional, b) No tener observaciones Negativas y<br \/>\n      c) V\u00ednculo Laboral, Acad\u00e9mico o Parentesco. FORMATO 02, FORMATO 03, FORMATO 04.\n    <\/li>\n<li>Relaci\u00f3n de los representantes autorizados y acreditados por la Instituci\u00f3n. FORMATO 05<\/li>\n<li>Copia literal de la inscripci\u00f3n en el Registro de Personas Jur\u00eddicas de la Instituci\u00f3n, expedida por la SUNARP.<\/li>\n<li>\n      Copia del Certificado de Autorizaci\u00f3n de la Entidad Bancaria \u2013 Caja Municipal, otorgada por la Superintendencia de<br \/>\n      Banca y Seguros, para ejercer actos de comercio en el Sistema Financiero. (Este requisito solo es solicitado a Instituciones Financieras)\n    <\/li>\n<li>Copia simple de la Licencia de funcionamiento, del domicilio fiscal, expedido por la Municipalidad correspondiente.<\/li>\n<li>\n      Copia simple del contrato de arrendamiento si fuera alquilado. Si es propietario la copia literal de la partida del<br \/>\n      registro de propiedad inmueble, expedido por la SUNARP.\n    <\/li>\n<li>Copia simple del DNI del Representante Legal de la Instituci\u00f3n.<\/li>\n<li>Hoja de Vida Simple del Representante Legal de la Instituci\u00f3n. FORMATO 06<\/li>\n<li>\n      Copia de la Vigencia de Poder del Representante Legal de la Instituci\u00f3n, expedida por la SUNARP,<br \/>\n      no mayor a 30 d\u00edas de antig\u00fcedad.\n    <\/li>\n<li>Copia del Certificado de Antecedentes Penales del Representante Legal de la Instituci\u00f3n.<\/li>\n<li>Constancia de NO ADEUDO emitido por la Unidad de Tesorer\u00eda. (Solo en caso de renovaci\u00f3n de convenios)<\/li>\n<li>\n      La documentaci\u00f3n ser\u00e1 presentada de manera digitalizada en formato pdf o word, en la Unidad de Tr\u00e1mite Documentario<br \/>\n      previo V\u00baB\u00ba de la Oficina de Cooperaci\u00f3n y Relaciones Internacionales.\n    <\/li>\n<\/ol>\n<\/details>\n<details class=\"acordeon\">\n<summary style=\"cursor:pointer;\" title=\"Haga clic para ver u ocultar los requisitos\">\n    <strong>B. Instituciones de Educaci\u00f3n B\u00e1sica o Superior (P\u00fablicas o Privadas)<\/strong><br \/>\n  <\/summary>\n<ol>\n<li>Solicitud dirigida al Rectorado de la UNE.<\/li>\n<li>Presentaci\u00f3n de la Instituci\u00f3n indicando los datos generales. FORMATO 01.<\/li>\n<li>Copia de autorizaci\u00f3n de funcionamiento emitido por el MINEDU, UGEL, Direcci\u00f3n Regional u otra Instituci\u00f3n Acreditada.<\/li>\n<li>Relaci\u00f3n de los representantes autorizados y acreditados por la Instituci\u00f3n. FORMATO 05<\/li>\n<li>Copia simple del DNI del Representante Legal de la Instituci\u00f3n.<\/li>\n<li>Documento que acredite la Designaci\u00f3n del Representante Legal de la Instituci\u00f3n.<\/li>\n<li>\n      La documentaci\u00f3n ser\u00e1 presentada de manera digitalizada en formato pdf o word, en la Unidad de Tr\u00e1mite Documentario<br \/>\n      previo V\u00baB\u00ba de la Oficina de Cooperaci\u00f3n y Relaciones Internacionales.\n    <\/li>\n<\/ol>\n<\/details>\n<details class=\"acordeon\">\n<summary style=\"cursor:pointer;\" title=\"Haga clic para ver u ocultar los requisitos\">\n    <strong>C. Municipalidades, Mancomunidades, Instituciones del Estado<\/strong><br \/>\n  <\/summary>\n<ol>\n<li>Solicitud dirigida al Rectorado de la UNE.<\/li>\n<li>Presentaci\u00f3n de la Instituci\u00f3n indicando los datos generales. FORMATO 01<\/li>\n<li>Copia de Ley o Resoluci\u00f3n de Creaci\u00f3n de la Municipalidad, Mancomunidad o Instituci\u00f3n del Estado.<\/li>\n<li>Relaci\u00f3n de los representantes autorizados y acreditados por la Instituci\u00f3n. FORMATO 05<\/li>\n<li>Copia simple del DNI del Representante Legal de la Instituci\u00f3n.<\/li>\n<li>Documento que Acredite la Designaci\u00f3n del Representante Legal de la Instituci\u00f3n.<\/li>\n<li>\n      La documentaci\u00f3n ser\u00e1 presentada de manera digitalizada en formato pdf o word, en la Unidad de Tr\u00e1mite Documentario<br \/>\n      previo V\u00baB\u00ba de la Oficina de Cooperaci\u00f3n y Relaciones Internacionales.\n    <\/li>\n<\/ol>\n<\/details>\n<details class=\"acordeon\">\n<summary style=\"cursor:pointer;\" title=\"Haga clic para ver u ocultar los requisitos\">\n    <strong>D. Comunidades Campesinas y\/o Nativas<\/strong><br \/>\n  <\/summary>\n<ol>\n<li>Solicitud dirigida al Rectorado de la UNE.<\/li>\n<li>Presentaci\u00f3n de la Instituci\u00f3n indicando los datos generales. FORMATO 01<\/li>\n<li>Copia del Estatuto Vigente.<\/li>\n<li>Relaci\u00f3n de los representantes autorizados y acreditados por la Instituci\u00f3n. FORMATO 05<\/li>\n<li>Copia simple del DNI del Representante de la Comunidades Campesinas y\/o Nativas.<\/li>\n<li>Documento que Acredite la Designaci\u00f3n del Representante de la Comunidades Campesinas y\/o Nativas.<\/li>\n<li>\n      La documentaci\u00f3n ser\u00e1 presentada de manera digitalizada en formato pdf o word, en la Unidad de Tr\u00e1mite Documentario<br \/>\n      previo V\u00baB\u00ba de la Oficina de Cooperaci\u00f3n y Relaciones Internacionales.\n    <\/li>\n<\/ol>\n<\/details>\n<h3>CONVENIO ESPEC\u00cdFICO<\/h3>\n<details class=\"acordeon\">\n<summary style=\"cursor:pointer;\" title=\"Haga clic para ver u ocultar los requisitos\">\n    <strong>Ver requisitos<\/strong><br \/>\n  <\/summary>\n<ol>\n<li>Solicitud dirigida al Rectorado de la UNE EGyV<\/li>\n<li>Copia de la Resoluci\u00f3n del Convenio Marco.<\/li>\n<li>\n      El Plan de Trabajo del Programa a realizar por parte de la Instituci\u00f3n Contraparte que indique lo siguiente:<\/p>\n<p>3.1. Objetivos y\/o Metas<\/p>\n<p>3.2. Etapas o fases de ejecuci\u00f3n, incluir fechas propuestas y nombre de los responsables.<\/p>\n<p>3.3. Beneficiarios<\/p>\n<p>3.4. Informaci\u00f3n Financiera.<\/p>\n<p>3.5. Otra informaci\u00f3n considerada relevante<\/p>\n<\/li>\n<li>\n      La documentaci\u00f3n ser\u00e1 presentada de manera digitalizada en formato pdf o word, en la Unidad de Tr\u00e1mite Documentario<br \/>\n      previo V\u00baB\u00ba de la Oficina de Cooperaci\u00f3n y Relaciones Internacionales.\n    <\/li>\n<\/ol>\n<\/details>\n<h3>RENOVACI\u00d3N O ADENDA<\/h3>\n<details class=\"acordeon\">\n<summary style=\"cursor:pointer;\" title=\"Haga clic para ver u ocultar los requisitos\">\n    <strong>Ver requisitos<\/strong><br \/>\n  <\/summary>\n<ol>\n<li>Solicitud dirigida al Rectorado de la UNE<\/li>\n<li>Copia de la Resoluci\u00f3n del Convenio a renovar o modificar.<\/li>\n<li>Informe documentado, sustentando las razones de la renovaci\u00f3n del convenio o las modificaciones a realizar.<\/li>\n<li>\n      La documentaci\u00f3n ser\u00e1 presentada de manera digitalizada en formato pdf o word, en la Unidad de Tr\u00e1mite Documentario<br \/>\n      previo V\u00baB\u00ba de la Oficina de Cooperaci\u00f3n y Relaciones Internacionales.\n    <\/li>\n<\/ol>\n<\/details>\n<h3>AUSPICIOS EVENTOS ACAD\u00c9MICOS<\/h3>\n<details class=\"acordeon\">\n<summary style=\"cursor:pointer;\" title=\"Haga clic para ver u ocultar los requisitos\">\n    <strong>A. Diplomados de Posgrado<\/strong><br \/>\n  <\/summary>\n<ol>\n<li>Solicitud dirigida al Rectorado de la UNE.<\/li>\n<li>Presentaci\u00f3n de la Instituci\u00f3n indicando los datos generales (FORMATO 01).<\/li>\n<li>Copia literal de la inscripci\u00f3n en el Registro de Personas Jur\u00eddicas de la Instituci\u00f3n, expedida por la SUNARP, no mayor a 30 d\u00edas de antig\u00fcedad.<\/li>\n<li>Copia simple del DNI del Representante Legal de la Instituci\u00f3n.<\/li>\n<li>Hoja de Vida Simple del Representante Legal de la Instituci\u00f3n (FORMATO 06).<\/li>\n<li>Copia de la Vigencia de Poder del Representante Legal de la Instituci\u00f3n, expedida por la SUNARP, no mayor a 30 d\u00edas de antig\u00fcedad.<\/li>\n<li>\n      El Plan de Trabajo del Programa a realizar por parte de la Instituci\u00f3n Contraparte que indique:<\/p>\n<p>7.1. Misi\u00f3n y Visi\u00f3n de la Instituci\u00f3n.<\/p>\n<p>7.2. Objetivos y Metas.<\/p>\n<p>7.3. Datos del Coordinador del Diplomado.<\/p>\n<p>7.4. Etapas o fases de ejecuci\u00f3n, incluyendo responsables.<\/p>\n<p>7.5. Cronograma del desarrollo del Diplomado (de acuerdo con la Ley Universitaria).<\/p>\n<p>7.6. Metodolog\u00eda por aplicarse.<\/p>\n<p>7.7. M\u00e9todos de evaluaci\u00f3n.<\/p>\n<p>7.8. Detalle del Diplomado, se\u00f1alando las materias o temas contenidos.<\/p>\n<p>7.9. Distribuci\u00f3n horaria de actividades (te\u00f3ricas y pr\u00e1cticas, fase presencial y no presencial).<\/p>\n<p>7.10. Relaci\u00f3n de docentes\/expositores calificados y hoja de vida de cada ponente.<\/p>\n<p>7.11. Informaci\u00f3n Financiera (proyecci\u00f3n de ingresos y egresos).<\/p>\n<\/li>\n<li>\n      Para la Certificaci\u00f3n del Evento:<\/p>\n<p>8.1. Relaci\u00f3n, Constancia de Asistencia e Informe Acad\u00e9mico de los Participantes de cada Evento.<\/p>\n<p>8.2. Informe Econ\u00f3mico &#8211; Administrativo conforme a la Resoluci\u00f3n N.\u00b0 3111-2017-R-UNE.<\/p>\n<p>8.3. Recibo de pago por tr\u00e1mite administrativo seg\u00fan el numeral 5 del Art\u00edculo 25\u00b0.<\/p>\n<p>8.4. Certificado de cada participante que acredite la asistencia del Evento seg\u00fan especificaciones del ANEXO 05.<\/p>\n<\/li>\n<li>\n      La documentaci\u00f3n ser\u00e1 presentada de manera digitalizada en formato PDF o Word, en la Unidad de Tr\u00e1mite Documentario,<br \/>\n      dirigida a las Unidades de Posgrado de las Facultades o a la Direcci\u00f3n de la Escuela de Posgrado Walter Pe\u00f1aloza Ramella (EPWPR).\n    <\/li>\n<\/ol>\n<\/details>\n<details class=\"acordeon\">\n<summary style=\"cursor:pointer;\" title=\"Haga clic para ver u ocultar los requisitos\">\n    <strong>B. Otros Eventos Acad\u00e9micos<\/strong><br \/>\n  <\/summary>\n<ol>\n<li>Solicitud dirigida al Rectorado de la UNE.<\/li>\n<li>Presentaci\u00f3n de la Instituci\u00f3n indicando los datos generales (FORMATO 01).<\/li>\n<li>Copia literal de la inscripci\u00f3n en el Registro de Personas Jur\u00eddicas de la Instituci\u00f3n, expedida por la SUNARP, no mayor a 30 d\u00edas de antig\u00fcedad.<\/li>\n<li>Copia simple del DNI del Representante Legal de la Instituci\u00f3n.<\/li>\n<li>Hoja de Vida Simple del Representante Legal de la Instituci\u00f3n (FORMATO 06).<\/li>\n<li>Copia de la Vigencia de Poder del Representante Legal de la Instituci\u00f3n, expedida por la SUNARP, no mayor a 30 d\u00edas de antig\u00fcedad.<\/li>\n<li>\n      El Plan de Trabajo del Programa a realizar por parte de la Instituci\u00f3n Solicitante que indique:<\/p>\n<p>7.1. Misi\u00f3n y Visi\u00f3n de la Instituci\u00f3n.<\/p>\n<p>7.2. Objetivos y Metas.<\/p>\n<p>7.3. Datos del Coordinador del Evento.<\/p>\n<p>7.4. Etapas o fases de ejecuci\u00f3n, incluir fechas propuestas y nombre de los responsables.<\/p>\n<p>7.5. M\u00e9todos de evaluaci\u00f3n.<\/p>\n<p>7.6. Detalle del Evento, se\u00f1alando las materias o temas contenidos.<\/p>\n<p>7.7. Distribuci\u00f3n horaria de actividades (te\u00f3ricas y pr\u00e1cticas, fase presencial y no presencial).<\/p>\n<p>7.8. Relaci\u00f3n de docentes\/expositores calificados y hoja de vida simple de cada ponente. FORMATO 06<\/p>\n<p>7.9. Informaci\u00f3n Financiera (proyecci\u00f3n de ingresos y egresos).<\/p>\n<\/li>\n<li>\n      Para la Certificaci\u00f3n del Evento:<\/p>\n<p>8.1. Relaci\u00f3n, Constancia de Asistencia e Informe Acad\u00e9mico de los Participantes.<\/p>\n<p>8.2. Recibo de pago por tr\u00e1mite administrativo seg\u00fan lo establecido en el numeral 5 del Art\u00edculo 25\u00b0.<\/p>\n<p>8.3. Certificado que acredite la asistencia al Evento seg\u00fan especificaciones detalladas en el ANEXO 05.<\/p>\n<\/li>\n<li>\n      La documentaci\u00f3n ser\u00e1 presentada de manera digitalizada en formato PDF o Word, en la Unidad de Tr\u00e1mite Documentario,<br \/>\n      previo V\u00baB\u00ba de la Oficina de Cooperaci\u00f3n y Relaciones Internacionales.\n    <\/li>\n<\/ol>\n<\/details>\n","protected":false},"excerpt":{"rendered":"<p>CONVENIO MARCO A. Instituciones \u2013 Asociaciones \u2013 Promotoras Educativas \u2013 Otras Solicitud dirigida al Rectorado de la UNE. Presentaci\u00f3n de la Instituci\u00f3n indicando los datos generales. FORMATO 01 Declaraci\u00f3n Jurada de: a) Poseer Experiencia Institucional, b) No tener observaciones Negativas y c) V\u00ednculo Laboral, Acad\u00e9mico o Parentesco. FORMATO 02, FORMATO 03, FORMATO 04. Relaci\u00f3n de&hellip;<\/p>\n","protected":false},"author":6,"featured_media":0,"parent":0,"menu_order":0,"comment_status":"closed","ping_status":"closed","template":"","meta":{"footnotes":""},"class_list":["post-5674","page","type-page","status-publish","hentry"],"_links":{"self":[{"href":"https:\/\/www.une.edu.pe\/oficina-cooperacion\/wp-json\/wp\/v2\/pages\/5674","targetHints":{"allow":["GET"]}}],"collection":[{"href":"https:\/\/www.une.edu.pe\/oficina-cooperacion\/wp-json\/wp\/v2\/pages"}],"about":[{"href":"https:\/\/www.une.edu.pe\/oficina-cooperacion\/wp-json\/wp\/v2\/types\/page"}],"author":[{"embeddable":true,"href":"https:\/\/www.une.edu.pe\/oficina-cooperacion\/wp-json\/wp\/v2\/users\/6"}],"replies":[{"embeddable":true,"href":"https:\/\/www.une.edu.pe\/oficina-cooperacion\/wp-json\/wp\/v2\/comments?post=5674"}],"version-history":[{"count":20,"href":"https:\/\/www.une.edu.pe\/oficina-cooperacion\/wp-json\/wp\/v2\/pages\/5674\/revisions"}],"predecessor-version":[{"id":5697,"href":"https:\/\/www.une.edu.pe\/oficina-cooperacion\/wp-json\/wp\/v2\/pages\/5674\/revisions\/5697"}],"wp:attachment":[{"href":"https:\/\/www.une.edu.pe\/oficina-cooperacion\/wp-json\/wp\/v2\/media?parent=5674"}],"curies":[{"name":"wp","href":"https:\/\/api.w.org\/{rel}","templated":true}]}}