{"id":5436,"date":"2024-09-18T18:51:02","date_gmt":"2024-09-18T16:51:02","guid":{"rendered":"https:\/\/www.une.edu.pe\/oficina-cooperacion\/?page_id=5436"},"modified":"2024-09-18T19:05:13","modified_gmt":"2024-09-18T17:05:13","slug":"movilidad-personal-docente","status":"publish","type":"page","link":"https:\/\/www.une.edu.pe\/oficina-cooperacion\/movilidad-personal-docente\/","title":{"rendered":"Movilidad Personal Docente"},"content":{"rendered":"<p><img loading=\"lazy\" decoding=\"async\" class=\"alignnone wp-image-5439 size-full\" src=\"https:\/\/www.une.edu.pe\/oficina-cooperacion\/wp-content\/uploads\/2024\/09\/MovilidadDocente.png\" alt=\"\" width=\"1033\" height=\"333\" srcset=\"https:\/\/www.une.edu.pe\/oficina-cooperacion\/wp-content\/uploads\/2024\/09\/MovilidadDocente.png 1033w, https:\/\/www.une.edu.pe\/oficina-cooperacion\/wp-content\/uploads\/2024\/09\/MovilidadDocente-300x97.png 300w, https:\/\/www.une.edu.pe\/oficina-cooperacion\/wp-content\/uploads\/2024\/09\/MovilidadDocente-1024x330.png 1024w, https:\/\/www.une.edu.pe\/oficina-cooperacion\/wp-content\/uploads\/2024\/09\/MovilidadDocente-768x248.png 768w, https:\/\/www.une.edu.pe\/oficina-cooperacion\/wp-content\/uploads\/2024\/09\/MovilidadDocente-24x8.png 24w, https:\/\/www.une.edu.pe\/oficina-cooperacion\/wp-content\/uploads\/2024\/09\/MovilidadDocente-36x12.png 36w, https:\/\/www.une.edu.pe\/oficina-cooperacion\/wp-content\/uploads\/2024\/09\/MovilidadDocente-48x15.png 48w\" sizes=\"auto, (max-width: 1033px) 100vw, 1033px\" \/><\/p>\n<p><strong>Se refiere al tipo de Movilidad Acad\u00e9mica de la UNE EGyV, que promueve el intercambio de personal docente con instituciones pares de educaci\u00f3n superior a nivel global, tanto de entrada (incoming) como de salida (outgoing). con el objetivo de promover la actividad acad\u00e9mica y profesional a nivel interinstitucional por medio de la cooperaci\u00f3n acad\u00e9mica, de manera que se logre ampliar el horizonte cultural y perfeccione sus competencias acad\u00e9micas y profesionales.<\/strong><\/p>\n<p>&nbsp;<\/p>\n<p><img loading=\"lazy\" decoding=\"async\" class=\"alignnone wp-image-5440 size-full\" src=\"https:\/\/www.une.edu.pe\/oficina-cooperacion\/wp-content\/uploads\/2024\/09\/dOCENTE1.jpg\" alt=\"\" width=\"893\" height=\"329\" srcset=\"https:\/\/www.une.edu.pe\/oficina-cooperacion\/wp-content\/uploads\/2024\/09\/dOCENTE1.jpg 893w, https:\/\/www.une.edu.pe\/oficina-cooperacion\/wp-content\/uploads\/2024\/09\/dOCENTE1-300x111.jpg 300w, https:\/\/www.une.edu.pe\/oficina-cooperacion\/wp-content\/uploads\/2024\/09\/dOCENTE1-768x283.jpg 768w, https:\/\/www.une.edu.pe\/oficina-cooperacion\/wp-content\/uploads\/2024\/09\/dOCENTE1-24x9.jpg 24w, https:\/\/www.une.edu.pe\/oficina-cooperacion\/wp-content\/uploads\/2024\/09\/dOCENTE1-36x13.jpg 36w, https:\/\/www.une.edu.pe\/oficina-cooperacion\/wp-content\/uploads\/2024\/09\/dOCENTE1-48x18.jpg 48w\" sizes=\"auto, (max-width: 893px) 100vw, 893px\" \/><\/p>\n<p><img loading=\"lazy\" decoding=\"async\" class=\"alignnone wp-image-5441 size-full\" src=\"https:\/\/www.une.edu.pe\/oficina-cooperacion\/wp-content\/uploads\/2024\/09\/dOCENTE2.jpg\" alt=\"\" width=\"894\" height=\"365\" srcset=\"https:\/\/www.une.edu.pe\/oficina-cooperacion\/wp-content\/uploads\/2024\/09\/dOCENTE2.jpg 894w, https:\/\/www.une.edu.pe\/oficina-cooperacion\/wp-content\/uploads\/2024\/09\/dOCENTE2-300x122.jpg 300w, https:\/\/www.une.edu.pe\/oficina-cooperacion\/wp-content\/uploads\/2024\/09\/dOCENTE2-768x314.jpg 768w, https:\/\/www.une.edu.pe\/oficina-cooperacion\/wp-content\/uploads\/2024\/09\/dOCENTE2-24x10.jpg 24w, https:\/\/www.une.edu.pe\/oficina-cooperacion\/wp-content\/uploads\/2024\/09\/dOCENTE2-36x15.jpg 36w, https:\/\/www.une.edu.pe\/oficina-cooperacion\/wp-content\/uploads\/2024\/09\/dOCENTE2-48x20.jpg 48w\" sizes=\"auto, (max-width: 894px) 100vw, 894px\" \/><\/p>\n<p>&nbsp;<\/p>\n<p>&nbsp;<\/p>\n","protected":false},"excerpt":{"rendered":"<p>Se refiere al tipo de Movilidad Acad\u00e9mica de la UNE EGyV, que promueve el intercambio de personal docente con instituciones pares de educaci\u00f3n superior a nivel global, tanto de entrada (incoming) como de salida (outgoing). con el objetivo de promover la actividad acad\u00e9mica y profesional a nivel interinstitucional por medio de la cooperaci\u00f3n acad\u00e9mica, de&hellip;<\/p>\n","protected":false},"author":5,"featured_media":0,"parent":0,"menu_order":0,"comment_status":"closed","ping_status":"closed","template":"","meta":{"footnotes":""},"class_list":["post-5436","page","type-page","status-publish","hentry"],"_links":{"self":[{"href":"https:\/\/www.une.edu.pe\/oficina-cooperacion\/wp-json\/wp\/v2\/pages\/5436","targetHints":{"allow":["GET"]}}],"collection":[{"href":"https:\/\/www.une.edu.pe\/oficina-cooperacion\/wp-json\/wp\/v2\/pages"}],"about":[{"href":"https:\/\/www.une.edu.pe\/oficina-cooperacion\/wp-json\/wp\/v2\/types\/page"}],"author":[{"embeddable":true,"href":"https:\/\/www.une.edu.pe\/oficina-cooperacion\/wp-json\/wp\/v2\/users\/5"}],"replies":[{"embeddable":true,"href":"https:\/\/www.une.edu.pe\/oficina-cooperacion\/wp-json\/wp\/v2\/comments?post=5436"}],"version-history":[{"count":3,"href":"https:\/\/www.une.edu.pe\/oficina-cooperacion\/wp-json\/wp\/v2\/pages\/5436\/revisions"}],"predecessor-version":[{"id":5438,"href":"https:\/\/www.une.edu.pe\/oficina-cooperacion\/wp-json\/wp\/v2\/pages\/5436\/revisions\/5438"}],"wp:attachment":[{"href":"https:\/\/www.une.edu.pe\/oficina-cooperacion\/wp-json\/wp\/v2\/media?parent=5436"}],"curies":[{"name":"wp","href":"https:\/\/api.w.org\/{rel}","templated":true}]}}