{"id":5382,"date":"2024-09-18T16:35:12","date_gmt":"2024-09-18T14:35:12","guid":{"rendered":"https:\/\/www.une.edu.pe\/oficina-cooperacion\/?page_id=5382"},"modified":"2025-12-17T13:57:31","modified_gmt":"2025-12-17T12:57:31","slug":"organigrama-de-la-ocri","status":"publish","type":"page","link":"https:\/\/www.une.edu.pe\/oficina-cooperacion\/organigrama-de-la-ocri\/","title":{"rendered":"Organigrama de la OCRI"},"content":{"rendered":"<p><img loading=\"lazy\" decoding=\"async\" class=\"alignnone size-full wp-image-5714\" src=\"https:\/\/www.une.edu.pe\/oficina-cooperacion\/wp-content\/uploads\/2025\/12\/fondo_sobrenosotros.png\" alt=\"\" width=\"1032\" height=\"337\" srcset=\"https:\/\/www.une.edu.pe\/oficina-cooperacion\/wp-content\/uploads\/2025\/12\/fondo_sobrenosotros.png 1032w, https:\/\/www.une.edu.pe\/oficina-cooperacion\/wp-content\/uploads\/2025\/12\/fondo_sobrenosotros-300x98.png 300w, https:\/\/www.une.edu.pe\/oficina-cooperacion\/wp-content\/uploads\/2025\/12\/fondo_sobrenosotros-1024x334.png 1024w, https:\/\/www.une.edu.pe\/oficina-cooperacion\/wp-content\/uploads\/2025\/12\/fondo_sobrenosotros-768x251.png 768w, https:\/\/www.une.edu.pe\/oficina-cooperacion\/wp-content\/uploads\/2025\/12\/fondo_sobrenosotros-24x8.png 24w, https:\/\/www.une.edu.pe\/oficina-cooperacion\/wp-content\/uploads\/2025\/12\/fondo_sobrenosotros-36x12.png 36w, https:\/\/www.une.edu.pe\/oficina-cooperacion\/wp-content\/uploads\/2025\/12\/fondo_sobrenosotros-48x16.png 48w\" sizes=\"auto, (max-width: 1032px) 100vw, 1032px\" \/><\/p>\n<p><img loading=\"lazy\" decoding=\"async\" class=\"wp-image-5386 size-full aligncenter\" src=\"https:\/\/www.une.edu.pe\/oficina-cooperacion\/wp-content\/uploads\/2024\/09\/Organigrama.jpg\" alt=\"\" width=\"498\" height=\"856\" srcset=\"https:\/\/www.une.edu.pe\/oficina-cooperacion\/wp-content\/uploads\/2024\/09\/Organigrama.jpg 498w, https:\/\/www.une.edu.pe\/oficina-cooperacion\/wp-content\/uploads\/2024\/09\/Organigrama-175x300.jpg 175w, https:\/\/www.une.edu.pe\/oficina-cooperacion\/wp-content\/uploads\/2024\/09\/Organigrama-14x24.jpg 14w, https:\/\/www.une.edu.pe\/oficina-cooperacion\/wp-content\/uploads\/2024\/09\/Organigrama-21x36.jpg 21w, https:\/\/www.une.edu.pe\/oficina-cooperacion\/wp-content\/uploads\/2024\/09\/Organigrama-28x48.jpg 28w\" sizes=\"auto, (max-width: 498px) 100vw, 498px\" \/><br \/>\n<!-- ===== ORGANIGRAMA DESKTOP (con l\u00edneas) ===== --><\/p>\n<div class=\"ocri-desktop-org\" style=\"width:100%;max-width:980px;margin:0 auto;padding:10px 0;\">\n<p>  <!-- DIRECTOR --><\/p>\n<div style=\"display:flex;justify-content:center;\">\n<div style=\"\n      display:flex;align-items:center;justify-content:center;\n      color:#fff;font-weight:700;text-align:center;\n      padding:14px 20px;min-width:200px;font-size:18px;line-height:1.15;\n      background:linear-gradient(180deg,#1d6f93 0%, #0b4f6a 60%, #073e55 100%);\n      border:2px solid rgba(255,255,255,.25);\n      box-shadow:0 3px 0 rgba(0,0,0,.15);\n      min-height:58px;\n    \">Director<\/div>\n<\/p><\/div>\n<p>  <!-- LINEA VERTICAL --><\/p>\n<div style=\"height:36px;position:relative;margin:6px 0 0;\">\n<div style=\"position:absolute;left:50%;top:0;transform:translateX(-50%);width:4px;height:36px;background:#0b4f6a;\"><\/div>\n<\/p><\/div>\n<p>  <!-- SECRETARIA (izquierda, con caja) --><\/p>\n<div style=\"display:flex;justify-content:flex-start;padding-left:8%;margin-top:2px;\">\n<div style=\"\n      display:flex;align-items:center;justify-content:center;\n      color:#fff;font-weight:700;text-align:center;\n      padding:14px 18px;min-width:220px;font-size:18px;line-height:1.15;\n      background:linear-gradient(180deg,#1d6f93 0%, #0b4f6a 60%, #073e55 100%);\n      border:2px solid rgba(255,255,255,.25);\n      box-shadow:0 3px 0 rgba(0,0,0,.15);\n      min-height:68px;\n    \">Secretaria de<br \/>Direcci\u00f3n<\/div>\n<\/p><\/div>\n<p>  <!-- CONEXIONES --><\/p>\n<div style=\"height:80px;position:relative;margin:6px 0 0;\">\n    <!-- eje central hacia la rama --><\/p>\n<div style=\"position:absolute;left:50%;top:0;transform:translateX(-50%);width:4px;height:40px;background:#0b4f6a;z-index:2;\"><\/div>\n<p>    <!-- HORIZONTAL PRINCIPAL --><\/p>\n<div style=\"position:absolute;left:8%;right:8%;top:40px;height:4px;background:#0b4f6a;z-index:2;\"><\/div>\n<p>    <!-- BAJADAS a asistentes --><\/p>\n<div style=\"position:absolute;left:8%;top:40px;width:4px;height:40px;background:#0b4f6a;z-index:2;\"><\/div>\n<div style=\"position:absolute;left:50%;top:40px;transform:translateX(-50%);width:4px;height:40px;background:#0b4f6a;z-index:2;\"><\/div>\n<div style=\"position:absolute;right:8%;top:40px;width:4px;height:40px;background:#0b4f6a;z-index:2;\"><\/div>\n<p>    <!-- CONEXI\u00d3N a Secretar\u00eda (horizontal + bajada) --><\/p>\n<div style=\"position:absolute;left:8%;right:50%;top:18px;height:4px;background:#0b4f6a;z-index:1;\"><\/div>\n<div style=\"position:absolute;left:8%;top:18px;width:4px;height:26px;background:#0b4f6a;z-index:1;\"><\/div>\n<\/p><\/div>\n<p>  <!-- ASISTENTES (en fila en desktop) --><\/p>\n<div style=\"display:flex;justify-content:space-between;gap:18px;padding:0 8%;flex-wrap:nowrap;\">\n<div style=\"\n      width:260px;\n      display:flex;align-items:center;justify-content:center;\n      color:#fff;font-weight:700;text-align:center;\n      padding:14px 14px;font-size:16px;line-height:1.15;\n      background:linear-gradient(180deg,#1d6f93 0%, #0b4f6a 60%, #073e55 100%);\n      border:2px solid rgba(255,255,255,.25);\n      box-shadow:0 3px 0 rgba(0,0,0,.15);\n      min-height:72px;\n    \">Asistente de<br \/>Becas<\/div>\n<div style=\"\n      width:260px;\n      display:flex;align-items:center;justify-content:center;\n      color:#fff;font-weight:700;text-align:center;\n      padding:14px 14px;font-size:16px;line-height:1.15;\n      background:linear-gradient(180deg,#1d6f93 0%, #0b4f6a 60%, #073e55 100%);\n      border:2px solid rgba(255,255,255,.25);\n      box-shadow:0 3px 0 rgba(0,0,0,.15);\n      min-height:72px;\n    \">Asistente de<br \/>Convenios<\/div>\n<div style=\"\n      width:260px;\n      display:flex;align-items:center;justify-content:center;\n      color:#fff;font-weight:700;text-align:center;\n      padding:14px 14px;font-size:16px;line-height:1.15;\n      background:linear-gradient(180deg,#1d6f93 0%, #0b4f6a 60%, #073e55 100%);\n      border:2px solid rgba(255,255,255,.25);\n      box-shadow:0 3px 0 rgba(0,0,0,.15);\n      min-height:72px;\n    \">Asistente de<br \/>Movilidad<br \/>Acad\u00e9mica<\/div>\n<\/p><\/div>\n<\/div>\n<p><!-- ===== ORGANIGRAMA M\u00d3VIL (apilado, sin l\u00edneas) ===== --><\/p>\n<div class=\"ocri-mobile-org\" style=\"width:100%;max-width:420px;margin:0 auto;padding:10px 0;display:none;\">\n<div style=\"display:flex;justify-content:center;margin-bottom:10px;\">\n<div style=\"display:flex;align-items:center;justify-content:center;color:#fff;font-weight:700;text-align:center;\n      padding:14px 16px;width:100%;max-width:360px;font-size:16px;line-height:1.15;\n      background:linear-gradient(180deg,#1d6f93 0%, #0b4f6a 60%, #073e55 100%);\n      border:2px solid rgba(255,255,255,.25);box-shadow:0 3px 0 rgba(0,0,0,.15);min-height:62px;\"><br \/>\n      Director\n    <\/div>\n<\/p><\/div>\n<div style=\"display:flex;justify-content:center;margin-bottom:10px;\">\n<div style=\"display:flex;align-items:center;justify-content:center;color:#fff;font-weight:700;text-align:center;\n      padding:14px 16px;width:100%;max-width:360px;font-size:16px;line-height:1.15;\n      background:linear-gradient(180deg,#1d6f93 0%, #0b4f6a 60%, #073e55 100%);\n      border:2px solid rgba(255,255,255,.25);box-shadow:0 3px 0 rgba(0,0,0,.15);min-height:62px;\"><br \/>\n      Secretaria de Direcci\u00f3n\n    <\/div>\n<\/p><\/div>\n<div style=\"display:flex;justify-content:center;margin-bottom:10px;\">\n<div style=\"display:flex;align-items:center;justify-content:center;color:#fff;font-weight:700;text-align:center;\n      padding:14px 16px;width:100%;max-width:360px;font-size:16px;line-height:1.15;\n      background:linear-gradient(180deg,#1d6f93 0%, #0b4f6a 60%, #073e55 100%);\n      border:2px solid rgba(255,255,255,.25);box-shadow:0 3px 0 rgba(0,0,0,.15);min-height:62px;\"><br \/>\n      Asistente de Becas\n    <\/div>\n<\/p><\/div>\n<div style=\"display:flex;justify-content:center;margin-bottom:10px;\">\n<div style=\"display:flex;align-items:center;justify-content:center;color:#fff;font-weight:700;text-align:center;\n      padding:14px 16px;width:100%;max-width:360px;font-size:16px;line-height:1.15;\n      background:linear-gradient(180deg,#1d6f93 0%, #0b4f6a 60%, #073e55 100%);\n      border:2px solid rgba(255,255,255,.25);box-shadow:0 3px 0 rgba(0,0,0,.15);min-height:62px;\"><br \/>\n      Asistente de Convenios\n    <\/div>\n<\/p><\/div>\n<div style=\"display:flex;justify-content:center;\">\n<div style=\"display:flex;align-items:center;justify-content:center;color:#fff;font-weight:700;text-align:center;\n      padding:14px 16px;width:100%;max-width:360px;font-size:16px;line-height:1.15;\n      background:linear-gradient(180deg,#1d6f93 0%, #0b4f6a 60%, #073e55 100%);\n      border:2px solid rgba(255,255,255,.25);box-shadow:0 3px 0 rgba(0,0,0,.15);min-height:62px;\"><br \/>\n      Asistente de Movilidad Acad\u00e9mica\n    <\/div>\n<\/p><\/div>\n<\/div>\n<p><!-- ===== CAMBIO AUTOM\u00c1TICO A M\u00d3VIL ===== --><\/p>\n<style>\n@media (max-width: 720px){\n  .ocri-desktop-org{display:none !important;}\n  .ocri-mobile-org{display:block !important;}\n}\n<\/style>\n","protected":false},"excerpt":{"rendered":"<p>Director Secretaria deDirecci\u00f3n Asistente deBecas Asistente deConvenios Asistente deMovilidadAcad\u00e9mica Director Secretaria de Direcci\u00f3n Asistente de Becas Asistente de Convenios Asistente de Movilidad Acad\u00e9mica<\/p>\n","protected":false},"author":5,"featured_media":0,"parent":0,"menu_order":0,"comment_status":"closed","ping_status":"closed","template":"","meta":{"footnotes":""},"class_list":["post-5382","page","type-page","status-publish","hentry"],"_links":{"self":[{"href":"https:\/\/www.une.edu.pe\/oficina-cooperacion\/wp-json\/wp\/v2\/pages\/5382","targetHints":{"allow":["GET"]}}],"collection":[{"href":"https:\/\/www.une.edu.pe\/oficina-cooperacion\/wp-json\/wp\/v2\/pages"}],"about":[{"href":"https:\/\/www.une.edu.pe\/oficina-cooperacion\/wp-json\/wp\/v2\/types\/page"}],"author":[{"embeddable":true,"href":"https:\/\/www.une.edu.pe\/oficina-cooperacion\/wp-json\/wp\/v2\/users\/5"}],"replies":[{"embeddable":true,"href":"https:\/\/www.une.edu.pe\/oficina-cooperacion\/wp-json\/wp\/v2\/comments?post=5382"}],"version-history":[{"count":20,"href":"https:\/\/www.une.edu.pe\/oficina-cooperacion\/wp-json\/wp\/v2\/pages\/5382\/revisions"}],"predecessor-version":[{"id":5779,"href":"https:\/\/www.une.edu.pe\/oficina-cooperacion\/wp-json\/wp\/v2\/pages\/5382\/revisions\/5779"}],"wp:attachment":[{"href":"https:\/\/www.une.edu.pe\/oficina-cooperacion\/wp-json\/wp\/v2\/media?parent=5382"}],"curies":[{"name":"wp","href":"https:\/\/api.w.org\/{rel}","templated":true}]}}