{"id":5372,"date":"2024-09-18T16:10:54","date_gmt":"2024-09-18T14:10:54","guid":{"rendered":"https:\/\/www.une.edu.pe\/oficina-cooperacion\/?page_id=5372"},"modified":"2025-12-17T13:38:35","modified_gmt":"2025-12-17T12:38:35","slug":"personal-ocri","status":"publish","type":"page","link":"https:\/\/www.une.edu.pe\/oficina-cooperacion\/personal-ocri\/","title":{"rendered":"Personal OCRI"},"content":{"rendered":"<div style=\"width:100%;max-width:100%;display:block;\">\n<p>  <!-- TEXTO SUPERIOR (alineado al ancho de la tabla) --><\/p>\n<div style=\"width:100%;max-width:100%;display:block;\">\n<p style=\"margin:0 0 10px 0;font-size:14px;color:#444;line-height:1.35;text-align:justify;\">\n      <strong><br \/>\n        Conforme a nuestras funciones, se pone a disposici\u00f3n el directorio del personal, con informaci\u00f3n de contacto institucional.<br \/>\n      <\/strong>\n    <\/p>\n<\/p><\/div>\n<p>  <!-- TABLA (LA MISMA QUE YA TIENES, NO CAMBIO NADA) --><\/p>\n<table\n    border=\"1\"\n    cellpadding=\"10\"\n    cellspacing=\"0\"\n    style=\"\n      width:100%;\n      border-collapse:collapse;\n      table-layout:fixed;\n      font-size:14px;\n      color:#333;\n      background:#ffffff;\n      border:1.5px solid #B5B5B5;\n      margin:0;\n    \"\n  ><\/p>\n<thead>\n<tr>\n<th style=\"border:1.5px solid #B5B5B5;background:#0B3C5D;color:#ffffff;text-transform:uppercase;text-align:center;font-weight:bold;\">Cargo<\/th>\n<th style=\"border:1.5px solid #B5B5B5;background:#0B3C5D;color:#ffffff;text-transform:uppercase;text-align:center;font-weight:bold;\">Nombres y apellidos<\/th>\n<th style=\"border:1.5px solid #B5B5B5;background:#0B3C5D;color:#ffffff;text-transform:uppercase;text-align:center;font-weight:bold;\">E-mail<\/th>\n<th style=\"border:1.5px solid #B5B5B5;background:#0B3C5D;color:#ffffff;text-transform:uppercase;text-align:center;font-weight:bold;\">Anexo<\/th>\n<\/tr>\n<\/thead>\n<tbody>\n<tr>\n<td style=\"border:1.5px solid #B5B5B5;text-align:center;\">Director<\/td>\n<td style=\"border:1.5px solid #B5B5B5;text-align:center;\">Mtro. David O. Serpa Gabancho<\/td>\n<td style=\"border:1.5px solid #B5B5B5;text-align:center;word-break:break-word;\">dserpa@une.edu.pe<\/td>\n<td style=\"border:1.5px solid #B5B5B5;text-align:center;\">1611<\/td>\n<\/tr>\n<tr>\n<td style=\"border:1.5px solid #B5B5B5;text-align:center;\">Secretaria<\/td>\n<td style=\"border:1.5px solid #B5B5B5;text-align:center;\">Dora Liz Rosales Misari<\/td>\n<td style=\"border:1.5px solid #B5B5B5;text-align:center;word-break:break-word;\">cooperacion@une.edu.pe<\/td>\n<td style=\"border:1.5px solid #B5B5B5;text-align:center;\">1610<\/td>\n<\/tr>\n<tr>\n<td style=\"border:1.5px solid #B5B5B5;text-align:center;\">Asistente de Becas<\/td>\n<td style=\"border:1.5px solid #B5B5B5;text-align:center;\">N\u00e9stor D. Galarza Alarc\u00f3n<\/td>\n<td style=\"border:1.5px solid #B5B5B5;text-align:center;word-break:break-word;\">becas@une.edu.pe<\/td>\n<td style=\"border:1.5px solid #B5B5B5;text-align:center;\">1610<\/td>\n<\/tr>\n<tr>\n<td style=\"border:1.5px solid #B5B5B5;text-align:center;\">Asistente Administrativo<\/td>\n<td style=\"border:1.5px solid #B5B5B5;text-align:center;\">Margarita Benites Mariscal<\/td>\n<td style=\"border:1.5px solid #B5B5B5;text-align:center;word-break:break-word;\">mbenites@une.edu.pe<\/td>\n<td style=\"border:1.5px solid #B5B5B5;text-align:center;\">1610<\/td>\n<\/tr>\n<tr>\n<td style=\"border:1.5px solid #B5B5B5;text-align:center;\">Movilidad Acad\u00e9mica<\/td>\n<td style=\"border:1.5px solid #B5B5B5;text-align:center;\">Rub\u00e9n Hugo Le\u00f3n<\/td>\n<td style=\"border:1.5px solid #B5B5B5;text-align:center;word-break:break-word;\">movilidad.academica@une.edu.pe<\/td>\n<td style=\"border:1.5px solid #B5B5B5;text-align:center;\">1610<\/td>\n<\/tr>\n<\/tbody>\n<\/table>\n<p>  <!-- TEXTO INFERIOR (alineado al ancho de la tabla, manteniendo lo logrado) --><\/p>\n<div style=\"width:100%;max-width:100%;display:block;margin-top:-15px;font-size:13px;color:#555;line-height:1.25;\">\n    <strong><br \/>\n      Central Telef\u00f3nica de la Universidad Nacional de Educaci\u00f3n Enrique Guzm\u00e1n y Valle (UNE):+51 1 3133700.<br \/>\n    <\/strong>\n  <\/div>\n<\/div>\n","protected":false},"excerpt":{"rendered":"<p>Conforme a nuestras funciones, se pone a disposici\u00f3n el directorio del personal, con informaci\u00f3n de contacto institucional. Cargo Nombres y apellidos E-mail Anexo Director Mtro. David O. Serpa Gabancho dserpa@une.edu.pe 1611 Secretaria Dora Liz Rosales Misari cooperacion@une.edu.pe 1610 Asistente de Becas N\u00e9stor D. Galarza Alarc\u00f3n becas@une.edu.pe 1610 Asistente Administrativo Margarita Benites Mariscal mbenites@une.edu.pe 1610 Movilidad&hellip;<\/p>\n","protected":false},"author":5,"featured_media":0,"parent":0,"menu_order":0,"comment_status":"closed","ping_status":"closed","template":"","meta":{"footnotes":""},"class_list":["post-5372","page","type-page","status-publish","hentry"],"_links":{"self":[{"href":"https:\/\/www.une.edu.pe\/oficina-cooperacion\/wp-json\/wp\/v2\/pages\/5372","targetHints":{"allow":["GET"]}}],"collection":[{"href":"https:\/\/www.une.edu.pe\/oficina-cooperacion\/wp-json\/wp\/v2\/pages"}],"about":[{"href":"https:\/\/www.une.edu.pe\/oficina-cooperacion\/wp-json\/wp\/v2\/types\/page"}],"author":[{"embeddable":true,"href":"https:\/\/www.une.edu.pe\/oficina-cooperacion\/wp-json\/wp\/v2\/users\/5"}],"replies":[{"embeddable":true,"href":"https:\/\/www.une.edu.pe\/oficina-cooperacion\/wp-json\/wp\/v2\/comments?post=5372"}],"version-history":[{"count":46,"href":"https:\/\/www.une.edu.pe\/oficina-cooperacion\/wp-json\/wp\/v2\/pages\/5372\/revisions"}],"predecessor-version":[{"id":5774,"href":"https:\/\/www.une.edu.pe\/oficina-cooperacion\/wp-json\/wp\/v2\/pages\/5372\/revisions\/5774"}],"wp:attachment":[{"href":"https:\/\/www.une.edu.pe\/oficina-cooperacion\/wp-json\/wp\/v2\/media?parent=5372"}],"curies":[{"name":"wp","href":"https:\/\/api.w.org\/{rel}","templated":true}]}}