{"id":5310,"date":"2024-09-17T20:43:30","date_gmt":"2024-09-17T18:43:30","guid":{"rendered":"https:\/\/www.une.edu.pe\/oficina-cooperacion\/?page_id=5310"},"modified":"2025-12-16T20:35:37","modified_gmt":"2025-12-16T19:35:37","slug":"informacion","status":"publish","type":"page","link":"https:\/\/www.une.edu.pe\/oficina-cooperacion\/informacion\/","title":{"rendered":"Informaci\u00f3n"},"content":{"rendered":"<p><img loading=\"lazy\" decoding=\"async\"\n  class=\"alignnone size-full wp-image-5685\"\n  src=\"https:\/\/www.une.edu.pe\/oficina-cooperacion\/wp-content\/uploads\/2025\/12\/fondo_convenios-1.png\"\n  alt=\"\"\n  width=\"1032\"\n  height=\"337\"\n\/><br \/>\n<strong>Es un instrumento formalmente establecido entre dos o m\u00e1s partes, que\u00a0 establecen derechos y obligaciones espec\u00edficas. Pueden ser bilaterales, tripartitos o multilateral, en funci\u00f3n a la cantidad de las partes.\u00a0<\/strong><\/p>\n<p><strong>Seg\u00fan los objetivos requeridos, los convenios pueden ser:<\/strong><\/p>\n<p><strong>a) Convenio Marco, de \u00e1mbito general, mediante el cual se declara la intenci\u00f3n de crear un espacio de colaboraci\u00f3n com\u00fan entre las partes que lo suscriben, el cual posteriormente se concretar\u00e1 en acciones<\/strong><br \/>\n<strong>determinadas, a trav\u00e9s de la suscripci\u00f3n de convenios espec\u00edficos.<\/strong><br \/>\n<strong>b) Convenio Espec\u00edfico, instrumento de aplicaci\u00f3n mediante el cual se establecen las actividades espec\u00edficas a desarrollar entre las partes que lo suscriben.<\/strong><br \/>\n<strong>Seg\u00fan su finalidad, un convenio espec\u00edfico puede ser:<\/strong><br \/>\n<strong>a) Acad\u00e9micos.<\/strong><br \/>\n<strong>b) Investigaci\u00f3n.<\/strong><br \/>\n<strong>c) Responsabilidad Social Universitaria y Proyecci\u00f3n Social.<\/strong><br \/>\n<strong>d) Proyectos.<\/strong><br \/>\n<strong>e) Financiera y Comercial.<\/strong><br \/>\n<strong>f) Auspicios Acad\u00e9micos<\/strong><\/p>\n<p><strong>En el marco de la cooperaci\u00f3n interinstitucional, adem\u00e1s de los convenios, la UNE EGyV reconoce y puede utilizar diversos instrumentos de colaboraci\u00f3n que facilitan la cooperaci\u00f3n y permiten el logro de objetivos comunes, que son com\u00fanmente empleados principalmente por instituciones internacionales, incluyen, pero no se limitan a: Cartas de Intenci\u00f3n, Memorandos de Entendimiento, Acuerdos y Protocolos.<\/strong><\/p>\n<p><strong>En la UNE EGyV los Convenios est\u00e1n regulados mediante el Reglamento de Suscripci\u00f3n de Convenios Interinstitucionales y Auspicios Acad\u00e9micos ( <a href=\"https:\/\/www.une.edu.pe\/transparencia\/informacion\/Reglamentos\/2022\/Resolucion_0059-2022-R-UNE_Reglamento-suscripcion-convenios.pdf\" target=\"_blank\" rel=\"noopener noreferrer\" style=\"text-decoration:none;\" onmouseover=\"this.style.textDecoration='underline';\" onmouseout=\"this.style.textDecoration='none';\">Resoluci\u00f3n N\u00ba 0059-2022-R-UNE<\/a> ).<\/strong><\/p>\n<p>&nbsp;<\/p>\n","protected":false},"excerpt":{"rendered":"<p>Es un instrumento formalmente establecido entre dos o m\u00e1s partes, que\u00a0 establecen derechos y obligaciones espec\u00edficas. Pueden ser bilaterales, tripartitos o multilateral, en funci\u00f3n a la cantidad de las partes.\u00a0 Seg\u00fan los objetivos requeridos, los convenios pueden ser: a) Convenio Marco, de \u00e1mbito general, mediante el cual se declara la intenci\u00f3n de crear un espacio&hellip;<\/p>\n","protected":false},"author":5,"featured_media":0,"parent":0,"menu_order":0,"comment_status":"closed","ping_status":"closed","template":"","meta":{"footnotes":""},"class_list":["post-5310","page","type-page","status-publish","hentry"],"_links":{"self":[{"href":"https:\/\/www.une.edu.pe\/oficina-cooperacion\/wp-json\/wp\/v2\/pages\/5310","targetHints":{"allow":["GET"]}}],"collection":[{"href":"https:\/\/www.une.edu.pe\/oficina-cooperacion\/wp-json\/wp\/v2\/pages"}],"about":[{"href":"https:\/\/www.une.edu.pe\/oficina-cooperacion\/wp-json\/wp\/v2\/types\/page"}],"author":[{"embeddable":true,"href":"https:\/\/www.une.edu.pe\/oficina-cooperacion\/wp-json\/wp\/v2\/users\/5"}],"replies":[{"embeddable":true,"href":"https:\/\/www.une.edu.pe\/oficina-cooperacion\/wp-json\/wp\/v2\/comments?post=5310"}],"version-history":[{"count":12,"href":"https:\/\/www.une.edu.pe\/oficina-cooperacion\/wp-json\/wp\/v2\/pages\/5310\/revisions"}],"predecessor-version":[{"id":5699,"href":"https:\/\/www.une.edu.pe\/oficina-cooperacion\/wp-json\/wp\/v2\/pages\/5310\/revisions\/5699"}],"wp:attachment":[{"href":"https:\/\/www.une.edu.pe\/oficina-cooperacion\/wp-json\/wp\/v2\/media?parent=5310"}],"curies":[{"name":"wp","href":"https:\/\/api.w.org\/{rel}","templated":true}]}}