{"id":5010,"date":"2022-11-04T21:01:43","date_gmt":"2022-11-04T20:01:43","guid":{"rendered":"http:\/\/www.une.edu.pe\/oficina-cooperacion\/?page_id=5010"},"modified":"2022-11-10T17:54:31","modified_gmt":"2022-11-10T16:54:31","slug":"beca-excelencia-academica-para-hijos-de-docentes","status":"publish","type":"page","link":"https:\/\/www.une.edu.pe\/oficina-cooperacion\/beca-excelencia-academica-para-hijos-de-docentes\/","title":{"rendered":"BECA EXCELENCIA ACAD\u00c9MICA PARA HIJOS DE DOCENTES"},"content":{"rendered":"\n<div class=\"wp-block-columns is-layout-flex wp-container-core-columns-is-layout-9d6595d7 wp-block-columns-is-layout-flex\">\n<div class=\"wp-block-column is-layout-flow wp-block-column-is-layout-flow\"><\/div>\n\n\n\n<div class=\"wp-block-column is-layout-flow wp-block-column-is-layout-flow\" style=\"flex-basis:90%\"><div class=\"wp-block-image is-style-default\">\n<figure class=\"aligncenter size-full is-resized\"><img loading=\"lazy\" decoding=\"async\" src=\"http:\/\/www.une.edu.pe\/oficina-cooperacion\/wp-content\/uploads\/2022\/11\/Portada1.png\" alt=\"\" class=\"wp-image-5012\" width=\"775\" height=\"399\" srcset=\"https:\/\/www.une.edu.pe\/oficina-cooperacion\/wp-content\/uploads\/2022\/11\/Portada1.png 920w, https:\/\/www.une.edu.pe\/oficina-cooperacion\/wp-content\/uploads\/2022\/11\/Portada1-300x155.png 300w, https:\/\/www.une.edu.pe\/oficina-cooperacion\/wp-content\/uploads\/2022\/11\/Portada1-768x396.png 768w, https:\/\/www.une.edu.pe\/oficina-cooperacion\/wp-content\/uploads\/2022\/11\/Portada1-24x12.png 24w, https:\/\/www.une.edu.pe\/oficina-cooperacion\/wp-content\/uploads\/2022\/11\/Portada1-36x19.png 36w, https:\/\/www.une.edu.pe\/oficina-cooperacion\/wp-content\/uploads\/2022\/11\/Portada1-48x25.png 48w\" sizes=\"auto, (max-width: 775px) 100vw, 775px\" \/><\/figure>\n<\/div>\n\n\n<div class=\"wp-block-columns is-layout-flex wp-container-core-columns-is-layout-9d6595d7 wp-block-columns-is-layout-flex\">\n<div class=\"wp-block-column is-layout-flow wp-block-column-is-layout-flow\"><\/div>\n\n\n\n<div class=\"wp-block-column is-layout-flow wp-block-column-is-layout-flow\" style=\"flex-basis:90%\">\n<p class=\"has-text-align-left has-black-color has-text-color has-medium-font-size\"><strong>BECA EXCELENCIA ACAD\u00c9MICA PARA HIJOS DE DOCENTES<\/strong><\/p>\n\n\n\n<p class=\"has-medium-font-size\">Est\u00e1 dirigido a hijos de docentes de la Carrera P\u00fablica Magisterial que lograron alto rendimiento acad\u00e9mico en los dos \u00faltimos grados de la secundaria y que hayan ingresado o se encuentren estudiando en una universidad, escuela o instituto.<\/p>\n\n\n\n<p class=\"has-medium-font-size\">Subvenciona los siguientes conceptos:<\/p>\n\n\n\n<ul class=\"has-medium-font-size wp-block-list\"><li>Costo de examen o carpeta de admisi\u00f3n, cuando el pago no haya sido exonerado por las IES (beneficio solo para ganadores de la beca que inicien estudios y cuenten con el(los) comprobante(s) de pago.<\/li><li>Matr\u00edcula y pensiones de estudios.<\/li><li>Gastos obligatorios para la obtenci\u00f3n del grado y\/o t\u00edtulo respectivo o su equivalente de acuerdo con la normativa de la IES.<\/li><li>Alojamiento, cuando corresponda.<\/li><li>Movilidad local y alimentaci\u00f3n.<\/li><\/ul>\n\n\n\n<p class=\"has-medium-font-size\"><strong>DURACION DE LA<\/strong> <strong>BECA EXELENCIA ACAD\u00c9MICA PARA HIJOS DE DOCENTES<\/strong><\/p>\n\n\n\n<p class=\"has-medium-font-size\">La beca se otorga para estudios de pregrado en universidades, institutos y escuelas por el periodo de duraci\u00f3n de la carrera de acuerdo con la malla curricular o plan de estudios de la IES. Cuando se trate de universidades y escuelas pedag\u00f3gicas, la carrera elegida deber\u00e1 tener una duraci\u00f3n m\u00ednima de diez (10) semestres acad\u00e9micos consecutivos. Para institutos de educaci\u00f3n superior y escuelas tecnol\u00f3gicas, la carrera elegida debe cumplir como m\u00ednimo con ciento veinte (120) cr\u00e9ditos en periodos acad\u00e9micos consecutivos, seis (06) periodos acad\u00e9micos consecutivos u ocho (08) periodos acad\u00e9micos consecutivos, seg\u00fan corresponda.<\/p>\n\n\n\n<p class=\"has-medium-font-size\">La duraci\u00f3n de la beca para aquellos postulantes que hayan iniciado estudios se considera a partir del semestre de la adjudicaci\u00f3n hasta terminar el periodo de duraci\u00f3n de la carrera de acuerdo con la malla curricular o plan de estudios de la IES y el n\u00famero de matr\u00edculas realizadas.&nbsp;<\/p>\n\n\n\n<p><\/p>\n\n\n\n<div class=\"wp-block-columns is-layout-flex wp-container-core-columns-is-layout-9d6595d7 wp-block-columns-is-layout-flex\">\n<div class=\"wp-block-column is-layout-flow wp-block-column-is-layout-flow\">\n<div class=\"wp-block-buttons is-layout-flex wp-block-buttons-is-layout-flex\">\n<div class=\"wp-block-button alignleft is-style-fill\"><a class=\"wp-block-button__link has-white-color has-vivid-cyan-blue-background-color has-text-color has-background\" href=\"https:\/\/www.pronabec.gob.pe\/beca-hijos-de-docentes\/\" target=\"_blank\" rel=\"noreferrer noopener\"><strong>Informaci\u00f3n adicional<\/strong> <\/a><\/div>\n<\/div>\n<\/div>\n\n\n\n<div class=\"wp-block-column is-layout-flow wp-block-column-is-layout-flow\">\n<div class=\"wp-block-buttons is-layout-flex wp-block-buttons-is-layout-flex\">\n<div class=\"wp-block-button\"><a class=\"wp-block-button__link has-vivid-red-background-color has-background\" href=\"https:\/\/docs.google.com\/spreadsheets\/d\/10w_2BSFndn14FERU6abrYRHFFdLUqTdk\/edit#gid=1562662064\" target=\"_blank\" rel=\"noreferrer noopener\"><strong>Poblaci\u00f3n beneficiaria <\/strong><\/a><\/div>\n<\/div>\n<\/div>\n<\/div>\n\n\n\n<p><\/p>\n\n\n\n<p class=\"has-text-align-left\">                                                                                                                                                                         <\/p>\n\n\n\n<p><\/p>\n\n\n\n<p><\/p>\n<\/div>\n\n\n\n<div class=\"wp-block-column is-layout-flow wp-block-column-is-layout-flow\"><\/div>\n<\/div>\n<\/div>\n\n\n\n<div class=\"wp-block-column is-layout-flow wp-block-column-is-layout-flow\"><\/div>\n<\/div>\n\n\n\n<p><\/p>\n","protected":false},"excerpt":{"rendered":"<p>BECA EXCELENCIA ACAD\u00c9MICA PARA HIJOS DE DOCENTES Est\u00e1 dirigido a hijos de docentes de la Carrera P\u00fablica Magisterial que lograron alto rendimiento acad\u00e9mico en los dos \u00faltimos grados de la secundaria y que hayan ingresado o se encuentren estudiando en una universidad, escuela o instituto. Subvenciona los siguientes conceptos: Costo de examen o carpeta de&hellip;<\/p>\n","protected":false},"author":5,"featured_media":0,"parent":0,"menu_order":0,"comment_status":"closed","ping_status":"closed","template":"elementor_canvas","meta":{"footnotes":""},"class_list":["post-5010","page","type-page","status-publish","hentry"],"_links":{"self":[{"href":"https:\/\/www.une.edu.pe\/oficina-cooperacion\/wp-json\/wp\/v2\/pages\/5010","targetHints":{"allow":["GET"]}}],"collection":[{"href":"https:\/\/www.une.edu.pe\/oficina-cooperacion\/wp-json\/wp\/v2\/pages"}],"about":[{"href":"https:\/\/www.une.edu.pe\/oficina-cooperacion\/wp-json\/wp\/v2\/types\/page"}],"author":[{"embeddable":true,"href":"https:\/\/www.une.edu.pe\/oficina-cooperacion\/wp-json\/wp\/v2\/users\/5"}],"replies":[{"embeddable":true,"href":"https:\/\/www.une.edu.pe\/oficina-cooperacion\/wp-json\/wp\/v2\/comments?post=5010"}],"version-history":[{"count":11,"href":"https:\/\/www.une.edu.pe\/oficina-cooperacion\/wp-json\/wp\/v2\/pages\/5010\/revisions"}],"predecessor-version":[{"id":5195,"href":"https:\/\/www.une.edu.pe\/oficina-cooperacion\/wp-json\/wp\/v2\/pages\/5010\/revisions\/5195"}],"wp:attachment":[{"href":"https:\/\/www.une.edu.pe\/oficina-cooperacion\/wp-json\/wp\/v2\/media?parent=5010"}],"curies":[{"name":"wp","href":"https:\/\/api.w.org\/{rel}","templated":true}]}}