{"id":4994,"date":"2022-11-04T21:18:39","date_gmt":"2022-11-04T20:18:39","guid":{"rendered":"https:\/\/www.une.edu.pe\/oficina-cooperacion\/?page_id=4994"},"modified":"2022-11-10T17:57:44","modified_gmt":"2022-11-10T16:57:44","slug":"beca-permanencia-3","status":"publish","type":"page","link":"https:\/\/www.une.edu.pe\/oficina-cooperacion\/beca-permanencia-3\/","title":{"rendered":"BECA PERMANENCIA"},"content":{"rendered":"\n<div class=\"wp-block-columns is-layout-flex wp-container-core-columns-is-layout-9d6595d7 wp-block-columns-is-layout-flex\">\n<div class=\"wp-block-column is-layout-flow wp-block-column-is-layout-flow\"><\/div>\n\n\n\n<div class=\"wp-block-column is-layout-flow wp-block-column-is-layout-flow\" style=\"flex-basis:90%\"><div class=\"wp-block-image is-style-default\">\n<figure class=\"aligncenter size-full\"><img loading=\"lazy\" decoding=\"async\" width=\"777\" height=\"580\" src=\"http:\/\/www.une.edu.pe\/oficina-cooperacion\/wp-content\/uploads\/2022\/11\/Portada11.jpg\" alt=\"\" class=\"wp-image-4985\" srcset=\"https:\/\/www.une.edu.pe\/oficina-cooperacion\/wp-content\/uploads\/2022\/11\/Portada11.jpg 777w, https:\/\/www.une.edu.pe\/oficina-cooperacion\/wp-content\/uploads\/2022\/11\/Portada11-300x224.jpg 300w, https:\/\/www.une.edu.pe\/oficina-cooperacion\/wp-content\/uploads\/2022\/11\/Portada11-768x573.jpg 768w, https:\/\/www.une.edu.pe\/oficina-cooperacion\/wp-content\/uploads\/2022\/11\/Portada11-24x18.jpg 24w, https:\/\/www.une.edu.pe\/oficina-cooperacion\/wp-content\/uploads\/2022\/11\/Portada11-36x27.jpg 36w, https:\/\/www.une.edu.pe\/oficina-cooperacion\/wp-content\/uploads\/2022\/11\/Portada11-48x36.jpg 48w\" sizes=\"auto, (max-width: 777px) 100vw, 777px\" \/><\/figure>\n<\/div>\n\n\n<div class=\"wp-block-columns is-layout-flex wp-container-core-columns-is-layout-9d6595d7 wp-block-columns-is-layout-flex\">\n<div class=\"wp-block-column is-layout-flow wp-block-column-is-layout-flow\"><\/div>\n\n\n\n<div class=\"wp-block-column is-layout-flow wp-block-column-is-layout-flow\" style=\"flex-basis:90%\">\n<p class=\"has-text-align-left has-black-color has-text-color has-medium-font-size\"><strong>BECA PERMANENCIA<\/strong><\/p>\n\n\n\n<p class=\"has-medium-font-size\">La \u201cBeca Permanencia de Estudios Nacional\u201d es una beca especial financiada por el MINEDU a trav\u00e9s del Programa Nacional de Becas y Cr\u00e9dito Educativo (PRONABEC), para permanecer y culminar los estudios universitarios, que subvenciona los siguientes conceptos:<\/p>\n\n\n\n<ul class=\"has-medium-font-size wp-block-list\"><li>Alimentaci\u00f3n<\/li><li>Movilidad local<\/li><li>\u00datiles de escritorio<\/li><\/ul>\n\n\n\n<p class=\"has-medium-font-size\"><strong>DURACION DE LA<\/strong> <strong>BECA PERMANENCIA<\/strong> <\/p>\n\n\n\n<p class=\"has-medium-font-size\">La duraci\u00f3n de la beca se considera desde la emisi\u00f3n de la Resoluci\u00f3n Jefatural que lo declare becario\/a hasta terminar el periodo de duraci\u00f3n del programa de estudio de acuerdo con la malla curricular o plan de estudios de la IES y el n\u00famero de matr\u00edculas realizadas.<\/p>\n\n\n\n<div class=\"wp-block-columns is-layout-flex wp-container-core-columns-is-layout-9d6595d7 wp-block-columns-is-layout-flex\">\n<div class=\"wp-block-column is-layout-flow wp-block-column-is-layout-flow\">\n<div class=\"wp-block-buttons is-layout-flex wp-block-buttons-is-layout-flex\">\n<div class=\"wp-block-button alignleft is-style-fill\"><a class=\"wp-block-button__link has-white-color has-vivid-cyan-blue-background-color has-text-color has-background\" href=\"https:\/\/www.pronabec.gob.pe\/beca-permanencia\/\" target=\"_blank\" rel=\"noreferrer noopener\"><strong>Informaci\u00f3n adicional<\/strong> <\/a><\/div>\n<\/div>\n<\/div>\n\n\n\n<div class=\"wp-block-column is-layout-flow wp-block-column-is-layout-flow\">\n<div class=\"wp-block-buttons is-layout-flex wp-block-buttons-is-layout-flex\">\n<div class=\"wp-block-button\"><a class=\"wp-block-button__link has-vivid-red-background-color has-background\" href=\"https:\/\/docs.google.com\/spreadsheets\/d\/1r2A6ulATpOr542gb3hPteHGfT6UZXHHI\/edit#gid=2091434892\" target=\"_blank\" rel=\"noreferrer noopener\"><strong>Poblaci\u00f3n beneficiaria<\/strong> <\/a><\/div>\n<\/div>\n<\/div>\n<\/div>\n\n\n\n<p><\/p>\n\n\n\n<p class=\"has-text-align-left\">                                                                                                                                                                         <\/p>\n\n\n\n<p><\/p>\n\n\n\n<p><\/p>\n<\/div>\n\n\n\n<div class=\"wp-block-column is-layout-flow wp-block-column-is-layout-flow\"><\/div>\n<\/div>\n<\/div>\n\n\n\n<div class=\"wp-block-column is-layout-flow wp-block-column-is-layout-flow\"><\/div>\n<\/div>\n\n\n\n<p><\/p>\n","protected":false},"excerpt":{"rendered":"<p>BECA PERMANENCIA La \u201cBeca Permanencia de Estudios Nacional\u201d es una beca especial financiada por el MINEDU a trav\u00e9s del Programa Nacional de Becas y Cr\u00e9dito Educativo (PRONABEC), para permanecer y culminar los estudios universitarios, que subvenciona los siguientes conceptos: Alimentaci\u00f3n Movilidad local \u00datiles de escritorio DURACION DE LA BECA PERMANENCIA La duraci\u00f3n de la beca&hellip;<\/p>\n","protected":false},"author":5,"featured_media":0,"parent":0,"menu_order":0,"comment_status":"closed","ping_status":"closed","template":"elementor_canvas","meta":{"footnotes":""},"class_list":["post-4994","page","type-page","status-publish","hentry"],"_links":{"self":[{"href":"https:\/\/www.une.edu.pe\/oficina-cooperacion\/wp-json\/wp\/v2\/pages\/4994","targetHints":{"allow":["GET"]}}],"collection":[{"href":"https:\/\/www.une.edu.pe\/oficina-cooperacion\/wp-json\/wp\/v2\/pages"}],"about":[{"href":"https:\/\/www.une.edu.pe\/oficina-cooperacion\/wp-json\/wp\/v2\/types\/page"}],"author":[{"embeddable":true,"href":"https:\/\/www.une.edu.pe\/oficina-cooperacion\/wp-json\/wp\/v2\/users\/5"}],"replies":[{"embeddable":true,"href":"https:\/\/www.une.edu.pe\/oficina-cooperacion\/wp-json\/wp\/v2\/comments?post=4994"}],"version-history":[{"count":5,"href":"https:\/\/www.une.edu.pe\/oficina-cooperacion\/wp-json\/wp\/v2\/pages\/4994\/revisions"}],"predecessor-version":[{"id":5196,"href":"https:\/\/www.une.edu.pe\/oficina-cooperacion\/wp-json\/wp\/v2\/pages\/4994\/revisions\/5196"}],"wp:attachment":[{"href":"https:\/\/www.une.edu.pe\/oficina-cooperacion\/wp-json\/wp\/v2\/media?parent=4994"}],"curies":[{"name":"wp","href":"https:\/\/api.w.org\/{rel}","templated":true}]}}