{"id":4983,"date":"2022-11-04T19:40:44","date_gmt":"2022-11-04T18:40:44","guid":{"rendered":"https:\/\/www.une.edu.pe\/oficina-cooperacion\/?page_id=4983"},"modified":"2022-11-10T17:52:24","modified_gmt":"2022-11-10T16:52:24","slug":"beca-permanencia-2","status":"publish","type":"page","link":"https:\/\/www.une.edu.pe\/oficina-cooperacion\/beca-permanencia-2\/","title":{"rendered":"BECA CONTINUIDAD DE ESTUDIOS"},"content":{"rendered":"\n<div class=\"wp-block-columns is-layout-flex wp-container-core-columns-is-layout-9d6595d7 wp-block-columns-is-layout-flex\">\n<div class=\"wp-block-column is-layout-flow wp-block-column-is-layout-flow\"><\/div>\n\n\n\n<div class=\"wp-block-column is-layout-flow wp-block-column-is-layout-flow\" style=\"flex-basis:90%\"><div class=\"wp-block-image is-style-default\">\n<figure class=\"aligncenter size-full\"><img loading=\"lazy\" decoding=\"async\" width=\"983\" height=\"460\" src=\"https:\/\/www.une.edu.pe\/oficina-cooperacion\/wp-content\/uploads\/2022\/11\/Portada-valido-1.png\" alt=\"\" class=\"wp-image-4999\" srcset=\"https:\/\/www.une.edu.pe\/oficina-cooperacion\/wp-content\/uploads\/2022\/11\/Portada-valido-1.png 983w, https:\/\/www.une.edu.pe\/oficina-cooperacion\/wp-content\/uploads\/2022\/11\/Portada-valido-1-300x140.png 300w, https:\/\/www.une.edu.pe\/oficina-cooperacion\/wp-content\/uploads\/2022\/11\/Portada-valido-1-768x359.png 768w, https:\/\/www.une.edu.pe\/oficina-cooperacion\/wp-content\/uploads\/2022\/11\/Portada-valido-1-24x11.png 24w, https:\/\/www.une.edu.pe\/oficina-cooperacion\/wp-content\/uploads\/2022\/11\/Portada-valido-1-36x17.png 36w, https:\/\/www.une.edu.pe\/oficina-cooperacion\/wp-content\/uploads\/2022\/11\/Portada-valido-1-48x22.png 48w\" sizes=\"auto, (max-width: 983px) 100vw, 983px\" \/><\/figure>\n<\/div>\n\n\n<div class=\"wp-block-columns is-layout-flex wp-container-core-columns-is-layout-9d6595d7 wp-block-columns-is-layout-flex\">\n<div class=\"wp-block-column is-layout-flow wp-block-column-is-layout-flow\"><\/div>\n\n\n\n<div class=\"wp-block-column is-layout-flow wp-block-column-is-layout-flow\" style=\"flex-basis:90%\">\n<p class=\"has-text-align-left has-black-color has-text-color has-medium-font-size\"><strong>BECA CONTINUIDAD DE ESTUDIOS<\/strong><\/p>\n\n\n\n<p class=\"has-medium-font-size\">Esta beca se encuentra dirigida a estudiantes de universidades, escuelas de educaci\u00f3n superior, de institutos tecnol\u00f3gicos y pedag\u00f3gicos (p\u00fablicos y privados) afectados por la declaratoria de&nbsp;Estado de Emergencia Nacional a consecuencia del brote del COVID-19 en Per\u00fa.&nbsp;<\/p>\n\n\n\n<p class=\"has-medium-font-size\">Subvenciona los siguientes conceptos:<\/p>\n\n\n\n<ul class=\"has-black-color has-text-color has-medium-font-size wp-block-list\"><li>Para estudiantes en instituciones privadas: matr\u00edcula y pensi\u00f3n de estudios.<\/li><li>Para estudiantes en instituciones p\u00fablicas: manutenci\u00f3n (alimentaci\u00f3n, movilidad local y \u00fatiles de escritorio).<\/li><\/ul>\n\n\n\n<p class=\"has-medium-font-size\">Los beneficios de la beca son efectivos desde la adjudicaci\u00f3n de la Beca mediante la Resoluci\u00f3n Jefatural correspondiente, siempre que el estudiante se encuentre realizando estudios, no reconoci\u00e9ndose beneficios sobre el tiempo de estudios previamente transcurrido por el becario.<\/p>\n\n\n\n<p class=\"has-medium-font-size\"><strong>DURACION DE LA<\/strong> <strong>BECA CONTINUIDAD DE ESTUDIOS<\/strong><\/p>\n\n\n\n<p class=\"has-medium-font-size\">La duraci\u00f3n de la beca se considera desde la emisi\u00f3n de la Resoluci\u00f3n Jefatural que lo declare becario en el plazo y modo establecido por la normativa vigente, conforme a lo establecido en la Ley N\u00b029837 y su Reglamento, y las normas complementarias aprobadas por el Pronabec.<\/p>\n\n\n\n<div class=\"wp-block-columns is-layout-flex wp-container-core-columns-is-layout-9d6595d7 wp-block-columns-is-layout-flex\">\n<div class=\"wp-block-column is-layout-flow wp-block-column-is-layout-flow\">\n<div class=\"wp-block-buttons is-layout-flex wp-block-buttons-is-layout-flex\">\n<div class=\"wp-block-button alignleft is-style-fill\"><a class=\"wp-block-button__link has-white-color has-vivid-cyan-blue-background-color has-text-color has-background\" href=\"https:\/\/www.pronabec.gob.pe\/beca-continuidad-de-estudios\/\" target=\"_blank\" rel=\"noreferrer noopener\"><strong>Informaci\u00f3n adicional<\/strong> <\/a><\/div>\n<\/div>\n<\/div>\n\n\n\n<div class=\"wp-block-column is-layout-flow wp-block-column-is-layout-flow\">\n<div class=\"wp-block-buttons is-layout-flex wp-block-buttons-is-layout-flex\">\n<div class=\"wp-block-button\"><a class=\"wp-block-button__link has-vivid-red-background-color has-background\" href=\"https:\/\/docs.google.com\/spreadsheets\/d\/1eUp8P4f-uZiCe_oH0FWWiC-zULBfKs00\/edit#gid=1953225515\" target=\"_blank\" rel=\"noreferrer noopener\"><strong>Poblaci\u00f3n beneficiaria <\/strong><\/a><\/div>\n<\/div>\n<\/div>\n<\/div>\n\n\n\n<p><\/p>\n\n\n\n<p class=\"has-text-align-left\">                                                                                                                                                                         <\/p>\n\n\n\n<p><\/p>\n\n\n\n<p><\/p>\n<\/div>\n\n\n\n<div class=\"wp-block-column is-layout-flow wp-block-column-is-layout-flow\"><\/div>\n<\/div>\n<\/div>\n\n\n\n<div class=\"wp-block-column is-layout-flow wp-block-column-is-layout-flow\"><\/div>\n<\/div>\n\n\n\n<p><\/p>\n","protected":false},"excerpt":{"rendered":"<p>BECA CONTINUIDAD DE ESTUDIOS Esta beca se encuentra dirigida a estudiantes de universidades, escuelas de educaci\u00f3n superior, de institutos tecnol\u00f3gicos y pedag\u00f3gicos (p\u00fablicos y privados) afectados por la declaratoria de&nbsp;Estado de Emergencia Nacional a consecuencia del brote del COVID-19 en Per\u00fa.&nbsp; Subvenciona los siguientes conceptos: Para estudiantes en instituciones privadas: matr\u00edcula y pensi\u00f3n de estudios.&hellip;<\/p>\n","protected":false},"author":5,"featured_media":0,"parent":0,"menu_order":0,"comment_status":"closed","ping_status":"closed","template":"elementor_canvas","meta":{"footnotes":""},"class_list":["post-4983","page","type-page","status-publish","hentry"],"_links":{"self":[{"href":"https:\/\/www.une.edu.pe\/oficina-cooperacion\/wp-json\/wp\/v2\/pages\/4983","targetHints":{"allow":["GET"]}}],"collection":[{"href":"https:\/\/www.une.edu.pe\/oficina-cooperacion\/wp-json\/wp\/v2\/pages"}],"about":[{"href":"https:\/\/www.une.edu.pe\/oficina-cooperacion\/wp-json\/wp\/v2\/types\/page"}],"author":[{"embeddable":true,"href":"https:\/\/www.une.edu.pe\/oficina-cooperacion\/wp-json\/wp\/v2\/users\/5"}],"replies":[{"embeddable":true,"href":"https:\/\/www.une.edu.pe\/oficina-cooperacion\/wp-json\/wp\/v2\/comments?post=4983"}],"version-history":[{"count":18,"href":"https:\/\/www.une.edu.pe\/oficina-cooperacion\/wp-json\/wp\/v2\/pages\/4983\/revisions"}],"predecessor-version":[{"id":5193,"href":"https:\/\/www.une.edu.pe\/oficina-cooperacion\/wp-json\/wp\/v2\/pages\/4983\/revisions\/5193"}],"wp:attachment":[{"href":"https:\/\/www.une.edu.pe\/oficina-cooperacion\/wp-json\/wp\/v2\/media?parent=4983"}],"curies":[{"name":"wp","href":"https:\/\/api.w.org\/{rel}","templated":true}]}}