{"id":4917,"date":"2022-11-04T17:17:33","date_gmt":"2022-11-04T16:17:33","guid":{"rendered":"https:\/\/www.une.edu.pe\/oficina-cooperacion\/?page_id=4917"},"modified":"2022-11-10T17:42:44","modified_gmt":"2022-11-10T16:42:44","slug":"beca-18","status":"publish","type":"page","link":"https:\/\/www.une.edu.pe\/oficina-cooperacion\/beca-18\/","title":{"rendered":"BECA 18"},"content":{"rendered":"\n<div class=\"wp-block-columns is-layout-flex wp-container-core-columns-is-layout-9d6595d7 wp-block-columns-is-layout-flex\">\n<div class=\"wp-block-column is-layout-flow wp-block-column-is-layout-flow\"><\/div>\n\n\n\n<div class=\"wp-block-column is-layout-flow wp-block-column-is-layout-flow\" style=\"flex-basis:90%\"><div class=\"wp-block-image is-style-default\">\n<figure class=\"aligncenter size-full\"><img loading=\"lazy\" decoding=\"async\" width=\"800\" height=\"496\" src=\"https:\/\/www.une.edu.pe\/oficina-cooperacion\/wp-content\/uploads\/2022\/11\/Mejorado-1.png\" alt=\"\" class=\"wp-image-4922\" srcset=\"https:\/\/www.une.edu.pe\/oficina-cooperacion\/wp-content\/uploads\/2022\/11\/Mejorado-1.png 800w, https:\/\/www.une.edu.pe\/oficina-cooperacion\/wp-content\/uploads\/2022\/11\/Mejorado-1-300x186.png 300w, https:\/\/www.une.edu.pe\/oficina-cooperacion\/wp-content\/uploads\/2022\/11\/Mejorado-1-768x476.png 768w, https:\/\/www.une.edu.pe\/oficina-cooperacion\/wp-content\/uploads\/2022\/11\/Mejorado-1-24x15.png 24w, https:\/\/www.une.edu.pe\/oficina-cooperacion\/wp-content\/uploads\/2022\/11\/Mejorado-1-36x22.png 36w, https:\/\/www.une.edu.pe\/oficina-cooperacion\/wp-content\/uploads\/2022\/11\/Mejorado-1-48x30.png 48w\" sizes=\"auto, (max-width: 800px) 100vw, 800px\" \/><\/figure>\n<\/div>\n\n\n<div class=\"wp-block-columns is-layout-flex wp-container-core-columns-is-layout-9d6595d7 wp-block-columns-is-layout-flex\">\n<div class=\"wp-block-column is-layout-flow wp-block-column-is-layout-flow\"><\/div>\n\n\n\n<div class=\"wp-block-column is-layout-flow wp-block-column-is-layout-flow\" style=\"flex-basis:90%\">\n<p class=\"has-text-align-left has-black-color has-text-color has-medium-font-size\"><strong>BECA 18<\/strong><\/p>\n\n\n\n<p class=\"has-text-align-left has-black-color has-text-color has-medium-font-size\">Se refiere a la entrega de becas dirigidas a egresados de secundaria de colegios p\u00fablicos, que hayan logrado un alto nivel de rendimiento acad\u00e9mico, y se encuentren en situaci\u00f3n de pobreza o extrema pobreza.<\/p>\n\n\n\n<p class=\"has-text-align-left has-black-color has-text-color has-medium-font-size\">De acuerdo con la normatividad vigente, el financiamiento para estudios de pregrado a nivel nacional subvenciona los siguientes conceptos:<\/p>\n\n\n\n<ul class=\"has-medium-font-size wp-block-list\"><li>Costo de examen o carpeta de admisi\u00f3n, cuando el pago no haya sido exonerado por las IES (solo a aquellos postulantes a los que se les adjudique la beca y que cuenten con el(los) comprobante(s) de pago correspondiente(s).<\/li><li>Matr\u00edcula.<\/li><li>Pensi\u00f3n de estudios.<\/li><li>Idioma ingl\u00e9s solo para estudios universitarios (cuando no forme parte de la Malla Curricular).<\/li><li>Laptop o equipo de similar naturaleza.<\/li><li>Servicios de Tutor\u00eda y\/o acompa\u00f1amiento, seg\u00fan la normativa vigente del PRONABEC.<\/li><li>Costos administrativos de Grado y\/o Titulaci\u00f3n (los becarios deber\u00e1n obtener el t\u00edtulo en el plazo y modo establecido en la normatividad vigente, durante dicho periodo no se subvencionan los conceptos de alimentaci\u00f3n, alojamiento, movilidad local, \u00fatiles de escritorio).<\/li><li>\u00datiles de escritorio.<\/li><li>Movilidad local.<\/li><li>Transporte interprovincial solo al inicio y t\u00e9rmino de la beca, cuando corresponda.<\/li><li>Alimentaci\u00f3n.<\/li><li>Alojamiento, cuando corresponda.<\/li><li>Materiales de estudio y\/o uniformes, cuando corresponda. <\/li><li>Las becas de la presente convocatoria, son becas de acceso a la educaci\u00f3n superior, financiadas por el Ministerio de Educaci\u00f3n a trav\u00e9s del PRONABEC, para estudios de pregrado que subvencionan los costos directos e indirectos de la misma.<\/li><\/ul>\n\n\n\n<p class=\"has-medium-font-size\"><strong>DURACION DE LA<\/strong> <strong>BECA 18<\/strong><\/p>\n\n\n\n<p class=\"has-medium-font-size\">Para estudios de pregrado en Universidades e Institutos de Educaci\u00f3n Superior Pedag\u00f3gicos: m\u00ednimo 10 semestres acad\u00e9micos consecutivos.<\/p>\n\n\n\n<p class=\"has-medium-font-size\">Para estudios de pregrado en Institutos Tecnol\u00f3gicos y Pedag\u00f3gicos, y Escuelas de Educaci\u00f3n Superior: m\u00ednimo 120 cr\u00e9ditos en periodos acad\u00e9micos consecutivos o seis (6) u (8) periodos acad\u00e9micos consecutivos seg\u00fan corresponda.<\/p>\n\n\n\n<div class=\"wp-block-columns is-layout-flex wp-container-core-columns-is-layout-9d6595d7 wp-block-columns-is-layout-flex\">\n<div class=\"wp-block-column is-layout-flow wp-block-column-is-layout-flow\">\n<div class=\"wp-block-buttons is-layout-flex wp-block-buttons-is-layout-flex\">\n<div class=\"wp-block-button alignleft is-style-fill\"><a class=\"wp-block-button__link has-white-color has-vivid-cyan-blue-background-color has-text-color has-background\" href=\"https:\/\/www.pronabec.gob.pe\/beca-18\/\" target=\"_blank\" rel=\"noreferrer noopener\"><strong>Informaci\u00f3n adicional<\/strong> <\/a><\/div>\n<\/div>\n<\/div>\n\n\n\n<div class=\"wp-block-column is-layout-flow wp-block-column-is-layout-flow\">\n<div class=\"wp-block-buttons is-layout-flex wp-block-buttons-is-layout-flex\">\n<div class=\"wp-block-button\"><a class=\"wp-block-button__link has-vivid-red-background-color has-background\" href=\"https:\/\/docs.google.com\/spreadsheets\/d\/1uSPyKxSIdcAdfN_Y_TO1tz7xrGk0-ct6\/edit#gid=1610659822\" target=\"_blank\" rel=\"noreferrer noopener\"><strong>Poblaci\u00f3n beneficiaria <\/strong><\/a><\/div>\n<\/div>\n<\/div>\n<\/div>\n\n\n\n<p><\/p>\n\n\n\n<p class=\"has-text-align-left\">                                                                                                                                                                         <\/p>\n\n\n\n<p><\/p>\n\n\n\n<p><\/p>\n<\/div>\n\n\n\n<div class=\"wp-block-column is-layout-flow wp-block-column-is-layout-flow\"><\/div>\n<\/div>\n<\/div>\n\n\n\n<div class=\"wp-block-column is-layout-flow wp-block-column-is-layout-flow\"><\/div>\n<\/div>\n\n\n\n<p><\/p>\n","protected":false},"excerpt":{"rendered":"<p>BECA 18 Se refiere a la entrega de becas dirigidas a egresados de secundaria de colegios p\u00fablicos, que hayan logrado un alto nivel de rendimiento acad\u00e9mico, y se encuentren en situaci\u00f3n de pobreza o extrema pobreza. De acuerdo con la normatividad vigente, el financiamiento para estudios de pregrado a nivel nacional subvenciona los siguientes conceptos:&hellip;<\/p>\n","protected":false},"author":5,"featured_media":0,"parent":0,"menu_order":0,"comment_status":"closed","ping_status":"closed","template":"elementor_canvas","meta":{"footnotes":""},"class_list":["post-4917","page","type-page","status-publish","hentry"],"_links":{"self":[{"href":"https:\/\/www.une.edu.pe\/oficina-cooperacion\/wp-json\/wp\/v2\/pages\/4917","targetHints":{"allow":["GET"]}}],"collection":[{"href":"https:\/\/www.une.edu.pe\/oficina-cooperacion\/wp-json\/wp\/v2\/pages"}],"about":[{"href":"https:\/\/www.une.edu.pe\/oficina-cooperacion\/wp-json\/wp\/v2\/types\/page"}],"author":[{"embeddable":true,"href":"https:\/\/www.une.edu.pe\/oficina-cooperacion\/wp-json\/wp\/v2\/users\/5"}],"replies":[{"embeddable":true,"href":"https:\/\/www.une.edu.pe\/oficina-cooperacion\/wp-json\/wp\/v2\/comments?post=4917"}],"version-history":[{"count":38,"href":"https:\/\/www.une.edu.pe\/oficina-cooperacion\/wp-json\/wp\/v2\/pages\/4917\/revisions"}],"predecessor-version":[{"id":5191,"href":"https:\/\/www.une.edu.pe\/oficina-cooperacion\/wp-json\/wp\/v2\/pages\/4917\/revisions\/5191"}],"wp:attachment":[{"href":"https:\/\/www.une.edu.pe\/oficina-cooperacion\/wp-json\/wp\/v2\/media?parent=4917"}],"curies":[{"name":"wp","href":"https:\/\/api.w.org\/{rel}","templated":true}]}}