{"id":90,"date":"2021-09-20T12:39:59","date_gmt":"2021-09-20T17:39:59","guid":{"rendered":"https:\/\/www.une.edu.pe\/investigacion\/?page_id=90"},"modified":"2026-03-12T11:24:39","modified_gmt":"2026-03-12T16:24:39","slug":"transferencia-tecnologica","status":"publish","type":"page","link":"https:\/\/www.une.edu.pe\/investigacion\/transferencia-tecnologica\/","title":{"rendered":"Direcci\u00f3n de Innovaci\u00f3n y Transferencia Tecnol\u00f3gica"},"content":{"rendered":"\t\t<div data-elementor-type=\"wp-page\" data-elementor-id=\"90\" class=\"elementor elementor-90\">\n\t\t\t\t\t\t<section class=\"elementor-section elementor-top-section elementor-element elementor-element-26e9fa5 elementor-section-boxed elementor-section-height-default elementor-section-height-default\" data-id=\"26e9fa5\" data-element_type=\"section\" data-e-type=\"section\">\n\t\t\t\t\t\t<div class=\"elementor-container elementor-column-gap-default\">\n\t\t\t\t\t<div class=\"elementor-column elementor-col-33 elementor-top-column elementor-element elementor-element-f9bc700\" data-id=\"f9bc700\" data-element_type=\"column\" data-e-type=\"column\">\n\t\t\t<div class=\"elementor-widget-wrap elementor-element-populated\">\n\t\t\t\t\t\t<div class=\"elementor-element elementor-element-1019852 elementor-widget elementor-widget-text-editor\" data-id=\"1019852\" data-element_type=\"widget\" data-e-type=\"widget\" data-widget_type=\"text-editor.default\">\n\t\t\t\t<div class=\"elementor-widget-container\">\n\t\t\t\t\t\t\t\t\t<p style=\"text-align: center;\"><strong>Telf. 3133700 &#8211; Anexo 5030<\/strong><\/p>\t\t\t\t\t\t\t\t<\/div>\n\t\t\t\t<\/div>\n\t\t\t\t\t<\/div>\n\t\t<\/div>\n\t\t\t\t<div class=\"elementor-column elementor-col-33 elementor-top-column elementor-element elementor-element-238e91f\" data-id=\"238e91f\" data-element_type=\"column\" data-e-type=\"column\">\n\t\t\t<div class=\"elementor-widget-wrap elementor-element-populated\">\n\t\t\t\t\t\t<div class=\"elementor-element elementor-element-7ad7a9c elementor-widget elementor-widget-text-editor\" data-id=\"7ad7a9c\" data-element_type=\"widget\" data-e-type=\"widget\" data-widget_type=\"text-editor.default\">\n\t\t\t\t<div class=\"elementor-widget-container\">\n\t\t\t\t\t\t\t\t\t<p style=\"text-align: center;\"><strong>Direcci\u00f3n Transferencia Tecnol\u00f3gica <\/strong><strong><u>otpi@une.edu.pe<\/u><\/strong><\/p>\t\t\t\t\t\t\t\t<\/div>\n\t\t\t\t<\/div>\n\t\t\t\t\t<\/div>\n\t\t<\/div>\n\t\t\t\t<div class=\"elementor-column elementor-col-33 elementor-top-column elementor-element elementor-element-7563515\" data-id=\"7563515\" data-element_type=\"column\" data-e-type=\"column\">\n\t\t\t<div class=\"elementor-widget-wrap elementor-element-populated\">\n\t\t\t\t\t\t<div class=\"elementor-element elementor-element-d369177 elementor-widget elementor-widget-text-editor\" data-id=\"d369177\" data-element_type=\"widget\" data-e-type=\"widget\" data-widget_type=\"text-editor.default\">\n\t\t\t\t<div class=\"elementor-widget-container\">\n\t\t\t\t\t\t\t\t\t<p style=\"text-align: center;\"><strong>Ubicanos: Av. Enrique Guzm\u00e1n y Valle -Chosica<\/strong><\/p>\t\t\t\t\t\t\t\t<\/div>\n\t\t\t\t<\/div>\n\t\t\t\t\t<\/div>\n\t\t<\/div>\n\t\t\t\t\t<\/div>\n\t\t<\/section>\n\t\t\t\t<section class=\"elementor-section elementor-top-section elementor-element elementor-element-6723011 elementor-section-boxed elementor-section-height-default elementor-section-height-default\" data-id=\"6723011\" data-element_type=\"section\" data-e-type=\"section\">\n\t\t\t\t\t\t<div class=\"elementor-container elementor-column-gap-default\">\n\t\t\t\t\t<div class=\"elementor-column elementor-col-100 elementor-top-column elementor-element elementor-element-677a708\" data-id=\"677a708\" data-element_type=\"column\" data-e-type=\"column\">\n\t\t\t<div class=\"elementor-widget-wrap elementor-element-populated\">\n\t\t\t\t\t\t<div class=\"elementor-element elementor-element-dcf5803 elementor-widget elementor-widget-image\" data-id=\"dcf5803\" data-element_type=\"widget\" data-e-type=\"widget\" data-widget_type=\"image.default\">\n\t\t\t\t<div class=\"elementor-widget-container\">\n\t\t\t\t\t\t\t\t\t\t\t\t\t\t\t<img fetchpriority=\"high\" decoding=\"async\" width=\"537\" height=\"94\" src=\"https:\/\/www.une.edu.pe\/investigacion\/wp-content\/uploads\/2022\/06\/banner-transferencia.jpg\" class=\"attachment-large size-large wp-image-2191\" alt=\"\" srcset=\"https:\/\/www.une.edu.pe\/investigacion\/wp-content\/uploads\/2022\/06\/banner-transferencia.jpg 537w, https:\/\/www.une.edu.pe\/investigacion\/wp-content\/uploads\/2022\/06\/banner-transferencia-300x53.jpg 300w\" sizes=\"(max-width: 537px) 100vw, 537px\" \/>\t\t\t\t\t\t\t\t\t\t\t\t\t\t\t<\/div>\n\t\t\t\t<\/div>\n\t\t\t\t\t<\/div>\n\t\t<\/div>\n\t\t\t\t\t<\/div>\n\t\t<\/section>\n\t\t\t\t<section class=\"elementor-section elementor-top-section elementor-element elementor-element-d1439d1 elementor-section-boxed elementor-section-height-default elementor-section-height-default\" data-id=\"d1439d1\" data-element_type=\"section\" data-e-type=\"section\">\n\t\t\t\t\t\t<div class=\"elementor-container elementor-column-gap-default\">\n\t\t\t\t\t<div class=\"elementor-column elementor-col-100 elementor-top-column elementor-element elementor-element-8efe32b\" data-id=\"8efe32b\" data-element_type=\"column\" data-e-type=\"column\">\n\t\t\t<div class=\"elementor-widget-wrap elementor-element-populated\">\n\t\t\t\t\t\t<div class=\"elementor-element elementor-element-c68f123 elementor-tabs-alignment-center elementor-tabs-view-horizontal elementor-widget elementor-widget-tabs\" data-id=\"c68f123\" data-element_type=\"widget\" data-e-type=\"widget\" data-widget_type=\"tabs.default\">\n\t\t\t\t<div class=\"elementor-widget-container\">\n\t\t\t\t\t\t\t<div class=\"elementor-tabs\">\n\t\t\t<div class=\"elementor-tabs-wrapper\" role=\"tablist\" >\n\t\t\t\t\t\t\t\t\t<div id=\"elementor-tab-title-2081\" class=\"elementor-tab-title elementor-tab-desktop-title\" aria-selected=\"true\" data-tab=\"1\" role=\"tab\" tabindex=\"0\" aria-controls=\"elementor-tab-content-2081\" aria-expanded=\"false\">INICIO<\/div>\n\t\t\t\t\t\t\t\t\t<div id=\"elementor-tab-title-2082\" class=\"elementor-tab-title elementor-tab-desktop-title\" aria-selected=\"false\" data-tab=\"2\" role=\"tab\" tabindex=\"-1\" aria-controls=\"elementor-tab-content-2082\" aria-expanded=\"false\">FUNCIONES<\/div>\n\t\t\t\t\t\t\t\t\t<div id=\"elementor-tab-title-2083\" class=\"elementor-tab-title elementor-tab-desktop-title\" aria-selected=\"false\" data-tab=\"3\" role=\"tab\" tabindex=\"-1\" aria-controls=\"elementor-tab-content-2083\" aria-expanded=\"false\">AUTORIDADES<\/div>\n\t\t\t\t\t\t\t\t\t<div id=\"elementor-tab-title-2084\" class=\"elementor-tab-title elementor-tab-desktop-title\" aria-selected=\"false\" data-tab=\"4\" role=\"tab\" tabindex=\"-1\" aria-controls=\"elementor-tab-content-2084\" aria-expanded=\"false\">ENLACES DE CONSULTA<\/div>\n\t\t\t\t\t\t\t<\/div>\n\t\t\t<div class=\"elementor-tabs-content-wrapper\" role=\"tablist\" aria-orientation=\"vertical\">\n\t\t\t\t\t\t\t\t\t<div class=\"elementor-tab-title elementor-tab-mobile-title\" aria-selected=\"true\" data-tab=\"1\" role=\"tab\" tabindex=\"0\" aria-controls=\"elementor-tab-content-2081\" aria-expanded=\"false\">INICIO<\/div>\n\t\t\t\t\t<div id=\"elementor-tab-content-2081\" class=\"elementor-tab-content elementor-clearfix\" data-tab=\"1\" role=\"tabpanel\" aria-labelledby=\"elementor-tab-title-2081\" tabindex=\"0\" hidden=\"false\"><p style=\"margin: 0cm 0cm 11.25pt; text-align: justify; background-image: initial; background-position: initial; background-size: initial; background-repeat: initial; background-attachment: initial; background-origin: initial; background-clip: initial;\">La Direcci\u00f3n de Innovaci\u00f3n transferencia tecnol\u00f3gica, es el \u00f3rgano de l\u00ednea del Vicerrectorado de Investigaci\u00f3n, encargado de los procesos a la transferencia de la producci\u00f3n cient\u00edfica y tecnol\u00f3gica de los docentes y estudiantes investigadores de la Universidad ante la comunidad educativa y empresarial, en el marco de los est\u00e1ndares del Sistema Nacional de Ciencias, Tecnolog\u00eda e Innovaci\u00f3n Tecnol\u00f3gica (Sinacyt).\u00a0 \u00a0 \u00a0 \u00a0<\/p><p style=\"margin: 0cm 0cm 11.25pt; text-align: justify; background-image: initial; background-position: initial; background-size: initial; background-repeat: initial; background-attachment: initial; background-origin: initial; background-clip: initial;\">\u00a0<\/p><\/div>\n\t\t\t\t\t\t\t\t\t<div class=\"elementor-tab-title elementor-tab-mobile-title\" aria-selected=\"false\" data-tab=\"2\" role=\"tab\" tabindex=\"-1\" aria-controls=\"elementor-tab-content-2082\" aria-expanded=\"false\">FUNCIONES<\/div>\n\t\t\t\t\t<div id=\"elementor-tab-content-2082\" class=\"elementor-tab-content elementor-clearfix\" data-tab=\"2\" role=\"tabpanel\" aria-labelledby=\"elementor-tab-title-2082\" tabindex=\"0\" hidden=\"hidden\"><ol><li>Dise\u00f1ar y proponer al Vicerrectorado de Investigaci\u00f3n las normas, reglamentos y directivas para el cumplimiento de los objetivos de la Ley Marco de Ciencia, Tecnolog\u00eda e Innovaci\u00f3n.<\/li><li>Normas de desarrollo de la transferencia tecnol\u00f3gica, dirigidas a la sociedad civil, empresas y el Estado.<\/li><li>Promover la producci\u00f3n innovaci\u00f3n y aplicaci\u00f3n del conocimiento cient\u00edfico y t\u00e9cnico en el campo de la ciencia y tecnolog\u00eda.<\/li><li>Promover la gesti\u00f3n del registro de patentes y derechos de propiedad intelectual de los investigadores de la Universidad.<\/li><li>Formular, proponer e implementar la pol\u00edtica de investigaci\u00f3n en ciencia tecnolog\u00eda e innovaci\u00f3n educativa, desarrollo cient\u00edfico, tecnol\u00f3gico, human\u00edstica y empresarial.<\/li><li>Cautelar los proyectos de investigaci\u00f3n cuyas patentes son objeto de\u00a0 protecci\u00f3n intelectual y de transferencia educativa, cient\u00edfica, tecnol\u00f3gica y human\u00edstica.<\/li><li>Promover la participaci\u00f3n y la formaci\u00f3n de grupos de investigadores en ciencia tecnolog\u00eda e innovaci\u00f3n, desarrollo experimental, transferencia tecnol\u00f3gica y propiedad intelectual.<\/li><li>Participar en los procesos de trasferencia tecnol\u00f3gica y propiedad intelectual.<\/li><li>Elaborar y actualizar la cartera de la oferta educativa, cient\u00edfica, tecnol\u00f3gica y human\u00edstica de la UNE EGyV.<\/li><li>Asesorar y participar en la gesti\u00f3n ante el Instituto Nacional de Defensa de la Competencia y de la protecci\u00f3n de la Propiedad Intelectual (Indecopi), el registro de las patentes de las invenciones presentadas por sus investigadores o innovadores, en el marco de la normatividad vigente.<\/li><li>Elaborar, actualizar y proponer el Reglamento de la Propiedad Intelectual de la UNE EGyV.<\/li><li>Promocional la transferencia tecnol\u00f3gica de los productos o servicios que desarrolla la Universidad.<\/li><li>Otras funciones de su competencias que le asigne el Vicerrectorado de Investigaci\u00f3n.<\/li><\/ol><\/div>\n\t\t\t\t\t\t\t\t\t<div class=\"elementor-tab-title elementor-tab-mobile-title\" aria-selected=\"false\" data-tab=\"3\" role=\"tab\" tabindex=\"-1\" aria-controls=\"elementor-tab-content-2083\" aria-expanded=\"false\">AUTORIDADES<\/div>\n\t\t\t\t\t<div id=\"elementor-tab-content-2083\" class=\"elementor-tab-content elementor-clearfix\" data-tab=\"3\" role=\"tabpanel\" aria-labelledby=\"elementor-tab-title-2083\" tabindex=\"0\" hidden=\"hidden\"><p><img decoding=\"async\" class=\"alignnone wp-image-215 aligncenter\" src=\"https:\/\/www.une.edu.pe\/investigacion\/wp-content\/uploads\/2022\/01\/ftvri-1-300x275.png\" alt=\"\" width=\"218\" height=\"200\" srcset=\"https:\/\/www.une.edu.pe\/investigacion\/wp-content\/uploads\/2022\/01\/ftvri-1-300x275.png 300w, https:\/\/www.une.edu.pe\/investigacion\/wp-content\/uploads\/2022\/01\/ftvri-1.png 329w\" sizes=\"(max-width: 218px) 100vw, 218px\" \/><\/p><p style=\"text-align: center;\"><strong>Vicerrector de Investigaci\u00f3n<\/strong><br \/>Dr. Daniel Marcos Chirinos Maldonado<\/p><p><em><img decoding=\"async\" class=\"alignnone size-medium wp-image-7668 aligncenter\" src=\"https:\/\/www.une.edu.pe\/investigacion\/wp-content\/uploads\/2026\/03\/SUMARRIVA-1-273x300.jpg\" alt=\"\" width=\"273\" height=\"300\" srcset=\"https:\/\/www.une.edu.pe\/investigacion\/wp-content\/uploads\/2026\/03\/SUMARRIVA-1-273x300.jpg 273w, https:\/\/www.une.edu.pe\/investigacion\/wp-content\/uploads\/2026\/03\/SUMARRIVA-1.jpg 480w\" sizes=\"(max-width: 273px) 100vw, 273px\" \/><\/em><\/p><p style=\"text-align: center;\"><span style=\"color: #000000;\">\u00a0<\/span><span style=\"color: #000000;\"><strong>Director<\/strong><br \/><\/span><strong><span style=\"color: #000000;\">Direcci\u00f3n de Innovaci\u00f3n y Transferencia Tecnol\u00f3gica<\/span><br \/><\/strong><span style=\"color: #000000;\">Dra. Sumarriva Bustinza Liliana Asunci\u00f3n<\/span><br \/><span style=\"color: #000000;\">correo: lsumarriva@une.edu.pe<\/span><\/p><p style=\"text-align: center;\"><img loading=\"lazy\" decoding=\"async\" class=\"alignnone size-medium wp-image-7574\" src=\"https:\/\/www.une.edu.pe\/investigacion\/wp-content\/uploads\/2026\/02\/MARISOL-QUISPE-217x300.jpg\" alt=\"\" width=\"217\" height=\"300\" srcset=\"https:\/\/www.une.edu.pe\/investigacion\/wp-content\/uploads\/2026\/02\/MARISOL-QUISPE-217x300.jpg 217w, https:\/\/www.une.edu.pe\/investigacion\/wp-content\/uploads\/2026\/02\/MARISOL-QUISPE-742x1024.jpg 742w, https:\/\/www.une.edu.pe\/investigacion\/wp-content\/uploads\/2026\/02\/MARISOL-QUISPE-768x1060.jpg 768w, https:\/\/www.une.edu.pe\/investigacion\/wp-content\/uploads\/2026\/02\/MARISOL-QUISPE.jpg 881w\" sizes=\"(max-width: 217px) 100vw, 217px\" \/><\/p><p style=\"text-align: center;\"><strong><span style=\"color: #000000;\">Secretaria<\/span><\/strong><br \/><span style=\"color: #000000;\"><strong>Direcci\u00f3n de innovaci\u00f3n y Transferencias Tecnol\u00f3gicas<\/strong>\u00a0<\/span><br \/><span style=\"color: #000000;\">Quispe Ramos Marisol<\/span><br \/><span style=\"color: #000000;\">mquisper@une.edu.pe<\/span><\/p><p style=\"text-align: center;\"><span style=\"color: #000000;\">\u00a0<\/span><\/p><p style=\"text-align: center;\">\u00a0<\/p><\/div>\n\t\t\t\t\t\t\t\t\t<div class=\"elementor-tab-title elementor-tab-mobile-title\" aria-selected=\"false\" data-tab=\"4\" role=\"tab\" tabindex=\"-1\" aria-controls=\"elementor-tab-content-2084\" aria-expanded=\"false\">ENLACES DE CONSULTA<\/div>\n\t\t\t\t\t<div id=\"elementor-tab-content-2084\" class=\"elementor-tab-content elementor-clearfix\" data-tab=\"4\" role=\"tabpanel\" aria-labelledby=\"elementor-tab-title-2084\" tabindex=\"0\" hidden=\"hidden\"><ul><li><a href=\"https:\/\/www.gob.pe\/indecopi\">INDECOPI<\/a><\/li><li><a href=\"https:\/\/www.wipo.int\/portal\/en\">Oficina Mundial de Propiedad Intelectual<\/a><\/li><li><a href=\"https:\/\/www.epo.org\/en\">Oficina Europea de Patentes<\/a><\/li><li><a href=\"https:\/\/www.uspto.gov\/\">Oficina de Patentes de Estados Unidos<\/a><\/li><li><a href=\"https:\/\/autm.net\/Home.htm\">MagersRAutm<\/a><\/li><li><a href=\"http:\/\/www.protoneurope.org\/\">The European Knowledge Transfer Association proton Europe<\/a><\/li><li><a href=\"https:\/\/oepm.es\/es\">Oficina Inglesa de Patentes<\/a><\/li><li><a href=\"https:\/\/www.gov.uk\/...ions\/intellectual-property-office\">Oficina Inglesa de Patentes<\/a><\/li><\/ul><\/div>\n\t\t\t\t\t\t\t<\/div>\n\t\t<\/div>\n\t\t\t\t\t\t<\/div>\n\t\t\t\t<\/div>\n\t\t\t\t\t<\/div>\n\t\t<\/div>\n\t\t\t\t\t<\/div>\n\t\t<\/section>\n\t\t\t\t<\/div>\n\t\t","protected":false},"excerpt":{"rendered":"<p>Telf. 3133700 &#8211; Anexo 5030 Direcci\u00f3n Transferencia Tecnol\u00f3gica otpi@une.edu.pe Ubicanos: Av. Enrique Guzm\u00e1n y Valle -Chosica INICIO FUNCIONES AUTORIDADES ENLACES<\/p>\n","protected":false},"author":1,"featured_media":0,"parent":0,"menu_order":0,"comment_status":"closed","ping_status":"closed","template":"","meta":{"colormag_page_container_layout":"no_sidebar_full_width","colormag_page_sidebar_layout":"no_sidebar","footnotes":""},"class_list":["post-90","page","type-page","status-publish","hentry"],"_links":{"self":[{"href":"https:\/\/www.une.edu.pe\/investigacion\/wp-json\/wp\/v2\/pages\/90","targetHints":{"allow":["GET"]}}],"collection":[{"href":"https:\/\/www.une.edu.pe\/investigacion\/wp-json\/wp\/v2\/pages"}],"about":[{"href":"https:\/\/www.une.edu.pe\/investigacion\/wp-json\/wp\/v2\/types\/page"}],"author":[{"embeddable":true,"href":"https:\/\/www.une.edu.pe\/investigacion\/wp-json\/wp\/v2\/users\/1"}],"replies":[{"embeddable":true,"href":"https:\/\/www.une.edu.pe\/investigacion\/wp-json\/wp\/v2\/comments?post=90"}],"version-history":[{"count":222,"href":"https:\/\/www.une.edu.pe\/investigacion\/wp-json\/wp\/v2\/pages\/90\/revisions"}],"predecessor-version":[{"id":7722,"href":"https:\/\/www.une.edu.pe\/investigacion\/wp-json\/wp\/v2\/pages\/90\/revisions\/7722"}],"wp:attachment":[{"href":"https:\/\/www.une.edu.pe\/investigacion\/wp-json\/wp\/v2\/media?parent=90"}],"curies":[{"name":"wp","href":"https:\/\/api.w.org\/{rel}","templated":true}]}}