{"id":88,"date":"2021-09-20T12:39:32","date_gmt":"2021-09-20T17:39:32","guid":{"rendered":"https:\/\/www.une.edu.pe\/investigacion\/?page_id=88"},"modified":"2024-05-14T14:23:06","modified_gmt":"2024-05-14T19:23:06","slug":"incubadora-empresas","status":"publish","type":"page","link":"https:\/\/www.une.edu.pe\/investigacion\/incubadora-empresas\/","title":{"rendered":"Incubadora de Empresas"},"content":{"rendered":"\t\t<div data-elementor-type=\"wp-page\" data-elementor-id=\"88\" class=\"elementor elementor-88\">\n\t\t\t\t\t\t<section class=\"elementor-section elementor-top-section elementor-element elementor-element-f5d1ee2 elementor-section-boxed elementor-section-height-default elementor-section-height-default\" data-id=\"f5d1ee2\" data-element_type=\"section\" data-e-type=\"section\">\n\t\t\t\t\t\t<div class=\"elementor-container elementor-column-gap-default\">\n\t\t\t\t\t<div class=\"elementor-column elementor-col-100 elementor-top-column elementor-element elementor-element-eb84380\" data-id=\"eb84380\" data-element_type=\"column\" data-e-type=\"column\">\n\t\t\t<div class=\"elementor-widget-wrap elementor-element-populated\">\n\t\t\t\t\t\t<div class=\"elementor-element elementor-element-4951b33 elementor-widget elementor-widget-image\" data-id=\"4951b33\" data-element_type=\"widget\" data-e-type=\"widget\" data-widget_type=\"image.default\">\n\t\t\t\t<div class=\"elementor-widget-container\">\n\t\t\t\t\t\t\t\t\t\t\t\t\t\t\t<img decoding=\"async\" width=\"373\" height=\"94\" src=\"https:\/\/www.une.edu.pe\/investigacion\/wp-content\/uploads\/2022\/06\/banner-incubadora.jpg\" class=\"attachment-large size-large wp-image-2195\" alt=\"\" srcset=\"https:\/\/www.une.edu.pe\/investigacion\/wp-content\/uploads\/2022\/06\/banner-incubadora.jpg 373w, https:\/\/www.une.edu.pe\/investigacion\/wp-content\/uploads\/2022\/06\/banner-incubadora-300x76.jpg 300w\" sizes=\"(max-width: 373px) 100vw, 373px\" \/>\t\t\t\t\t\t\t\t\t\t\t\t\t\t\t<\/div>\n\t\t\t\t<\/div>\n\t\t\t\t\t<\/div>\n\t\t<\/div>\n\t\t\t\t\t<\/div>\n\t\t<\/section>\n\t\t\t\t<section class=\"elementor-section elementor-top-section elementor-element elementor-element-218a965 elementor-section-boxed elementor-section-height-default elementor-section-height-default\" data-id=\"218a965\" data-element_type=\"section\" data-e-type=\"section\">\n\t\t\t\t\t\t<div class=\"elementor-container elementor-column-gap-default\">\n\t\t\t\t\t<div class=\"elementor-column elementor-col-100 elementor-top-column elementor-element elementor-element-20cf074\" data-id=\"20cf074\" data-element_type=\"column\" data-e-type=\"column\">\n\t\t\t<div class=\"elementor-widget-wrap elementor-element-populated\">\n\t\t\t\t\t\t<div class=\"elementor-element elementor-element-01ffeb5 elementor-tabs-view-vertical elementor-widget elementor-widget-tabs\" data-id=\"01ffeb5\" data-element_type=\"widget\" data-e-type=\"widget\" data-widget_type=\"tabs.default\">\n\t\t\t\t<div class=\"elementor-widget-container\">\n\t\t\t\t\t\t\t<div class=\"elementor-tabs\">\n\t\t\t<div class=\"elementor-tabs-wrapper\" role=\"tablist\" >\n\t\t\t\t\t\t\t\t\t<div id=\"elementor-tab-title-2091\" class=\"elementor-tab-title elementor-tab-desktop-title\" aria-selected=\"true\" data-tab=\"1\" role=\"tab\" tabindex=\"0\" aria-controls=\"elementor-tab-content-2091\" aria-expanded=\"false\">PRESENTACI\u00d3N<\/div>\n\t\t\t\t\t\t\t\t\t<div id=\"elementor-tab-title-2092\" class=\"elementor-tab-title elementor-tab-desktop-title\" aria-selected=\"false\" data-tab=\"2\" role=\"tab\" tabindex=\"-1\" aria-controls=\"elementor-tab-content-2092\" aria-expanded=\"false\">DIRECTORIO<\/div>\n\t\t\t\t\t\t\t\t\t<div id=\"elementor-tab-title-2093\" class=\"elementor-tab-title elementor-tab-desktop-title\" aria-selected=\"false\" data-tab=\"3\" role=\"tab\" tabindex=\"-1\" aria-controls=\"elementor-tab-content-2093\" aria-expanded=\"false\">REQUISITOS PARA PROCESO DE INCUBACI\u00d3N<\/div>\n\t\t\t\t\t\t\t\t\t<div id=\"elementor-tab-title-2094\" class=\"elementor-tab-title elementor-tab-desktop-title\" aria-selected=\"false\" data-tab=\"4\" role=\"tab\" tabindex=\"-1\" aria-controls=\"elementor-tab-content-2094\" aria-expanded=\"false\">DOCUMENTOS<\/div>\n\t\t\t\t\t\t\t\t\t<div id=\"elementor-tab-title-2095\" class=\"elementor-tab-title elementor-tab-desktop-title\" aria-selected=\"false\" data-tab=\"5\" role=\"tab\" tabindex=\"-1\" aria-controls=\"elementor-tab-content-2095\" aria-expanded=\"false\">ACTIVIDADES <\/div>\n\t\t\t\t\t\t\t\t\t<div id=\"elementor-tab-title-2096\" class=\"elementor-tab-title elementor-tab-desktop-title\" aria-selected=\"false\" data-tab=\"6\" role=\"tab\" tabindex=\"-1\" aria-controls=\"elementor-tab-content-2096\" aria-expanded=\"false\">MODELO DE INCUBACI\u00d3N<\/div>\n\t\t\t\t\t\t\t\t\t<div id=\"elementor-tab-title-2097\" class=\"elementor-tab-title elementor-tab-desktop-title\" aria-selected=\"false\" data-tab=\"7\" role=\"tab\" tabindex=\"-1\" aria-controls=\"elementor-tab-content-2097\" aria-expanded=\"false\">CONVOCATORIAS<\/div>\n\t\t\t\t\t\t\t<\/div>\n\t\t\t<div class=\"elementor-tabs-content-wrapper\" role=\"tablist\" aria-orientation=\"vertical\">\n\t\t\t\t\t\t\t\t\t<div class=\"elementor-tab-title elementor-tab-mobile-title\" aria-selected=\"true\" data-tab=\"1\" role=\"tab\" tabindex=\"0\" aria-controls=\"elementor-tab-content-2091\" aria-expanded=\"false\">PRESENTACI\u00d3N<\/div>\n\t\t\t\t\t<div id=\"elementor-tab-content-2091\" class=\"elementor-tab-content elementor-clearfix\" data-tab=\"1\" role=\"tabpanel\" aria-labelledby=\"elementor-tab-title-2091\" tabindex=\"0\" hidden=\"false\"><p>La Direcci\u00f3n de Incubadora de Empresa es un \u00f3rgano de l\u00ednea del Vicerrectorado de Investigaci\u00f3n (VRI).<\/p><p>La Direcci\u00f3n de incubadora de empresas del Vicerrectorado de \u00b7investigaci\u00f3n de la Universidad Nacional de Educaci\u00f3n Enrique Guzm\u00e1n y \u00a0Valle es la responsable de fomentar el emprendimiento con alto nivel de innovaci\u00f3n en sus estudiantes, docentes, personal administrativo de las diversas Facultades y comunidad universitaria , potenciando a los emprendedores con los recursos y servicios de incubaci\u00f3n y estrategias de vanguardia para convertir a los emprendedores en empresarios y a las ideas en empresas exitosas.<\/p><p>Tambi\u00e9n tiene la responsabilidad de articular mediante alianzas estrat\u00e9gicas con instituciones locales, el Gobierno Regional de Lima, \u00b7los Municipios, Empresas del Sector y el Ministerio de la Producci\u00f3n la trasferencia de conocimiento de la Universidad al sector Productivo generando proyectos de innovaci\u00f3n para el crecimiento del pa\u00eds y la comunidad universitaria.<\/p><h6><strong>Descripci\u00f3n<\/strong><\/h6><p>La Direcci\u00f3n de incubadora de empresas promover\u00e1 mecanismos institucionales para el emprendimiento empresarial en la universidad de las incubadoras, coordinar el fortalecimiento y formaci\u00f3n de las incubadoras en las facultades potenciando a los emprendedores con recursos y servicios de incubaci\u00f3n y estrategias de vanguardia para convertir a los emprendedores en empresarios y a las ideas en empresas exitosas.<\/p><h6><strong>Misi\u00f3n<\/strong><\/h6><p>Fomentar e impulsar en los estudiantes, docentes, trabajadores, comunidad universitaria y p\u00fablico en general la cultura de innovaci\u00f3n e ideas de proyecto, incubando empresas exitosas sustentables de alto impacto, viables y autosuficientes en el conocimiento cient\u00edfico, human\u00edstico y tecnol\u00f3gico capaz de colaborar con el crecimiento de nuestro pa\u00eds.<\/p><h6><strong>Visi\u00f3n<\/strong><\/h6><div>Ser la red de incubadoras reconocida a nivel nacional como incubadora universitaria l\u00edder, referente a nivel nacional e internacional, interfaz entre la universidad, el mercado y la sociedad. Su modelo efectivo de incubaci\u00f3n y aceleraci\u00f3n garantice la adecuaci\u00f3n, creaci\u00f3n y permanencia en el mercado.<\/div><div>\u00a0<\/div><\/div>\n\t\t\t\t\t\t\t\t\t<div class=\"elementor-tab-title elementor-tab-mobile-title\" aria-selected=\"false\" data-tab=\"2\" role=\"tab\" tabindex=\"-1\" aria-controls=\"elementor-tab-content-2092\" aria-expanded=\"false\">DIRECTORIO<\/div>\n\t\t\t\t\t<div id=\"elementor-tab-content-2092\" class=\"elementor-tab-content elementor-clearfix\" data-tab=\"2\" role=\"tabpanel\" aria-labelledby=\"elementor-tab-title-2092\" tabindex=\"0\" hidden=\"hidden\"><p style=\"text-align: center;\"><img fetchpriority=\"high\" decoding=\"async\" class=\"alignnone size-medium wp-image-5491\" src=\"https:\/\/www.une.edu.pe\/investigacion\/wp-content\/uploads\/2024\/05\/FOTO-Raquel-Meneses-300x233.jpeg\" alt=\"\" width=\"300\" height=\"233\" srcset=\"https:\/\/www.une.edu.pe\/investigacion\/wp-content\/uploads\/2024\/05\/FOTO-Raquel-Meneses-300x233.jpeg 300w, https:\/\/www.une.edu.pe\/investigacion\/wp-content\/uploads\/2024\/05\/FOTO-Raquel-Meneses-1024x794.jpeg 1024w, https:\/\/www.une.edu.pe\/investigacion\/wp-content\/uploads\/2024\/05\/FOTO-Raquel-Meneses-768x596.jpeg 768w, https:\/\/www.une.edu.pe\/investigacion\/wp-content\/uploads\/2024\/05\/FOTO-Raquel-Meneses.jpeg 1238w\" sizes=\"(max-width: 300px) 100vw, 300px\" \/><\/p>\n<p style=\"text-align: center;\"><strong>Directora<\/strong><br>Mtra. Raquel Miriam Meneses Fernandez<br>Directora (e) de Incubadora de Empresas<br><a href=\"mailto:rmeneses@une.edu.pe\" target=\"_blank\" rel=\"noopener\">rmeneses@une.edu.pe<\/a><br>Cel: 914020093&nbsp;<\/p><p style=\"text-align: center;\"><br><\/p>\n<p><img decoding=\"async\" class=\"alignnone size-thumbnail wp-image-5493 aligncenter\" src=\"https:\/\/www.une.edu.pe\/investigacion\/wp-content\/uploads\/2024\/05\/foto-150x150.jpg\" alt=\"\" width=\"150\" height=\"150\"><\/p>\n<p style=\"text-align: center;\"><strong>T\u00e9cnico Administrativo<\/strong><br>Lic. Rocio Lorena Tutaya C\u00e1rdenas<br>rtutaya@une.edu.pe<br>Cel: 96775164<\/p><\/div>\n\t\t\t\t\t\t\t\t\t<div class=\"elementor-tab-title elementor-tab-mobile-title\" aria-selected=\"false\" data-tab=\"3\" role=\"tab\" tabindex=\"-1\" aria-controls=\"elementor-tab-content-2093\" aria-expanded=\"false\">REQUISITOS PARA PROCESO DE INCUBACI\u00d3N<\/div>\n\t\t\t\t\t<div id=\"elementor-tab-content-2093\" class=\"elementor-tab-content elementor-clearfix\" data-tab=\"3\" role=\"tabpanel\" aria-labelledby=\"elementor-tab-title-2093\" tabindex=\"0\" hidden=\"hidden\"><div style=\"color: #222222; font-family: Arial, Helvetica, sans-serif; font-size: small; font-style: normal; font-variant-ligatures: normal; font-variant-caps: normal; font-weight: 400;\">Para participar del\u00a0<span style=\"background-color: transparent; color: #000000; font-family: Arial, sans-serif;\">Programa de Fomento al Emprendimiento e Incubaci\u00f3n Empresarial de la UNE EGyV<\/span>, el equipo emprendedor deber\u00e1 presentar los siguientes requisitos:<\/div><div style=\"color: #222222; font-family: Arial, Helvetica, sans-serif; font-size: small; font-style: normal; font-variant-ligatures: normal; font-variant-caps: normal; font-weight: 400;\">\u00a0<\/div><ul><li style=\"color: #222222; font-family: Arial, Helvetica, sans-serif; font-size: small; font-style: normal; font-variant-ligatures: normal; font-variant-caps: normal; font-weight: 400;\"><span style=\"background-color: transparent; text-align: justify; color: #000000; font-family: Arial, sans-serif;\">Carta de presentaci\u00f3n del proyecto de emprendimiento.<\/span><\/li><li style=\"color: #222222; font-family: Arial, Helvetica, sans-serif; font-size: small; font-style: normal; font-variant-ligatures: normal; font-variant-caps: normal; font-weight: 400;\"><span style=\"background-color: transparent; text-align: justify; color: #000000; font-family: Arial, sans-serif;\">Propuesta del emprendimiento empresarial.<\/span><\/li><li style=\"color: #222222; font-family: Arial, Helvetica, sans-serif; font-size: small; font-style: normal; font-variant-ligatures: normal; font-variant-caps: normal; font-weight: 400;\"><span style=\"background-color: transparent; text-align: justify; color: #000000; font-family: Arial, sans-serif;\">Declaraci\u00f3n Jurada del equipo de emprendimiento empresarial.<\/span><\/li><li style=\"color: #222222; font-family: Arial, Helvetica, sans-serif; font-size: small; font-style: normal; font-variant-ligatures: normal; font-variant-caps: normal; font-weight: 400;\"><span style=\"background-color: transparent; text-align: justify; color: #000000; font-family: Arial, sans-serif;\">Hoja de vida actualizada CTI-Vitae (CONCYTEC) del docente asesor emprendedor.<\/span><\/li><li style=\"color: #222222; font-family: Arial, Helvetica, sans-serif; font-size: small; font-style: normal; font-variant-ligatures: normal; font-variant-caps: normal; font-weight: 400;\">Curr\u00edculum<span style=\"background-color: transparent; text-align: justify; color: #000000; font-family: Arial, sans-serif;\">\u00a0Vitae de los miembros del equipo emprendedor, adjuntando la copia de la ficha de matr\u00edcula correspondiente al semestre en vigencia (deber\u00e1n ser estudiantes regulares).<\/span><\/li><li style=\"color: #222222; font-family: Arial, Helvetica, sans-serif; font-size: small; font-style: normal; font-variant-ligatures: normal; font-variant-caps: normal; font-weight: 400;\"><span style=\"background-color: transparent; text-align: justify; color: #000000; font-family: Arial, sans-serif;\">Declaraci\u00f3n de Compromiso de los Principios \u00c9ticos.<\/span><\/li><\/ul><\/div>\n\t\t\t\t\t\t\t\t\t<div class=\"elementor-tab-title elementor-tab-mobile-title\" aria-selected=\"false\" data-tab=\"4\" role=\"tab\" tabindex=\"-1\" aria-controls=\"elementor-tab-content-2094\" aria-expanded=\"false\">DOCUMENTOS<\/div>\n\t\t\t\t\t<div id=\"elementor-tab-content-2094\" class=\"elementor-tab-content elementor-clearfix\" data-tab=\"4\" role=\"tabpanel\" aria-labelledby=\"elementor-tab-title-2094\" tabindex=\"0\" hidden=\"hidden\"><ul><li><a href=\"https:\/\/www.une.edu.pe\/investigacion\/wp-content\/uploads\/2024\/02\/Resolucion_3874-2023-R-UNE-Reglamento-de-Incubnadoras.pdf\" target=\"_blank\" rel=\"noopener\">Reglamento de incubadora de empresas de la UNE<\/a><\/li><\/ul><\/div>\n\t\t\t\t\t\t\t\t\t<div class=\"elementor-tab-title elementor-tab-mobile-title\" aria-selected=\"false\" data-tab=\"5\" role=\"tab\" tabindex=\"-1\" aria-controls=\"elementor-tab-content-2095\" aria-expanded=\"false\">ACTIVIDADES <\/div>\n\t\t\t\t\t<div id=\"elementor-tab-content-2095\" class=\"elementor-tab-content elementor-clearfix\" data-tab=\"5\" role=\"tabpanel\" aria-labelledby=\"elementor-tab-title-2095\" tabindex=\"0\" hidden=\"hidden\"><ul><li><a href=\"https:\/\/www.une.edu.pe\/investigacion\/wp-content\/uploads\/2024\/03\/1.-Participacion-de-la-Incubaune-en-la-feria-de-Emprendimiento-de-la-UNAC-2023.pdf\" target=\"_blank\" rel=\"noopener\">Participaci\u00f3n de la INCUBAUNE en la Feria de Emprendimiento de la UNAC 2023<\/a><\/li><li><a href=\"https:\/\/www.une.edu.pe\/investigacion\/wp-content\/uploads\/2024\/03\/2.-Actividad-por-la-Semana-Nacional-de-la-Ciencia-INCUBAUNE-2023.pdf\" target=\"_blank\" rel=\"noopener\">Actividad descentralizada en el marco de la Semana Nacional de la Ciencia 2023 &#8211; Concytec<\/a><\/li><li><a href=\"https:\/\/www.une.edu.pe\/investigacion\/wp-content\/uploads\/2024\/03\/3.-I-Feria-de-Emprendimiento-e-Innovacion-UNEMPRENDE-2023-2.pdf\" target=\"_blank\" rel=\"noopener\">I Feria de Emprendimiento e Innovaci\u00f3n &#8211; UNEMPRENDE 2023<\/a><\/li><li><a href=\"https:\/\/www.une.edu.pe\/investigacion\/wp-content\/uploads\/2024\/03\/4.-Clausura-INCUBAUNE-2023.pdf\" target=\"_blank\" rel=\"noopener\">Clausura de la INCUBAUNE\u00a02023<\/a><\/li><\/ul><\/div>\n\t\t\t\t\t\t\t\t\t<div class=\"elementor-tab-title elementor-tab-mobile-title\" aria-selected=\"false\" data-tab=\"6\" role=\"tab\" tabindex=\"-1\" aria-controls=\"elementor-tab-content-2096\" aria-expanded=\"false\">MODELO DE INCUBACI\u00d3N<\/div>\n\t\t\t\t\t<div id=\"elementor-tab-content-2096\" class=\"elementor-tab-content elementor-clearfix\" data-tab=\"6\" role=\"tabpanel\" aria-labelledby=\"elementor-tab-title-2096\" tabindex=\"0\" hidden=\"hidden\"><div><div>Para la incubaci\u00f3n empresarial deben tenerse en cuenta las siguientes etapas:<\/div><div>\u00a0<\/div><div>I.\u00a0<b>Sensibilizaci\u00f3n y selecci\u00f3n:<\/b>\u00a0durante esta etapa los estudiantes y futuros incubandos son sensibilizados hacia el emprendimiento y la innovaci\u00f3n, a trav\u00e9s de talleres de inducci\u00f3n organizados por la Direcci\u00f3n de la Incubadora de Empresas de la UNE EGyV (INCUBAUNE), donde podr\u00e1n exponer sus ideas y\/o mejorar sus propuestas para su posterior presentaci\u00f3n formal, antes de iniciar la etapa de Pre-incubaci\u00f3n.<\/div><div>\u00a0<\/div><div><b>II. Pre-Incubaci\u00f3n:<\/b>\u00a0es una etapa permanente que se debe desarrollar en toda la comunidad universitaria de la UNE EGyV; el Coordinador de cada Departamento Acad\u00e9mico presenta los proyectos de emprendimiento para ser evaluados por el Comit\u00e9 de Coordinaci\u00f3n.\u00a0Esta etapa que tiene una duraci\u00f3n de hasta tres (03) meses, consiste en la capacitaci\u00f3n, formaci\u00f3n mediante cursos de emprendimiento, e identificaci\u00f3n de las ideas de negocios, donde los emprendedores deben focalizarse en elaborar y afinar su Plan de Negocio.<\/div><p>\u00a0<\/p><div><b>III. Incubaci\u00f3n:\u00a0<\/b>esta etapa\u00a0tiene una duraci\u00f3n de hasta doce (12) meses, donde el emprendedor aprende y utiliza diversas herramientas para desarrollar e implementar su Plan de Negocio y Plan de Acci\u00f3n. El emprendedor constituye su empresa e inicia sus operaciones.<\/div><div>La incubaci\u00f3n cumple varios objetivos:\u00a0<\/div><ol><li dir=\"ltr\"><p dir=\"ltr\" role=\"presentation\">Desarrollar el portafolio de productos\/servicios de la empresa.\u00a0<\/p><\/li><li dir=\"ltr\"><p dir=\"ltr\" role=\"presentation\">Desarrollar un plan de negocios viable para la empresa.\u00a0<\/p><\/li><li dir=\"ltr\"><p dir=\"ltr\" role=\"presentation\">Desarrollar un plan de acci\u00f3n para iniciar\/continuar con la operaci\u00f3n de la empresa.\u00a0<\/p><\/li><li dir=\"ltr\"><p dir=\"ltr\" role=\"presentation\">Desarrollar habilidades para analizar, dise\u00f1ar, mejorar y controlar la administraci\u00f3n de la empresa.\u00a0<\/p><\/li><li dir=\"ltr\"><p dir=\"ltr\" role=\"presentation\">Analizar la informaci\u00f3n, observaciones, resultados y consejos proporcionados por los mentores con el prop\u00f3sito de ayudar a mejorar el desempe\u00f1o, producto y\/o procesos de la empresa.<\/p><\/li><\/ol><p><span id=\"m_6310020114931003593m_1443125081741819756m_-4199117993474785693m_-2065419605584936324gmail-docs-internal-guid-035c3d29-7fff-a632-d7e7-7fede384a942\">Para el logro de estos objetivos, se ofrece a los incubandos distintas herramientas como: consultor\u00eda especializada, asesor\u00eda empresarial, oportunidades de negocio en redes-\u00a0networking, apoyo de los docentes\u00a0<\/span>asesores para el desarrollo de su empresa, entre otros; tambi\u00e9n reciben la atenci\u00f3n para obtener un correcto desarrollo y crecimiento de su empresa. Para ello, se realiza un procedimiento t\u00e9cnico para la formalizaci\u00f3n adecuada de su empresa.\u00a0<\/p><\/div><div>Al finalizar esta etapa, el equipo emprendedor en un plazo m\u00e1ximo de sesenta (60) d\u00edas h\u00e1biles, debe presentar el informe final de incubaci\u00f3n y, de ser factible, una propuesta de art\u00edculo cient\u00edfico.<\/div><div><p><span style=\"color: #000000; font-family: Arial, sans-serif;\">\u00a0<\/span><\/p><div><b>IV. Post-Incubaci\u00f3n:<\/b>\u00a0esta etapa\u00a0tiene una duraci\u00f3n de hasta tres (03) meses, cuyo objetivo es consolidar el crecimiento y la aplicaci\u00f3n del emprendimiento buscando socios estrat\u00e9gicos.\u00a0<\/div><div>\u00a0<\/div><div>Para retirarse de la etapa de post-incubaci\u00f3n se debe cumplir los siguientes requisitos:\u00a0<\/div><ol><li dir=\"ltr\"><p dir=\"ltr\" role=\"presentation\">Presentar una constancia de la Direcci\u00f3n de Incubadora de Empresas de no tener deudas pendientes con la universidad.\u00a0<\/p><\/li><li dir=\"ltr\"><p dir=\"ltr\" role=\"presentation\">Haber firmado un contrato de compromiso con la universidad para continuar con el desarrollo de su emprendimiento en bien del desarrollo nacional.<\/p><\/li><\/ol><p><img loading=\"lazy\" decoding=\"async\" class=\"alignnone size-full wp-image-5168\" src=\"https:\/\/www.une.edu.pe\/investigacion\/wp-content\/uploads\/2024\/03\/ETAPAS.jpg\" alt=\"\" width=\"1024\" height=\"768\" srcset=\"https:\/\/www.une.edu.pe\/investigacion\/wp-content\/uploads\/2024\/03\/ETAPAS.jpg 1024w, https:\/\/www.une.edu.pe\/investigacion\/wp-content\/uploads\/2024\/03\/ETAPAS-300x225.jpg 300w, https:\/\/www.une.edu.pe\/investigacion\/wp-content\/uploads\/2024\/03\/ETAPAS-768x576.jpg 768w\" sizes=\"(max-width: 1024px) 100vw, 1024px\" \/><\/p><\/div><\/div>\n\t\t\t\t\t\t\t\t\t<div class=\"elementor-tab-title elementor-tab-mobile-title\" aria-selected=\"false\" data-tab=\"7\" role=\"tab\" tabindex=\"-1\" aria-controls=\"elementor-tab-content-2097\" aria-expanded=\"false\">CONVOCATORIAS<\/div>\n\t\t\t\t\t<div id=\"elementor-tab-content-2097\" class=\"elementor-tab-content elementor-clearfix\" data-tab=\"7\" role=\"tabpanel\" aria-labelledby=\"elementor-tab-title-2097\" tabindex=\"0\" hidden=\"hidden\"><ul><li><a href=\"https:\/\/www.une.edu.pe\/investigacion\/wp-content\/uploads\/2024\/04\/Resolucion-N\u00b0-1104-2024-R-UNE-Bases-del-Concurso-de-Emprendimiento-e-Innovacion_UNEMPRENDE-2024.pdf\" target=\"_blank\" rel=\"noopener\">Bases del Concurso UNEMPRENDE 2024.<\/a><\/li><li><a href=\"https:\/\/www.une.edu.pe\/investigacion\/wp-content\/uploads\/2024\/04\/Formato-Anexo-1-Ficha-de-inscripcion-UNEMPRENDE-2024.docx\" target=\"_blank\" rel=\"noopener\">Formato &#8211; Anexo 1 Ficha de inscripci\u00f3n UNEMPRENDE 2024<\/a><\/li><\/ul><div>\u00a0<\/div><\/div>\n\t\t\t\t\t\t\t<\/div>\n\t\t<\/div>\n\t\t\t\t\t\t<\/div>\n\t\t\t\t<\/div>\n\t\t\t\t\t<\/div>\n\t\t<\/div>\n\t\t\t\t\t<\/div>\n\t\t<\/section>\n\t\t\t\t<\/div>\n\t\t","protected":false},"excerpt":{"rendered":"<p>PRESENTACI\u00d3N DIRECTORIO REQUISITOS PARA PROCESO DE INCUBACI\u00d3N DOCUMENTOS ACTIVIDADES MODELO DE INCUBACI\u00d3N CONVOCATORIAS PRESENTACI\u00d3N La Direcci\u00f3n de Incubadora de Empresa<\/p>\n","protected":false},"author":1,"featured_media":0,"parent":0,"menu_order":0,"comment_status":"closed","ping_status":"closed","template":"","meta":{"colormag_page_container_layout":"no_sidebar_full_width","colormag_page_sidebar_layout":"no_sidebar","footnotes":""},"class_list":["post-88","page","type-page","status-publish","hentry"],"_links":{"self":[{"href":"https:\/\/www.une.edu.pe\/investigacion\/wp-json\/wp\/v2\/pages\/88","targetHints":{"allow":["GET"]}}],"collection":[{"href":"https:\/\/www.une.edu.pe\/investigacion\/wp-json\/wp\/v2\/pages"}],"about":[{"href":"https:\/\/www.une.edu.pe\/investigacion\/wp-json\/wp\/v2\/types\/page"}],"author":[{"embeddable":true,"href":"https:\/\/www.une.edu.pe\/investigacion\/wp-json\/wp\/v2\/users\/1"}],"replies":[{"embeddable":true,"href":"https:\/\/www.une.edu.pe\/investigacion\/wp-json\/wp\/v2\/comments?post=88"}],"version-history":[{"count":119,"href":"https:\/\/www.une.edu.pe\/investigacion\/wp-json\/wp\/v2\/pages\/88\/revisions"}],"predecessor-version":[{"id":5546,"href":"https:\/\/www.une.edu.pe\/investigacion\/wp-json\/wp\/v2\/pages\/88\/revisions\/5546"}],"wp:attachment":[{"href":"https:\/\/www.une.edu.pe\/investigacion\/wp-json\/wp\/v2\/media?parent=88"}],"curies":[{"name":"wp","href":"https:\/\/api.w.org\/{rel}","templated":true}]}}