{"id":119,"date":"2024-05-31T18:37:17","date_gmt":"2024-05-31T16:37:17","guid":{"rendered":"https:\/\/www.une.edu.pe\/incubaune\/?page_id=119"},"modified":"2026-05-07T21:50:49","modified_gmt":"2026-05-07T19:50:49","slug":"convocatorias","status":"publish","type":"page","link":"https:\/\/www.une.edu.pe\/incubaune\/convocatorias\/","title":{"rendered":"Convocatorias"},"content":{"rendered":"\t\t<div data-elementor-type=\"wp-page\" data-elementor-id=\"119\" class=\"elementor elementor-119\">\n\t\t\t\t<div class=\"elementor-element elementor-element-745df0d e-flex e-con-boxed e-con e-parent\" data-id=\"745df0d\" data-element_type=\"container\" data-e-type=\"container\">\n\t\t\t\t\t<div class=\"e-con-inner\">\n\t\t\t\t<div class=\"elementor-element elementor-element-89b2942 elementor-widget elementor-widget-heading\" data-id=\"89b2942\" data-element_type=\"widget\" data-e-type=\"widget\" data-widget_type=\"heading.default\">\n\t\t\t\t<div class=\"elementor-widget-container\">\n\t\t\t\t\t<h2 class=\"elementor-heading-title elementor-size-default\">Concurso de Emprendimiento e Innovaci\u00f3n\nUNEMPRENDE 2026<\/h2>\t\t\t\t<\/div>\n\t\t\t\t<\/div>\n\t\t\t\t\t<\/div>\n\t\t\t\t<\/div>\n\t\t<div class=\"elementor-element elementor-element-214fe7c e-flex e-con-boxed e-con e-parent\" data-id=\"214fe7c\" data-element_type=\"container\" data-e-type=\"container\">\n\t\t\t\t\t<div class=\"e-con-inner\">\n\t\t\t\t<div class=\"elementor-element elementor-element-46a3a64 elementor-tabs-view-horizontal elementor-widget elementor-widget-tabs\" data-id=\"46a3a64\" data-element_type=\"widget\" data-e-type=\"widget\" data-widget_type=\"tabs.default\">\n\t\t\t\t<div class=\"elementor-widget-container\">\n\t\t\t\t\t\t\t<div class=\"elementor-tabs\">\n\t\t\t<div class=\"elementor-tabs-wrapper\" role=\"tablist\" >\n\t\t\t\t\t\t\t\t\t<div id=\"elementor-tab-title-7401\" class=\"elementor-tab-title elementor-tab-desktop-title\" aria-selected=\"true\" data-tab=\"1\" role=\"tab\" tabindex=\"0\" aria-controls=\"elementor-tab-content-7401\" aria-expanded=\"false\">Descripci\u00f3n<\/div>\n\t\t\t\t\t\t\t\t\t<div id=\"elementor-tab-title-7402\" class=\"elementor-tab-title elementor-tab-desktop-title\" aria-selected=\"false\" data-tab=\"2\" role=\"tab\" tabindex=\"-1\" aria-controls=\"elementor-tab-content-7402\" aria-expanded=\"false\">Bases del concurso<\/div>\n\t\t\t\t\t\t\t\t\t<div id=\"elementor-tab-title-7403\" class=\"elementor-tab-title elementor-tab-desktop-title\" aria-selected=\"false\" data-tab=\"3\" role=\"tab\" tabindex=\"-1\" aria-controls=\"elementor-tab-content-7403\" aria-expanded=\"false\">Formato - Anexo 1 Ficha de Inscripci\u00f3n<\/div>\n\t\t\t\t\t\t\t\t\t<div id=\"elementor-tab-title-7404\" class=\"elementor-tab-title elementor-tab-desktop-title\" aria-selected=\"false\" data-tab=\"4\" role=\"tab\" tabindex=\"-1\" aria-controls=\"elementor-tab-content-7404\" aria-expanded=\"false\">Resultados<\/div>\n\t\t\t\t\t\t\t<\/div>\n\t\t\t<div class=\"elementor-tabs-content-wrapper\" role=\"tablist\" aria-orientation=\"vertical\">\n\t\t\t\t\t\t\t\t\t<div class=\"elementor-tab-title elementor-tab-mobile-title\" aria-selected=\"true\" data-tab=\"1\" role=\"tab\" tabindex=\"0\" aria-controls=\"elementor-tab-content-7401\" aria-expanded=\"false\">Descripci\u00f3n<\/div>\n\t\t\t\t\t<div id=\"elementor-tab-content-7401\" class=\"elementor-tab-content elementor-clearfix\" data-tab=\"1\" role=\"tabpanel\" aria-labelledby=\"elementor-tab-title-7401\" tabindex=\"0\" hidden=\"false\"><p>Convocatoria dirigida a estudiantes de pregrado con matr\u00edcula vigente en el semestre acad\u00e9mico 2026-I<\/p><\/div>\n\t\t\t\t\t\t\t\t\t<div class=\"elementor-tab-title elementor-tab-mobile-title\" aria-selected=\"false\" data-tab=\"2\" role=\"tab\" tabindex=\"-1\" aria-controls=\"elementor-tab-content-7402\" aria-expanded=\"false\">Bases del concurso<\/div>\n\t\t\t\t\t<div id=\"elementor-tab-content-7402\" class=\"elementor-tab-content elementor-clearfix\" data-tab=\"2\" role=\"tabpanel\" aria-labelledby=\"elementor-tab-title-7402\" tabindex=\"0\" hidden=\"hidden\"><p><a href=\"https:\/\/www.une.edu.pe\/incubaune\/wp-content\/uploads\/2026\/04\/Resolucion-N\u00b0-0610-2026-R-UNE.pdf\" target=\"_blank\" rel=\"noopener\"><strong>Resoluci\u00f3n N\u00ba 0610-2026-R-UNE<\/strong><\/a><\/p><p>Bases del Concurso de Emprendimiento e Innovaci\u00f3n<br \/>UNEMPRENDE 2026<\/p><\/div>\n\t\t\t\t\t\t\t\t\t<div class=\"elementor-tab-title elementor-tab-mobile-title\" aria-selected=\"false\" data-tab=\"3\" role=\"tab\" tabindex=\"-1\" aria-controls=\"elementor-tab-content-7403\" aria-expanded=\"false\">Formato - Anexo 1 Ficha de Inscripci\u00f3n<\/div>\n\t\t\t\t\t<div id=\"elementor-tab-content-7403\" class=\"elementor-tab-content elementor-clearfix\" data-tab=\"3\" role=\"tabpanel\" aria-labelledby=\"elementor-tab-title-7403\" tabindex=\"0\" hidden=\"hidden\"><p><a href=\"https:\/\/www.une.edu.pe\/incubaune\/wp-content\/uploads\/2026\/04\/Anexo-1-Ficha-de-Inscripcion-UNEMPRENDE-2026.docx\" target=\"_blank\" rel=\"noopener\">Formato &#8211; Anexo 1 Ficha de Inscripci\u00f3n UNEMPRENDE 2026<\/a><\/p><\/div>\n\t\t\t\t\t\t\t\t\t<div class=\"elementor-tab-title elementor-tab-mobile-title\" aria-selected=\"false\" data-tab=\"4\" role=\"tab\" tabindex=\"-1\" aria-controls=\"elementor-tab-content-7404\" aria-expanded=\"false\">Resultados<\/div>\n\t\t\t\t\t<div id=\"elementor-tab-content-7404\" class=\"elementor-tab-content elementor-clearfix\" data-tab=\"4\" role=\"tabpanel\" aria-labelledby=\"elementor-tab-title-7404\" tabindex=\"0\" hidden=\"hidden\"><p><a href=\"https:\/\/www.une.edu.pe\/incubaune\/wp-content\/uploads\/2026\/05\/Preseleccionados-1ra-Fase-de-Evaluacion.pdf\"><b>Pre seleccionados de la 1ra Fase de Evaluaci\u00f3n<\/b><\/a><\/p><\/div>\n\t\t\t\t\t\t\t<\/div>\n\t\t<\/div>\n\t\t\t\t\t\t<\/div>\n\t\t\t\t<\/div>\n\t\t\t\t\t<\/div>\n\t\t\t\t<\/div>\n\t\t<div class=\"elementor-element elementor-element-aa9141f e-flex e-con-boxed e-con e-parent\" data-id=\"aa9141f\" data-element_type=\"container\" data-e-type=\"container\">\n\t\t\t\t\t<div class=\"e-con-inner\">\n\t\t\t\t<div class=\"elementor-element elementor-element-85d0941 elementor-widget-divider--view-line elementor-widget elementor-widget-divider\" data-id=\"85d0941\" data-element_type=\"widget\" data-e-type=\"widget\" data-widget_type=\"divider.default\">\n\t\t\t\t<div class=\"elementor-widget-container\">\n\t\t\t\t\t\t\t<div class=\"elementor-divider\">\n\t\t\t<span class=\"elementor-divider-separator\">\n\t\t\t\t\t\t<\/span>\n\t\t<\/div>\n\t\t\t\t\t\t<\/div>\n\t\t\t\t<\/div>\n\t\t\t\t\t<\/div>\n\t\t\t\t<\/div>\n\t\t<div class=\"elementor-element elementor-element-1ae482c e-flex e-con-boxed e-con e-parent\" data-id=\"1ae482c\" data-element_type=\"container\" data-e-type=\"container\">\n\t\t\t\t\t<div class=\"e-con-inner\">\n\t\t\t\t<div class=\"elementor-element elementor-element-1eb1b75 elementor-widget elementor-widget-heading\" data-id=\"1eb1b75\" data-element_type=\"widget\" data-e-type=\"widget\" data-widget_type=\"heading.default\">\n\t\t\t\t<div class=\"elementor-widget-container\">\n\t\t\t\t\t<h3 class=\"elementor-heading-title elementor-size-default\">Concurso de Emprendimiento e Innovaci\u00f3n\nUNEMPRENDE 2025<\/h3>\t\t\t\t<\/div>\n\t\t\t\t<\/div>\n\t\t\t\t\t<\/div>\n\t\t\t\t<\/div>\n\t\t<div class=\"elementor-element elementor-element-d0306ab e-flex e-con-boxed e-con e-parent\" data-id=\"d0306ab\" data-element_type=\"container\" data-e-type=\"container\">\n\t\t\t\t\t<div class=\"e-con-inner\">\n\t\t\t\t<div class=\"elementor-element elementor-element-0136986 elementor-tabs-view-horizontal elementor-widget elementor-widget-tabs\" data-id=\"0136986\" data-element_type=\"widget\" data-e-type=\"widget\" data-widget_type=\"tabs.default\">\n\t\t\t\t<div class=\"elementor-widget-container\">\n\t\t\t\t\t\t\t<div class=\"elementor-tabs\">\n\t\t\t<div class=\"elementor-tabs-wrapper\" role=\"tablist\" >\n\t\t\t\t\t\t\t\t\t<div id=\"elementor-tab-title-1271\" class=\"elementor-tab-title elementor-tab-desktop-title\" aria-selected=\"true\" data-tab=\"1\" role=\"tab\" tabindex=\"0\" aria-controls=\"elementor-tab-content-1271\" aria-expanded=\"false\">Descripci\u00f3n<\/div>\n\t\t\t\t\t\t\t\t\t<div id=\"elementor-tab-title-1272\" class=\"elementor-tab-title elementor-tab-desktop-title\" aria-selected=\"false\" data-tab=\"2\" role=\"tab\" tabindex=\"-1\" aria-controls=\"elementor-tab-content-1272\" aria-expanded=\"false\">Bases del concurso<\/div>\n\t\t\t\t\t\t\t\t\t<div id=\"elementor-tab-title-1273\" class=\"elementor-tab-title elementor-tab-desktop-title\" aria-selected=\"false\" data-tab=\"3\" role=\"tab\" tabindex=\"-1\" aria-controls=\"elementor-tab-content-1273\" aria-expanded=\"false\">Formato - Anexo 1 Ficha de Inscripci\u00f3n<\/div>\n\t\t\t\t\t\t\t\t\t<div id=\"elementor-tab-title-1274\" class=\"elementor-tab-title elementor-tab-desktop-title\" aria-selected=\"false\" data-tab=\"4\" role=\"tab\" tabindex=\"-1\" aria-controls=\"elementor-tab-content-1274\" aria-expanded=\"false\">Resultados<\/div>\n\t\t\t\t\t\t\t<\/div>\n\t\t\t<div class=\"elementor-tabs-content-wrapper\" role=\"tablist\" aria-orientation=\"vertical\">\n\t\t\t\t\t\t\t\t\t<div class=\"elementor-tab-title elementor-tab-mobile-title\" aria-selected=\"true\" data-tab=\"1\" role=\"tab\" tabindex=\"0\" aria-controls=\"elementor-tab-content-1271\" aria-expanded=\"false\">Descripci\u00f3n<\/div>\n\t\t\t\t\t<div id=\"elementor-tab-content-1271\" class=\"elementor-tab-content elementor-clearfix\" data-tab=\"1\" role=\"tabpanel\" aria-labelledby=\"elementor-tab-title-1271\" tabindex=\"0\" hidden=\"false\"><p>Convocatoria dirigida a estudiantes de pregrado con matr\u00edcula vigente en el semestre acad\u00e9mico 2025-I<\/p><\/div>\n\t\t\t\t\t\t\t\t\t<div class=\"elementor-tab-title elementor-tab-mobile-title\" aria-selected=\"false\" data-tab=\"2\" role=\"tab\" tabindex=\"-1\" aria-controls=\"elementor-tab-content-1272\" aria-expanded=\"false\">Bases del concurso<\/div>\n\t\t\t\t\t<div id=\"elementor-tab-content-1272\" class=\"elementor-tab-content elementor-clearfix\" data-tab=\"2\" role=\"tabpanel\" aria-labelledby=\"elementor-tab-title-1272\" tabindex=\"0\" hidden=\"hidden\"><p><a href=\"https:\/\/www.une.edu.pe\/incubaune\/wp-content\/uploads\/2025\/04\/Resolucion-N\u00b0-0869-2025-R-UNE-BASES.pdf\" target=\"_blank\" rel=\"noopener\"><strong>Resoluci\u00f3n N\u00ba 0869-2025-R-UNE<\/strong><\/a><\/p><p>Bases del Concurso de Emprendimiento e Innovaci\u00f3n<br \/>UNEMPRENDE 2025<\/p><\/div>\n\t\t\t\t\t\t\t\t\t<div class=\"elementor-tab-title elementor-tab-mobile-title\" aria-selected=\"false\" data-tab=\"3\" role=\"tab\" tabindex=\"-1\" aria-controls=\"elementor-tab-content-1273\" aria-expanded=\"false\">Formato - Anexo 1 Ficha de Inscripci\u00f3n<\/div>\n\t\t\t\t\t<div id=\"elementor-tab-content-1273\" class=\"elementor-tab-content elementor-clearfix\" data-tab=\"3\" role=\"tabpanel\" aria-labelledby=\"elementor-tab-title-1273\" tabindex=\"0\" hidden=\"hidden\"><p><a href=\"https:\/\/www.une.edu.pe\/incubaune\/wp-content\/uploads\/2025\/04\/Formato_Anexos_del_Concurso_Emprendimiento-e-Innovacion_2025.docx\" target=\"_blank\" rel=\"noopener\">Formato &#8211; Anexo 1 Ficha de Inscripci\u00f3n UNEMPRENDE 2025<\/a><\/p><\/div>\n\t\t\t\t\t\t\t\t\t<div class=\"elementor-tab-title elementor-tab-mobile-title\" aria-selected=\"false\" data-tab=\"4\" role=\"tab\" tabindex=\"-1\" aria-controls=\"elementor-tab-content-1274\" aria-expanded=\"false\">Resultados<\/div>\n\t\t\t\t\t<div id=\"elementor-tab-content-1274\" class=\"elementor-tab-content elementor-clearfix\" data-tab=\"4\" role=\"tabpanel\" aria-labelledby=\"elementor-tab-title-1274\" tabindex=\"0\" hidden=\"hidden\"><p><a href=\"https:\/\/www.une.edu.pe\/incubaune\/wp-content\/uploads\/2025\/06\/Resultados-para-publicacion-UNEMPRENDE-2025.pdf\" target=\"_blank\" rel=\"noopener\"><span style=\"color: #000000;\">Resultados de la 1ra etapa de preincubaci\u00f3n\u00a0<\/span><\/a><\/p><p><a href=\"https:\/\/www.une.edu.pe\/incubaune\/wp-content\/uploads\/2025\/07\/Resultados-para-publicacion-UNEMPRENDE-2025-seleccionados-1.pdf\">Emprendedores seleccionados para la 2 etapa de Incubaci\u00f3n-UNEMPRENDE 2025<\/a><\/p><\/div>\n\t\t\t\t\t\t\t<\/div>\n\t\t<\/div>\n\t\t\t\t\t\t<\/div>\n\t\t\t\t<\/div>\n\t\t\t\t\t<\/div>\n\t\t\t\t<\/div>\n\t\t<div class=\"elementor-element elementor-element-2cb4f78 e-flex e-con-boxed e-con e-parent\" data-id=\"2cb4f78\" data-element_type=\"container\" data-e-type=\"container\">\n\t\t\t\t\t<div class=\"e-con-inner\">\n\t\t\t\t<div class=\"elementor-element elementor-element-bca13fb elementor-widget-divider--view-line elementor-widget elementor-widget-divider\" data-id=\"bca13fb\" data-element_type=\"widget\" data-e-type=\"widget\" data-widget_type=\"divider.default\">\n\t\t\t\t<div class=\"elementor-widget-container\">\n\t\t\t\t\t\t\t<div class=\"elementor-divider\">\n\t\t\t<span class=\"elementor-divider-separator\">\n\t\t\t\t\t\t<\/span>\n\t\t<\/div>\n\t\t\t\t\t\t<\/div>\n\t\t\t\t<\/div>\n\t\t\t\t\t<\/div>\n\t\t\t\t<\/div>\n\t\t<div class=\"elementor-element elementor-element-95bf521 e-flex e-con-boxed e-con e-parent\" data-id=\"95bf521\" data-element_type=\"container\" data-e-type=\"container\">\n\t\t\t\t\t<div class=\"e-con-inner\">\n\t\t\t\t<div class=\"elementor-element elementor-element-915f711 elementor-widget elementor-widget-heading\" data-id=\"915f711\" data-element_type=\"widget\" data-e-type=\"widget\" data-widget_type=\"heading.default\">\n\t\t\t\t<div class=\"elementor-widget-container\">\n\t\t\t\t\t<h3 class=\"elementor-heading-title elementor-size-default\">Concurso de Emprendimiento e Innovaci\u00f3n\nUNEMPRENDE 2024<\/h3>\t\t\t\t<\/div>\n\t\t\t\t<\/div>\n\t\t\t\t\t<\/div>\n\t\t\t\t<\/div>\n\t\t<div class=\"elementor-element elementor-element-365b3b3 e-flex e-con-boxed e-con e-parent\" data-id=\"365b3b3\" data-element_type=\"container\" data-e-type=\"container\">\n\t\t\t\t\t<div class=\"e-con-inner\">\n\t\t\t\t<div class=\"elementor-element elementor-element-c994c3e elementor-tabs-view-horizontal elementor-widget elementor-widget-tabs\" data-id=\"c994c3e\" data-element_type=\"widget\" data-e-type=\"widget\" data-widget_type=\"tabs.default\">\n\t\t\t\t<div class=\"elementor-widget-container\">\n\t\t\t\t\t\t\t<div class=\"elementor-tabs\">\n\t\t\t<div class=\"elementor-tabs-wrapper\" role=\"tablist\" >\n\t\t\t\t\t\t\t\t\t<div id=\"elementor-tab-title-2111\" class=\"elementor-tab-title elementor-tab-desktop-title\" aria-selected=\"true\" data-tab=\"1\" role=\"tab\" tabindex=\"0\" aria-controls=\"elementor-tab-content-2111\" aria-expanded=\"false\">Descripci\u00f3n<\/div>\n\t\t\t\t\t\t\t\t\t<div id=\"elementor-tab-title-2112\" class=\"elementor-tab-title elementor-tab-desktop-title\" aria-selected=\"false\" data-tab=\"2\" role=\"tab\" tabindex=\"-1\" aria-controls=\"elementor-tab-content-2112\" aria-expanded=\"false\">Bases del concurso<\/div>\n\t\t\t\t\t\t\t\t\t<div id=\"elementor-tab-title-2113\" class=\"elementor-tab-title elementor-tab-desktop-title\" aria-selected=\"false\" data-tab=\"3\" role=\"tab\" tabindex=\"-1\" aria-controls=\"elementor-tab-content-2113\" aria-expanded=\"false\">Formato - Anexo 1 Ficha de Inscripci\u00f3n<\/div>\n\t\t\t\t\t\t\t\t\t<div id=\"elementor-tab-title-2114\" class=\"elementor-tab-title elementor-tab-desktop-title\" aria-selected=\"false\" data-tab=\"4\" role=\"tab\" tabindex=\"-1\" aria-controls=\"elementor-tab-content-2114\" aria-expanded=\"false\">Resultados<\/div>\n\t\t\t\t\t\t\t<\/div>\n\t\t\t<div class=\"elementor-tabs-content-wrapper\" role=\"tablist\" aria-orientation=\"vertical\">\n\t\t\t\t\t\t\t\t\t<div class=\"elementor-tab-title elementor-tab-mobile-title\" aria-selected=\"true\" data-tab=\"1\" role=\"tab\" tabindex=\"0\" aria-controls=\"elementor-tab-content-2111\" aria-expanded=\"false\">Descripci\u00f3n<\/div>\n\t\t\t\t\t<div id=\"elementor-tab-content-2111\" class=\"elementor-tab-content elementor-clearfix\" data-tab=\"1\" role=\"tabpanel\" aria-labelledby=\"elementor-tab-title-2111\" tabindex=\"0\" hidden=\"false\"><p>Convocatoria dirigida a estudiantes de pregrado con matr\u00edcula vigente en el semestre acad\u00e9mico 2024-I<\/p><\/div>\n\t\t\t\t\t\t\t\t\t<div class=\"elementor-tab-title elementor-tab-mobile-title\" aria-selected=\"false\" data-tab=\"2\" role=\"tab\" tabindex=\"-1\" aria-controls=\"elementor-tab-content-2112\" aria-expanded=\"false\">Bases del concurso<\/div>\n\t\t\t\t\t<div id=\"elementor-tab-content-2112\" class=\"elementor-tab-content elementor-clearfix\" data-tab=\"2\" role=\"tabpanel\" aria-labelledby=\"elementor-tab-title-2112\" tabindex=\"0\" hidden=\"hidden\"><p>Bases del Concurso de Emprendimiento e Innovaci\u00f3n<br \/>UNEMPRENDE 2024<\/p><\/div>\n\t\t\t\t\t\t\t\t\t<div class=\"elementor-tab-title elementor-tab-mobile-title\" aria-selected=\"false\" data-tab=\"3\" role=\"tab\" tabindex=\"-1\" aria-controls=\"elementor-tab-content-2113\" aria-expanded=\"false\">Formato - Anexo 1 Ficha de Inscripci\u00f3n<\/div>\n\t\t\t\t\t<div id=\"elementor-tab-content-2113\" class=\"elementor-tab-content elementor-clearfix\" data-tab=\"3\" role=\"tabpanel\" aria-labelledby=\"elementor-tab-title-2113\" tabindex=\"0\" hidden=\"hidden\"><p><a href=\"https:\/\/www.une.edu.pe\/incubaune\/wp-content\/uploads\/2024\/05\/Formato-Anexo-1-Ficha-de-inscripcion-UNEMPRENDE-2024-1.docx\" target=\"_blank\" rel=\"noopener\">Formato &#8211; Anexo 1 Ficha de Inscripci\u00f3n UNEMPRENDE 2024<\/a><\/p><\/div>\n\t\t\t\t\t\t\t\t\t<div class=\"elementor-tab-title elementor-tab-mobile-title\" aria-selected=\"false\" data-tab=\"4\" role=\"tab\" tabindex=\"-1\" aria-controls=\"elementor-tab-content-2114\" aria-expanded=\"false\">Resultados<\/div>\n\t\t\t\t\t<div id=\"elementor-tab-content-2114\" class=\"elementor-tab-content elementor-clearfix\" data-tab=\"4\" role=\"tabpanel\" aria-labelledby=\"elementor-tab-title-2114\" tabindex=\"0\" hidden=\"hidden\"><p><a href=\"https:\/\/www.une.edu.pe\/incubaune\/wp-content\/uploads\/2024\/06\/Relacion-de-preseleccionados-I-ETAPA-DE-EVALUACION-UNEMPRENDE-2024.pdf\" target=\"_blank\" rel=\"noopener\">PRE SELECCIONADOS DE LA 1RA ETAPA DE EVALUACI\u00d3N DE IDEA DE NEGOCIO<\/a><\/p><\/div>\n\t\t\t\t\t\t\t<\/div>\n\t\t<\/div>\n\t\t\t\t\t\t<\/div>\n\t\t\t\t<\/div>\n\t\t\t\t\t<\/div>\n\t\t\t\t<\/div>\n\t\t\t\t<\/div>\n\t\t","protected":false},"excerpt":{"rendered":"<p>Concurso de Emprendimiento e Innovaci\u00f3n UNEMPRENDE 2026 Descripci\u00f3n Bases del concurso Formato &#8211; Anexo 1 Ficha de Inscripci\u00f3n Resultados Descripci\u00f3n Convocatoria dirigida a estudiantes de pregrado con matr\u00edcula vigente en el semestre acad\u00e9mico 2026-I Bases del concurso Resoluci\u00f3n N\u00ba 0610-2026-R-UNE Bases del Concurso de Emprendimiento e Innovaci\u00f3nUNEMPRENDE 2026 Formato &#8211; Anexo 1 Ficha de Inscripci\u00f3n [&hellip;]<\/p>\n","protected":false},"author":1,"featured_media":0,"parent":0,"menu_order":0,"comment_status":"closed","ping_status":"closed","template":"","meta":{"footnotes":""},"class_list":["post-119","page","type-page","status-publish","hentry"],"_links":{"self":[{"href":"https:\/\/www.une.edu.pe\/incubaune\/wp-json\/wp\/v2\/pages\/119","targetHints":{"allow":["GET"]}}],"collection":[{"href":"https:\/\/www.une.edu.pe\/incubaune\/wp-json\/wp\/v2\/pages"}],"about":[{"href":"https:\/\/www.une.edu.pe\/incubaune\/wp-json\/wp\/v2\/types\/page"}],"author":[{"embeddable":true,"href":"https:\/\/www.une.edu.pe\/incubaune\/wp-json\/wp\/v2\/users\/1"}],"replies":[{"embeddable":true,"href":"https:\/\/www.une.edu.pe\/incubaune\/wp-json\/wp\/v2\/comments?post=119"}],"version-history":[{"count":64,"href":"https:\/\/www.une.edu.pe\/incubaune\/wp-json\/wp\/v2\/pages\/119\/revisions"}],"predecessor-version":[{"id":2212,"href":"https:\/\/www.une.edu.pe\/incubaune\/wp-json\/wp\/v2\/pages\/119\/revisions\/2212"}],"wp:attachment":[{"href":"https:\/\/www.une.edu.pe\/incubaune\/wp-json\/wp\/v2\/media?parent=119"}],"curies":[{"name":"wp","href":"https:\/\/api.w.org\/{rel}","templated":true}]}}