{"id":8738,"date":"2024-08-19T11:54:57","date_gmt":"2024-08-19T16:54:57","guid":{"rendered":"https:\/\/www.une.edu.pe\/humanidades\/?page_id=8738"},"modified":"2024-08-27T09:59:37","modified_gmt":"2024-08-27T14:59:37","slug":"concurso-publico-contrato-docente-pregrado-2024-ii","status":"publish","type":"page","link":"https:\/\/www.une.edu.pe\/humanidades\/concurso-publico-contrato-docente-pregrado-2024-ii\/","title":{"rendered":"CONCURSO P\u00daBLICO CONTRATO DOCENTE PREGRADO 2024-II"},"content":{"rendered":"\t\t<div data-elementor-type=\"wp-page\" data-elementor-id=\"8738\" class=\"elementor elementor-8738\">\n\t\t\t\t\t\t<section class=\"elementor-section elementor-top-section elementor-element elementor-element-fa2c4e7 elementor-section-boxed elementor-section-height-default elementor-section-height-default\" data-id=\"fa2c4e7\" data-element_type=\"section\" data-e-type=\"section\">\n\t\t\t\t\t\t<div class=\"elementor-container elementor-column-gap-default\">\n\t\t\t\t\t<div class=\"elementor-column elementor-col-50 elementor-top-column elementor-element elementor-element-ab87f25\" data-id=\"ab87f25\" data-element_type=\"column\" data-e-type=\"column\">\n\t\t\t<div class=\"elementor-widget-wrap elementor-element-populated\">\n\t\t\t\t\t\t\t<\/div>\n\t\t<\/div>\n\t\t\t\t<div class=\"elementor-column elementor-col-50 elementor-top-column elementor-element elementor-element-cfbbdc8\" data-id=\"cfbbdc8\" data-element_type=\"column\" data-e-type=\"column\">\n\t\t\t<div class=\"elementor-widget-wrap elementor-element-populated\">\n\t\t\t\t\t\t<div class=\"elementor-element elementor-element-7f8b252 elementor-align-center elementor-widget elementor-widget-button\" data-id=\"7f8b252\" data-element_type=\"widget\" data-e-type=\"widget\" data-widget_type=\"button.default\">\n\t\t\t\t<div class=\"elementor-widget-container\">\n\t\t\t\t\t\t\t\t\t<div class=\"elementor-button-wrapper\">\n\t\t\t\t\t<a class=\"elementor-button elementor-size-sm\" role=\"button\">\n\t\t\t\t\t\t<span class=\"elementor-button-content-wrapper\">\n\t\t\t\t\t\t\t\t\t<span class=\"elementor-button-text\">VER M\u00c1S<\/span>\n\t\t\t\t\t<\/span>\n\t\t\t\t\t<\/a>\n\t\t\t\t<\/div>\n\t\t\t\t\t\t\t\t<\/div>\n\t\t\t\t<\/div>\n\t\t\t\t\t<\/div>\n\t\t<\/div>\n\t\t\t\t\t<\/div>\n\t\t<\/section>\n\t\t\t\t<section class=\"elementor-section elementor-top-section elementor-element elementor-element-533deae elementor-section-boxed elementor-section-height-default elementor-section-height-default\" data-id=\"533deae\" data-element_type=\"section\" data-e-type=\"section\">\n\t\t\t\t\t\t<div class=\"elementor-container elementor-column-gap-default\">\n\t\t\t\t\t<div class=\"elementor-column elementor-col-100 elementor-top-column elementor-element elementor-element-cfd363a\" data-id=\"cfd363a\" data-element_type=\"column\" data-e-type=\"column\">\n\t\t\t<div class=\"elementor-widget-wrap\">\n\t\t\t\t\t\t\t<\/div>\n\t\t<\/div>\n\t\t\t\t\t<\/div>\n\t\t<\/section>\n\t\t\t\t<\/div>\n\t\t","protected":false},"excerpt":{"rendered":"<p>POSTULANTES APTOS Departamento Acad\u00e9mico de Comunicaci\u00f3n y Lenguas Nativas Departamento Acad\u00e9mico de Psicolog\u00eda y Filosof\u00eda Departamento Acad\u00e9mico de Educaci\u00f3n Art\u00edstica Fe de erratas &#8211; Departamento Acad\u00e9mico de Educaci\u00f3n Art\u00edstica Departamento Acad\u00e9mico de Historia y Geograf\u00eda Departamento Acad\u00e9mico de Lenguas Extranjeras <a href=\"https:\/\/www.une.edu.pe\/humanidades\/concurso-publico-contrato-docente-pregrado-2024-ii\/\" class=\"read-more\">Leer m\u00e1s&#8230;<\/a><\/p>\n","protected":false},"author":3,"featured_media":8739,"parent":0,"menu_order":0,"comment_status":"closed","ping_status":"closed","template":"","meta":{"footnotes":""},"class_list":["post-8738","page","type-page","status-publish","has-post-thumbnail","hentry"],"_links":{"self":[{"href":"https:\/\/www.une.edu.pe\/humanidades\/wp-json\/wp\/v2\/pages\/8738","targetHints":{"allow":["GET"]}}],"collection":[{"href":"https:\/\/www.une.edu.pe\/humanidades\/wp-json\/wp\/v2\/pages"}],"about":[{"href":"https:\/\/www.une.edu.pe\/humanidades\/wp-json\/wp\/v2\/types\/page"}],"author":[{"embeddable":true,"href":"https:\/\/www.une.edu.pe\/humanidades\/wp-json\/wp\/v2\/users\/3"}],"replies":[{"embeddable":true,"href":"https:\/\/www.une.edu.pe\/humanidades\/wp-json\/wp\/v2\/comments?post=8738"}],"version-history":[{"count":54,"href":"https:\/\/www.une.edu.pe\/humanidades\/wp-json\/wp\/v2\/pages\/8738\/revisions"}],"predecessor-version":[{"id":8865,"href":"https:\/\/www.une.edu.pe\/humanidades\/wp-json\/wp\/v2\/pages\/8738\/revisions\/8865"}],"wp:featuredmedia":[{"embeddable":true,"href":"https:\/\/www.une.edu.pe\/humanidades\/wp-json\/wp\/v2\/media\/8739"}],"wp:attachment":[{"href":"https:\/\/www.une.edu.pe\/humanidades\/wp-json\/wp\/v2\/media?parent=8738"}],"curies":[{"name":"wp","href":"https:\/\/api.w.org\/{rel}","templated":true}]}}