{"id":4976,"date":"2021-04-09T12:07:53","date_gmt":"2021-04-09T17:07:53","guid":{"rendered":"http:\/\/www.une.edu.pe\/humanidades\/?page_id=4976"},"modified":"2021-04-13T22:23:43","modified_gmt":"2021-04-14T03:23:43","slug":"contrato-docente-2021-i-3ra-convocatoria","status":"publish","type":"page","link":"https:\/\/www.une.edu.pe\/humanidades\/contrato-docente-2021-i-3ra-convocatoria\/","title":{"rendered":"Contrato docente 2021-I \/ 3ra. Convocatoria"},"content":{"rendered":"\t\t<div data-elementor-type=\"wp-page\" data-elementor-id=\"4976\" class=\"elementor elementor-4976\">\n\t\t\t\t\t\t<section class=\"elementor-section elementor-top-section elementor-element elementor-element-80eaf78 elementor-section-boxed elementor-section-height-default elementor-section-height-default\" data-id=\"80eaf78\" data-element_type=\"section\" data-e-type=\"section\">\n\t\t\t\t\t\t<div class=\"elementor-container elementor-column-gap-default\">\n\t\t\t\t\t<div class=\"elementor-column elementor-col-100 elementor-top-column elementor-element elementor-element-9861617\" data-id=\"9861617\" data-element_type=\"column\" data-e-type=\"column\">\n\t\t\t<div class=\"elementor-widget-wrap elementor-element-populated\">\n\t\t\t\t\t\t<div class=\"elementor-element elementor-element-5576109 elementor-widget elementor-widget-text-editor\" data-id=\"5576109\" data-element_type=\"widget\" data-e-type=\"widget\" data-widget_type=\"text-editor.default\">\n\t\t\t\t<div class=\"elementor-widget-container\">\n\t\t\t\t\t\t\t\t\t<ul><li><a href=\"http:\/\/www.une.edu.pe\/humanidades\/docs\/3raconvocatoria-docente-2021-I\/POSTULANTES%20INSCRITOS%20-TERCERA%20CONV..pdf\" target=\"_blank\" rel=\"noopener\"><strong>POSTULANTES INSCRITOS<\/strong><\/a><\/li><li><strong><a href=\"http:\/\/www.une.edu.pe\/humanidades\/docs\/3raconvocatoria-docente-2021-I\/NO%20INSCRITOS%20-%20TERCERA%20CONV..pdf\" target=\"_blank\" rel=\"noopener\">POSTULANTES NO INSCRITOS<\/a><\/strong><\/li><\/ul>\t\t\t\t\t\t\t\t<\/div>\n\t\t\t\t<\/div>\n\t\t\t\t\t<\/div>\n\t\t<\/div>\n\t\t\t\t\t<\/div>\n\t\t<\/section>\n\t\t\t\t<section class=\"elementor-section elementor-top-section elementor-element elementor-element-4c369ed elementor-section-boxed elementor-section-height-default elementor-section-height-default\" data-id=\"4c369ed\" data-element_type=\"section\" data-e-type=\"section\">\n\t\t\t\t\t\t<div class=\"elementor-container elementor-column-gap-default\">\n\t\t\t\t\t<div class=\"elementor-column elementor-col-100 elementor-top-column elementor-element elementor-element-f861bc3\" data-id=\"f861bc3\" data-element_type=\"column\" data-e-type=\"column\">\n\t\t\t<div class=\"elementor-widget-wrap elementor-element-populated\">\n\t\t\t\t\t\t<div class=\"elementor-element elementor-element-b652460 elementor-widget elementor-widget-text-editor\" data-id=\"b652460\" data-element_type=\"widget\" data-e-type=\"widget\" data-widget_type=\"text-editor.default\">\n\t\t\t\t<div class=\"elementor-widget-container\">\n\t\t\t\t\t\t\t\t\t<p style=\"text-align: center;\"><span style=\"color: #993300;\"><strong>DEPARTAMENTO ACAD\u00c9MICO DE LENGUAS EXTRANJERAS<\/strong><\/span><\/p><ul><li><a href=\"http:\/\/www.une.edu.pe\/humanidades\/wp-content\/uploads\/2021\/04\/ENTREVISTA-TERCERA-CONVOCATORIA-1.pdf\" target=\"_blank\" rel=\"noopener\"><span style=\"color: #000000;\">RESULTADO DE EVALUACI\u00d3N DEL ASPECTO EXTERNO Y CRONOGRAMA DE EVALUACI\u00d3N DE ENTREVISTA PERSONAL<\/span><\/a><\/li><li><span style=\"color: #000000;\"><a style=\"color: #000000;\" href=\"http:\/\/www.une.edu.pe\/humanidades\/wp-content\/uploads\/2021\/04\/CONSOLIDADO-GENERAL-ASIG.TERCERA-CONVOCATORIA-2021-I.pdf\" target=\"_blank\" rel=\"noopener\">CONSOLIDADO GENERAL DE GANADORES &#8211; ASIGNATURAS<\/a><\/span><\/li><li><span style=\"color: #000000;\"><a style=\"color: #000000;\" href=\"http:\/\/www.une.edu.pe\/humanidades\/wp-content\/uploads\/2021\/04\/Cuadro-de-Consolidado-General-LENGUAS-EXTRANJERAS-2021-I-PPP.pdf\" target=\"_blank\" rel=\"noopener\">CUADRO DE CONSOLIDADO GENERAL &#8211; PR\u00c1CTICAS<\/a><\/span><\/li><\/ul>\t\t\t\t\t\t\t\t<\/div>\n\t\t\t\t<\/div>\n\t\t\t\t\t<\/div>\n\t\t<\/div>\n\t\t\t\t\t<\/div>\n\t\t<\/section>\n\t\t\t\t<section class=\"elementor-section elementor-top-section elementor-element elementor-element-f472ce4 elementor-section-boxed elementor-section-height-default elementor-section-height-default\" data-id=\"f472ce4\" data-element_type=\"section\" data-e-type=\"section\">\n\t\t\t\t\t\t<div class=\"elementor-container elementor-column-gap-default\">\n\t\t\t\t\t<div class=\"elementor-column elementor-col-100 elementor-top-column elementor-element elementor-element-2279f3d\" data-id=\"2279f3d\" data-element_type=\"column\" data-e-type=\"column\">\n\t\t\t<div class=\"elementor-widget-wrap elementor-element-populated\">\n\t\t\t\t\t\t<div class=\"elementor-element elementor-element-b08122c elementor-widget elementor-widget-text-editor\" data-id=\"b08122c\" data-element_type=\"widget\" data-e-type=\"widget\" data-widget_type=\"text-editor.default\">\n\t\t\t\t<div class=\"elementor-widget-container\">\n\t\t\t\t\t\t\t\t\t<p style=\"text-align: center;\"><strong><span style=\"color: #993300;\">DEPARTAMENTO ACAD\u00c9MICO DE EDUCACI\u00d3N ART\u00cdSTICA<\/span><\/strong><\/p><ul><li><span style=\"color: #000000;\"><a style=\"color: #000000;\" href=\"http:\/\/www.une.edu.pe\/humanidades\/wp-content\/uploads\/2021\/04\/ENTREVISTA-DAEA.pdf\" target=\"_blank\" rel=\"noopener\">RESULTADOS DE LA EVALUACI\u00d3N DEL ASPECTO EXTERNO Y CRONOGRAMA DE EVALUACI\u00d3N DE ENTREVISTA PERSONAL<\/a><\/span><\/li><li><span style=\"color: #000000;\"><a style=\"color: #000000;\" href=\"http:\/\/www.une.edu.pe\/humanidades\/wp-content\/uploads\/2021\/04\/ACTA-DE-CONSOLIDADO-GENERAL-PPP-ED-ART\u00cdSTICA.pdf\" target=\"_blank\" rel=\"noopener\">ACTA DE CONSOLIDADO GENERAL &#8211; PR\u00c1CTICAS<\/a><\/span><\/li><li><span style=\"color: #000000;\"><a style=\"color: #000000;\" href=\"http:\/\/www.une.edu.pe\/humanidades\/wp-content\/uploads\/2021\/04\/ACTA-DE-CONSOLIDADO-GENERAL-ASIGNATURA-ED-ART\u00cdSTICA.pdf\" target=\"_blank\" rel=\"noopener\">ACTA DE CONSOLIDADO GENERAL &#8211; ASIGNATURAS<\/a><\/span><\/li><\/ul>\t\t\t\t\t\t\t\t<\/div>\n\t\t\t\t<\/div>\n\t\t\t\t\t<\/div>\n\t\t<\/div>\n\t\t\t\t\t<\/div>\n\t\t<\/section>\n\t\t\t\t<section class=\"elementor-section elementor-top-section elementor-element elementor-element-29d19ff elementor-section-boxed elementor-section-height-default elementor-section-height-default\" data-id=\"29d19ff\" data-element_type=\"section\" data-e-type=\"section\">\n\t\t\t\t\t\t<div class=\"elementor-container elementor-column-gap-default\">\n\t\t\t\t\t<div class=\"elementor-column elementor-col-100 elementor-top-column elementor-element elementor-element-67259a7\" data-id=\"67259a7\" data-element_type=\"column\" data-e-type=\"column\">\n\t\t\t<div class=\"elementor-widget-wrap elementor-element-populated\">\n\t\t\t\t\t\t<div class=\"elementor-element elementor-element-954d49b elementor-widget elementor-widget-text-editor\" data-id=\"954d49b\" data-element_type=\"widget\" data-e-type=\"widget\" data-widget_type=\"text-editor.default\">\n\t\t\t\t<div class=\"elementor-widget-container\">\n\t\t\t\t\t\t\t\t\t<p style=\"text-align: center;\"><strong><span style=\"color: #993300;\">DEPARTAMENTO ACAD\u00c9MICO DE HISTORIA Y GEOGRAF\u00cdA<\/span><\/strong><\/p><ul><li><span style=\"color: #000000;\"><a style=\"color: #000000;\" href=\"http:\/\/www.une.edu.pe\/humanidades\/wp-content\/uploads\/2021\/04\/RESULTADO-DE-EVALUACION-DEL-ASPECTO-EXTERNO-Y-CRONOGRAMA-DE-ENTREVISTAS_PPP.pdf\" target=\"_blank\" rel=\"noopener\">RESULTADO DE EVALUACI\u00d3N DEL ASPECTO EXTERNO Y CRONOGRAMA DE EVALUACI\u00d3N DE ENTREVISTA PERSONAL<\/a><\/span><\/li><li><span style=\"color: #000000;\"><a style=\"color: #000000;\" href=\"http:\/\/www.une.edu.pe\/humanidades\/wp-content\/uploads\/2021\/04\/CUADRO-DE-CONSOLIDADO-GENERAL_PPP.pdf\" target=\"_blank\" rel=\"noopener\">CONSOLIDADO GENERAL DE GANADORES &#8211; PR\u00c1CTICAS<\/a><\/span><\/li><\/ul>\t\t\t\t\t\t\t\t<\/div>\n\t\t\t\t<\/div>\n\t\t\t\t\t<\/div>\n\t\t<\/div>\n\t\t\t\t\t<\/div>\n\t\t<\/section>\n\t\t\t\t<section class=\"elementor-section elementor-top-section elementor-element elementor-element-b851229 elementor-section-boxed elementor-section-height-default elementor-section-height-default\" data-id=\"b851229\" data-element_type=\"section\" data-e-type=\"section\">\n\t\t\t\t\t\t<div class=\"elementor-container elementor-column-gap-default\">\n\t\t\t\t\t<div class=\"elementor-column elementor-col-100 elementor-top-column elementor-element elementor-element-132720c\" data-id=\"132720c\" data-element_type=\"column\" data-e-type=\"column\">\n\t\t\t<div class=\"elementor-widget-wrap elementor-element-populated\">\n\t\t\t\t\t\t<div class=\"elementor-element elementor-element-0056975 elementor-widget elementor-widget-text-editor\" data-id=\"0056975\" data-element_type=\"widget\" data-e-type=\"widget\" data-widget_type=\"text-editor.default\">\n\t\t\t\t<div class=\"elementor-widget-container\">\n\t\t\t\t\t\t\t\t\t<p style=\"text-align: center;\"><strong><span style=\"color: #993300;\">DEPARTAMENTO ACAD\u00c9MICO DE COMUNICACI\u00d3N Y LENGUAS NATIVAS<\/span><\/strong><\/p><ul><li><span style=\"color: #000000;\"><a style=\"color: #000000;\" href=\"http:\/\/www.une.edu.pe\/humanidades\/wp-content\/uploads\/2021\/04\/ENTREVISTA-TERCERA-CONV.pdf\" target=\"_blank\" rel=\"noopener\">CRONOGRAMA DE ENTREVISTA<\/a><\/span><\/li><li><span style=\"color: #000000;\"><a style=\"color: #000000;\" href=\"http:\/\/www.une.edu.pe\/humanidades\/wp-content\/uploads\/2021\/04\/Consolidado-Ganadores-PP-3-CONVOCATORIA.pdf\" target=\"_blank\" rel=\"noopener\">CUADRO DE CONSOLIDADO GENERAL &#8211;\u00a0 PR\u00c1CTICAS<\/a><\/span><\/li><li><span style=\"color: #000000;\"><a style=\"color: #000000;\" href=\"http:\/\/www.une.edu.pe\/humanidades\/wp-content\/uploads\/2021\/04\/Consolidado-Ganadores-ASIG-3-CONVOCATORIA.pdf\" target=\"_blank\" rel=\"noopener\">CUADRO DE CONSOLIDADO GENERAL &#8211;\u00a0 ASIGNATURAS<\/a><\/span><\/li><\/ul>\t\t\t\t\t\t\t\t<\/div>\n\t\t\t\t<\/div>\n\t\t\t\t\t<\/div>\n\t\t<\/div>\n\t\t\t\t\t<\/div>\n\t\t<\/section>\n\t\t\t\t<section class=\"elementor-section elementor-top-section elementor-element elementor-element-816aba7 elementor-section-boxed elementor-section-height-default elementor-section-height-default\" data-id=\"816aba7\" data-element_type=\"section\" data-e-type=\"section\">\n\t\t\t\t\t\t<div class=\"elementor-container elementor-column-gap-default\">\n\t\t\t\t\t<div class=\"elementor-column elementor-col-100 elementor-top-column elementor-element elementor-element-34968be\" data-id=\"34968be\" data-element_type=\"column\" data-e-type=\"column\">\n\t\t\t<div class=\"elementor-widget-wrap elementor-element-populated\">\n\t\t\t\t\t\t<div class=\"elementor-element elementor-element-94d55e4 elementor-widget elementor-widget-text-editor\" data-id=\"94d55e4\" data-element_type=\"widget\" data-e-type=\"widget\" data-widget_type=\"text-editor.default\">\n\t\t\t\t<div class=\"elementor-widget-container\">\n\t\t\t\t\t\t\t\t\t<p style=\"text-align: center;\"><span style=\"color: #993300;\"><strong>DEPARTAMENTO ACAD\u00c9MICO DE PSICOLOG\u00cdA Y FILOSOF\u00cdA<\/strong><\/span><\/p><ul><li><span style=\"color: #000000;\"><a style=\"color: #000000;\" href=\"http:\/\/www.une.edu.pe\/humanidades\/wp-content\/uploads\/2021\/04\/Cuadro-Consolidado-de-Resultados-FILOSOF\u00cdA-2021-I.pdf\" target=\"_blank\" rel=\"noopener\">RESULTADOS DE LA EVALUACI\u00d3N DEL ASPECTO EXTERNO Y CRONOGRAMA DE EVALUACI\u00d3N DE ENTREVISTA PERSONAL<\/a><\/span><\/li><li><p><span style=\"color: #000000;\"><a style=\"color: #000000;\" href=\"http:\/\/www.une.edu.pe\/humanidades\/wp-content\/uploads\/2021\/04\/Cuadro-de-Consolidado-General-FILOSOFIA-2021-I.pdf\" target=\"_blank\" rel=\"noopener\">CUADRO DE CONSOLIDADO GENERAL<\/a><\/span><\/p><\/li><\/ul>\t\t\t\t\t\t\t\t<\/div>\n\t\t\t\t<\/div>\n\t\t\t\t\t<\/div>\n\t\t<\/div>\n\t\t\t\t\t<\/div>\n\t\t<\/section>\n\t\t\t\t<\/div>\n\t\t","protected":false},"excerpt":{"rendered":"<p>POSTULANTES INSCRITOS POSTULANTES NO INSCRITOS DEPARTAMENTO ACAD\u00c9MICO DE LENGUAS EXTRANJERAS RESULTADO DE EVALUACI\u00d3N DEL ASPECTO EXTERNO Y CRONOGRAMA DE EVALUACI\u00d3N DE ENTREVISTA PERSONAL CONSOLIDADO GENERAL DE GANADORES &#8211; ASIGNATURAS CUADRO DE CONSOLIDADO GENERAL &#8211; PR\u00c1CTICAS DEPARTAMENTO ACAD\u00c9MICO DE EDUCACI\u00d3N ART\u00cdSTICA <a href=\"https:\/\/www.une.edu.pe\/humanidades\/contrato-docente-2021-i-3ra-convocatoria\/\" class=\"read-more\">Leer m\u00e1s&#8230;<\/a><\/p>\n","protected":false},"author":3,"featured_media":5015,"parent":0,"menu_order":0,"comment_status":"closed","ping_status":"closed","template":"","meta":{"footnotes":""},"class_list":["post-4976","page","type-page","status-publish","has-post-thumbnail","hentry"],"_links":{"self":[{"href":"https:\/\/www.une.edu.pe\/humanidades\/wp-json\/wp\/v2\/pages\/4976","targetHints":{"allow":["GET"]}}],"collection":[{"href":"https:\/\/www.une.edu.pe\/humanidades\/wp-json\/wp\/v2\/pages"}],"about":[{"href":"https:\/\/www.une.edu.pe\/humanidades\/wp-json\/wp\/v2\/types\/page"}],"author":[{"embeddable":true,"href":"https:\/\/www.une.edu.pe\/humanidades\/wp-json\/wp\/v2\/users\/3"}],"replies":[{"embeddable":true,"href":"https:\/\/www.une.edu.pe\/humanidades\/wp-json\/wp\/v2\/comments?post=4976"}],"version-history":[{"count":49,"href":"https:\/\/www.une.edu.pe\/humanidades\/wp-json\/wp\/v2\/pages\/4976\/revisions"}],"predecessor-version":[{"id":6680,"href":"https:\/\/www.une.edu.pe\/humanidades\/wp-json\/wp\/v2\/pages\/4976\/revisions\/6680"}],"wp:featuredmedia":[{"embeddable":true,"href":"https:\/\/www.une.edu.pe\/humanidades\/wp-json\/wp\/v2\/media\/5015"}],"wp:attachment":[{"href":"https:\/\/www.une.edu.pe\/humanidades\/wp-json\/wp\/v2\/media?parent=4976"}],"curies":[{"name":"wp","href":"https:\/\/api.w.org\/{rel}","templated":true}]}}