{"id":4302,"date":"2021-02-19T15:44:47","date_gmt":"2021-02-19T14:44:47","guid":{"rendered":"http:\/\/www.une.edu.pe\/humanidades\/?page_id=4302"},"modified":"2021-02-19T15:53:03","modified_gmt":"2021-02-19T14:53:03","slug":"decano-directores-y-coordinadores","status":"publish","type":"page","link":"https:\/\/www.une.edu.pe\/humanidades\/decano-directores-y-coordinadores\/","title":{"rendered":"DECANO, DIRECTORES Y COORDINADORES"},"content":{"rendered":"\t\t<div data-elementor-type=\"wp-post\" data-elementor-id=\"4302\" class=\"elementor elementor-4302\">\n\t\t\t\t\t\t<section class=\"elementor-section elementor-top-section elementor-element elementor-element-22c4eda elementor-section-boxed elementor-section-height-default elementor-section-height-default\" data-id=\"22c4eda\" data-element_type=\"section\" data-e-type=\"section\">\n\t\t\t\t\t\t<div class=\"elementor-container elementor-column-gap-default\">\n\t\t\t\t\t<div class=\"elementor-column elementor-col-100 elementor-top-column elementor-element elementor-element-a5fa67a\" data-id=\"a5fa67a\" data-element_type=\"column\" data-e-type=\"column\">\n\t\t\t<div class=\"elementor-widget-wrap elementor-element-populated\">\n\t\t\t\t\t\t<div class=\"elementor-element elementor-element-2fc41d7 elementor-widget elementor-widget-text-editor\" data-id=\"2fc41d7\" data-element_type=\"widget\" data-e-type=\"widget\" data-widget_type=\"text-editor.default\">\n\t\t\t\t<div class=\"elementor-widget-container\">\n\t\t\t\t\t\t\t\t\t<table border=\"1\" width=\"680\" cellspacing=\"0\" cellpadding=\"0\" align=\"left\"><tbody><tr><td valign=\"top\" bgcolor=\"#003366\" width=\"284\"><p align=\"center\"><span style=\"color: #ffffff;\"><strong>DIRECTORES<\/strong><\/span><\/p><\/td><td valign=\"top\" bgcolor=\"#003366\" width=\"255\"><p align=\"center\"><span style=\"color: #ffffff;\"><strong>CARGO<\/strong><\/span><\/p><\/td><td valign=\"top\" bgcolor=\"#003366\" width=\"142\"><p align=\"center\"><span style=\"color: #ffffff;\"><strong>CELULAR<\/strong><\/span><\/p><\/td><\/tr><tr><td valign=\"top\" width=\"284\"><p><em>\u00a0<\/em><em>Dr. <\/em><em>\u00a0Francisco Jos\u00e9 Olano Mart\u00ednez<\/em><\/p><\/td><td valign=\"top\" width=\"255\"><p align=\"center\"><em>DECANO<\/em><\/p><\/td><td valign=\"top\" width=\"142\"><p align=\"center\">969680545<\/p><\/td><\/tr><tr><td valign=\"top\" width=\"284\"><p><em>Dr. Gil Gumercindo Quillama Virto<\/em><\/p><\/td><td valign=\"top\" width=\"255\"><p align=\"center\"><em>DIRECTOR DE LA ESCUELA PROFESIONAL DE CIENCIAS SOCIALES<\/em><\/p><\/td><td valign=\"top\" width=\"142\"><p align=\"center\">974121716<\/p><\/td><\/tr><tr><td valign=\"top\" width=\"284\"><p><em>Dr. Julio Daniel Pe\u00f1a Corahua<\/em><\/p><\/td><td valign=\"top\" width=\"255\"><p align=\"center\"><em>DIRECTOR DE LA ESCUELA PROFESIONAL DE\u00a0 HUMANIDADES Y LENGUAS NATIVAS<\/em><\/p><\/td><td valign=\"top\" width=\"142\"><p align=\"center\">997036916<\/p><\/td><\/tr><tr><td valign=\"top\" width=\"284\"><p><em>Dra. Haydee Flores Pi\u00f1as<\/em><\/p><\/td><td valign=\"top\" width=\"255\"><p align=\"center\"><em>DIRECTORA (e )\u00a0 DE LA ESCUELA PROFESIONAL DE\u00a0 LENGUAS EXTRANJERAS<\/em><\/p><\/td><td valign=\"top\" width=\"142\"><p align=\"center\">932310638<\/p><\/td><\/tr><tr><td valign=\"top\" width=\"284\"><p><em>Dra. Mar\u00eda F\u00e1tima Salas Andia<\/em><\/p><\/td><td valign=\"top\" width=\"255\"><p align=\"center\"><em>DIRECTORA \u00a0( e) DE LA ESCUELA PROFESIONAL DE EDUCACI\u00d3N ART\u00cdSTICA<\/em><\/p><\/td><td valign=\"top\" width=\"142\"><p align=\"center\">996048593<\/p><\/td><\/tr><tr><td valign=\"top\" width=\"284\"><p><em>Dr. Cesar Cobos Ruiz<\/em><\/p><\/td><td valign=\"top\" width=\"255\"><p align=\"center\"><em>DIRECTOR DEL DEPARTAMENTO ACAD\u00c9MICO DE HISTORIA Y\u00a0 GEOGRAF\u00cdA<\/em><\/p><\/td><td valign=\"top\" width=\"142\"><p align=\"center\">902173346<\/p><\/td><\/tr><tr><td valign=\"top\" width=\"284\"><p><em>Dr. Vladimiro Del Castillo Narro<\/em><\/p><\/td><td valign=\"top\" width=\"255\"><p align=\"center\"><em>DIRECTOR DEL DEPARTAMENTO ACAD\u00c9MICO DE PSICOLOG\u00cdA Y FILOSOF\u00cdA<\/em><\/p><\/td><td valign=\"top\" width=\"142\"><p align=\"center\">993395941<\/p><\/td><\/tr><tr><td valign=\"top\" width=\"284\"><p><em>Dr. Jacinto Miguel Arribasplata Cabanillas<\/em><\/p><\/td><td valign=\"top\" width=\"255\"><p align=\"center\"><em>DIRECTOR DEL DEPARTAMENTO ACAD\u00c9MICO DE\u00a0 COMUNICACI\u00d3N Y LENGUAS NATIVAS<\/em><\/p><\/td><td valign=\"top\" width=\"142\"><p align=\"center\">954798163<\/p><\/td><\/tr><tr><td valign=\"top\" width=\"284\"><p><em>Dra. Liliana Isabel Castillo Vento<\/em><\/p><\/td><td valign=\"top\" width=\"255\"><p align=\"center\"><em>DIRECTORA DEL DEPARTAMENTO ACAD\u00c9MICO DE\u00a0 LENGUAS EXTRANJERAS <\/em><\/p><\/td><td valign=\"top\" width=\"142\"><p align=\"center\">949231375<\/p><\/td><\/tr><tr><td valign=\"top\" width=\"284\"><p><em>Dr. Ricardo Benigno Borja Meza<\/em><\/p><\/td><td valign=\"top\" width=\"255\"><p align=\"center\"><em>DIRECTOR DEL DEPARTAMENTO ACAD\u00c9MICO DE EDUCACI\u00d3N ART\u00cdSTICA<\/em><\/p><\/td><td valign=\"top\" width=\"142\"><p align=\"center\">945934760<\/p><\/td><\/tr><tr><td valign=\"top\" width=\"284\"><p><em>Dr. Luis Magno Barrios Tinoco <\/em><\/p><\/td><td valign=\"top\" width=\"255\"><p align=\"center\"><em>DIRECTOR DE LA UNIDAD DE POSGRADO<\/em><\/p><\/td><td valign=\"top\" width=\"142\"><p align=\"center\">992776260<\/p><\/td><\/tr><tr><td valign=\"top\" width=\"284\"><p><em>Dra. Gloria Idrogo Barboza<\/em><\/p><\/td><td valign=\"top\" width=\"255\"><p align=\"center\"><em>DIRECTORA DE LA UNIDAD DE INVESTIGACION <\/em><\/p><\/td><td valign=\"top\" width=\"142\"><p align=\"center\">966395762<\/p><\/td><\/tr><tr><td valign=\"top\" width=\"284\"><p><em>Dra. Irene Roxana Abad Lizama<\/em><\/p><\/td><td valign=\"top\" width=\"255\"><p align=\"center\"><em>COORDINADORA DE LA PR\u00c1CTICA PREPROFESIONAL <\/em><\/p><\/td><td valign=\"top\" width=\"142\"><p align=\"center\">956499066<\/p><\/td><\/tr><tr><td valign=\"top\" width=\"284\"><p><em>Dr. Augusto Alejandro Huari Nolazco<\/em><\/p><\/td><td valign=\"top\" width=\"255\"><p align=\"center\"><em>COORDINADOR DEL PROGRAMA DE SEGUNDA ESPECIALIDAD PROFESIONAL<\/em><\/p><\/td><td valign=\"top\" width=\"142\"><p align=\"center\">968270275<\/p><\/td><\/tr><tr><td valign=\"top\" width=\"284\"><p><em>Dra. Yvana Mireya Carbajal Llanos<\/em><\/p><\/td><td valign=\"top\" width=\"255\"><p align=\"center\"><em>COORDINADORA DE COOPERACION NACIONAL E INTERNACIONAL<\/em><\/p><\/td><td valign=\"top\" width=\"142\"><p align=\"center\">970645097<\/p><\/td><\/tr><tr><td valign=\"top\" width=\"284\"><p><em>Dra. Flor de Mar\u00eda Luis Oroncoy<\/em><\/p><\/td><td valign=\"top\" width=\"255\"><p align=\"center\"><em>COORDINADORA DE EXTENSI\u00d3N CULTURAL Y PROYECCI\u00d3N SOCIAL<\/em><\/p><\/td><td valign=\"top\" width=\"142\"><p align=\"center\">996112559<\/p><\/td><\/tr><tr><td valign=\"top\" width=\"284\"><p><em>Dra. Edith Nohimy Carrasco Paredes<\/em><\/p><\/td><td valign=\"top\" width=\"255\"><p align=\"center\"><em>COORDINADORA DE TUTORIA Y CONSEJER\u00cdA<\/em><\/p><\/td><td valign=\"top\" width=\"142\"><p align=\"center\">997615747<\/p><\/td><\/tr><tr><td valign=\"top\" width=\"284\"><p><em>Dra. Mari Inocencia Panta Chunga<\/em><\/p><\/td><td valign=\"top\" width=\"255\"><p align=\"center\"><em>COORDINADORA DE\u00a0 CALIDAD Y ACREDITACI\u00d3N ACAD\u00c9MICA<\/em><\/p><\/td><td valign=\"top\" width=\"142\"><p align=\"center\">945734000<\/p><\/td><\/tr><tr><td valign=\"top\" width=\"284\"><p><em>Mg. Domingo Dom\u00ednguez Mendieta<\/em><\/p><\/td><td valign=\"top\" width=\"255\"><p align=\"center\"><em>COORDINADOR DE\u00a0 FORMACION CONTINUA<\/em><\/p><\/td><td valign=\"top\" width=\"142\"><p align=\"center\">998788220<\/p><\/td><\/tr><tr><td valign=\"top\" width=\"284\"><p><em>Mg. Rodolfo Alberto Inti Oropeza<\/em><\/p><\/td><td valign=\"top\" width=\"255\"><p align=\"center\"><em>COORDINADOR DEL LABORATORIO DE INFORM\u00c1TICA Y AUDIOVISUALES<\/em><\/p><\/td><td valign=\"top\" width=\"142\"><p align=\"center\">952821029<\/p><\/td><\/tr><\/tbody><\/table>\t\t\t\t\t\t\t\t<\/div>\n\t\t\t\t<\/div>\n\t\t\t\t\t<\/div>\n\t\t<\/div>\n\t\t\t\t\t<\/div>\n\t\t<\/section>\n\t\t\t\t<\/div>\n\t\t","protected":false},"excerpt":{"rendered":"<p>DIRECTORES CARGO CELULAR \u00a0Dr. \u00a0Francisco Jos\u00e9 Olano Mart\u00ednez DECANO 969680545 Dr. Gil Gumercindo Quillama Virto DIRECTOR DE LA ESCUELA PROFESIONAL DE CIENCIAS SOCIALES 974121716 Dr. Julio Daniel Pe\u00f1a Corahua DIRECTOR DE LA ESCUELA PROFESIONAL DE\u00a0 HUMANIDADES Y LENGUAS NATIVAS 997036916 <a href=\"https:\/\/www.une.edu.pe\/humanidades\/decano-directores-y-coordinadores\/\" class=\"read-more\">Leer m\u00e1s&#8230;<\/a><\/p>\n","protected":false},"author":3,"featured_media":0,"parent":0,"menu_order":0,"comment_status":"closed","ping_status":"closed","template":"","meta":{"footnotes":""},"class_list":["post-4302","page","type-page","status-publish","hentry"],"_links":{"self":[{"href":"https:\/\/www.une.edu.pe\/humanidades\/wp-json\/wp\/v2\/pages\/4302","targetHints":{"allow":["GET"]}}],"collection":[{"href":"https:\/\/www.une.edu.pe\/humanidades\/wp-json\/wp\/v2\/pages"}],"about":[{"href":"https:\/\/www.une.edu.pe\/humanidades\/wp-json\/wp\/v2\/types\/page"}],"author":[{"embeddable":true,"href":"https:\/\/www.une.edu.pe\/humanidades\/wp-json\/wp\/v2\/users\/3"}],"replies":[{"embeddable":true,"href":"https:\/\/www.une.edu.pe\/humanidades\/wp-json\/wp\/v2\/comments?post=4302"}],"version-history":[{"count":4,"href":"https:\/\/www.une.edu.pe\/humanidades\/wp-json\/wp\/v2\/pages\/4302\/revisions"}],"predecessor-version":[{"id":4349,"href":"https:\/\/www.une.edu.pe\/humanidades\/wp-json\/wp\/v2\/pages\/4302\/revisions\/4349"}],"wp:attachment":[{"href":"https:\/\/www.une.edu.pe\/humanidades\/wp-json\/wp\/v2\/media?parent=4302"}],"curies":[{"name":"wp","href":"https:\/\/api.w.org\/{rel}","templated":true}]}}