{"id":4181,"date":"2020-10-30T02:24:00","date_gmt":"2020-10-30T01:24:00","guid":{"rendered":"http:\/\/www.une.edu.pe\/humanidades\/?page_id=4181"},"modified":"2022-05-24T23:29:35","modified_gmt":"2022-05-25T04:29:35","slug":"consultas","status":"publish","type":"page","link":"https:\/\/www.une.edu.pe\/humanidades\/consultas\/","title":{"rendered":"Consultas"},"content":{"rendered":"\t\t<div data-elementor-type=\"wp-post\" data-elementor-id=\"4181\" class=\"elementor elementor-4181\">\n\t\t\t\t\t\t<section class=\"elementor-section elementor-top-section elementor-element elementor-element-b50f666 elementor-section-boxed elementor-section-height-default elementor-section-height-default\" data-id=\"b50f666\" data-element_type=\"section\" data-e-type=\"section\">\n\t\t\t\t\t\t<div class=\"elementor-container elementor-column-gap-default\">\n\t\t\t\t\t<div class=\"elementor-column elementor-col-100 elementor-top-column elementor-element elementor-element-617da27\" data-id=\"617da27\" data-element_type=\"column\" data-e-type=\"column\">\n\t\t\t<div class=\"elementor-widget-wrap elementor-element-populated\">\n\t\t\t\t\t\t<div class=\"elementor-element elementor-element-5e316d1 elementor-widget elementor-widget-image\" data-id=\"5e316d1\" data-element_type=\"widget\" data-e-type=\"widget\" data-widget_type=\"image.default\">\n\t\t\t\t<div class=\"elementor-widget-container\">\n\t\t\t\t\t\t\t\t\t\t\t\t\t\t\t<img fetchpriority=\"high\" decoding=\"async\" width=\"847\" height=\"481\" src=\"https:\/\/www.une.edu.pe\/humanidades\/wp-content\/uploads\/2022\/03\/HUM1-1024x582.png\" class=\"attachment-large size-large wp-image-6531\" alt=\"\" srcset=\"https:\/\/www.une.edu.pe\/humanidades\/wp-content\/uploads\/2022\/03\/HUM1-1024x582.png 1024w, https:\/\/www.une.edu.pe\/humanidades\/wp-content\/uploads\/2022\/03\/HUM1-300x171.png 300w, https:\/\/www.une.edu.pe\/humanidades\/wp-content\/uploads\/2022\/03\/HUM1-768x436.png 768w, https:\/\/www.une.edu.pe\/humanidades\/wp-content\/uploads\/2022\/03\/HUM1-360x205.png 360w, https:\/\/www.une.edu.pe\/humanidades\/wp-content\/uploads\/2022\/03\/HUM1.png 1112w\" sizes=\"(max-width: 847px) 100vw, 847px\" \/>\t\t\t\t\t\t\t\t\t\t\t\t\t\t\t<\/div>\n\t\t\t\t<\/div>\n\t\t\t\t\t<\/div>\n\t\t<\/div>\n\t\t\t\t\t<\/div>\n\t\t<\/section>\n\t\t\t\t<section class=\"elementor-section elementor-top-section elementor-element elementor-element-1a26130 elementor-section-boxed elementor-section-height-default elementor-section-height-default\" data-id=\"1a26130\" data-element_type=\"section\" data-e-type=\"section\">\n\t\t\t\t\t\t<div class=\"elementor-container elementor-column-gap-default\">\n\t\t\t\t\t<div class=\"elementor-column elementor-col-100 elementor-top-column elementor-element elementor-element-d6c13f2\" data-id=\"d6c13f2\" data-element_type=\"column\" data-e-type=\"column\">\n\t\t\t<div class=\"elementor-widget-wrap elementor-element-populated\">\n\t\t\t\t\t\t<div class=\"elementor-element elementor-element-a4ab2ad elementor-widget elementor-widget-image\" data-id=\"a4ab2ad\" data-element_type=\"widget\" data-e-type=\"widget\" data-widget_type=\"image.default\">\n\t\t\t\t<div class=\"elementor-widget-container\">\n\t\t\t\t\t\t\t\t\t\t\t\t\t\t\t<img decoding=\"async\" width=\"847\" height=\"483\" src=\"https:\/\/www.une.edu.pe\/humanidades\/wp-content\/uploads\/2022\/03\/HUM2-1024x584.png\" class=\"attachment-large size-large wp-image-6533\" alt=\"\" srcset=\"https:\/\/www.une.edu.pe\/humanidades\/wp-content\/uploads\/2022\/03\/HUM2-1024x584.png 1024w, https:\/\/www.une.edu.pe\/humanidades\/wp-content\/uploads\/2022\/03\/HUM2-300x171.png 300w, https:\/\/www.une.edu.pe\/humanidades\/wp-content\/uploads\/2022\/03\/HUM2-768x438.png 768w, https:\/\/www.une.edu.pe\/humanidades\/wp-content\/uploads\/2022\/03\/HUM2-360x205.png 360w, https:\/\/www.une.edu.pe\/humanidades\/wp-content\/uploads\/2022\/03\/HUM2.png 1103w\" sizes=\"(max-width: 847px) 100vw, 847px\" \/>\t\t\t\t\t\t\t\t\t\t\t\t\t\t\t<\/div>\n\t\t\t\t<\/div>\n\t\t\t\t\t<\/div>\n\t\t<\/div>\n\t\t\t\t\t<\/div>\n\t\t<\/section>\n\t\t\t\t<section class=\"elementor-section elementor-top-section elementor-element elementor-element-350bd21 elementor-section-boxed elementor-section-height-default elementor-section-height-default\" data-id=\"350bd21\" data-element_type=\"section\" data-e-type=\"section\">\n\t\t\t\t\t\t<div class=\"elementor-container elementor-column-gap-default\">\n\t\t\t\t\t<div class=\"elementor-column elementor-col-100 elementor-top-column elementor-element elementor-element-3e25cff\" data-id=\"3e25cff\" data-element_type=\"column\" data-e-type=\"column\">\n\t\t\t<div class=\"elementor-widget-wrap elementor-element-populated\">\n\t\t\t\t\t\t<div class=\"elementor-element elementor-element-d6eaf5b elementor-widget elementor-widget-image\" data-id=\"d6eaf5b\" data-element_type=\"widget\" data-e-type=\"widget\" data-widget_type=\"image.default\">\n\t\t\t\t<div class=\"elementor-widget-container\">\n\t\t\t\t\t\t\t\t\t\t\t\t\t\t\t<img decoding=\"async\" width=\"847\" height=\"474\" src=\"https:\/\/www.une.edu.pe\/humanidades\/wp-content\/uploads\/2022\/02\/ee.png\" class=\"attachment-large size-large wp-image-6519\" alt=\"\" srcset=\"https:\/\/www.une.edu.pe\/humanidades\/wp-content\/uploads\/2022\/02\/ee.png 957w, https:\/\/www.une.edu.pe\/humanidades\/wp-content\/uploads\/2022\/02\/ee-300x168.png 300w, https:\/\/www.une.edu.pe\/humanidades\/wp-content\/uploads\/2022\/02\/ee-768x429.png 768w, https:\/\/www.une.edu.pe\/humanidades\/wp-content\/uploads\/2022\/02\/ee-360x201.png 360w\" sizes=\"(max-width: 847px) 100vw, 847px\" \/>\t\t\t\t\t\t\t\t\t\t\t\t\t\t\t<\/div>\n\t\t\t\t<\/div>\n\t\t\t\t\t<\/div>\n\t\t<\/div>\n\t\t\t\t\t<\/div>\n\t\t<\/section>\n\t\t\t\t<section class=\"elementor-section elementor-top-section elementor-element elementor-element-2a1b675 elementor-section-boxed elementor-section-height-default elementor-section-height-default\" data-id=\"2a1b675\" data-element_type=\"section\" data-e-type=\"section\">\n\t\t\t\t\t\t<div class=\"elementor-container elementor-column-gap-default\">\n\t\t\t\t\t<div class=\"elementor-column elementor-col-50 elementor-top-column elementor-element elementor-element-a2cbbc6\" data-id=\"a2cbbc6\" data-element_type=\"column\" data-e-type=\"column\">\n\t\t\t<div class=\"elementor-widget-wrap elementor-element-populated\">\n\t\t\t\t\t\t<div class=\"elementor-element elementor-element-60071dc elementor-align-center elementor-widget elementor-widget-button\" data-id=\"60071dc\" data-element_type=\"widget\" data-e-type=\"widget\" data-widget_type=\"button.default\">\n\t\t\t\t<div class=\"elementor-widget-container\">\n\t\t\t\t\t\t\t\t\t<div class=\"elementor-button-wrapper\">\n\t\t\t\t\t<a class=\"elementor-button elementor-button-link elementor-size-sm\" href=\"http:\/\/www.une.edu.pe\/humanidades\/wp-content\/uploads\/2022\/05\/TASAS-EDUCATIVAS-2022-.pdf\" target=\"_blank\">\n\t\t\t\t\t\t<span class=\"elementor-button-content-wrapper\">\n\t\t\t\t\t\t\t\t\t<span class=\"elementor-button-text\">C\u00d3DIGOS TARIFARIOS<\/span>\n\t\t\t\t\t<\/span>\n\t\t\t\t\t<\/a>\n\t\t\t\t<\/div>\n\t\t\t\t\t\t\t\t<\/div>\n\t\t\t\t<\/div>\n\t\t\t\t\t<\/div>\n\t\t<\/div>\n\t\t\t\t<div class=\"elementor-column elementor-col-50 elementor-top-column elementor-element elementor-element-fffae33\" data-id=\"fffae33\" data-element_type=\"column\" data-e-type=\"column\">\n\t\t\t<div class=\"elementor-widget-wrap elementor-element-populated\">\n\t\t\t\t\t\t<div class=\"elementor-element elementor-element-321e763 elementor-align-center elementor-widget elementor-widget-button\" data-id=\"321e763\" data-element_type=\"widget\" data-e-type=\"widget\" data-widget_type=\"button.default\">\n\t\t\t\t<div class=\"elementor-widget-container\">\n\t\t\t\t\t\t\t\t\t<div class=\"elementor-button-wrapper\">\n\t\t\t\t\t<a class=\"elementor-button elementor-button-link elementor-size-sm\" href=\"http:\/\/www.une.edu.pe\/humanidades\/modelo-de-solicitud\" target=\"_blank\">\n\t\t\t\t\t\t<span class=\"elementor-button-content-wrapper\">\n\t\t\t\t\t\t\t\t\t<span class=\"elementor-button-text\">MODELO DE SOLICITUD<\/span>\n\t\t\t\t\t<\/span>\n\t\t\t\t\t<\/a>\n\t\t\t\t<\/div>\n\t\t\t\t\t\t\t\t<\/div>\n\t\t\t\t<\/div>\n\t\t\t\t\t<\/div>\n\t\t<\/div>\n\t\t\t\t\t<\/div>\n\t\t<\/section>\n\t\t\t\t<section class=\"elementor-section elementor-top-section elementor-element elementor-element-295e6c8 elementor-section-boxed elementor-section-height-default elementor-section-height-default\" data-id=\"295e6c8\" data-element_type=\"section\" data-e-type=\"section\">\n\t\t\t\t\t\t<div class=\"elementor-container elementor-column-gap-default\">\n\t\t\t\t\t<div class=\"elementor-column elementor-col-100 elementor-top-column elementor-element elementor-element-c49634e\" data-id=\"c49634e\" data-element_type=\"column\" data-e-type=\"column\">\n\t\t\t<div class=\"elementor-widget-wrap elementor-element-populated\">\n\t\t\t\t\t\t<div class=\"elementor-element elementor-element-4dc4214 elementor-widget-divider--view-line elementor-widget elementor-widget-divider\" data-id=\"4dc4214\" data-element_type=\"widget\" data-e-type=\"widget\" data-widget_type=\"divider.default\">\n\t\t\t\t<div class=\"elementor-widget-container\">\n\t\t\t\t\t\t\t<div class=\"elementor-divider\">\n\t\t\t<span class=\"elementor-divider-separator\">\n\t\t\t\t\t\t<\/span>\n\t\t<\/div>\n\t\t\t\t\t\t<\/div>\n\t\t\t\t<\/div>\n\t\t\t\t\t<\/div>\n\t\t<\/div>\n\t\t\t\t\t<\/div>\n\t\t<\/section>\n\t\t\t\t<section class=\"elementor-section elementor-top-section elementor-element elementor-element-06f3018 elementor-section-boxed elementor-section-height-default elementor-section-height-default\" data-id=\"06f3018\" data-element_type=\"section\" data-e-type=\"section\">\n\t\t\t\t\t\t<div class=\"elementor-container elementor-column-gap-default\">\n\t\t\t\t\t<div class=\"elementor-column elementor-col-100 elementor-top-column elementor-element elementor-element-a2ad016\" data-id=\"a2ad016\" data-element_type=\"column\" data-e-type=\"column\">\n\t\t\t<div class=\"elementor-widget-wrap\">\n\t\t\t\t\t\t\t<\/div>\n\t\t<\/div>\n\t\t\t\t\t<\/div>\n\t\t<\/section>\n\t\t\t\t<\/div>\n\t\t","protected":false},"excerpt":{"rendered":"<p>C\u00d3DIGOS TARIFARIOS MODELO DE SOLICITUD CARTA DE PRESENTACI\u00d3N FUT RECIBO DE PAGO X CARTA DE PRESENTACI\u00d3N ULTIMO CONSOLIDADO DE MATRICULA O R\u00c9CORD ACAD\u00c9MICO CONSTANCIA DE MATR\u00cdCULA O DE ESTUDIOS FUT RECIBO DE PAGO X LA CONSTANCIA COPIA DE CONSOLIDADO DE <a href=\"https:\/\/www.une.edu.pe\/humanidades\/consultas\/\" class=\"read-more\">Leer m\u00e1s&#8230;<\/a><\/p>\n","protected":false},"author":3,"featured_media":0,"parent":0,"menu_order":0,"comment_status":"closed","ping_status":"closed","template":"","meta":{"footnotes":""},"class_list":["post-4181","page","type-page","status-publish","hentry"],"_links":{"self":[{"href":"https:\/\/www.une.edu.pe\/humanidades\/wp-json\/wp\/v2\/pages\/4181","targetHints":{"allow":["GET"]}}],"collection":[{"href":"https:\/\/www.une.edu.pe\/humanidades\/wp-json\/wp\/v2\/pages"}],"about":[{"href":"https:\/\/www.une.edu.pe\/humanidades\/wp-json\/wp\/v2\/types\/page"}],"author":[{"embeddable":true,"href":"https:\/\/www.une.edu.pe\/humanidades\/wp-json\/wp\/v2\/users\/3"}],"replies":[{"embeddable":true,"href":"https:\/\/www.une.edu.pe\/humanidades\/wp-json\/wp\/v2\/comments?post=4181"}],"version-history":[{"count":38,"href":"https:\/\/www.une.edu.pe\/humanidades\/wp-json\/wp\/v2\/pages\/4181\/revisions"}],"predecessor-version":[{"id":6920,"href":"https:\/\/www.une.edu.pe\/humanidades\/wp-json\/wp\/v2\/pages\/4181\/revisions\/6920"}],"wp:attachment":[{"href":"https:\/\/www.une.edu.pe\/humanidades\/wp-json\/wp\/v2\/media?parent=4181"}],"curies":[{"name":"wp","href":"https:\/\/api.w.org\/{rel}","templated":true}]}}