{"id":3647,"date":"2020-05-27T17:42:41","date_gmt":"2020-05-27T15:42:41","guid":{"rendered":"http:\/\/www.une.edu.pe\/humanidades\/?page_id=3647"},"modified":"2020-05-27T17:44:57","modified_gmt":"2020-05-27T15:44:57","slug":"directorio-de-directores-y-coordinadores","status":"publish","type":"page","link":"https:\/\/www.une.edu.pe\/humanidades\/directorio-de-directores-y-coordinadores\/","title":{"rendered":"DIRECTORIO DE DIRECTORES Y COORDINADORES"},"content":{"rendered":"\t\t<div data-elementor-type=\"wp-post\" data-elementor-id=\"3647\" class=\"elementor elementor-3647\">\n\t\t\t\t\t\t<section class=\"elementor-section elementor-top-section elementor-element elementor-element-6dde9fd elementor-section-boxed elementor-section-height-default elementor-section-height-default\" data-id=\"6dde9fd\" data-element_type=\"section\" data-e-type=\"section\">\n\t\t\t\t\t\t<div class=\"elementor-container elementor-column-gap-default\">\n\t\t\t\t\t<div class=\"elementor-column elementor-col-100 elementor-top-column elementor-element elementor-element-c357516\" data-id=\"c357516\" data-element_type=\"column\" data-e-type=\"column\">\n\t\t\t<div class=\"elementor-widget-wrap elementor-element-populated\">\n\t\t\t\t\t\t<div class=\"elementor-element elementor-element-656ad35 elementor-widget elementor-widget-html\" data-id=\"656ad35\" data-element_type=\"widget\" data-e-type=\"widget\" data-widget_type=\"html.default\">\n\t\t\t\t<div class=\"elementor-widget-container\">\n\t\t\t\t\t<table border=\"2\" cellspacing=\"0\" cellpadding=\"0\" align=\"left\" width=\"680\">\n  <tr>\n    <td width=\"284\" valign=\"middle\" bgcolor=\"#003366\"><p align=\"center\" style=\"color:white\"><strong>DIRECTORES<\/strong><\/p><\/td>\n    <td width=\"236\" bgcolor=\"#003366\"><p align=\"center\" style=\"color:white\"><strong>CARGO<\/strong><\/p><\/td>\n    <td width=\"161\" bgcolor=\"#003366\"><p align=\"center\" style=\"color:white\"><strong>CELULAR<\/strong><\/p><\/td>\n  <\/tr>\n  <tr>\n    <td width=\"284\" valign=\"top\"><p>Dr. Cesar Cobos Ruiz<\/p><\/td>\n    <td width=\"236\" valign=\"top\"><p align=\"center\">DECANO<\/p><\/td>\n    <td width=\"161\" valign=\"top\"><p align=\"center\">943060145<\/p><\/td>\n  <\/tr>\n  <tr>\n    <td width=\"284\" valign=\"top\"><p>Dr.    Gil Gumercindo Quillama Virto<\/p><\/td>\n    <td width=\"236\" valign=\"top\"><p align=\"center\">DIRECTOR DE LA ESCUELA PROFESIONAL DE CIENCIAS    SOCIALES<\/p><\/td>\n    <td width=\"161\" valign=\"top\"><p align=\"center\">974121716<\/p><\/td>\n  <\/tr>\n  <tr>\n    <td width=\"284\" valign=\"top\"><p><em>Dr.    Julio Daniel Pe\u00f1a Corahua<\/em><\/p><\/td>\n    <td width=\"236\" valign=\"top\"><p align=\"center\">DIRECTOR DE LA ESCUELA PROFESIONAL DE\u00a0 COMUNICACI\u00d3N Y LENGUAS NATIVAS<\/p><\/td>\n    <td width=\"161\" valign=\"top\"><p align=\"center\">997036916<\/p><\/td>\n  <\/tr>\n  <tr>\n    <td width=\"284\" valign=\"top\"><p>Dr.    H\u00e9ctor\u00a0 Esteban Gatillon Palacios<\/p><\/td>\n    <td width=\"236\" valign=\"top\"><p align=\"center\">DIRECTOR\u00a0 DE    LA ESCUELA PROFESIONAL DE\u00a0 LENGUAS    EXTRANJERAS<\/p><\/td>\n    <td width=\"161\" valign=\"top\"><p align=\"center\">920600351<\/p><\/td>\n  <\/tr>\n  <tr>\n    <td width=\"284\" valign=\"top\"><p>Dr.    Ricardo Benigno Borja Meza<\/p><\/td>\n    <td width=\"236\" valign=\"top\"><p align=\"center\">DIRECTOR DE LA ESCUELA PROFESIONAL DE EDUCACI\u00d3N    ART\u00cdSTICA<\/p><\/td>\n    <td width=\"161\" valign=\"top\"><p align=\"center\">945934760<\/p><\/td>\n  <\/tr>\n  <tr>\n    <td width=\"284\" valign=\"top\"><p>Dr.    V\u00edctor Ra\u00fal Torres Tello<\/p><\/td>\n    <td width=\"236\" valign=\"top\"><p align=\"center\">DIRECTOR DEL DEPARTAMENTO ACAD\u00c9MICO DE HISTORIA    Y\u00a0 GEOGRAF\u00cdA<\/p><\/td>\n    <td width=\"161\" valign=\"top\"><p align=\"center\">985059690<\/p><\/td>\n  <\/tr>\n  <tr>\n    <td width=\"284\" valign=\"top\"><p>Dr.    Vladimiro Del Castillo Narro<\/p><\/td>\n    <td width=\"236\" valign=\"top\"><p align=\"center\">DIRECTOR DEL DEPARTAMENTO ACAD\u00c9MICO DE PSICOLOG\u00cdA    Y FILOSOF\u00cdA<\/p><\/td>\n    <td width=\"161\" valign=\"top\"><p align=\"center\">993395941<\/p><\/td>\n  <\/tr>\n  <tr>\n    <td width=\"284\" valign=\"top\"><p>Dr.    Jorge Victorio Echavarr\u00eda<\/p><\/td>\n    <td width=\"236\" valign=\"top\"><p align=\"center\">DIRECTOR DEL DEPARTAMENTO ACAD\u00c9MICO DE\u00a0 COMUNICACI\u00d3N Y LENGUAS NATIVAS<\/p><\/td>\n    <td width=\"161\" valign=\"top\"><p align=\"center\">999096649<\/p><\/td>\n  <\/tr>\n  <tr>\n    <td width=\"284\" valign=\"top\"><p>Dra.    Liliana Isabel Castillo Vento<\/p><\/td>\n    <td width=\"236\" valign=\"top\"><p align=\"center\">DIRECTORA\u00a0    (e) DEL DEPARTAMENTO ACAD\u00c9MICO DE\u00a0    LENGUAS EXTRANJERAS Y EDUCACI\u00d3N ARTISTICA<\/p><\/td>\n    <td width=\"161\" valign=\"top\"><p align=\"center\">949231375<\/p><\/td>\n  <\/tr>\n  <tr>\n    <td width=\"284\" valign=\"top\"><p>Dr.    Luis Magno Barrios Tinoco<\/p><\/td>\n    <td width=\"236\" valign=\"top\"><p align=\"center\">DIRECTOR DE LA UNIDAD DE POSGRADO \u2013 FCSYH<\/p><\/td>\n    <td width=\"161\" valign=\"top\"><p align=\"center\">992776260<\/p><\/td>\n  <\/tr>\n  <tr>\n    <td width=\"284\" valign=\"top\"><p>Dra.    Gloria Idrogo Barboza<\/p><\/td>\n    <td width=\"236\" valign=\"top\"><p align=\"center\">DIRECTORA DE LA UNIDAD DE INVESTIGACION DE LA    FCSYH<\/p><\/td>\n    <td width=\"161\" valign=\"top\"><p align=\"center\">966395762<\/p><\/td>\n  <\/tr>\n  <tr>\n    <td width=\"284\" valign=\"top\"><p>Dr.    Rolando Fernando Zambrano Arce<\/p><\/td>\n    <td width=\"236\" valign=\"top\"><p align=\"center\">COORDINADOR DE LA PR\u00c1CTICA PROFESIONAL \u2013 FCSYH<\/p><\/td>\n    <td width=\"161\" valign=\"top\"><p align=\"center\">994368607<\/p><\/td>\n  <\/tr>\n  <tr>\n    <td width=\"284\" valign=\"top\"><p>Dr.    Augusto Alejandro Huari Nolazco<\/p><\/td>\n    <td width=\"236\" valign=\"top\"><p align=\"center\">COORDINADOR DEL PROGRAMA DE SEGUNDA ESPECIALIDAD    PROFESIONAL<\/p><\/td>\n    <td width=\"161\" valign=\"top\"><p align=\"center\">968270275<\/p><\/td>\n  <\/tr>\n  <tr>\n    <td width=\"284\" valign=\"top\"><p>Dra.    Yvana Mireya Carbajal Llanos<\/p><\/td>\n    <td width=\"236\" valign=\"top\"><p align=\"center\">COORDINADORA DE COOPERACION NACIONAL E    INTERNACIONAL<\/p><\/td>\n    <td width=\"161\" valign=\"top\"><p align=\"center\">970645097<\/p><\/td>\n  <\/tr>\n  <tr>\n    <td width=\"284\" valign=\"top\"><p>Dra.    Giovanna Sonia Guti\u00e9rrez Narrea<\/p><\/td>\n    <td width=\"236\" valign=\"top\"><p align=\"center\">COORDINADORA DE EXTENSI\u00d3N CULTURAL Y PROYECCI\u00d3N    SOCIAL<\/p><\/td>\n    <td width=\"161\" valign=\"top\"><p align=\"center\">940257627<\/p><\/td>\n  <\/tr>\n  <tr>\n    <td width=\"284\" valign=\"top\"><p>Dr.    Juan Zecenarro Vilca<\/p><\/td>\n    <td width=\"236\" valign=\"top\"><p align=\"center\">COORDINADOR DE TUTORIA Y CONSEJER\u00cdA<\/p><\/td>\n    <td width=\"161\" valign=\"top\"><p align=\"center\">951731282<\/p><\/td>\n  <\/tr>\n  <tr>\n    <td width=\"284\" valign=\"top\"><p>Dr.    Pedro Alejandro Arambur\u00fa Oca\u00f1a<\/p><\/td>\n    <td width=\"236\" valign=\"top\"><p align=\"center\">COORDINADOR DE\u00a0    CALIDAD Y ACREDITACI\u00d3N ACAD\u00c9MICA<\/p><\/td>\n    <td width=\"161\" valign=\"top\"><p align=\"center\">996866944<\/p><\/td>\n  <\/tr>\n  <tr>\n    <td width=\"284\" valign=\"top\"><p>Mg.    Domingo Dom\u00ednguez Mendieta<\/p><\/td>\n    <td width=\"236\" valign=\"top\"><p align=\"center\">COORDINADOR DE\u00a0    FORMACION CONTINUA<\/p><\/td>\n    <td width=\"161\" valign=\"top\"><p align=\"center\">998788220<\/p><\/td>\n  <\/tr>\n  <tr>\n    <td width=\"284\" valign=\"top\"><p>Dra.    Edith Nohimy Carrasco Paredes<\/p><\/td>\n    <td width=\"236\" valign=\"top\"><p align=\"center\">COORDINADORA DE TALLERES O LABORATORIOS<\/p><\/td>\n    <td width=\"161\" valign=\"top\"><p align=\"center\">997615747<\/p><\/td>\n  <\/tr>\n<\/table>\t\t\t\t<\/div>\n\t\t\t\t<\/div>\n\t\t\t\t\t<\/div>\n\t\t<\/div>\n\t\t\t\t\t<\/div>\n\t\t<\/section>\n\t\t\t\t<\/div>\n\t\t","protected":false},"excerpt":{"rendered":"<p>DIRECTORES CARGO CELULAR Dr. Cesar Cobos Ruiz DECANO 943060145 Dr. Gil Gumercindo Quillama Virto DIRECTOR DE LA ESCUELA PROFESIONAL DE CIENCIAS SOCIALES 974121716 Dr. Julio Daniel Pe\u00f1a Corahua DIRECTOR DE LA ESCUELA PROFESIONAL DE\u00a0 COMUNICACI\u00d3N Y LENGUAS NATIVAS 997036916 Dr. <a href=\"https:\/\/www.une.edu.pe\/humanidades\/directorio-de-directores-y-coordinadores\/\" class=\"read-more\">Leer m\u00e1s&#8230;<\/a><\/p>\n","protected":false},"author":3,"featured_media":0,"parent":0,"menu_order":0,"comment_status":"closed","ping_status":"closed","template":"","meta":{"footnotes":""},"class_list":["post-3647","page","type-page","status-publish","hentry"],"_links":{"self":[{"href":"https:\/\/www.une.edu.pe\/humanidades\/wp-json\/wp\/v2\/pages\/3647","targetHints":{"allow":["GET"]}}],"collection":[{"href":"https:\/\/www.une.edu.pe\/humanidades\/wp-json\/wp\/v2\/pages"}],"about":[{"href":"https:\/\/www.une.edu.pe\/humanidades\/wp-json\/wp\/v2\/types\/page"}],"author":[{"embeddable":true,"href":"https:\/\/www.une.edu.pe\/humanidades\/wp-json\/wp\/v2\/users\/3"}],"replies":[{"embeddable":true,"href":"https:\/\/www.une.edu.pe\/humanidades\/wp-json\/wp\/v2\/comments?post=3647"}],"version-history":[{"count":2,"href":"https:\/\/www.une.edu.pe\/humanidades\/wp-json\/wp\/v2\/pages\/3647\/revisions"}],"predecessor-version":[{"id":3650,"href":"https:\/\/www.une.edu.pe\/humanidades\/wp-json\/wp\/v2\/pages\/3647\/revisions\/3650"}],"wp:attachment":[{"href":"https:\/\/www.une.edu.pe\/humanidades\/wp-json\/wp\/v2\/media?parent=3647"}],"curies":[{"name":"wp","href":"https:\/\/api.w.org\/{rel}","templated":true}]}}