{"id":3429,"date":"2019-12-09T17:08:18","date_gmt":"2019-12-09T16:08:18","guid":{"rendered":"http:\/\/www.une.edu.pe\/humanidades\/?page_id=3429"},"modified":"2019-12-11T15:34:55","modified_gmt":"2019-12-11T14:34:55","slug":"lineamientos-de-politica","status":"publish","type":"page","link":"https:\/\/www.une.edu.pe\/humanidades\/lineamientos-de-politica\/","title":{"rendered":"Lineamientos de pol\u00edtica"},"content":{"rendered":"\t\t<div data-elementor-type=\"wp-post\" data-elementor-id=\"3429\" class=\"elementor elementor-3429\">\n\t\t\t\t\t\t<section class=\"elementor-section elementor-top-section elementor-element elementor-element-6c0ad5e elementor-section-boxed elementor-section-height-default elementor-section-height-default\" data-id=\"6c0ad5e\" data-element_type=\"section\" data-e-type=\"section\">\n\t\t\t\t\t\t<div class=\"elementor-container elementor-column-gap-default\">\n\t\t\t\t\t<div class=\"elementor-column elementor-col-50 elementor-top-column elementor-element elementor-element-7f62199\" data-id=\"7f62199\" data-element_type=\"column\" data-e-type=\"column\">\n\t\t\t<div class=\"elementor-widget-wrap elementor-element-populated\">\n\t\t\t\t\t\t<div class=\"elementor-element elementor-element-0053fa6 elementor-view-default elementor-widget elementor-widget-icon\" data-id=\"0053fa6\" data-element_type=\"widget\" data-e-type=\"widget\" data-widget_type=\"icon.default\">\n\t\t\t\t<div class=\"elementor-widget-container\">\n\t\t\t\t\t\t\t<div class=\"elementor-icon-wrapper\">\n\t\t\t<div class=\"elementor-icon\">\n\t\t\t<i aria-hidden=\"true\" class=\"far fa-arrow-alt-circle-right\"><\/i>\t\t\t<\/div>\n\t\t<\/div>\n\t\t\t\t\t\t<\/div>\n\t\t\t\t<\/div>\n\t\t\t\t\t<\/div>\n\t\t<\/div>\n\t\t\t\t<div class=\"elementor-column elementor-col-50 elementor-top-column elementor-element elementor-element-36c1b29\" data-id=\"36c1b29\" data-element_type=\"column\" data-e-type=\"column\">\n\t\t\t<div class=\"elementor-widget-wrap elementor-element-populated\">\n\t\t\t\t\t\t<div class=\"elementor-element elementor-element-aa6b072 elementor-widget elementor-widget-text-editor\" data-id=\"aa6b072\" data-element_type=\"widget\" data-e-type=\"widget\" data-widget_type=\"text-editor.default\">\n\t\t\t\t<div class=\"elementor-widget-container\">\n\t\t\t\t\t\t\t\t\t<p>La Facultad de Ciencias Sociales y Humanidades tiene como pol\u00edtica <b>asegurar la calidad<\/b> en la formaci\u00f3n de <b>profesionales competentes<\/b>, con principios y valores respetuosos de la verdad y el <b>libre pensamiento<\/b> dentro de una autonom\u00eda universitaria y de cogobierno comprometidos con la diversidad cultural.<\/p>\t\t\t\t\t\t\t\t<\/div>\n\t\t\t\t<\/div>\n\t\t\t\t\t<\/div>\n\t\t<\/div>\n\t\t\t\t\t<\/div>\n\t\t<\/section>\n\t\t\t\t<section class=\"elementor-section elementor-top-section elementor-element elementor-element-d26ad1b elementor-section-boxed elementor-section-height-default elementor-section-height-default\" data-id=\"d26ad1b\" data-element_type=\"section\" data-e-type=\"section\">\n\t\t\t\t\t\t<div class=\"elementor-container elementor-column-gap-default\">\n\t\t\t\t\t<div class=\"elementor-column elementor-col-50 elementor-top-column elementor-element elementor-element-f867575\" data-id=\"f867575\" data-element_type=\"column\" data-e-type=\"column\">\n\t\t\t<div class=\"elementor-widget-wrap elementor-element-populated\">\n\t\t\t\t\t\t<div class=\"elementor-element elementor-element-87561ba elementor-view-default elementor-widget elementor-widget-icon\" data-id=\"87561ba\" data-element_type=\"widget\" data-e-type=\"widget\" data-widget_type=\"icon.default\">\n\t\t\t\t<div class=\"elementor-widget-container\">\n\t\t\t\t\t\t\t<div class=\"elementor-icon-wrapper\">\n\t\t\t<div class=\"elementor-icon\">\n\t\t\t<i aria-hidden=\"true\" class=\"far fa-arrow-alt-circle-right\"><\/i>\t\t\t<\/div>\n\t\t<\/div>\n\t\t\t\t\t\t<\/div>\n\t\t\t\t<\/div>\n\t\t\t\t\t<\/div>\n\t\t<\/div>\n\t\t\t\t<div class=\"elementor-column elementor-col-50 elementor-top-column elementor-element elementor-element-fb49c8a\" data-id=\"fb49c8a\" data-element_type=\"column\" data-e-type=\"column\">\n\t\t\t<div class=\"elementor-widget-wrap elementor-element-populated\">\n\t\t\t\t\t\t<div class=\"elementor-element elementor-element-cd9d5d1 elementor-widget elementor-widget-text-editor\" data-id=\"cd9d5d1\" data-element_type=\"widget\" data-e-type=\"widget\" data-widget_type=\"text-editor.default\">\n\t\t\t\t<div class=\"elementor-widget-container\">\n\t\t\t\t\t\t\t\t\t<p>La Facultad de Ciencias Sociales y Humanidades, con el fin de desarrollarse, pone especial inter\u00e9s en una <b>gesti\u00f3n<\/b> con transparencia, con eficiencia y simplificaci\u00f3n administrativa, propiciando equidad de g\u00e9nero y responsabilidad social dentro de una <b>democracia institucional<\/b> de una <b>cultura de calidad.<\/b><\/p>\t\t\t\t\t\t\t\t<\/div>\n\t\t\t\t<\/div>\n\t\t\t\t\t<\/div>\n\t\t<\/div>\n\t\t\t\t\t<\/div>\n\t\t<\/section>\n\t\t\t\t<section class=\"elementor-section elementor-top-section elementor-element elementor-element-64e782e elementor-section-boxed elementor-section-height-default elementor-section-height-default\" data-id=\"64e782e\" data-element_type=\"section\" data-e-type=\"section\">\n\t\t\t\t\t\t<div class=\"elementor-container elementor-column-gap-default\">\n\t\t\t\t\t<div class=\"elementor-column elementor-col-50 elementor-top-column elementor-element elementor-element-09eafaa\" data-id=\"09eafaa\" data-element_type=\"column\" data-e-type=\"column\">\n\t\t\t<div class=\"elementor-widget-wrap elementor-element-populated\">\n\t\t\t\t\t\t<div class=\"elementor-element elementor-element-0aece84 elementor-view-default elementor-widget elementor-widget-icon\" data-id=\"0aece84\" data-element_type=\"widget\" data-e-type=\"widget\" data-widget_type=\"icon.default\">\n\t\t\t\t<div class=\"elementor-widget-container\">\n\t\t\t\t\t\t\t<div class=\"elementor-icon-wrapper\">\n\t\t\t<div class=\"elementor-icon\">\n\t\t\t<i aria-hidden=\"true\" class=\"far fa-arrow-alt-circle-right\"><\/i>\t\t\t<\/div>\n\t\t<\/div>\n\t\t\t\t\t\t<\/div>\n\t\t\t\t<\/div>\n\t\t\t\t\t<\/div>\n\t\t<\/div>\n\t\t\t\t<div class=\"elementor-column elementor-col-50 elementor-top-column elementor-element elementor-element-4e2dda6\" data-id=\"4e2dda6\" data-element_type=\"column\" data-e-type=\"column\">\n\t\t\t<div class=\"elementor-widget-wrap elementor-element-populated\">\n\t\t\t\t\t\t<div class=\"elementor-element elementor-element-df219d0 elementor-widget elementor-widget-text-editor\" data-id=\"df219d0\" data-element_type=\"widget\" data-e-type=\"widget\" data-widget_type=\"text-editor.default\">\n\t\t\t\t<div class=\"elementor-widget-container\">\n\t\t\t\t\t\t\t\t\t<p>La Facultad de Ciencias Sociales y Humanidades comprometida con el desarrollo de la sociedad fomentando la investigaci\u00f3n cient\u00edfica, human\u00edstica e innovadora, con esp\u00edritu cr\u00edtico y pluralista en b\u00fasqueda de la <b>internacionalizaci\u00f3n.<\/b><\/p>\t\t\t\t\t\t\t\t<\/div>\n\t\t\t\t<\/div>\n\t\t\t\t\t<\/div>\n\t\t<\/div>\n\t\t\t\t\t<\/div>\n\t\t<\/section>\n\t\t\t\t<section class=\"elementor-section elementor-top-section elementor-element elementor-element-2eca867 elementor-section-boxed elementor-section-height-default elementor-section-height-default\" data-id=\"2eca867\" data-element_type=\"section\" data-e-type=\"section\">\n\t\t\t\t\t\t<div class=\"elementor-container elementor-column-gap-default\">\n\t\t\t\t\t<div class=\"elementor-column elementor-col-50 elementor-top-column elementor-element elementor-element-de9cf91\" data-id=\"de9cf91\" data-element_type=\"column\" data-e-type=\"column\">\n\t\t\t<div class=\"elementor-widget-wrap elementor-element-populated\">\n\t\t\t\t\t\t<div class=\"elementor-element elementor-element-6e88775 elementor-view-default elementor-widget elementor-widget-icon\" data-id=\"6e88775\" data-element_type=\"widget\" data-e-type=\"widget\" data-widget_type=\"icon.default\">\n\t\t\t\t<div class=\"elementor-widget-container\">\n\t\t\t\t\t\t\t<div class=\"elementor-icon-wrapper\">\n\t\t\t<div class=\"elementor-icon\">\n\t\t\t<i aria-hidden=\"true\" class=\"far fa-arrow-alt-circle-right\"><\/i>\t\t\t<\/div>\n\t\t<\/div>\n\t\t\t\t\t\t<\/div>\n\t\t\t\t<\/div>\n\t\t\t\t\t<\/div>\n\t\t<\/div>\n\t\t\t\t<div class=\"elementor-column elementor-col-50 elementor-top-column elementor-element elementor-element-237cc88\" data-id=\"237cc88\" data-element_type=\"column\" data-e-type=\"column\">\n\t\t\t<div class=\"elementor-widget-wrap elementor-element-populated\">\n\t\t\t\t\t\t<div class=\"elementor-element elementor-element-bd3d8fc elementor-widget elementor-widget-text-editor\" data-id=\"bd3d8fc\" data-element_type=\"widget\" data-e-type=\"widget\" data-widget_type=\"text-editor.default\">\n\t\t\t\t<div class=\"elementor-widget-container\">\n\t\t\t\t\t\t\t\t\t<p>La Facultad de Ciencias Sociales y Humanidades busca estrechar lazos con la sociedad, esencialmente propulsando la justicia social, rechazando toda forma de violencia, intolerancia y discriminaci\u00f3n, fortaleciendo el sentido de pertinencia y compromiso con el desarrollo del pa\u00eds.<\/p>\t\t\t\t\t\t\t\t<\/div>\n\t\t\t\t<\/div>\n\t\t\t\t\t<\/div>\n\t\t<\/div>\n\t\t\t\t\t<\/div>\n\t\t<\/section>\n\t\t\t\t<\/div>\n\t\t","protected":false},"excerpt":{"rendered":"<p>La Facultad de Ciencias Sociales y Humanidades tiene como pol\u00edtica asegurar la calidad en la formaci\u00f3n de profesionales competentes, con principios y valores respetuosos de la verdad y el libre pensamiento dentro de una autonom\u00eda universitaria y de cogobierno comprometidos <a href=\"https:\/\/www.une.edu.pe\/humanidades\/lineamientos-de-politica\/\" class=\"read-more\">Leer m\u00e1s&#8230;<\/a><\/p>\n","protected":false},"author":3,"featured_media":0,"parent":0,"menu_order":0,"comment_status":"closed","ping_status":"closed","template":"","meta":{"footnotes":""},"class_list":["post-3429","page","type-page","status-publish","hentry"],"_links":{"self":[{"href":"https:\/\/www.une.edu.pe\/humanidades\/wp-json\/wp\/v2\/pages\/3429","targetHints":{"allow":["GET"]}}],"collection":[{"href":"https:\/\/www.une.edu.pe\/humanidades\/wp-json\/wp\/v2\/pages"}],"about":[{"href":"https:\/\/www.une.edu.pe\/humanidades\/wp-json\/wp\/v2\/types\/page"}],"author":[{"embeddable":true,"href":"https:\/\/www.une.edu.pe\/humanidades\/wp-json\/wp\/v2\/users\/3"}],"replies":[{"embeddable":true,"href":"https:\/\/www.une.edu.pe\/humanidades\/wp-json\/wp\/v2\/comments?post=3429"}],"version-history":[{"count":4,"href":"https:\/\/www.une.edu.pe\/humanidades\/wp-json\/wp\/v2\/pages\/3429\/revisions"}],"predecessor-version":[{"id":3446,"href":"https:\/\/www.une.edu.pe\/humanidades\/wp-json\/wp\/v2\/pages\/3429\/revisions\/3446"}],"wp:attachment":[{"href":"https:\/\/www.une.edu.pe\/humanidades\/wp-json\/wp\/v2\/media?parent=3429"}],"curies":[{"name":"wp","href":"https:\/\/api.w.org\/{rel}","templated":true}]}}