{"id":3270,"date":"2019-12-05T14:34:27","date_gmt":"2019-12-05T13:34:27","guid":{"rendered":"http:\/\/www.une.edu.pe\/humanidades\/?page_id=3270"},"modified":"2020-07-14T16:54:16","modified_gmt":"2020-07-14T14:54:16","slug":"mision-vision","status":"publish","type":"page","link":"https:\/\/www.une.edu.pe\/humanidades\/mision-vision\/","title":{"rendered":"Misi\u00f3n &#8211; Visi\u00f3n"},"content":{"rendered":"\t\t<div data-elementor-type=\"wp-post\" data-elementor-id=\"3270\" class=\"elementor elementor-3270\">\n\t\t\t\t\t\t<section class=\"elementor-section elementor-top-section elementor-element elementor-element-55a18ea elementor-section-boxed elementor-section-height-default elementor-section-height-default\" data-id=\"55a18ea\" data-element_type=\"section\" data-e-type=\"section\">\n\t\t\t\t\t\t<div class=\"elementor-container elementor-column-gap-default\">\n\t\t\t\t\t<div class=\"elementor-column elementor-col-100 elementor-top-column elementor-element elementor-element-287cf18\" data-id=\"287cf18\" data-element_type=\"column\" data-e-type=\"column\">\n\t\t\t<div class=\"elementor-widget-wrap elementor-element-populated\">\n\t\t\t\t\t\t<div class=\"elementor-element elementor-element-c066617 elementor-widget elementor-widget-heading\" data-id=\"c066617\" data-element_type=\"widget\" data-e-type=\"widget\" data-widget_type=\"heading.default\">\n\t\t\t\t<div class=\"elementor-widget-container\">\n\t\t\t\t\t<h2 class=\"elementor-heading-title elementor-size-default\">MISI\u00d3N<\/h2>\t\t\t\t<\/div>\n\t\t\t\t<\/div>\n\t\t\t\t\t<\/div>\n\t\t<\/div>\n\t\t\t\t\t<\/div>\n\t\t<\/section>\n\t\t\t\t<section class=\"elementor-section elementor-top-section elementor-element elementor-element-6d7b536 elementor-section-boxed elementor-section-height-default elementor-section-height-default\" data-id=\"6d7b536\" data-element_type=\"section\" data-e-type=\"section\">\n\t\t\t\t\t\t<div class=\"elementor-container elementor-column-gap-default\">\n\t\t\t\t\t<div class=\"elementor-column elementor-col-100 elementor-top-column elementor-element elementor-element-a2a4488\" data-id=\"a2a4488\" data-element_type=\"column\" data-e-type=\"column\">\n\t\t\t<div class=\"elementor-widget-wrap elementor-element-populated\">\n\t\t\t\t\t\t<div class=\"elementor-element elementor-element-a8be54c elementor-widget elementor-widget-text-editor\" data-id=\"a8be54c\" data-element_type=\"widget\" data-e-type=\"widget\" data-widget_type=\"text-editor.default\">\n\t\t\t\t<div class=\"elementor-widget-container\">\n\t\t\t\t\t\t\t\t\t<p align=\"justify\">La Unidad de Investigaci\u00f3n se perfila a ser un espacio reflexivo y cr\u00edtico mediante el desarrollo permanente de la actividad investigativa. Por tanto, docentes y estudiantes deber\u00e1n mantener un estrecho v\u00ednculo para identificar los problemas educativos que la sociedad enfrenta y proponer alternativas de soluci\u00f3n.<\/p>\t\t\t\t\t\t\t\t<\/div>\n\t\t\t\t<\/div>\n\t\t\t\t\t<\/div>\n\t\t<\/div>\n\t\t\t\t\t<\/div>\n\t\t<\/section>\n\t\t\t\t<section class=\"elementor-section elementor-top-section elementor-element elementor-element-a5ea0ab elementor-section-boxed elementor-section-height-default elementor-section-height-default\" data-id=\"a5ea0ab\" data-element_type=\"section\" data-e-type=\"section\">\n\t\t\t\t\t\t<div class=\"elementor-container elementor-column-gap-default\">\n\t\t\t\t\t<div class=\"elementor-column elementor-col-100 elementor-top-column elementor-element elementor-element-e301319\" data-id=\"e301319\" data-element_type=\"column\" data-e-type=\"column\">\n\t\t\t<div class=\"elementor-widget-wrap elementor-element-populated\">\n\t\t\t\t\t\t<div class=\"elementor-element elementor-element-316ed4e elementor-widget elementor-widget-heading\" data-id=\"316ed4e\" data-element_type=\"widget\" data-e-type=\"widget\" data-widget_type=\"heading.default\">\n\t\t\t\t<div class=\"elementor-widget-container\">\n\t\t\t\t\t<h2 class=\"elementor-heading-title elementor-size-default\">VISI\u00d3N<\/h2>\t\t\t\t<\/div>\n\t\t\t\t<\/div>\n\t\t\t\t\t<\/div>\n\t\t<\/div>\n\t\t\t\t\t<\/div>\n\t\t<\/section>\n\t\t\t\t<section class=\"elementor-section elementor-top-section elementor-element elementor-element-666960a elementor-section-boxed elementor-section-height-default elementor-section-height-default\" data-id=\"666960a\" data-element_type=\"section\" data-e-type=\"section\">\n\t\t\t\t\t\t<div class=\"elementor-container elementor-column-gap-default\">\n\t\t\t\t\t<div class=\"elementor-column elementor-col-100 elementor-top-column elementor-element elementor-element-9e108d0\" data-id=\"9e108d0\" data-element_type=\"column\" data-e-type=\"column\">\n\t\t\t<div class=\"elementor-widget-wrap elementor-element-populated\">\n\t\t\t\t\t\t<div class=\"elementor-element elementor-element-81afaaf elementor-widget elementor-widget-text-editor\" data-id=\"81afaaf\" data-element_type=\"widget\" data-e-type=\"widget\" data-widget_type=\"text-editor.default\">\n\t\t\t\t<div class=\"elementor-widget-container\">\n\t\t\t\t\t\t\t\t\t<p align=\"justify\">Promover el desarrollo de la investigaci\u00f3n cient\u00edfica como uno de los soportes de la formaci\u00f3n docente y desarrollo profesional para cumplir con los est\u00e1ndares e indicadores b\u00e1sicos de calidad.<\/p>\t\t\t\t\t\t\t\t<\/div>\n\t\t\t\t<\/div>\n\t\t\t\t\t<\/div>\n\t\t<\/div>\n\t\t\t\t\t<\/div>\n\t\t<\/section>\n\t\t\t\t<\/div>\n\t\t","protected":false},"excerpt":{"rendered":"<p>MISI\u00d3N La Unidad de Investigaci\u00f3n se perfila a ser un espacio reflexivo y cr\u00edtico mediante el desarrollo permanente de la actividad investigativa. Por tanto, docentes y estudiantes deber\u00e1n mantener un estrecho v\u00ednculo para identificar los problemas educativos que la sociedad <a href=\"https:\/\/www.une.edu.pe\/humanidades\/mision-vision\/\" class=\"read-more\">Leer m\u00e1s&#8230;<\/a><\/p>\n","protected":false},"author":3,"featured_media":0,"parent":0,"menu_order":0,"comment_status":"closed","ping_status":"closed","template":"","meta":{"footnotes":""},"class_list":["post-3270","page","type-page","status-publish","hentry"],"_links":{"self":[{"href":"https:\/\/www.une.edu.pe\/humanidades\/wp-json\/wp\/v2\/pages\/3270","targetHints":{"allow":["GET"]}}],"collection":[{"href":"https:\/\/www.une.edu.pe\/humanidades\/wp-json\/wp\/v2\/pages"}],"about":[{"href":"https:\/\/www.une.edu.pe\/humanidades\/wp-json\/wp\/v2\/types\/page"}],"author":[{"embeddable":true,"href":"https:\/\/www.une.edu.pe\/humanidades\/wp-json\/wp\/v2\/users\/3"}],"replies":[{"embeddable":true,"href":"https:\/\/www.une.edu.pe\/humanidades\/wp-json\/wp\/v2\/comments?post=3270"}],"version-history":[{"count":3,"href":"https:\/\/www.une.edu.pe\/humanidades\/wp-json\/wp\/v2\/pages\/3270\/revisions"}],"predecessor-version":[{"id":3790,"href":"https:\/\/www.une.edu.pe\/humanidades\/wp-json\/wp\/v2\/pages\/3270\/revisions\/3790"}],"wp:attachment":[{"href":"https:\/\/www.une.edu.pe\/humanidades\/wp-json\/wp\/v2\/media?parent=3270"}],"curies":[{"name":"wp","href":"https:\/\/api.w.org\/{rel}","templated":true}]}}