{"id":3267,"date":"2019-12-05T14:33:44","date_gmt":"2019-12-05T13:33:44","guid":{"rendered":"http:\/\/www.une.edu.pe\/humanidades\/?page_id=3267"},"modified":"2025-10-07T09:25:04","modified_gmt":"2025-10-07T14:25:04","slug":"unidad-de-investigacion","status":"publish","type":"page","link":"https:\/\/www.une.edu.pe\/humanidades\/unidad-de-investigacion\/","title":{"rendered":"Unidad de Investigaci\u00f3n"},"content":{"rendered":"\t\t<div data-elementor-type=\"wp-post\" data-elementor-id=\"3267\" class=\"elementor elementor-3267\">\n\t\t\t\t\t\t<section class=\"elementor-section elementor-top-section elementor-element elementor-element-122af39 elementor-section-boxed elementor-section-height-default elementor-section-height-default\" data-id=\"122af39\" data-element_type=\"section\" data-e-type=\"section\">\n\t\t\t\t\t\t<div class=\"elementor-container elementor-column-gap-default\">\n\t\t\t\t\t<div class=\"elementor-column elementor-col-100 elementor-top-column elementor-element elementor-element-3ba9efe\" data-id=\"3ba9efe\" data-element_type=\"column\" data-e-type=\"column\">\n\t\t\t<div class=\"elementor-widget-wrap elementor-element-populated\">\n\t\t\t\t\t\t<div class=\"elementor-element elementor-element-229dd87 elementor-widget elementor-widget-heading\" data-id=\"229dd87\" data-element_type=\"widget\" data-e-type=\"widget\" data-widget_type=\"heading.default\">\n\t\t\t\t<div class=\"elementor-widget-container\">\n\t\t\t\t\t<h2 class=\"elementor-heading-title elementor-size-default\">\t\t\t\t<\/h2>\t\t\t\t<\/div>\n\t\t\t\t<\/div>\n\t\t\t\t<div class=\"elementor-element elementor-element-a81900b elementor-widget-divider--view-line elementor-widget elementor-widget-divider\" data-id=\"a81900b\" data-element_type=\"widget\" data-e-type=\"widget\" data-widget_type=\"divider.default\">\n\t\t\t\t<div class=\"elementor-widget-container\">\n\t\t\t\t\t\t\t<div class=\"elementor-divider\">\n\t\t\t<span class=\"elementor-divider-separator\">\n\t\t\t\t\t\t<\/span>\n\t\t<\/div>\n\t\t\t\t\t\t<\/div>\n\t\t\t\t<\/div>\n\t\t\t\t<div class=\"elementor-element elementor-element-cd7393c elementor-widget elementor-widget-text-editor\" data-id=\"cd7393c\" data-element_type=\"widget\" data-e-type=\"widget\" data-widget_type=\"text-editor.default\">\n\t\t\t\t<div class=\"elementor-widget-container\">\n\t\t\t\t\t\t\t\t\t<p align=\"justify\">La Unidad de Investigaci\u00f3n de la Facultad de Ciencias Sociales y Humanidades les da la bienvenida. Consideramos que este es un espacio fundamental para los docentes y estudiantes quienes cumplen un rol fundamental dentro de nuestra Instituci\u00f3n Formadora de Maestros. La investigaci\u00f3n es uno de los soportes en la formaci\u00f3n profesional del egresado y en el desarrollo de la experiencia acad\u00e9mica del docente. Por ello, es imprescindible que ambos asuman esta actividad de car\u00e1cter riguroso como parte de su perfil profesional. En ese sentido, la Unidad brinda informaci\u00f3n pertinente para el uso adecuado de los procedimientos acad\u00e9micos y administrativos en lo que se refiere a los proyectos de investigaci\u00f3n, docentes investigadores asesores, estudiantes ganadores que realizan sus investigaciones con subvenci\u00f3n econ\u00f3mica; as\u00ed como los proyectos que han iniciado el tr\u00e1mite para ser sustentados mediante la modalidad de Tesis. Por tanto, ante la situaci\u00f3n de salud que se presenta, la oficina realizar\u00e1 todo tr\u00e1mite documentario con Atenci\u00f3n Remota (virtual).<\/p><p align=\"justify\"><strong>Directora de la Unidad de investigaci\u00f3n:<\/strong> <br \/>Dra. Rafaela Teodosia Huerta Camones<\/p><p align=\"justify\"><strong>Personal administrativo:<\/strong> <br \/>Lic. Roc\u00edo Eva V\u00e1squez Palacios<\/p><p align=\"justify\"><strong>Correo de la Unidad:<\/strong><br \/>fcsh.investigacion@une.edu.pe<\/p>\t\t\t\t\t\t\t\t<\/div>\n\t\t\t\t<\/div>\n\t\t\t\t\t<\/div>\n\t\t<\/div>\n\t\t\t\t\t<\/div>\n\t\t<\/section>\n\t\t\t\t<section class=\"elementor-section elementor-top-section elementor-element elementor-element-99ffe2e elementor-section-boxed elementor-section-height-default elementor-section-height-default\" data-id=\"99ffe2e\" data-element_type=\"section\" data-e-type=\"section\">\n\t\t\t\t\t\t<div class=\"elementor-container elementor-column-gap-default\">\n\t\t\t\t\t<div class=\"elementor-column elementor-col-100 elementor-top-column elementor-element elementor-element-1f70ab5\" data-id=\"1f70ab5\" data-element_type=\"column\" data-e-type=\"column\">\n\t\t\t<div class=\"elementor-widget-wrap elementor-element-populated\">\n\t\t\t\t\t\t<div class=\"elementor-element elementor-element-3f73600 elementor-widget__width-inherit elementor-widget elementor-widget-button\" data-id=\"3f73600\" data-element_type=\"widget\" data-e-type=\"widget\" data-widget_type=\"button.default\">\n\t\t\t\t<div class=\"elementor-widget-container\">\n\t\t\t\t\t\t\t\t\t<div class=\"elementor-button-wrapper\">\n\t\t\t\t\t<a class=\"elementor-button elementor-button-link elementor-size-sm\" href=\"#\">\n\t\t\t\t\t\t<span class=\"elementor-button-content-wrapper\">\n\t\t\t\t\t\t\t\t\t<span class=\"elementor-button-text\">DOCUMENTOS REFERIDOS A GRADOS Y TITULOS <\/span>\n\t\t\t\t\t<\/span>\n\t\t\t\t\t<\/a>\n\t\t\t\t<\/div>\n\t\t\t\t\t\t\t\t<\/div>\n\t\t\t\t<\/div>\n\t\t\t\t\t<\/div>\n\t\t<\/div>\n\t\t\t\t\t<\/div>\n\t\t<\/section>\n\t\t\t\t<section class=\"elementor-section elementor-top-section elementor-element elementor-element-2f69606 elementor-section-boxed elementor-section-height-default elementor-section-height-default\" data-id=\"2f69606\" data-element_type=\"section\" data-e-type=\"section\">\n\t\t\t\t\t\t<div class=\"elementor-container elementor-column-gap-default\">\n\t\t\t\t\t<div class=\"elementor-column elementor-col-100 elementor-top-column elementor-element elementor-element-3bdc92e\" data-id=\"3bdc92e\" data-element_type=\"column\" data-e-type=\"column\">\n\t\t\t<div class=\"elementor-widget-wrap elementor-element-populated\">\n\t\t\t\t\t\t<div class=\"elementor-element elementor-element-859f1ae elementor-widget elementor-widget-text-editor\" data-id=\"859f1ae\" data-element_type=\"widget\" data-e-type=\"widget\" data-widget_type=\"text-editor.default\">\n\t\t\t\t<div class=\"elementor-widget-container\">\n\t\t\t\t\t\t\t\t\t<ol><li><span style=\"color: #000080;\"><a style=\"color: #000080;\" href=\"https:\/\/www.une.edu.pe\/humanidades\/wp-content\/uploads\/2025\/09\/GUIA-DE-TURNITN-REPOSITORIO-DE-INVESTIGACION-2025.pdf\">GUIA DE TURNITN REPOSITORIO DE INVESTIGACI\u00d3N<\/a><\/span><\/li><li><a href=\"https:\/\/www.une.edu.pe\/humanidades\/wp-content\/uploads\/2025\/09\/3326-2019-R-UNE_Reglamento-c-etica-investigacion.pdf\" target=\"_blank\" rel=\"noopener\"><span style=\"color: #000080;\">REGLAMENTO DEL COMIT\u00c9 DE \u00c9TICA PARA LA INVESTIGACI\u00d3N UNIVERSITARIA<\/span><\/a><\/li><li><a href=\"https:\/\/www.une.edu.pe\/humanidades\/wp-content\/uploads\/2025\/09\/Res-N\u00b0-1649-2022-R-UNE_Guia-APA-7ma-Edicion.pdf\" target=\"_blank\" rel=\"noopener\"><span style=\"color: #000080;\">GUIA PARA APLICAR EL MANUAL DE APA S\u00c9TIMA EDICI\u00d3N<\/span><\/a><\/li><li><a href=\"https:\/\/www.une.edu.pe\/humanidades\/wp-content\/uploads\/2025\/09\/Reglamento-de-Grados-y-Titulos-de-la-UNE-Resolucion-N\u00b0-2510-2022-R-UNE-1.pdf\" target=\"_blank\" rel=\"noopener\"><span style=\"color: #000080;\">REGLAMENTO DE GRADOS Y T\u00cdTULOS<\/span><\/a><\/li><li><span style=\"color: #000080;\"><a style=\"color: #000080;\" href=\"https:\/\/www.une.edu.pe\/humanidades\/wp-content\/uploads\/2025\/09\/Resol-N\u00b0-1905-2024-R-UNE-Turnitin-Reglamento-de-grados-y-titulos-1.pdf\" target=\"_blank\" rel=\"noopener\">RESOLUCI\u00d3N 1905-2024 TURNITIN REGLAMENTO DE GRADOS Y T\u00cdTULOS<\/a><\/span><\/li><\/ol>\t\t\t\t\t\t\t\t<\/div>\n\t\t\t\t<\/div>\n\t\t\t\t\t<\/div>\n\t\t<\/div>\n\t\t\t\t\t<\/div>\n\t\t<\/section>\n\t\t\t\t<section class=\"elementor-section elementor-top-section elementor-element elementor-element-439d5db elementor-section-boxed elementor-section-height-default elementor-section-height-default\" data-id=\"439d5db\" data-element_type=\"section\" data-e-type=\"section\">\n\t\t\t\t\t\t<div class=\"elementor-container elementor-column-gap-default\">\n\t\t\t\t\t<div class=\"elementor-column elementor-col-100 elementor-top-column elementor-element elementor-element-2081b9f\" data-id=\"2081b9f\" data-element_type=\"column\" data-e-type=\"column\">\n\t\t\t<div class=\"elementor-widget-wrap elementor-element-populated\">\n\t\t\t\t\t\t<div class=\"elementor-element elementor-element-b19765a elementor-widget__width-inherit elementor-widget elementor-widget-button\" data-id=\"b19765a\" data-element_type=\"widget\" data-e-type=\"widget\" data-widget_type=\"button.default\">\n\t\t\t\t<div class=\"elementor-widget-container\">\n\t\t\t\t\t\t\t\t\t<div class=\"elementor-button-wrapper\">\n\t\t\t\t\t<a class=\"elementor-button elementor-button-link elementor-size-sm\" href=\"#\">\n\t\t\t\t\t\t<span class=\"elementor-button-content-wrapper\">\n\t\t\t\t\t\t\t\t\t<span class=\"elementor-button-text\">EVENTOS<\/span>\n\t\t\t\t\t<\/span>\n\t\t\t\t\t<\/a>\n\t\t\t\t<\/div>\n\t\t\t\t\t\t\t\t<\/div>\n\t\t\t\t<\/div>\n\t\t\t\t\t<\/div>\n\t\t<\/div>\n\t\t\t\t\t<\/div>\n\t\t<\/section>\n\t\t\t\t<section class=\"elementor-section elementor-top-section elementor-element elementor-element-b9ec343 elementor-section-boxed elementor-section-height-default elementor-section-height-default\" data-id=\"b9ec343\" data-element_type=\"section\" data-e-type=\"section\">\n\t\t\t\t\t\t<div class=\"elementor-container elementor-column-gap-default\">\n\t\t\t\t\t<div class=\"elementor-column elementor-col-100 elementor-top-column elementor-element elementor-element-5617eff\" data-id=\"5617eff\" data-element_type=\"column\" data-e-type=\"column\">\n\t\t\t<div class=\"elementor-widget-wrap elementor-element-populated\">\n\t\t\t\t\t\t<div class=\"elementor-element elementor-element-c74603a elementor-button-info elementor-align-justify elementor-widget elementor-widget-button\" data-id=\"c74603a\" data-element_type=\"widget\" data-e-type=\"widget\" data-widget_type=\"button.default\">\n\t\t\t\t<div class=\"elementor-widget-container\">\n\t\t\t\t\t\t\t\t\t<div class=\"elementor-button-wrapper\">\n\t\t\t\t\t<a class=\"elementor-button elementor-button-link elementor-size-sm\" href=\"#\">\n\t\t\t\t\t\t<span class=\"elementor-button-content-wrapper\">\n\t\t\t\t\t\t\t\t\t<span class=\"elementor-button-text\">2025<\/span>\n\t\t\t\t\t<\/span>\n\t\t\t\t\t<\/a>\n\t\t\t\t<\/div>\n\t\t\t\t\t\t\t\t<\/div>\n\t\t\t\t<\/div>\n\t\t\t\t\t<\/div>\n\t\t<\/div>\n\t\t\t\t\t<\/div>\n\t\t<\/section>\n\t\t\t\t<section class=\"elementor-section elementor-top-section elementor-element elementor-element-1fa2ac0 elementor-section-boxed elementor-section-height-default elementor-section-height-default\" data-id=\"1fa2ac0\" data-element_type=\"section\" data-e-type=\"section\">\n\t\t\t\t\t\t<div class=\"elementor-container elementor-column-gap-default\">\n\t\t\t\t\t<div class=\"elementor-column elementor-col-100 elementor-top-column elementor-element elementor-element-5a169d0\" data-id=\"5a169d0\" data-element_type=\"column\" data-e-type=\"column\">\n\t\t\t<div class=\"elementor-widget-wrap elementor-element-populated\">\n\t\t\t\t\t\t<div class=\"elementor-element elementor-element-601135d elementor-widget elementor-widget-text-editor\" data-id=\"601135d\" data-element_type=\"widget\" data-e-type=\"widget\" data-widget_type=\"text-editor.default\">\n\t\t\t\t<div class=\"elementor-widget-container\">\n\t\t\t\t\t\t\t\t\t<ul><li><h2><strong><a href=\"https:\/\/www.une.edu.pe\/humanidades\/wp-content\/uploads\/2025\/10\/INFORME-FINAL-del-Seminario-Nacional-de-investigacion-cuantitativa-y-cualitativa.pdf\" target=\"_blank\" rel=\"noopener\">SEMINARIO NACIONAL DE INVESTIGACI\u00d3N CUANTITATIVA Y CUALITATIVA<\/a><\/strong><\/h2><\/li><li><h2 class=\"elementor-heading-title elementor-size-default\"><strong><a href=\"https:\/\/www.une.edu.pe\/humanidades\/2025\/08\/26\/evento-n01-unidad-de-investigacion\/\" target=\"_blank\" rel=\"noopener\">IV CONGRESO INTERNACIONAL DE INVESTIGACI\u00d3N CIENT\u00cdFICA, HUMAN\u00cdSTICA Y TECNOL\u00d3GICA EN EDUCACI\u00d3N<\/a><\/strong><\/h2><\/li><\/ul>\t\t\t\t\t\t\t\t<\/div>\n\t\t\t\t<\/div>\n\t\t\t\t\t<\/div>\n\t\t<\/div>\n\t\t\t\t\t<\/div>\n\t\t<\/section>\n\t\t\t\t<section class=\"elementor-section elementor-top-section elementor-element elementor-element-c71b948 elementor-section-boxed elementor-section-height-default elementor-section-height-default\" data-id=\"c71b948\" data-element_type=\"section\" data-e-type=\"section\">\n\t\t\t\t\t\t<div class=\"elementor-container elementor-column-gap-default\">\n\t\t\t\t\t<div class=\"elementor-column elementor-col-100 elementor-top-column elementor-element elementor-element-0765035\" data-id=\"0765035\" data-element_type=\"column\" data-e-type=\"column\">\n\t\t\t<div class=\"elementor-widget-wrap elementor-element-populated\">\n\t\t\t\t\t\t<div class=\"elementor-element elementor-element-484087b elementor-widget-divider--view-line elementor-widget elementor-widget-divider\" data-id=\"484087b\" data-element_type=\"widget\" data-e-type=\"widget\" data-widget_type=\"divider.default\">\n\t\t\t\t<div class=\"elementor-widget-container\">\n\t\t\t\t\t\t\t<div class=\"elementor-divider\">\n\t\t\t<span class=\"elementor-divider-separator\">\n\t\t\t\t\t\t<\/span>\n\t\t<\/div>\n\t\t\t\t\t\t<\/div>\n\t\t\t\t<\/div>\n\t\t\t\t\t<\/div>\n\t\t<\/div>\n\t\t\t\t\t<\/div>\n\t\t<\/section>\n\t\t\t\t<section class=\"elementor-section elementor-top-section elementor-element elementor-element-7fa4c6d elementor-section-boxed elementor-section-height-default elementor-section-height-default\" data-id=\"7fa4c6d\" data-element_type=\"section\" data-e-type=\"section\">\n\t\t\t\t\t\t<div class=\"elementor-container elementor-column-gap-default\">\n\t\t\t\t\t<div class=\"elementor-column elementor-col-100 elementor-top-column elementor-element elementor-element-c6904d5\" data-id=\"c6904d5\" data-element_type=\"column\" data-e-type=\"column\">\n\t\t\t<div class=\"elementor-widget-wrap elementor-element-populated\">\n\t\t\t\t\t\t<div class=\"elementor-element elementor-element-998fd24 elementor-widget__width-inherit elementor-widget elementor-widget-button\" data-id=\"998fd24\" data-element_type=\"widget\" data-e-type=\"widget\" data-widget_type=\"button.default\">\n\t\t\t\t<div class=\"elementor-widget-container\">\n\t\t\t\t\t\t\t\t\t<div class=\"elementor-button-wrapper\">\n\t\t\t\t\t<a class=\"elementor-button elementor-button-link elementor-size-sm\" href=\"#\">\n\t\t\t\t\t\t<span class=\"elementor-button-content-wrapper\">\n\t\t\t\t\t\t\t\t\t<span class=\"elementor-button-text\">INFORMES<\/span>\n\t\t\t\t\t<\/span>\n\t\t\t\t\t<\/a>\n\t\t\t\t<\/div>\n\t\t\t\t\t\t\t\t<\/div>\n\t\t\t\t<\/div>\n\t\t\t\t\t<\/div>\n\t\t<\/div>\n\t\t\t\t\t<\/div>\n\t\t<\/section>\n\t\t\t\t<section class=\"elementor-section elementor-top-section elementor-element elementor-element-3db858d elementor-section-boxed elementor-section-height-default elementor-section-height-default\" data-id=\"3db858d\" data-element_type=\"section\" data-e-type=\"section\">\n\t\t\t\t\t\t<div class=\"elementor-container elementor-column-gap-default\">\n\t\t\t\t\t<div class=\"elementor-column elementor-col-100 elementor-top-column elementor-element elementor-element-02f46ee\" data-id=\"02f46ee\" data-element_type=\"column\" data-e-type=\"column\">\n\t\t\t<div class=\"elementor-widget-wrap elementor-element-populated\">\n\t\t\t\t\t\t<div class=\"elementor-element elementor-element-075477e elementor-widget elementor-widget-text-editor\" data-id=\"075477e\" data-element_type=\"widget\" data-e-type=\"widget\" data-widget_type=\"text-editor.default\">\n\t\t\t\t<div class=\"elementor-widget-container\">\n\t\t\t\t\t\t\t\t\t<ul><li><h2><a href=\"https:\/\/www.une.edu.pe\/humanidades\/wp-content\/uploads\/2025\/10\/INFORME-CONASEIN-2025-.pdf\"><span style=\"color: #003300;\"><strong>INFORME DEL CONASEIN-2025 &#8211; PARTICIPACI\u00d3N AL III CONGRESO NACIONAL DE SEMILLEROS<\/strong><\/span><\/a><\/h2><\/li><\/ul>\t\t\t\t\t\t\t\t<\/div>\n\t\t\t\t<\/div>\n\t\t\t\t\t<\/div>\n\t\t<\/div>\n\t\t\t\t\t<\/div>\n\t\t<\/section>\n\t\t\t\t<\/div>\n\t\t","protected":false},"excerpt":{"rendered":"<p>La Unidad de Investigaci\u00f3n de la Facultad de Ciencias Sociales y Humanidades les da la bienvenida. Consideramos que este es un espacio fundamental para los docentes y estudiantes quienes cumplen un rol fundamental dentro de nuestra Instituci\u00f3n Formadora de Maestros. <a href=\"https:\/\/www.une.edu.pe\/humanidades\/unidad-de-investigacion\/\" class=\"read-more\">Leer m\u00e1s&#8230;<\/a><\/p>\n","protected":false},"author":3,"featured_media":0,"parent":0,"menu_order":0,"comment_status":"closed","ping_status":"closed","template":"","meta":{"footnotes":""},"class_list":["post-3267","page","type-page","status-publish","hentry"],"_links":{"self":[{"href":"https:\/\/www.une.edu.pe\/humanidades\/wp-json\/wp\/v2\/pages\/3267","targetHints":{"allow":["GET"]}}],"collection":[{"href":"https:\/\/www.une.edu.pe\/humanidades\/wp-json\/wp\/v2\/pages"}],"about":[{"href":"https:\/\/www.une.edu.pe\/humanidades\/wp-json\/wp\/v2\/types\/page"}],"author":[{"embeddable":true,"href":"https:\/\/www.une.edu.pe\/humanidades\/wp-json\/wp\/v2\/users\/3"}],"replies":[{"embeddable":true,"href":"https:\/\/www.une.edu.pe\/humanidades\/wp-json\/wp\/v2\/comments?post=3267"}],"version-history":[{"count":97,"href":"https:\/\/www.une.edu.pe\/humanidades\/wp-json\/wp\/v2\/pages\/3267\/revisions"}],"predecessor-version":[{"id":10367,"href":"https:\/\/www.une.edu.pe\/humanidades\/wp-json\/wp\/v2\/pages\/3267\/revisions\/10367"}],"wp:attachment":[{"href":"https:\/\/www.une.edu.pe\/humanidades\/wp-json\/wp\/v2\/media?parent=3267"}],"curies":[{"name":"wp","href":"https:\/\/api.w.org\/{rel}","templated":true}]}}