{"id":3258,"date":"2019-12-05T14:30:53","date_gmt":"2019-12-05T13:30:53","guid":{"rendered":"http:\/\/www.une.edu.pe\/humanidades\/?page_id=3258"},"modified":"2025-03-31T11:14:48","modified_gmt":"2025-03-31T16:14:48","slug":"telefonos-fcsyh","status":"publish","type":"page","link":"https:\/\/www.une.edu.pe\/humanidades\/telefonos-fcsyh\/","title":{"rendered":"Tel\u00e9fonos &#8211; FCSYH"},"content":{"rendered":"\t\t<div data-elementor-type=\"wp-post\" data-elementor-id=\"3258\" class=\"elementor elementor-3258\">\n\t\t\t\t\t\t<section class=\"elementor-section elementor-top-section elementor-element elementor-element-3a4f8129 elementor-section-boxed elementor-section-height-default elementor-section-height-default\" data-id=\"3a4f8129\" data-element_type=\"section\" data-e-type=\"section\">\n\t\t\t\t\t\t<div class=\"elementor-container elementor-column-gap-default\">\n\t\t\t\t\t<div class=\"elementor-column elementor-col-100 elementor-top-column elementor-element elementor-element-12e37ffe\" data-id=\"12e37ffe\" data-element_type=\"column\" data-e-type=\"column\">\n\t\t\t<div class=\"elementor-widget-wrap elementor-element-populated\">\n\t\t\t\t\t\t<div class=\"elementor-element elementor-element-31e81d49 elementor-widget elementor-widget-text-editor\" data-id=\"31e81d49\" data-element_type=\"widget\" data-e-type=\"widget\" data-widget_type=\"text-editor.default\">\n\t\t\t\t<div class=\"elementor-widget-container\">\n\t\t\t\t\t\t\t\t\t\n<p>\n<table id=\"tablepress-1\" class=\"tablepress tablepress-id-1\">\n<tbody class=\"row-striping row-hover\">\n<tr class=\"row-1\">\n\t<td class=\"column-1\">Central Telef\u00f3nica UNE<\/td><td class=\"column-2\">313 &#8211; 3700<\/td>\n<\/tr>\n<tr class=\"row-2\">\n\t<td class=\"column-1\">Anexos:<\/td><td class=\"column-2\"><\/td>\n<\/tr>\n<tr class=\"row-3\">\n\t<td class=\"column-1\">Decanato<\/td><td class=\"column-2\">4100<\/td>\n<\/tr>\n<tr class=\"row-4\">\n\t<td class=\"column-1\">Secretaria<\/td><td class=\"column-2\">4110<\/td>\n<\/tr>\n<\/tbody>\n<\/table>\n<!-- #tablepress-1 from cache --><\/p>\n\t\t\t\t\t\t\t\t<\/div>\n\t\t\t\t<\/div>\n\t\t\t\t\t<\/div>\n\t\t<\/div>\n\t\t\t\t\t<\/div>\n\t\t<\/section>\n\t\t\t\t<section class=\"elementor-section elementor-top-section elementor-element elementor-element-b479ef3 elementor-section-boxed elementor-section-height-default elementor-section-height-default\" data-id=\"b479ef3\" data-element_type=\"section\" data-e-type=\"section\">\n\t\t\t\t\t\t<div class=\"elementor-container elementor-column-gap-default\">\n\t\t\t\t\t<div class=\"elementor-column elementor-col-100 elementor-top-column elementor-element elementor-element-a3e812d\" data-id=\"a3e812d\" data-element_type=\"column\" data-e-type=\"column\">\n\t\t\t<div class=\"elementor-widget-wrap elementor-element-populated\">\n\t\t\t\t\t\t<div class=\"elementor-element elementor-element-95ccdfc elementor-widget elementor-widget-html\" data-id=\"95ccdfc\" data-element_type=\"widget\" data-e-type=\"widget\" data-widget_type=\"html.default\">\n\t\t\t\t<div class=\"elementor-widget-container\">\n\t\t\t\t\t<table border=\"1\" cellspacing=\"0\" cellpadding=\"0\" align=\"left\" width=\"926\">\n  <tr>\n    <td width=\"302\" bgcolor=\"#003366\"><p align=\"center\" style=\"color:white\"><strong>PERSONAL ADMINISTRATIVO<\/strong><\/p><\/td>\n    <td width=\"142\" bgcolor=\"#003366\"><p align=\"center\" style=\"color:white\"><strong>CARGO<\/strong><\/p><\/td>\n    <td width=\"151\" bgcolor=\"#003366\"><p align=\"center\" style=\"color:white\"><strong>UNIDADES ACAD\u00c9MICAS<\/strong><\/p><\/td>\n    <td width=\"113\" bgcolor=\"#003366\"><p align=\"center\" style=\"color:white\"><strong>CELULAR<\/strong><\/p><\/td>\n    <td width=\"217\" bgcolor=\"#003366\"><p align=\"center\" style=\"color:white\"><strong>CORREO<\/strong><\/p><\/td>\n  <\/tr>\n  <tr>\n    <td width=\"302\" valign=\"top\"><p>LIC. MONICA BERMUDEZ CHAMBILLA<\/p><\/td>\n    <td width=\"142\" valign=\"top\"><p align=\"center\">ASISTENTE ADMINISTRATIVO<\/p><\/td>\n    <td width=\"151\" rowspan=\"2\"><p align=\"center\">DECANATO<\/p><\/td>\n    <td width=\"113\" valign=\"top\"><p align=\"center\">940132768<\/p><\/td>\n    <td width=\"217\" rowspan=\"2\"><p align=\"center\">humanidades@une.edu.pe<\/p><\/td>\n  <\/tr>\n  <tr>\n    <td width=\"302\" valign=\"top\"><p>SR. NOE VERASTEGUI NAVARRO<\/p><\/td>\n    <td width=\"142\" valign=\"top\"><p align=\"center\">TECNICO ADMINISTRATIVO<\/p><\/td>\n    <td width=\"113\" valign=\"top\"><p align=\"center\">965882165<\/p><\/td>\n  <\/tr>\n  <tr>\n    <td width=\"302\" valign=\"top\"><p>MG. ELIZABETH CAMP\u00d3 DIONICIO<\/p><\/td>\n    <td width=\"142\" valign=\"top\"><p align=\"center\">SECRETARIA ACADEMICA<\/p><\/td>\n    <td width=\"151\" rowspan=\"3\"><p align=\"center\">SECRETARIA ACAD\u00c9MICA<\/p><\/td>\n    <td width=\"113\" valign=\"top\"><p align=\"center\">992716104<\/p><\/td>\n    <td width=\"217\" rowspan=\"3\"><p align=\"center\">sec.acad.sociales@une.edu.pe<\/p><\/td>\n  <\/tr>\n  <tr>\n    <td width=\"302\" valign=\"top\"><p>SRTA. BEATRIZ CHARCAPE SALAS<\/p><\/td>\n    <td width=\"142\" valign=\"top\"><p align=\"center\">SECRETARIA<\/p><\/td>\n    <td width=\"113\" valign=\"top\"><p align=\"center\">988222358<\/p><\/td>\n  <\/tr>\n  <tr>\n    <td width=\"302\" valign=\"top\"><p>Bach. ERIKA MILAGROS MENA SIMEON<\/p><\/td>\n    <td width=\"142\" valign=\"top\"><p align=\"center\">TECNICO ADMINISTRATIVO<\/p><\/td>\n    <td width=\"113\" valign=\"top\"><p align=\"center\">973693197<\/p><\/td>\n  <\/tr>\n  <tr>\n    <td width=\"302\" valign=\"top\"><p>SRA. HILDA VERA ROJAS<\/p><\/td>\n    <td width=\"142\" valign=\"top\"><p align=\"center\">SECRETARIA<\/p><\/td>\n    <td width=\"151\" rowspan=\"2\"><p align=\"center\">ESCUELAS PROFESIONALES<\/p><\/td>\n    <td width=\"113\" valign=\"top\"><p align=\"center\">992834401<\/p><\/td>\n    <td width=\"217\" rowspan=\"2\"><p align=\"center\">esc.pro.sociales@une.edu.pe<\/p><\/td>\n  <\/tr>\n  <tr>\n    <td width=\"302\" valign=\"top\"><p>C.P.C. FLORA CHUMBIAUCA VENEGAS<\/p><\/td>\n    <td width=\"142\" valign=\"top\"><p align=\"center\">ASISTENTE ACADEMICO<\/p><\/td>\n    <td width=\"113\" valign=\"top\"><p align=\"center\">961816615<\/p><\/td>\n  <\/tr>\n  <tr>\n    <td width=\"302\" valign=\"top\"><p>SRA. CARMEN PEREZ VILLAGOMEZ<\/p><\/td>\n    <td width=\"142\" valign=\"top\"><p align=\"center\">SECRETARIA<\/p><\/td>\n    <td width=\"151\"><p align=\"center\">Departamento Acad\u00e9mico de    Historia y Geograf\u00eda<\/p><\/td>\n    <td width=\"113\" valign=\"top\"><p align=\"center\">945159950<\/p><\/td>\n    <td width=\"217\"><p align=\"center\">dahyg@une.edu.pe<\/p><\/td>\n  <\/tr>\n  <tr>\n    <td width=\"302\" valign=\"top\"><p>SRA.ROSA TICLAYAURI MALDONADO<\/p><\/td>\n    <td width=\"142\" valign=\"top\"><p align=\"center\">SECRETARIA<\/p><\/td>\n    <td width=\"151\"><p align=\"center\">Departamento Acad\u00e9mico de    Psicolog\u00eda y Filosof\u00eda<\/p><\/td>\n    <td width=\"113\" valign=\"top\"><p align=\"center\">993682181<\/p><\/td>\n    <td width=\"217\"><p align=\"center\">dapyf@une.edu.pe<\/p><\/td>\n  <\/tr>\n  <tr>\n    <td width=\"302\" valign=\"top\"><p>SRA. PAOLA HUAMANI OLARTE<\/p><\/td>\n    <td width=\"142\" valign=\"top\"><p align=\"center\">SECRETARIA<\/p><\/td>\n    <td width=\"151\"><p align=\"center\">\u00a0Departamento    Acad\u00e9mico de Comunicaci\u00f3n y Lenguas Nativas<\/p><\/td>\n    <td width=\"113\" valign=\"top\"><p align=\"center\">980123777<\/p><\/td>\n    <td width=\"217\"><p align=\"center\">dacyln@une.edu.pe<\/p><\/td>\n  <\/tr>\n  <tr>\n    <td width=\"302\" valign=\"top\"><p>SRA. CARMEN HUISARAYME GUTIERREZ<\/p><\/td>\n    <td width=\"142\" valign=\"top\"><p align=\"center\">SECRETARIA<\/p><\/td>\n    <td width=\"151\" rowspan=\"2\"><p align=\"center\">\u00a0Departamento    Acad\u00e9mico de Lenguas Extranjeras y Educaci\u00f3n Art\u00edstica<\/p><\/td>\n    <td width=\"113\" valign=\"top\"><p align=\"center\">966462476<\/p><\/td>\n    <td width=\"217\" rowspan=\"2\"><p align=\"center\">daleyea@une.edu.pe<\/p><\/td>\n  <\/tr>\n  <tr>\n    <td width=\"302\" valign=\"top\"><p>LIC. EST. EDITH PACCO JIMENEZ<\/p><\/td>\n    <td width=\"142\" valign=\"top\"><p align=\"center\">ASISTENTE ACADEMICO<\/p><\/td>\n    <td width=\"113\" valign=\"top\"><p align=\"center\">991785492<\/p><\/td>\n  <\/tr>\n<\/table>\t\t\t\t<\/div>\n\t\t\t\t<\/div>\n\t\t\t\t\t<\/div>\n\t\t<\/div>\n\t\t\t\t\t<\/div>\n\t\t<\/section>\n\t\t\t\t<\/div>\n\t\t","protected":false},"excerpt":{"rendered":"<p>PERSONAL ADMINISTRATIVO CARGO UNIDADES ACAD\u00c9MICAS CELULAR CORREO \u00a0 \u00a0 \u00a0 \u00a0 humanidades@une.edu.pe SR. NOE VERASTEGUI NAVARRO ASISNTENTE ADMINISTRATIVO 965882165 \u00a0 \u00a0 SECRETARIA ACAD\u00c9MICA \u00a0 sec.acad.sociales@une.edu.pe SRTA. BEATRIZ CHARCAPE SALAS SECRETARIA 988222358 Bach. ERIKA MILAGROS MENA SIMEON SECRETARIA ACADEMICA 973693197 \u00a0 <a href=\"https:\/\/www.une.edu.pe\/humanidades\/telefonos-fcsyh\/\" class=\"read-more\">Leer m\u00e1s&#8230;<\/a><\/p>\n","protected":false},"author":3,"featured_media":0,"parent":0,"menu_order":0,"comment_status":"closed","ping_status":"closed","template":"","meta":{"footnotes":""},"class_list":["post-3258","page","type-page","status-publish","hentry"],"_links":{"self":[{"href":"https:\/\/www.une.edu.pe\/humanidades\/wp-json\/wp\/v2\/pages\/3258","targetHints":{"allow":["GET"]}}],"collection":[{"href":"https:\/\/www.une.edu.pe\/humanidades\/wp-json\/wp\/v2\/pages"}],"about":[{"href":"https:\/\/www.une.edu.pe\/humanidades\/wp-json\/wp\/v2\/types\/page"}],"author":[{"embeddable":true,"href":"https:\/\/www.une.edu.pe\/humanidades\/wp-json\/wp\/v2\/users\/3"}],"replies":[{"embeddable":true,"href":"https:\/\/www.une.edu.pe\/humanidades\/wp-json\/wp\/v2\/comments?post=3258"}],"version-history":[{"count":11,"href":"https:\/\/www.une.edu.pe\/humanidades\/wp-json\/wp\/v2\/pages\/3258\/revisions"}],"predecessor-version":[{"id":9224,"href":"https:\/\/www.une.edu.pe\/humanidades\/wp-json\/wp\/v2\/pages\/3258\/revisions\/9224"}],"wp:attachment":[{"href":"https:\/\/www.une.edu.pe\/humanidades\/wp-json\/wp\/v2\/media?parent=3258"}],"curies":[{"name":"wp","href":"https:\/\/api.w.org\/{rel}","templated":true}]}}