{"id":27,"date":"2020-10-15T12:37:04","date_gmt":"2020-10-15T15:37:04","guid":{"rendered":"http:\/\/www.une.edu.pe\/cepreune\/?page_id=27"},"modified":"2024-08-08T10:56:55","modified_gmt":"2024-08-08T15:56:55","slug":"inicio","status":"publish","type":"page","link":"https:\/\/www.une.edu.pe\/cepreune\/","title":{"rendered":"Inicio"},"content":{"rendered":"\t\t<div data-elementor-type=\"wp-page\" data-elementor-id=\"27\" class=\"elementor elementor-27\" data-elementor-settings=\"[]\">\n\t\t\t<div class=\"elementor-inner\">\n\t\t\t\t<div class=\"elementor-section-wrap\">\n\t\t\t\t\t\t\t<section class=\"elementor-element elementor-element-7f91b9e elementor-section-boxed elementor-section-height-default elementor-section-height-default elementor-section elementor-top-section\" data-id=\"7f91b9e\" data-element_type=\"section\">\n\t\t\t\t\t\t<div class=\"elementor-container elementor-column-gap-default\">\n\t\t\t\t<div class=\"elementor-row\">\n\t\t\t\t<div class=\"elementor-element elementor-element-e27ac47 elementor-column elementor-col-100 elementor-top-column\" data-id=\"e27ac47\" data-element_type=\"column\">\n\t\t\t<div class=\"elementor-column-wrap  elementor-element-populated\">\n\t\t\t\t\t<div class=\"elementor-widget-wrap\">\n\t\t\t\t<div class=\"elementor-element elementor-element-3021fd5 elementor-arrows-position-inside elementor-pagination-position-outside elementor-widget elementor-widget-image-carousel\" data-id=\"3021fd5\" data-element_type=\"widget\" data-settings=\"{&quot;slides_to_show&quot;:&quot;1&quot;,&quot;autoplay_speed&quot;:4000,&quot;navigation&quot;:&quot;both&quot;,&quot;autoplay&quot;:&quot;yes&quot;,&quot;pause_on_hover&quot;:&quot;yes&quot;,&quot;pause_on_interaction&quot;:&quot;yes&quot;,&quot;infinite&quot;:&quot;yes&quot;,&quot;effect&quot;:&quot;slide&quot;,&quot;speed&quot;:500,&quot;direction&quot;:&quot;ltr&quot;}\" data-widget_type=\"image-carousel.default\">\n\t\t\t\t<div class=\"elementor-widget-container\">\n\t\t\t\t\t<div class=\"elementor-image-carousel-wrapper swiper-container\" dir=\"ltr\">\n\t\t\t<div class=\"elementor-image-carousel swiper-wrapper\">\n\t\t\t\t<div class=\"swiper-slide\"><a data-elementor-open-lightbox=\"yes\" data-elementor-lightbox-slideshow=\"3021fd5\" data-elementor-lightbox-title=\"Banner Ciclo Avanzado II-2024\" href=\"https:\/\/www.une.edu.pe\/uneweb\/wp-content\/uploads\/2024\/08\/Afiche-Ciclo-Avanzado-II-2024.jpeg\" target=\"_blank\"><figure class=\"swiper-slide-inner\"><img decoding=\"async\" class=\"swiper-slide-image\" src=\"https:\/\/www.une.edu.pe\/cepreune\/wp-content\/uploads\/2024\/08\/Banner-Ciclo-Avanzado-II-2024.jpeg\" alt=\"Banner Ciclo Avanzado II-2024\" \/><\/figure><\/a><\/div><div class=\"swiper-slide\"><a data-elementor-open-lightbox=\"yes\" data-elementor-lightbox-slideshow=\"3021fd5\" data-elementor-lightbox-title=\"b2\" href=\"https:\/\/www.une.edu.pe\/uneweb\/wp-content\/uploads\/2024\/08\/Afiche-Ciclo-Avanzado-II-2024.jpeg\" target=\"_blank\"><figure class=\"swiper-slide-inner\"><img decoding=\"async\" class=\"swiper-slide-image\" src=\"https:\/\/www.une.edu.pe\/cepreune\/wp-content\/uploads\/2020\/12\/b2-1024x291.jpg\" alt=\"b2\" \/><\/figure><\/a><\/div>\t\t\t<\/div>\n\t\t\t\t\t\t\t\t\t\t\t\t<div class=\"swiper-pagination\"><\/div>\n\t\t\t\t\t\t\t\t\t\t\t\t\t<div class=\"elementor-swiper-button elementor-swiper-button-prev\">\n\t\t\t\t\t\t<i class=\"eicon-chevron-left\" aria-hidden=\"true\"><\/i>\n\t\t\t\t\t\t<span class=\"elementor-screen-only\">Anterior<\/span>\n\t\t\t\t\t<\/div>\n\t\t\t\t\t<div class=\"elementor-swiper-button elementor-swiper-button-next\">\n\t\t\t\t\t\t<i class=\"eicon-chevron-right\" aria-hidden=\"true\"><\/i>\n\t\t\t\t\t\t<span class=\"elementor-screen-only\">Siguiente<\/span>\n\t\t\t\t\t<\/div>\n\t\t\t\t\t\t\t\t\t<\/div>\n\t\t\t\t<\/div>\n\t\t\t\t<\/div>\n\t\t\t\t\t\t<\/div>\n\t\t\t<\/div>\n\t\t<\/div>\n\t\t\t\t\t\t<\/div>\n\t\t\t<\/div>\n\t\t<\/section>\n\t\t\t\t<section class=\"elementor-element elementor-element-485ea7d elementor-section-boxed elementor-section-height-default elementor-section-height-default elementor-section elementor-top-section\" data-id=\"485ea7d\" data-element_type=\"section\">\n\t\t\t\t\t\t<div class=\"elementor-container elementor-column-gap-no\">\n\t\t\t\t<div class=\"elementor-row\">\n\t\t\t\t<div class=\"elementor-element elementor-element-c22d83c elementor-column elementor-col-100 elementor-top-column\" data-id=\"c22d83c\" data-element_type=\"column\">\n\t\t\t<div class=\"elementor-column-wrap  elementor-element-populated\">\n\t\t\t\t\t<div class=\"elementor-widget-wrap\">\n\t\t\t\t<div class=\"elementor-element elementor-element-b063d0c elementor-widget elementor-widget-divider\" data-id=\"b063d0c\" data-element_type=\"widget\" data-widget_type=\"divider.default\">\n\t\t\t\t<div class=\"elementor-widget-container\">\n\t\t\t\t\t<div class=\"elementor-divider\">\n\t\t\t<span class=\"elementor-divider-separator\">\n\t\t\t\t\t\t<\/span>\n\t\t<\/div>\n\t\t\t\t<\/div>\n\t\t\t\t<\/div>\n\t\t\t\t\t\t<\/div>\n\t\t\t<\/div>\n\t\t<\/div>\n\t\t\t\t\t\t<\/div>\n\t\t\t<\/div>\n\t\t<\/section>\n\t\t\t\t<section class=\"elementor-element elementor-element-6bbe799 elementor-section-boxed elementor-section-height-default elementor-section-height-default elementor-section elementor-top-section\" data-id=\"6bbe799\" data-element_type=\"section\">\n\t\t\t\t\t\t<div class=\"elementor-container elementor-column-gap-default\">\n\t\t\t\t<div class=\"elementor-row\">\n\t\t\t\t<div class=\"elementor-element elementor-element-b4dc992 elementor-column elementor-col-50 elementor-top-column\" data-id=\"b4dc992\" data-element_type=\"column\">\n\t\t\t<div class=\"elementor-column-wrap  elementor-element-populated\">\n\t\t\t\t\t<div class=\"elementor-widget-wrap\">\n\t\t\t\t<div class=\"elementor-element elementor-element-1d3d700 elementor-widget elementor-widget-text-editor\" data-id=\"1d3d700\" data-element_type=\"widget\" data-widget_type=\"text-editor.default\">\n\t\t\t\t<div class=\"elementor-widget-container\">\n\t\t\t\t\t<div class=\"elementor-text-editor elementor-clearfix\"><h2 class=\"CjVfdc CJIdie\" style=\"text-align: center;\"><span style=\"color: #ff6600;\"><strong>PRESENTACI\u00d3N<\/strong><\/span><\/h2><p><span style=\"font-size: 1rem;\"><img loading=\"lazy\" decoding=\"async\" class=\"size-medium wp-image-686 aligncenter\" src=\"http:\/\/www.une.edu.pe\/cepreune\/wp-content\/uploads\/2021\/04\/une-300x158.jpg\" alt=\"\" width=\"500\" height=\"158\" \/><\/span><\/p><p style=\"text-align: center;\"><span style=\"font-size: 1rem;\">El Centro Preuniversitario de la Universidad Nacional de Educaci\u00f3n <\/span><em style=\"font-size: 1rem;\">Enrique Guzm\u00e1n y Valle\u00a0<\/em><span style=\"font-size: 1rem;\">(CEPREUNE) les da la bienvenida a nuestra p\u00e1gina creada para dar los alcances necesarios a todos los\u00a0<\/span><span style=\"font-size: 1rem;\">visitantes interesados en conocer nuestra organizaci\u00f3n, nuestro sistema de estudio, evaluaci\u00f3n, calificaci\u00f3n e ingreso a esta casa superior de estudios, ALMA M\u00c1TER DEL MAGISTERIO NACIONAL, preferentemente, en la formaci\u00f3n de profesionales en la educaci\u00f3n del m\u00e1s alto nivel acad\u00e9mico, as\u00ed como en la formaci\u00f3n de profesionales de la administraci\u00f3n empresarial al servicio del pa\u00eds, competitivos y emp\u00e1ticos.<\/span><\/p><p style=\"text-align: center;\"><span style=\"font-size: 1rem;\">Es un compromiso institucional y acad\u00e9mico dar a nuestros j\u00f3venes estudiantes una adecuada preparaci\u00f3n en el \u00e1rea de humanidades, de ciencias, artes, tecnolog\u00eda y otros aspectos del conocimiento propios del mundo globalizado, a fin de lograr profesionales de calidad, eficientes, capaces y con responsabilidad social. Es en este contexto los mejores alumnos alcanzar\u00e1n una vacante en el programa que eligen en estricto orden de m\u00e9rito.<\/span><\/p><p style=\"text-align: center;\"><span style=\"font-size: 1rem;\">CEPREUNE es una de las instituciones m\u00e1s importantes del \u00e1mbito nacional en la preparaci\u00f3n y selecci\u00f3n para cursar estudios en nuestra casa formadora de maestros del pa\u00eds, para ello hace un seguimiento permanente en todas sus actividades acad\u00e9micas y curriculares.<\/span><\/p><\/div>\n\t\t\t\t<\/div>\n\t\t\t\t<\/div>\n\t\t\t\t\t\t<\/div>\n\t\t\t<\/div>\n\t\t<\/div>\n\t\t\t\t<div class=\"elementor-element elementor-element-aea70ee elementor-column elementor-col-50 elementor-top-column\" data-id=\"aea70ee\" data-element_type=\"column\">\n\t\t\t<div class=\"elementor-column-wrap  elementor-element-populated\">\n\t\t\t\t\t<div class=\"elementor-widget-wrap\">\n\t\t\t\t<div class=\"elementor-element elementor-element-03dd402 elementor-position-left elementor-vertical-align-top elementor-widget elementor-widget-image-box\" data-id=\"03dd402\" data-element_type=\"widget\" data-widget_type=\"image-box.default\">\n\t\t\t\t<div class=\"elementor-widget-container\">\n\t\t\t<div class=\"elementor-image-box-wrapper\"><figure class=\"elementor-image-box-img\"><img loading=\"lazy\" decoding=\"async\" width=\"320\" height=\"240\" src=\"https:\/\/www.une.edu.pe\/cepreune\/wp-content\/uploads\/2021\/02\/MISION.png\" class=\"attachment-full size-full\" alt=\"\" srcset=\"https:\/\/www.une.edu.pe\/cepreune\/wp-content\/uploads\/2021\/02\/MISION.png 320w, https:\/\/www.une.edu.pe\/cepreune\/wp-content\/uploads\/2021\/02\/MISION-300x225.png 300w\" sizes=\"(max-width: 320px) 100vw, 320px\" \/><\/figure><div class=\"elementor-image-box-content\"><p class=\"elementor-image-box-description\">El Centro Preuniversitario tiene la misi\u00f3n de dar una formaci\u00f3n acad\u00e9mica complementaria a la obtenida en la educaci\u00f3n secundaria mediante el desarrollo de actividades lectivas a fin de mejorar el nivel y la calidad de los conocimientos de los estudiantes que procuran ingresar y seguir con \u00e9xito su formaci\u00f3n en nuestra casa superior de estudios.<br><\/p><\/div><\/div>\t\t<\/div>\n\t\t\t\t<\/div>\n\t\t\t\t<div class=\"elementor-element elementor-element-9b19269 elementor-position-left elementor-vertical-align-top elementor-widget elementor-widget-image-box\" data-id=\"9b19269\" data-element_type=\"widget\" data-widget_type=\"image-box.default\">\n\t\t\t\t<div class=\"elementor-widget-container\">\n\t\t\t<div class=\"elementor-image-box-wrapper\"><figure class=\"elementor-image-box-img\"><img loading=\"lazy\" decoding=\"async\" width=\"1000\" height=\"438\" src=\"https:\/\/www.une.edu.pe\/cepreune\/wp-content\/uploads\/2021\/02\/vision.png\" class=\"attachment-full size-full\" alt=\"\" srcset=\"https:\/\/www.une.edu.pe\/cepreune\/wp-content\/uploads\/2021\/02\/vision.png 1000w, https:\/\/www.une.edu.pe\/cepreune\/wp-content\/uploads\/2021\/02\/vision-300x131.png 300w, https:\/\/www.une.edu.pe\/cepreune\/wp-content\/uploads\/2021\/02\/vision-768x336.png 768w\" sizes=\"(max-width: 1000px) 100vw, 1000px\" \/><\/figure><div class=\"elementor-image-box-content\"><p class=\"elementor-image-box-description\">El Centro Preuniversitario debe ser una instituci\u00f3n emblem\u00e1tica y acreditada en la preparaci\u00f3n de estudiantes de calidad para el ingreso a pregrado, l\u00edder en la formaci\u00f3n de profesionales de la educaci\u00f3n, como en el campo empresarial, y que responda a los requerimientos que demanda el mercado ocupacional para el desarrollo del pa\u00eds.<\/p><\/div><\/div>\t\t<\/div>\n\t\t\t\t<\/div>\n\t\t\t\t<div class=\"elementor-element elementor-element-eca80a6 elementor-widget elementor-widget-image\" data-id=\"eca80a6\" data-element_type=\"widget\" data-widget_type=\"image.default\">\n\t\t\t\t<div class=\"elementor-widget-container\">\n\t\t\t\t\t<div class=\"elementor-image\">\n\t\t\t\t\t\t\t\t\t\t\t<a href=\"http:\/\/www.une.edu.pe\/cepreune\/contacto\/\" target=\"_blank\">\n\t\t\t\t\t\t\t<img loading=\"lazy\" decoding=\"async\" width=\"307\" height=\"73\" src=\"https:\/\/www.une.edu.pe\/cepreune\/wp-content\/uploads\/2021\/04\/button_informate-aqui.png\" class=\"attachment-large size-large\" alt=\"\" srcset=\"https:\/\/www.une.edu.pe\/cepreune\/wp-content\/uploads\/2021\/04\/button_informate-aqui.png 307w, https:\/\/www.une.edu.pe\/cepreune\/wp-content\/uploads\/2021\/04\/button_informate-aqui-300x71.png 300w\" sizes=\"(max-width: 307px) 100vw, 307px\" \/>\t\t\t\t\t\t\t\t<\/a>\n\t\t\t\t\t\t\t\t\t\t\t<\/div>\n\t\t\t\t<\/div>\n\t\t\t\t<\/div>\n\t\t\t\t<div class=\"elementor-element elementor-element-9a934e1 elementor-position-top elementor-vertical-align-top elementor-widget elementor-widget-image-box\" data-id=\"9a934e1\" data-element_type=\"widget\" data-widget_type=\"image-box.default\">\n\t\t\t\t<div class=\"elementor-widget-container\">\n\t\t\t<div class=\"elementor-image-box-wrapper\"><div class=\"elementor-image-box-content\"><p class=\"elementor-image-box-description\">Un asesor virtual se comunicar\u00e1 contigo.<\/p><\/div><\/div>\t\t<\/div>\n\t\t\t\t<\/div>\n\t\t\t\t\t\t<\/div>\n\t\t\t<\/div>\n\t\t<\/div>\n\t\t\t\t\t\t<\/div>\n\t\t\t<\/div>\n\t\t<\/section>\n\t\t\t\t<section class=\"elementor-element elementor-element-6452f33 elementor-section-boxed elementor-section-height-default elementor-section-height-default elementor-section elementor-top-section\" data-id=\"6452f33\" data-element_type=\"section\">\n\t\t\t\t\t\t<div class=\"elementor-container elementor-column-gap-default\">\n\t\t\t\t<div class=\"elementor-row\">\n\t\t\t\t<div class=\"elementor-element elementor-element-ff956ac elementor-column elementor-col-100 elementor-top-column\" data-id=\"ff956ac\" data-element_type=\"column\">\n\t\t\t<div class=\"elementor-column-wrap  elementor-element-populated\">\n\t\t\t\t\t<div class=\"elementor-widget-wrap\">\n\t\t\t\t<div class=\"elementor-element elementor-element-ea1ede2 elementor-widget elementor-widget-text-editor\" data-id=\"ea1ede2\" data-element_type=\"widget\" data-widget_type=\"text-editor.default\">\n\t\t\t\t<div class=\"elementor-widget-container\">\n\t\t\t\t\t<div class=\"elementor-text-editor elementor-clearfix\"><h3 style=\"text-align: center;\"><strong><span style=\"text-align: start;\">CICLO AVANZADO II-2024<\/span><\/strong><\/h3><p style=\"text-align: center;\"><strong><a href=\"https:\/\/docs.google.com\/forms\/d\/e\/1FAIpQLSea59TjZLVHqiirjy4M6RUOfQDfCq-B7-BZFrcbpsKY4whpEg\/viewform\" target=\"_blank\" rel=\"noopener\">FICHA DE INSCRIPCIONES DEL CICLO AVANZADO II &#8211; 2024<\/a><\/strong><\/p><p style=\"text-align: center;\"><img decoding=\"async\" class=\"emoji\" role=\"img\" draggable=\"false\" src=\"https:\/\/s.w.org\/images\/core\/emoji\/15.0.3\/svg\/270d.svg\" alt=\"\u270d\ufe0f\" \/> INSCRIPCIONES ABIERTAS DEL <strong>05 DE AGOSTO AL 20 DE SETIEMBRE DEL 2024<\/strong><br \/><img decoding=\"async\" class=\"emoji\" role=\"img\" draggable=\"false\" src=\"https:\/\/s.w.org\/images\/core\/emoji\/15.0.3\/svg\/1f4bb.svg\" alt=\"\ud83d\udcbb\" \/>CLASES 100% VIRTUALES Y GRABADAS desde la comodidad de tu casa<br \/><img decoding=\"async\" class=\"emoji\" role=\"img\" draggable=\"false\" src=\"https:\/\/s.w.org\/images\/core\/emoji\/15.0.3\/svg\/1f4bb.svg\" alt=\"\ud83d\udcbb\" \/>INICIO DE CLASES: <strong>23 DE SETIEMBRE<\/strong><br \/><img decoding=\"async\" class=\"emoji\" role=\"img\" draggable=\"false\" src=\"https:\/\/s.w.org\/images\/core\/emoji\/15.0.3\/svg\/2705.svg\" alt=\"\u2705\" \/> Dos turnos a escoger ma\u00f1ana y tarde<\/p><\/div>\n\t\t\t\t<\/div>\n\t\t\t\t<\/div>\n\t\t\t\t\t\t<\/div>\n\t\t\t<\/div>\n\t\t<\/div>\n\t\t\t\t\t\t<\/div>\n\t\t\t<\/div>\n\t\t<\/section>\n\t\t\t\t\t\t<\/div>\n\t\t\t<\/div>\n\t\t<\/div>\n\t\t","protected":false},"excerpt":{"rendered":"<p>Anterior Siguiente PRESENTACI\u00d3N El Centro Preuniversitario de la Universidad Nacional de Educaci\u00f3n Enrique Guzm\u00e1n y Valle\u00a0(CEPREUNE) les da la bienvenida a nuestra p\u00e1gina creada para dar los alcances necesarios a todos los\u00a0visitantes interesados en conocer nuestra organizaci\u00f3n, nuestro sistema de estudio, evaluaci\u00f3n, calificaci\u00f3n e ingreso a esta casa superior de estudios, ALMA M\u00c1TER DEL MAGISTERIO [&hellip;]<\/p>\n","protected":false},"author":5,"featured_media":0,"parent":0,"menu_order":1,"comment_status":"closed","ping_status":"closed","template":"elementor_header_footer","meta":{"footnotes":""},"_links":{"self":[{"href":"https:\/\/www.une.edu.pe\/cepreune\/wp-json\/wp\/v2\/pages\/27"}],"collection":[{"href":"https:\/\/www.une.edu.pe\/cepreune\/wp-json\/wp\/v2\/pages"}],"about":[{"href":"https:\/\/www.une.edu.pe\/cepreune\/wp-json\/wp\/v2\/types\/page"}],"author":[{"embeddable":true,"href":"https:\/\/www.une.edu.pe\/cepreune\/wp-json\/wp\/v2\/users\/5"}],"replies":[{"embeddable":true,"href":"https:\/\/www.une.edu.pe\/cepreune\/wp-json\/wp\/v2\/comments?post=27"}],"version-history":[{"count":153,"href":"https:\/\/www.une.edu.pe\/cepreune\/wp-json\/wp\/v2\/pages\/27\/revisions"}],"predecessor-version":[{"id":873,"href":"https:\/\/www.une.edu.pe\/cepreune\/wp-json\/wp\/v2\/pages\/27\/revisions\/873"}],"wp:attachment":[{"href":"https:\/\/www.une.edu.pe\/cepreune\/wp-json\/wp\/v2\/media?parent=27"}],"curies":[{"name":"wp","href":"https:\/\/api.w.org\/{rel}","templated":true}]}}