{"id":473,"date":"2025-08-16T16:16:17","date_gmt":"2025-08-16T21:16:17","guid":{"rendered":"https:\/\/www.une.edu.pe\/admision\/?page_id=473"},"modified":"2025-08-16T16:16:17","modified_gmt":"2025-08-16T21:16:17","slug":"resultado-prosep-2025-ii","status":"publish","type":"page","link":"https:\/\/www.une.edu.pe\/admision\/index.php\/resultado-prosep-2025-ii\/","title":{"rendered":"Resultado PROSEP 2025-II"},"content":{"rendered":"\n<p>Seleccione el Programa para ver su resultado<strong>:<\/strong><\/p>\n\n\n\n<p><strong>Facultad de Agropecuaria y Nutrici\u00f3n:<\/strong><\/p>\n\n\n\n<p class=\"has-text-align-center\"><a href=\"https:\/\/www.une.edu.pe\/admision\/wp-content\/uploads\/2025\/08\/2025-II-Ind_Alimentaria.pdf\" data-type=\"attachment\" data-id=\"482\">SEP &#8211; Industria Alimentaria<\/a><\/p>\n\n\n\n<p><strong>Facultad de Ciencias<\/strong>:<\/p>\n\n\n\n<p class=\"has-text-align-center\"><a href=\"https:\/\/www.une.edu.pe\/admision\/wp-content\/uploads\/2025\/08\/2025-II-Inf_Educativa.pdf\" data-type=\"attachment\" data-id=\"483\">SEP &#8211; Inform\u00e1tica Educativa<\/a><\/p>\n\n\n\n<p><strong>Facultad de Ciencias Sociales y Humanidades:<\/strong><\/p>\n\n\n\n<p class=\"has-text-align-center\"><a href=\"https:\/\/www.une.edu.pe\/admision\/wp-content\/uploads\/2025\/08\/2025-II-Leng_Extranjera_Ingles.pdf\" data-type=\"attachment\" data-id=\"484\">SEP &#8211; Lengua Extranjera &#8211; Ingl\u00e9s<\/a><\/p>\n\n\n\n<p><strong>Facultad de Educaci\u00f3n Inicial:<\/strong><\/p>\n\n\n\n<p class=\"has-text-align-center\"><a href=\"https:\/\/www.une.edu.pe\/admision\/wp-content\/uploads\/2025\/08\/2025-II-Educ_Inicial.pdf\" data-type=\"attachment\" data-id=\"480\">SEP &#8211; Educaci\u00f3n Inicial<\/a><\/p>\n\n\n\n<p><strong>Facultad de Pedagog\u00eda y Cultura F\u00edsica:<\/strong> <\/p>\n\n\n\n<p class=\"has-text-align-center\"><a href=\"https:\/\/www.une.edu.pe\/admision\/wp-content\/uploads\/2025\/08\/2025-II-Educ_Basica_Alternativa.pdf\" data-type=\"attachment\" data-id=\"478\">SEP &#8211; Educaci\u00f3n B\u00e1sica Alternativa<\/a><\/p>\n\n\n\n<p class=\"has-text-align-center\"><a href=\"https:\/\/www.une.edu.pe\/admision\/wp-content\/uploads\/2025\/08\/2025-II-Educ_Fisica.pdf\" data-type=\"attachment\" data-id=\"479\">SEP &#8211; Educaci\u00f3n F\u00edsica<\/a><\/p>\n\n\n\n<p class=\"has-text-align-center\"><a href=\"https:\/\/www.une.edu.pe\/admision\/wp-content\/uploads\/2025\/08\/2025-II-Educ_Primaria.pdf\" data-type=\"attachment\" data-id=\"481\">SEP &#8211; Educaci\u00f3n Primaria<\/a><\/p>\n\n\n\n<p class=\"has-text-align-center\"><a href=\"https:\/\/www.une.edu.pe\/admision\/wp-content\/uploads\/2025\/08\/2025-II-Pro_Aprendizaje.pdf\" data-type=\"attachment\" data-id=\"477\">SEP &#8211; Problemas de Aprendizaje<\/a><\/p>\n\n\n\n<p><\/p>\n\n\n\n<p class=\"has-regular-font-size\"><strong>RESULTADOS DE LAS PRUEBAS DEL 15 DE AGOSTO DEL 2025<\/strong><\/p>\n\n\n\n<p class=\"has-text-align-center\"><a href=\"https:\/\/www.une.edu.pe\/admision\/wp-content\/uploads\/2025\/08\/Res_Psicologico.pdf\" data-type=\"attachment\" data-id=\"487\">Prueba Psicol\u00f3gica<\/a><\/p>\n\n\n\n<p class=\"has-text-align-center\"><a href=\"https:\/\/www.une.edu.pe\/admision\/wp-content\/uploads\/2025\/08\/Res_Apt_fisica.pdf\" data-type=\"attachment\" data-id=\"488\">Prueba de Aptitud: Educaci\u00f3n F\u00edsica<\/a><\/p>\n\n\n\n<p class=\"has-text-align-center\"><a href=\"https:\/\/www.une.edu.pe\/admision\/wp-content\/uploads\/2025\/08\/Res_Apt_ingles.pdf\" data-type=\"attachment\" data-id=\"489\">Prueba de Aptitud: Lengua Extranjera &#8211; Ingl\u00e9s<\/a><\/p>\n\n\n\n<p><\/p>\n","protected":false},"excerpt":{"rendered":"<p>Seleccione el Programa para ver su resultado: Facultad de Agropecuaria y Nutrici\u00f3n: SEP &#8211; Industria Alimentaria Facultad de Ciencias: SEP &#8211; Inform\u00e1tica Educativa Facultad de Ciencias Sociales y Humanidades: SEP &#8211; Lengua Extranjera &#8211; Ingl\u00e9s Facultad de Educaci\u00f3n Inicial: SEP &#8211; Educaci\u00f3n Inicial Facultad de Pedagog\u00eda y Cultura F\u00edsica: SEP &#8211; Educaci\u00f3n B\u00e1sica Alternativa SEP [&hellip;]<\/p>\n","protected":false},"author":2,"featured_media":0,"parent":0,"menu_order":0,"comment_status":"closed","ping_status":"closed","template":"","meta":{"footnotes":""},"class_list":["post-473","page","type-page","status-publish","hentry"],"_links":{"self":[{"href":"https:\/\/www.une.edu.pe\/admision\/index.php\/wp-json\/wp\/v2\/pages\/473","targetHints":{"allow":["GET"]}}],"collection":[{"href":"https:\/\/www.une.edu.pe\/admision\/index.php\/wp-json\/wp\/v2\/pages"}],"about":[{"href":"https:\/\/www.une.edu.pe\/admision\/index.php\/wp-json\/wp\/v2\/types\/page"}],"author":[{"embeddable":true,"href":"https:\/\/www.une.edu.pe\/admision\/index.php\/wp-json\/wp\/v2\/users\/2"}],"replies":[{"embeddable":true,"href":"https:\/\/www.une.edu.pe\/admision\/index.php\/wp-json\/wp\/v2\/comments?post=473"}],"version-history":[{"count":6,"href":"https:\/\/www.une.edu.pe\/admision\/index.php\/wp-json\/wp\/v2\/pages\/473\/revisions"}],"predecessor-version":[{"id":490,"href":"https:\/\/www.une.edu.pe\/admision\/index.php\/wp-json\/wp\/v2\/pages\/473\/revisions\/490"}],"wp:attachment":[{"href":"https:\/\/www.une.edu.pe\/admision\/index.php\/wp-json\/wp\/v2\/media?parent=473"}],"curies":[{"name":"wp","href":"https:\/\/api.w.org\/{rel}","templated":true}]}}