{"id":350,"date":"2025-05-24T13:41:55","date_gmt":"2025-05-24T18:41:55","guid":{"rendered":"https:\/\/www.une.edu.pe\/admision\/?page_id=350"},"modified":"2025-05-30T16:47:04","modified_gmt":"2025-05-30T21:47:04","slug":"resultados-admision-2025","status":"publish","type":"page","link":"https:\/\/www.une.edu.pe\/admision\/index.php\/resultados-admision-2025\/","title":{"rendered":"Resultados &#8211; Admisi\u00f3n 2025"},"content":{"rendered":"\n<p class=\"has-regular-font-size\"><strong>Exonerados de la Prueba General<\/strong><\/p>\n\n\n\n<ul class=\"wp-block-list\">\n<li style=\"line-height:2\"><a href=\"https:\/\/www.une.edu.pe\/admision\/wp-content\/uploads\/2025\/05\/1er-y-2do-Puesto-IE.pdf\">1er o 2do puesto de Instituci\u00f3n Educativa<\/a><\/li>\n\n\n\n<li style=\"line-height:2\"><a href=\"https:\/\/www.une.edu.pe\/admision\/wp-content\/uploads\/2025\/05\/Beca-18.pdf\">Beca 18<\/a><\/li>\n\n\n\n<li style=\"line-height:2\"><a href=\"https:\/\/www.une.edu.pe\/admision\/wp-content\/uploads\/2025\/05\/CEAUNE.pdf\">CEAUNE<\/a><\/li>\n\n\n\n<li style=\"line-height:2\"><a href=\"https:\/\/www.une.edu.pe\/admision\/wp-content\/uploads\/2025\/05\/Deportista-Calificado-de-Alto-Nivel.pdf\">Deportista Calificado de Alto Nivel<\/a><\/li>\n\n\n\n<li style=\"line-height:2\"><a href=\"https:\/\/www.une.edu.pe\/admision\/wp-content\/uploads\/2025\/05\/Persona-con-Discapacidad.pdf\">Persona con Discapacidad<\/a><\/li>\n\n\n\n<li style=\"line-height:2\"><a href=\"https:\/\/www.une.edu.pe\/admision\/wp-content\/uploads\/2025\/05\/PIR.pdf\">Plan Integral de Reparaci\u00f3n &#8211; PIR<\/a><\/li>\n\n\n\n<li style=\"line-height:2\"><a href=\"https:\/\/www.une.edu.pe\/admision\/wp-content\/uploads\/2025\/05\/Titulados-o-Graduados.pdf\">Graduado o Titulado Universitario<\/a><\/li>\n\n\n\n<li style=\"line-height:2\"><a href=\"https:\/\/www.une.edu.pe\/admision\/wp-content\/uploads\/2025\/05\/CETPRO.pdf\">1er puesto de Centro T\u00e9cnico Productivo &#8211; CETPRO<\/a><\/li>\n\n\n\n<li style=\"line-height:2\"><a href=\"https:\/\/www.une.edu.pe\/admision\/wp-content\/uploads\/2025\/05\/Area-Tecnica.pdf\">1er o 2do en \u00c1rea T\u00e9cnica<\/a><\/li>\n<\/ul>\n\n\n\n<p class=\"has-text-align-center has-extra-large-font-size\"><strong>Prueba General de Admisi\u00f3n 2025<\/strong><\/p>\n\n\n\n<figure class=\"wp-block-table\"><table class=\"has-fixed-layout\"><tbody><tr><td><strong>Facultad de Agropecuaria y Nutrici\u00f3n<\/strong><br>P.E.E. <a href=\"https:\/\/www.une.edu.pe\/admision\/wp-content\/uploads\/2025\/05\/FAN-1.pdf\" data-type=\"attachment\" data-id=\"383\">Agropecuaria<\/a><br>P.E.E. <a href=\"https:\/\/www.une.edu.pe\/admision\/wp-content\/uploads\/2025\/05\/FAN-2.pdf\" data-type=\"attachment\" data-id=\"384\">Desarrollo Ambiental<\/a><br>P.E.E. <a href=\"https:\/\/www.une.edu.pe\/admision\/wp-content\/uploads\/2025\/05\/FAN-3.pdf\" data-type=\"attachment\" data-id=\"385\">Industria Alimentaria y Nutrici\u00f3n<\/a><br>P. <a href=\"https:\/\/www.une.edu.pe\/admision\/wp-content\/uploads\/2025\/05\/FAN-4.pdf\" data-type=\"attachment\" data-id=\"386\">Nutrici\u00f3n Humana<\/a><\/td><td><strong>Facultad de Educaci\u00f3n Inicial<\/strong><br>P.E.E. <a href=\"https:\/\/www.une.edu.pe\/admision\/wp-content\/uploads\/2025\/05\/FEI-1.pdf\" data-type=\"attachment\" data-id=\"416\">Educaci\u00f3n Inicial &#8211; Discapacidad Intelectual<\/a><br>P.E.E. <a href=\"https:\/\/www.une.edu.pe\/admision\/wp-content\/uploads\/2025\/05\/FEI-2.pdf\" data-type=\"attachment\" data-id=\"417\">Educaci\u00f3n Inicial &#8211; Ni\u00f1ez Temprana<\/a><br><\/td><\/tr><tr><td><strong>Facultad de Ciencias<\/strong><br>P.E.E. <a href=\"https:\/\/www.une.edu.pe\/admision\/wp-content\/uploads\/2025\/05\/FAC-1.pdf\" data-type=\"attachment\" data-id=\"371\">Biolog\u00eda &#8211; Ciencias Naturales<\/a><br>P.E.E. <a href=\"https:\/\/www.une.edu.pe\/admision\/wp-content\/uploads\/2025\/05\/FAC-2.pdf\" data-type=\"attachment\" data-id=\"372\">Biolog\u00eda &#8211; Inform\u00e1tica<\/a><br>P.E.E. <a href=\"https:\/\/www.une.edu.pe\/admision\/wp-content\/uploads\/2025\/05\/FAC-3.pdf\" data-type=\"attachment\" data-id=\"373\">F\u00edsica &#8211; Matem\u00e1tica<\/a><br>P.E.E. <a href=\"https:\/\/www.une.edu.pe\/admision\/wp-content\/uploads\/2025\/05\/FAC-4.pdf\" data-type=\"attachment\" data-id=\"374\">Inform\u00e1tica<\/a><br>P.E.E. <a href=\"https:\/\/www.une.edu.pe\/admision\/wp-content\/uploads\/2025\/05\/FAC-5.pdf\" data-type=\"attachment\" data-id=\"375\">Matem\u00e1tica<\/a><br>P.E.E. <a href=\"https:\/\/www.une.edu.pe\/admision\/wp-content\/uploads\/2025\/05\/FAC-6.pdf\" data-type=\"attachment\" data-id=\"376\">Matem\u00e1tica e Inform\u00e1tica<\/a><br>P.E.E. <a href=\"https:\/\/www.une.edu.pe\/admision\/wp-content\/uploads\/2025\/05\/FAC-7.pdf\" data-type=\"attachment\" data-id=\"377\">Qu\u00edmica &#8211; Ciencias Naturales<\/a><br>P.E.E. <a href=\"https:\/\/www.une.edu.pe\/admision\/wp-content\/uploads\/2025\/05\/FAC-8.pdf\" data-type=\"attachment\" data-id=\"378\">Qu\u00edmica, F\u00edsica y Biolog\u00eda<\/a><br><\/td><td><strong>Facultad de Pedagog\u00eda y Cultura F\u00edsica<\/strong><br>P.E.E. <a href=\"https:\/\/www.une.edu.pe\/admision\/wp-content\/uploads\/2025\/05\/FPYCF-1.pdf\" data-type=\"attachment\" data-id=\"418\">Educaci\u00f3n B\u00e1sica Alternativa &#8211; Educ. Primaria<\/a><br>P.E.E. <a href=\"https:\/\/www.une.edu.pe\/admision\/wp-content\/uploads\/2025\/05\/FPYCF-2.pdf\" data-type=\"attachment\" data-id=\"419\">Educaci\u00f3n F\u00edsica &#8211; Deportes<\/a><br>P.E.E. <a href=\"https:\/\/www.une.edu.pe\/admision\/wp-content\/uploads\/2025\/05\/FPYCF-3.pdf\" data-type=\"attachment\" data-id=\"420\">Educaci\u00f3n F\u00edsica &#8211; Edades Tempranas<\/a><br>P.E.E. <a href=\"https:\/\/www.une.edu.pe\/admision\/wp-content\/uploads\/2025\/05\/FPYCF-4.pdf\" data-type=\"attachment\" data-id=\"421\">Educaci\u00f3n F\u00edsica &#8211; Poblaciones Especiales<\/a><br>P.E.E. <a href=\"https:\/\/www.une.edu.pe\/admision\/wp-content\/uploads\/2025\/05\/FPYCF-5.pdf\" data-type=\"attachment\" data-id=\"369\">Educaci\u00f3n F\u00edsica &#8211; Recreaci\u00f3n y Deporte para Todos<\/a><br>P.E.E. <a href=\"https:\/\/www.une.edu.pe\/admision\/wp-content\/uploads\/2025\/05\/FPYCF-6.pdf\" data-type=\"attachment\" data-id=\"370\">Educaci\u00f3n Primaria &#8211; Educ. B\u00e1sica Alternativa<\/a><\/td><\/tr><tr><td><strong>Facultad de Ciencias Sociales y Humanidades<\/strong><br>P.E.E. <a href=\"https:\/\/www.une.edu.pe\/admision\/wp-content\/uploads\/2025\/05\/FCSYH-1.pdf\" data-type=\"attachment\" data-id=\"401\">Ciencias Sociales &#8211; Filosof\u00eda<\/a><br>P.E.E. <a href=\"https:\/\/www.une.edu.pe\/admision\/wp-content\/uploads\/2025\/05\/FCSYH-2.pdf\" data-type=\"attachment\" data-id=\"402\">Ciencias Sociales &#8211; Geograf\u00eda<\/a><br>P.E.E. <a href=\"https:\/\/www.une.edu.pe\/admision\/wp-content\/uploads\/2025\/05\/FCSYH-3.pdf\" data-type=\"attachment\" data-id=\"403\">Ciencias Sociales &#8211; Historia<\/a><br>P.E.E. <a href=\"https:\/\/www.une.edu.pe\/admision\/wp-content\/uploads\/2025\/05\/FCSYH-4.pdf\" data-type=\"attachment\" data-id=\"404\">Ciencias Sociales &#8211; Psicolog\u00eda<\/a><br>P.E.E. <a href=\"https:\/\/www.une.edu.pe\/admision\/wp-content\/uploads\/2025\/05\/FCSYH-5.pdf\" data-type=\"attachment\" data-id=\"405\">Educaci\u00f3n Art\u00edstica &#8211; Artes Pl\u00e1sticas<\/a><br>P.E.E. <a href=\"https:\/\/www.une.edu.pe\/admision\/wp-content\/uploads\/2025\/05\/FCSYH-6.pdf\" data-type=\"link\" data-id=\"https:\/\/www.une.edu.pe\/admision\/wp-content\/uploads\/2025\/05\/FCSYH-6.pdf\">Educaci\u00f3n Art\u00edstica &#8211; M\u00fasica<\/a><br>P.E.E. <a href=\"https:\/\/www.une.edu.pe\/admision\/wp-content\/uploads\/2025\/05\/FCSYH-7.pdf\" data-type=\"attachment\" data-id=\"407\">Educaci\u00f3n Art\u00edstica &#8211; Teatro<\/a><br>P.E.E. <a href=\"https:\/\/www.une.edu.pe\/admision\/wp-content\/uploads\/2025\/05\/FCSYH-8.pdf\" data-type=\"attachment\" data-id=\"408\">Educ. Intercultural Biling\u00fce &#8211; Lengua Espa\u00f1ola<\/a><br>P.E.E. <a href=\"https:\/\/www.une.edu.pe\/admision\/wp-content\/uploads\/2025\/05\/FCSYH-9.pdf\">Ingl\u00e9s &#8211; Alem\u00e1n<\/a><br>P.E.E. <a href=\"https:\/\/www.une.edu.pe\/admision\/wp-content\/uploads\/2025\/05\/FCSYH-10.pdf\" data-type=\"attachment\" data-id=\"410\">Ingl\u00e9s &#8211; Espa\u00f1ol como Lengua Extranjera<\/a><br>P.E.E. <a href=\"https:\/\/www.une.edu.pe\/admision\/wp-content\/uploads\/2025\/05\/FCSYH-11.pdf\" data-type=\"attachment\" data-id=\"411\">Ingl\u00e9s &#8211; Franc\u00e9s<\/a><br>P.E.E. <a href=\"https:\/\/www.une.edu.pe\/admision\/wp-content\/uploads\/2025\/05\/FCSYH-12.pdf\" data-type=\"attachment\" data-id=\"412\">Ingl\u00e9s &#8211; Italiano<\/a><br>P.E.E. <a href=\"https:\/\/www.une.edu.pe\/admision\/wp-content\/uploads\/2025\/05\/FCSYH-13.pdf\" data-type=\"link\" data-id=\"https:\/\/www.une.edu.pe\/admision\/wp-content\/uploads\/2025\/05\/FCSYH-13.pdf\">Lengua Espa\u00f1ola<\/a><br>P.E.E. <a href=\"https:\/\/www.une.edu.pe\/admision\/wp-content\/uploads\/2025\/05\/FCSYH-14.pdf\" data-type=\"link\" data-id=\"https:\/\/www.une.edu.pe\/admision\/wp-content\/uploads\/2025\/05\/FCSYH-14.pdf\">Lengua Espa\u00f1ola &#8211; Ingl\u00e9s<\/a><br>P.E.E. <a href=\"https:\/\/www.une.edu.pe\/admision\/wp-content\/uploads\/2025\/05\/FCSYH-15.pdf\" data-type=\"link\" data-id=\"https:\/\/www.une.edu.pe\/admision\/wp-content\/uploads\/2025\/05\/FCSYH-15.pdf\">Literatura<\/a><br><\/td><td><strong>Facultad de Tecnolog\u00eda<\/strong><br>P.E.E. <a href=\"https:\/\/www.une.edu.pe\/admision\/wp-content\/uploads\/2025\/05\/FATEC-1.pdf\" data-type=\"link\" data-id=\"https:\/\/www.une.edu.pe\/admision\/wp-content\/uploads\/2025\/05\/FATEC-1.pdf\">Artes Industriales<\/a><br>P.E.E. <a href=\"https:\/\/www.une.edu.pe\/admision\/wp-content\/uploads\/2025\/05\/FATEC-2.pdf\" data-type=\"link\" data-id=\"https:\/\/www.une.edu.pe\/admision\/wp-content\/uploads\/2025\/05\/FATEC-2.pdf\">Automatizaci\u00f3n Industrial<\/a><br>P.E.E. <a href=\"https:\/\/www.une.edu.pe\/admision\/wp-content\/uploads\/2025\/05\/FATEC-3.pdf\" data-type=\"link\" data-id=\"https:\/\/www.une.edu.pe\/admision\/wp-content\/uploads\/2025\/05\/FATEC-3.pdf\">Construcci\u00f3n Civil<\/a><br>P.E.E. <a href=\"https:\/\/www.une.edu.pe\/admision\/wp-content\/uploads\/2025\/05\/FATEC-4.pdf\" data-type=\"link\" data-id=\"https:\/\/www.une.edu.pe\/admision\/wp-content\/uploads\/2025\/05\/FATEC-4.pdf\">Construcciones Met\u00e1licas<\/a><br>P.E.E. <a href=\"https:\/\/www.une.edu.pe\/admision\/wp-content\/uploads\/2025\/05\/FATEC-5.pdf\" data-type=\"link\" data-id=\"https:\/\/www.une.edu.pe\/admision\/wp-content\/uploads\/2025\/05\/FATEC-5.pdf\">Dise\u00f1o Industrial y Arquitect\u00f3nico<\/a><br>P.E.E. <a href=\"https:\/\/www.une.edu.pe\/admision\/wp-content\/uploads\/2025\/05\/FATEC-6.pdf\" data-type=\"link\" data-id=\"https:\/\/www.une.edu.pe\/admision\/wp-content\/uploads\/2025\/05\/FATEC-6.pdf\">Ebanister\u00eda y Decoraci\u00f3n<\/a><br>P.E.E. <a href=\"https:\/\/www.une.edu.pe\/admision\/wp-content\/uploads\/2025\/05\/FATEC-7.pdf\" data-type=\"link\" data-id=\"https:\/\/www.une.edu.pe\/admision\/wp-content\/uploads\/2025\/05\/FATEC-7.pdf\">Electricidad<\/a><br>P.E.E. <a href=\"https:\/\/www.une.edu.pe\/admision\/wp-content\/uploads\/2025\/05\/FATEC-8.pdf\" data-type=\"link\" data-id=\"https:\/\/www.une.edu.pe\/admision\/wp-content\/uploads\/2025\/05\/FATEC-8.pdf\">Electr\u00f3nica e Inform\u00e1tica<\/a><br>P.E.E. <a href=\"https:\/\/www.une.edu.pe\/admision\/wp-content\/uploads\/2025\/05\/FATEC-9.pdf\" data-type=\"attachment\" data-id=\"395\">Fuerza Motriz<\/a><br>P.E.E. <a href=\"https:\/\/www.une.edu.pe\/admision\/wp-content\/uploads\/2025\/05\/FATEC-10.pdf\" data-type=\"link\" data-id=\"https:\/\/www.une.edu.pe\/admision\/wp-content\/uploads\/2025\/05\/FATEC-10.pdf\">Mec\u00e1nica de Producci\u00f3n<\/a><br>P.E.E. <a href=\"https:\/\/www.une.edu.pe\/admision\/wp-content\/uploads\/2025\/05\/FATEC-11.pdf\">Metalurgia &#8211; Joyer\u00eda<\/a><br>P.E.E. <a href=\"https:\/\/www.une.edu.pe\/admision\/wp-content\/uploads\/2025\/05\/FATEC-12.pdf\" data-type=\"attachment\" data-id=\"398\">Tecnolog\u00eda del Vestido<\/a><br>P.E.E. <a href=\"https:\/\/www.une.edu.pe\/admision\/wp-content\/uploads\/2025\/05\/FATEC-13.pdf\" data-type=\"attachment\" data-id=\"399\">Tecnolog\u00eda Textil<\/a><br>P.E.E. <a href=\"https:\/\/www.une.edu.pe\/admision\/wp-content\/uploads\/2025\/05\/FATEC-14.pdf\" data-type=\"attachment\" data-id=\"400\">Telecomunicaciones e Inform\u00e1tica<\/a><br><\/td><\/tr><tr><td><strong>Facultad de Ciencias Empresariales<\/strong><br>P. <a href=\"https:\/\/www.une.edu.pe\/admision\/wp-content\/uploads\/2025\/05\/FACE-1.pdf\" data-type=\"attachment\" data-id=\"379\">Administraci\u00f3n de Empresas<\/a><br>P. <a href=\"https:\/\/www.une.edu.pe\/admision\/wp-content\/uploads\/2025\/05\/FACE-2.pdf\" data-type=\"attachment\" data-id=\"380\">Administraci\u00f3n de Negocios Internacionales<\/a><br>P. <a href=\"https:\/\/www.une.edu.pe\/admision\/wp-content\/uploads\/2025\/05\/FACE-3.pdf\" data-type=\"attachment\" data-id=\"381\">Gastronom\u00eda<\/a><br>P. <a href=\"https:\/\/www.une.edu.pe\/admision\/wp-content\/uploads\/2025\/05\/FACE-4.pdf\" data-type=\"attachment\" data-id=\"382\">Turismo y Hoteler\u00eda<br><\/a><\/td><td><\/td><\/tr><\/tbody><\/table><\/figure>\n\n\n\n<p class=\"has-regular-font-size\"><strong><a href=\"https:\/\/www.une.edu.pe\/admision\/wp-content\/uploads\/2025\/05\/Ingresantes-por-Reubicacion-Art22.pdf\">Reubicaci\u00f3n de Postulantes seg\u00fan Art\u00edculo N\u00ba 22 &#8211; RGA <\/a><\/strong><\/p>\n\n\n\n<p><\/p>\n","protected":false},"excerpt":{"rendered":"<p>Exonerados de la Prueba General Prueba General de Admisi\u00f3n 2025 Facultad de Agropecuaria y Nutrici\u00f3nP.E.E. AgropecuariaP.E.E. Desarrollo AmbientalP.E.E. Industria Alimentaria y Nutrici\u00f3nP. Nutrici\u00f3n Humana Facultad de Educaci\u00f3n InicialP.E.E. Educaci\u00f3n Inicial &#8211; Discapacidad IntelectualP.E.E. Educaci\u00f3n Inicial &#8211; Ni\u00f1ez Temprana Facultad de CienciasP.E.E. Biolog\u00eda &#8211; Ciencias NaturalesP.E.E. Biolog\u00eda &#8211; Inform\u00e1ticaP.E.E. F\u00edsica &#8211; Matem\u00e1ticaP.E.E. Inform\u00e1ticaP.E.E. Matem\u00e1ticaP.E.E. Matem\u00e1tica e [&hellip;]<\/p>\n","protected":false},"author":2,"featured_media":0,"parent":0,"menu_order":0,"comment_status":"closed","ping_status":"closed","template":"","meta":{"footnotes":""},"class_list":["post-350","page","type-page","status-publish","hentry"],"_links":{"self":[{"href":"https:\/\/www.une.edu.pe\/admision\/index.php\/wp-json\/wp\/v2\/pages\/350","targetHints":{"allow":["GET"]}}],"collection":[{"href":"https:\/\/www.une.edu.pe\/admision\/index.php\/wp-json\/wp\/v2\/pages"}],"about":[{"href":"https:\/\/www.une.edu.pe\/admision\/index.php\/wp-json\/wp\/v2\/types\/page"}],"author":[{"embeddable":true,"href":"https:\/\/www.une.edu.pe\/admision\/index.php\/wp-json\/wp\/v2\/users\/2"}],"replies":[{"embeddable":true,"href":"https:\/\/www.une.edu.pe\/admision\/index.php\/wp-json\/wp\/v2\/comments?post=350"}],"version-history":[{"count":21,"href":"https:\/\/www.une.edu.pe\/admision\/index.php\/wp-json\/wp\/v2\/pages\/350\/revisions"}],"predecessor-version":[{"id":446,"href":"https:\/\/www.une.edu.pe\/admision\/index.php\/wp-json\/wp\/v2\/pages\/350\/revisions\/446"}],"wp:attachment":[{"href":"https:\/\/www.une.edu.pe\/admision\/index.php\/wp-json\/wp\/v2\/media?parent=350"}],"curies":[{"name":"wp","href":"https:\/\/api.w.org\/{rel}","templated":true}]}}