{"id":263,"date":"2025-03-24T14:59:56","date_gmt":"2025-03-24T19:59:56","guid":{"rendered":"https:\/\/www.une.edu.pe\/admision\/?page_id=263"},"modified":"2025-04-24T14:10:07","modified_gmt":"2025-04-24T19:10:07","slug":"facultad-de-educacion-inicial","status":"publish","type":"page","link":"https:\/\/www.une.edu.pe\/admision\/index.php\/facultad-de-educacion-inicial\/","title":{"rendered":"Facultad de Educaci\u00f3n Inicial"},"content":{"rendered":"\n<p>La facultad de Educaci\u00f3n Inicial (FEI), brinda 2 programas en Educaci\u00f3n.<\/p>\n\n\n\n<p>Programa de Educaci\u00f3n con Especialidad de\u00a0<strong><a href=\"https:\/\/www.une.edu.pe\/Inicial\/discapacidad-intelectual\/\">Educaci\u00f3n Inicial \u2013 Discapacidad Intelectual<\/a><\/strong><\/p>\n\n\n\n<p>Programa de Educaci\u00f3n con Especialidad de\u00a0<strong><a href=\"https:\/\/www.une.edu.pe\/Inicial\/ninez-temprana\/\">Educaci\u00f3n Inicial \u2013 Ni\u00f1ez Temprana<\/a><\/strong><\/p>\n\n\n\n<p class=\"has-text-align-center has-large-font-size\"><strong><a href=\"https:\/\/www.une.edu.pe\/Inicial\/\" target=\"_blank\" rel=\"noreferrer noopener\">Vis\u00edtanos en la p\u00e1gina de la FEI<\/a>&nbsp;<\/strong><\/p>\n\n\n\n<p><\/p>\n","protected":false},"excerpt":{"rendered":"<p>La facultad de Educaci\u00f3n Inicial (FEI), brinda 2 programas en Educaci\u00f3n. Programa de Educaci\u00f3n con Especialidad de\u00a0Educaci\u00f3n Inicial \u2013 Discapacidad Intelectual Programa de Educaci\u00f3n con Especialidad de\u00a0Educaci\u00f3n Inicial \u2013 Ni\u00f1ez Temprana Vis\u00edtanos en la p\u00e1gina de la FEI&nbsp;<\/p>\n","protected":false},"author":2,"featured_media":0,"parent":0,"menu_order":0,"comment_status":"closed","ping_status":"closed","template":"","meta":{"footnotes":""},"class_list":["post-263","page","type-page","status-publish","hentry"],"_links":{"self":[{"href":"https:\/\/www.une.edu.pe\/admision\/index.php\/wp-json\/wp\/v2\/pages\/263","targetHints":{"allow":["GET"]}}],"collection":[{"href":"https:\/\/www.une.edu.pe\/admision\/index.php\/wp-json\/wp\/v2\/pages"}],"about":[{"href":"https:\/\/www.une.edu.pe\/admision\/index.php\/wp-json\/wp\/v2\/types\/page"}],"author":[{"embeddable":true,"href":"https:\/\/www.une.edu.pe\/admision\/index.php\/wp-json\/wp\/v2\/users\/2"}],"replies":[{"embeddable":true,"href":"https:\/\/www.une.edu.pe\/admision\/index.php\/wp-json\/wp\/v2\/comments?post=263"}],"version-history":[{"count":2,"href":"https:\/\/www.une.edu.pe\/admision\/index.php\/wp-json\/wp\/v2\/pages\/263\/revisions"}],"predecessor-version":[{"id":332,"href":"https:\/\/www.une.edu.pe\/admision\/index.php\/wp-json\/wp\/v2\/pages\/263\/revisions\/332"}],"wp:attachment":[{"href":"https:\/\/www.une.edu.pe\/admision\/index.php\/wp-json\/wp\/v2\/media?parent=263"}],"curies":[{"name":"wp","href":"https:\/\/api.w.org\/{rel}","templated":true}]}}