{"id":259,"date":"2025-03-24T14:58:16","date_gmt":"2025-03-24T19:58:16","guid":{"rendered":"https:\/\/www.une.edu.pe\/admision\/?page_id=259"},"modified":"2026-03-19T19:01:11","modified_gmt":"2026-03-20T00:01:11","slug":"facultad-de-ciencias-empresariales","status":"publish","type":"page","link":"https:\/\/www.une.edu.pe\/admision\/index.php\/facultad-de-ciencias-empresariales\/","title":{"rendered":"Facultad de Ciencias Empresariales"},"content":{"rendered":"\n<p>La facultad de Ciencias Empresariales (FACE), brinda 4 programas de gesti\u00f3n empresarial.<\/p>\n\n\n\n<p><\/p>\n\n\n\n<figure class=\"wp-block-table is-style-stripes\"><table class=\"has-fixed-layout\"><tbody><tr><td class=\"has-text-align-center\" data-align=\"center\"><img fetchpriority=\"high\" decoding=\"async\" width=\"400\" height=\"325\" class=\"wp-image-280\" style=\"width: 400px;\" src=\"https:\/\/www.une.edu.pe\/admision\/wp-content\/uploads\/2025\/03\/ADM.-DE-EMPRESAS-n.jpg\" alt=\"\" srcset=\"https:\/\/www.une.edu.pe\/admision\/wp-content\/uploads\/2025\/03\/ADM.-DE-EMPRESAS-n.jpg 689w, https:\/\/www.une.edu.pe\/admision\/wp-content\/uploads\/2025\/03\/ADM.-DE-EMPRESAS-n-300x244.jpg 300w\" sizes=\"(max-width: 400px) 100vw, 400px\" \/><br><a href=\"https:\/\/www.une.edu.pe\/Empresariales\/administracion-de-empresas-2\/\" data-type=\"link\" data-id=\"https:\/\/www.une.edu.pe\/Empresariales\/administracion-de-empresas-2\/\">Administraci\u00f3n de Empresas<\/a><br><strong><a href=\"https:\/\/www.une.edu.pe\/admision\/wp-content\/uploads\/2025\/03\/BROCHURE-DE-ADMINISTRACION-DE-EMPRESAS.pdf\">Descarga brochure<\/a><\/strong><br>Programa Acreditado<\/td><td class=\"has-text-align-center\" data-align=\"center\"><img decoding=\"async\" width=\"400\" height=\"370\" class=\"wp-image-281\" style=\"width: 400px;\" src=\"https:\/\/www.une.edu.pe\/admision\/wp-content\/uploads\/2025\/03\/440440120_2121882608210794_5234512922503838502_n-1.jpg\" alt=\"\" srcset=\"https:\/\/www.une.edu.pe\/admision\/wp-content\/uploads\/2025\/03\/440440120_2121882608210794_5234512922503838502_n-1.jpg 1800w, https:\/\/www.une.edu.pe\/admision\/wp-content\/uploads\/2025\/03\/440440120_2121882608210794_5234512922503838502_n-1-300x278.jpg 300w, https:\/\/www.une.edu.pe\/admision\/wp-content\/uploads\/2025\/03\/440440120_2121882608210794_5234512922503838502_n-1-1024x948.jpg 1024w, https:\/\/www.une.edu.pe\/admision\/wp-content\/uploads\/2025\/03\/440440120_2121882608210794_5234512922503838502_n-1-768x711.jpg 768w, https:\/\/www.une.edu.pe\/admision\/wp-content\/uploads\/2025\/03\/440440120_2121882608210794_5234512922503838502_n-1-1536x1422.jpg 1536w\" sizes=\"(max-width: 400px) 100vw, 400px\" \/><br><a href=\"https:\/\/www.une.edu.pe\/Empresariales\/administracion-y-negocios-internacionales\/\">Administraci\u00f3n de Negocios Internacionales<br><\/a><strong><a href=\"https:\/\/www.une.edu.pe\/admision\/wp-content\/uploads\/2025\/03\/BROCHURE-DE-ADMINISTRACION-DE-NEGOCIOS-INTERNACIONALES.pdf\">Descarga brochure<\/a><\/strong><\/td><\/tr><tr><td class=\"has-text-align-center\" data-align=\"center\"><img decoding=\"async\" width=\"400\" height=\"300\" class=\"wp-image-282\" style=\"width: 400px;\" src=\"https:\/\/www.une.edu.pe\/admision\/wp-content\/uploads\/2025\/03\/CLASES-DE-GATRONOMIA.jpg\" alt=\"\" srcset=\"https:\/\/www.une.edu.pe\/admision\/wp-content\/uploads\/2025\/03\/CLASES-DE-GATRONOMIA.jpg 2048w, https:\/\/www.une.edu.pe\/admision\/wp-content\/uploads\/2025\/03\/CLASES-DE-GATRONOMIA-300x225.jpg 300w, https:\/\/www.une.edu.pe\/admision\/wp-content\/uploads\/2025\/03\/CLASES-DE-GATRONOMIA-1024x768.jpg 1024w, https:\/\/www.une.edu.pe\/admision\/wp-content\/uploads\/2025\/03\/CLASES-DE-GATRONOMIA-768x576.jpg 768w, https:\/\/www.une.edu.pe\/admision\/wp-content\/uploads\/2025\/03\/CLASES-DE-GATRONOMIA-1536x1152.jpg 1536w\" sizes=\"(max-width: 400px) 100vw, 400px\" \/><br><a href=\"https:\/\/www.une.edu.pe\/Empresariales\/gastronomia\/\">Gastronom\u00eda<\/a><br><strong><a href=\"https:\/\/www.une.edu.pe\/admision\/wp-content\/uploads\/2025\/03\/BROCHURE-DE-GASTRONOMIA.pdf\">Descarga brochure<\/a><\/strong><\/td><td class=\"has-text-align-center\" data-align=\"center\"><img loading=\"lazy\" decoding=\"async\" width=\"400\" height=\"450\" class=\"wp-image-283\" style=\"width: 400px;\" src=\"https:\/\/www.une.edu.pe\/admision\/wp-content\/uploads\/2025\/03\/IMG_9344-copia-scaled.jpg\" alt=\"\" srcset=\"https:\/\/www.une.edu.pe\/admision\/wp-content\/uploads\/2025\/03\/IMG_9344-copia-scaled.jpg 2275w, https:\/\/www.une.edu.pe\/admision\/wp-content\/uploads\/2025\/03\/IMG_9344-copia-267x300.jpg 267w, https:\/\/www.une.edu.pe\/admision\/wp-content\/uploads\/2025\/03\/IMG_9344-copia-910x1024.jpg 910w, https:\/\/www.une.edu.pe\/admision\/wp-content\/uploads\/2025\/03\/IMG_9344-copia-768x864.jpg 768w, https:\/\/www.une.edu.pe\/admision\/wp-content\/uploads\/2025\/03\/IMG_9344-copia-1365x1536.jpg 1365w, https:\/\/www.une.edu.pe\/admision\/wp-content\/uploads\/2025\/03\/IMG_9344-copia-1820x2048.jpg 1820w\" sizes=\"(max-width: 400px) 100vw, 400px\" \/><br><a href=\"https:\/\/www.une.edu.pe\/Empresariales\/turismo-y-hoteleria\/\">Turismo y Hoteler\u00eda<br><\/a><strong><a href=\"https:\/\/www.une.edu.pe\/admision\/wp-content\/uploads\/2025\/03\/BROCHURE-DE-TURISMO-Y-HOTELERIA.pdf\">Descarga brochure<\/a><\/strong><\/td><\/tr><\/tbody><\/table><\/figure>\n\n\n\n<p class=\"has-text-align-center has-extra-large-font-size\"><strong><a href=\"https:\/\/www.une.edu.pe\/Empresariales\/\" target=\"_blank\" rel=\"noreferrer noopener\">Vis\u00edtanos en la p\u00e1gina de la FACE<\/a>&nbsp;<\/strong><\/p>\n\n\n\n<p><\/p>\n","protected":false},"excerpt":{"rendered":"<p>La facultad de Ciencias Empresariales (FACE), brinda 4 programas de gesti\u00f3n empresarial. Administraci\u00f3n de EmpresasDescarga brochurePrograma Acreditado Administraci\u00f3n de Negocios InternacionalesDescarga brochure Gastronom\u00edaDescarga brochure Turismo y Hoteler\u00edaDescarga brochure Vis\u00edtanos en la p\u00e1gina de la FACE&nbsp;<\/p>\n","protected":false},"author":2,"featured_media":0,"parent":0,"menu_order":0,"comment_status":"closed","ping_status":"closed","template":"","meta":{"footnotes":""},"class_list":["post-259","page","type-page","status-publish","hentry"],"_links":{"self":[{"href":"https:\/\/www.une.edu.pe\/admision\/index.php\/wp-json\/wp\/v2\/pages\/259","targetHints":{"allow":["GET"]}}],"collection":[{"href":"https:\/\/www.une.edu.pe\/admision\/index.php\/wp-json\/wp\/v2\/pages"}],"about":[{"href":"https:\/\/www.une.edu.pe\/admision\/index.php\/wp-json\/wp\/v2\/types\/page"}],"author":[{"embeddable":true,"href":"https:\/\/www.une.edu.pe\/admision\/index.php\/wp-json\/wp\/v2\/users\/2"}],"replies":[{"embeddable":true,"href":"https:\/\/www.une.edu.pe\/admision\/index.php\/wp-json\/wp\/v2\/comments?post=259"}],"version-history":[{"count":9,"href":"https:\/\/www.une.edu.pe\/admision\/index.php\/wp-json\/wp\/v2\/pages\/259\/revisions"}],"predecessor-version":[{"id":726,"href":"https:\/\/www.une.edu.pe\/admision\/index.php\/wp-json\/wp\/v2\/pages\/259\/revisions\/726"}],"wp:attachment":[{"href":"https:\/\/www.une.edu.pe\/admision\/index.php\/wp-json\/wp\/v2\/media?parent=259"}],"curies":[{"name":"wp","href":"https:\/\/api.w.org\/{rel}","templated":true}]}}