{"id":149,"date":"2025-01-27T17:56:58","date_gmt":"2025-01-27T22:56:58","guid":{"rendered":"https:\/\/www.une.edu.pe\/admision\/?page_id=149"},"modified":"2026-01-29T10:19:42","modified_gmt":"2026-01-29T15:19:42","slug":"cronograma-prosep","status":"publish","type":"page","link":"https:\/\/www.une.edu.pe\/admision\/index.php\/cronograma-prosep\/","title":{"rendered":"Cronograma PROSEP"},"content":{"rendered":"\n<h2 class=\"wp-block-heading has-text-align-center has-base-color has-vivid-cyan-blue-background-color has-text-color has-background has-link-color wp-elements-ad451e683c45820d46790e75c88a85db\"><strong>PROCESO DE ADMISI\u00d3N SEP 2026-I<\/strong><\/h2>\n\n\n\n<p class=\"has-text-align-center\"><strong>Segunda Especialidad Profesional<\/strong><\/p>\n\n\n\n<figure class=\"wp-block-table\"><table class=\"has-fixed-layout\"><tbody><tr><td class=\"has-text-align-center\" data-align=\"center\"><strong>Inscripciones<\/strong><\/td><td class=\"has-text-align-center\" data-align=\"center\">&nbsp;Del 16 de enero <br>al 20 de marzo del 2026<\/td><\/tr><tr><td class=\"has-text-align-center\" data-align=\"center\"><strong>Prueba psicol\u00f3gica<\/strong><br>(Educ. Inicial y Educ.&nbsp; Primaria)<\/td><td class=\"has-text-align-center\" data-align=\"center\">21 de marzo del 2026<\/td><\/tr><tr><td class=\"has-text-align-center\" data-align=\"center\"><strong>Prueba de aptitud<\/strong><br>(Educaci\u00f3n F\u00edsica y Lengua Extranjera \u2013 Ingl\u00e9s)<\/td><td class=\"has-text-align-center\" data-align=\"center\">21 de marzo del 2026<\/td><\/tr><tr><td class=\"has-text-align-center\" data-align=\"center\"><strong>Prueba general de admisi\u00f3n<\/strong><\/td><td class=\"has-text-align-center\" data-align=\"center\"><strong>22 de marzo del 2026<\/strong><\/td><\/tr><tr><td class=\"has-text-align-center\" data-align=\"center\"><strong>Publicaci\u00f3n de resultados<\/strong><\/td><td class=\"has-text-align-center\" data-align=\"center\">22 de marzo del 2026<\/td><\/tr><tr><td class=\"has-text-align-center\" data-align=\"center\"><strong>Entrega de constancias de ingreso<\/strong><\/td><td class=\"has-text-align-center\" data-align=\"center\">24 al 31 de marzo del 2026<\/td><\/tr><\/tbody><\/table><\/figure>\n\n\n\n<p class=\"has-text-align-left\">Resoluci\u00f3n N\u00ba 3988-2026-R-UNE<\/p>\n\n\n\n<p><\/p>\n","protected":false},"excerpt":{"rendered":"<p>PROCESO DE ADMISI\u00d3N SEP 2026-I Segunda Especialidad Profesional Inscripciones &nbsp;Del 16 de enero al 20 de marzo del 2026 Prueba psicol\u00f3gica(Educ. Inicial y Educ.&nbsp; Primaria) 21 de marzo del 2026 Prueba de aptitud(Educaci\u00f3n F\u00edsica y Lengua Extranjera \u2013 Ingl\u00e9s) 21 de marzo del 2026 Prueba general de admisi\u00f3n 22 de marzo del 2026 Publicaci\u00f3n de [&hellip;]<\/p>\n","protected":false},"author":2,"featured_media":0,"parent":0,"menu_order":0,"comment_status":"closed","ping_status":"closed","template":"","meta":{"footnotes":""},"class_list":["post-149","page","type-page","status-publish","hentry"],"_links":{"self":[{"href":"https:\/\/www.une.edu.pe\/admision\/index.php\/wp-json\/wp\/v2\/pages\/149","targetHints":{"allow":["GET"]}}],"collection":[{"href":"https:\/\/www.une.edu.pe\/admision\/index.php\/wp-json\/wp\/v2\/pages"}],"about":[{"href":"https:\/\/www.une.edu.pe\/admision\/index.php\/wp-json\/wp\/v2\/types\/page"}],"author":[{"embeddable":true,"href":"https:\/\/www.une.edu.pe\/admision\/index.php\/wp-json\/wp\/v2\/users\/2"}],"replies":[{"embeddable":true,"href":"https:\/\/www.une.edu.pe\/admision\/index.php\/wp-json\/wp\/v2\/comments?post=149"}],"version-history":[{"count":5,"href":"https:\/\/www.une.edu.pe\/admision\/index.php\/wp-json\/wp\/v2\/pages\/149\/revisions"}],"predecessor-version":[{"id":652,"href":"https:\/\/www.une.edu.pe\/admision\/index.php\/wp-json\/wp\/v2\/pages\/149\/revisions\/652"}],"wp:attachment":[{"href":"https:\/\/www.une.edu.pe\/admision\/index.php\/wp-json\/wp\/v2\/media?parent=149"}],"curies":[{"name":"wp","href":"https:\/\/api.w.org\/{rel}","templated":true}]}}