{"id":120,"date":"2025-01-27T17:17:01","date_gmt":"2025-01-27T22:17:01","guid":{"rendered":"https:\/\/www.une.edu.pe\/admision\/?page_id=120"},"modified":"2025-01-27T17:27:22","modified_gmt":"2025-01-27T22:27:22","slug":"prosep-educacion-basica-alternativa","status":"publish","type":"page","link":"https:\/\/www.une.edu.pe\/admision\/index.php\/prosep-educacion-basica-alternativa\/","title":{"rendered":"PROSEP &#8211; Educaci\u00f3n B\u00e1sica Alternativa"},"content":{"rendered":"\n<p><strong>Programa de Segunda Especialidad Profesional: Educaci\u00f3n B\u00e1sica Alternativa<\/strong><\/p>\n\n\n\n<p><strong>Prop\u00f3sito<\/strong><\/p>\n\n\n\n<p>Formar una s\u00f3lida formaci\u00f3n profesional profesionales humanista, cient\u00edfica, tecnol\u00f3gica, socio comunitaria productiva, a los estudiantes de la segunda especialidad de Educaci\u00f3n B\u00e1sica Alternativa para su aprendizaje y ense\u00f1anza colectivos en la vida y para la vida, con sus potencialidades y capacidades para recoger, crear y recrear conocimientos y pedagog\u00edas intra-interculturales, pluriling\u00fces y el pensamiento cr\u00edtico.<\/p>\n\n\n\n<p><strong>Funci\u00f3n<\/strong><\/p>\n\n\n\n<ol class=\"wp-block-list\">\n<li>Formar un profesional humanista en el enfoque del derecho a la educaci\u00f3n y una gente de cambio de construcci\u00f3n de la equidad educativa.<\/li>\n\n\n\n<li>Desarrollar procesos, pedag\u00f3gicos y did\u00e1cticos de manera integral para la Educaci\u00f3n B\u00e1sica Alternativa<\/li>\n\n\n\n<li>Desarrollar procesos de gesti\u00f3n productiva e investigaci\u00f3n, seg\u00fan el \u00e1mbito productivo que les permitan participar en su formaci\u00f3n emprendedora.<\/li>\n<\/ol>\n\n\n\n<p><strong>T\u00edtulo Profesional<\/strong><\/p>\n\n\n\n<p>Titulo de Segunda Especialidad Profesional: Educaci\u00f3n B\u00e1sica Alternativa<\/p>\n\n\n\n<p><strong>Duraci\u00f3n<\/strong><\/p>\n\n\n\n<p>Tres ciclo acad\u00e9micos (1 a\u00f1o 1\/2)<\/p>\n\n\n\n<p><strong>Competencias<\/strong><\/p>\n\n\n\n<ul class=\"wp-block-list\">\n<li>Conoce los derechos inherentes a la educaci\u00f3n, as\u00ed como los fundamentos pedag\u00f3gicos y epistemol\u00f3gicos para formular su proyecto de vida.<\/li>\n\n\n\n<li>Domina las estrategias metodol\u00f3gicas en los programas de alfabetizaci\u00f3n.<\/li>\n\n\n\n<li>Aplica los procesos pedag\u00f3gicos en la planificaci\u00f3n, organizaci\u00f3n y evaluaci\u00f3n curricular en Educaci\u00f3n B\u00e1sica Alternativa.<\/li>\n\n\n\n<li>Aplica la did\u00e1ctica integradora en el desarrollo de las diferentes asignaturas para la segunda especialidad de EBA.<\/li>\n\n\n\n<li>Utiliza las herramientas de gesti\u00f3n productiva para fomentar la cultura emprendedora.<\/li>\n\n\n\n<li>Maneja las habilidades y destrezas en la generaci\u00f3n de microempresa en la Educaci\u00f3n B\u00e1sica Alternativa.<\/li>\n<\/ul>\n\n\n\n<p class=\"has-text-align-center has-pale-cyan-blue-background-color has-background has-extra-large-font-size\"><strong><a href=\"https:\/\/www.une.edu.pe\/admision\/wp-content\/uploads\/2025\/01\/malla_sep_eba.pdf\">Malla Curricular<\/a><\/strong><\/p>\n\n\n\n<p><\/p>\n","protected":false},"excerpt":{"rendered":"<p>Programa de Segunda Especialidad Profesional: Educaci\u00f3n B\u00e1sica Alternativa Prop\u00f3sito Formar una s\u00f3lida formaci\u00f3n profesional profesionales humanista, cient\u00edfica, tecnol\u00f3gica, socio comunitaria productiva, a los estudiantes de la segunda especialidad de Educaci\u00f3n B\u00e1sica Alternativa para su aprendizaje y ense\u00f1anza colectivos en la vida y para la vida, con sus potencialidades y capacidades para recoger, crear y recrear [&hellip;]<\/p>\n","protected":false},"author":2,"featured_media":0,"parent":0,"menu_order":0,"comment_status":"closed","ping_status":"closed","template":"","meta":{"footnotes":""},"class_list":["post-120","page","type-page","status-publish","hentry"],"_links":{"self":[{"href":"https:\/\/www.une.edu.pe\/admision\/index.php\/wp-json\/wp\/v2\/pages\/120","targetHints":{"allow":["GET"]}}],"collection":[{"href":"https:\/\/www.une.edu.pe\/admision\/index.php\/wp-json\/wp\/v2\/pages"}],"about":[{"href":"https:\/\/www.une.edu.pe\/admision\/index.php\/wp-json\/wp\/v2\/types\/page"}],"author":[{"embeddable":true,"href":"https:\/\/www.une.edu.pe\/admision\/index.php\/wp-json\/wp\/v2\/users\/2"}],"replies":[{"embeddable":true,"href":"https:\/\/www.une.edu.pe\/admision\/index.php\/wp-json\/wp\/v2\/comments?post=120"}],"version-history":[{"count":3,"href":"https:\/\/www.une.edu.pe\/admision\/index.php\/wp-json\/wp\/v2\/pages\/120\/revisions"}],"predecessor-version":[{"id":139,"href":"https:\/\/www.une.edu.pe\/admision\/index.php\/wp-json\/wp\/v2\/pages\/120\/revisions\/139"}],"wp:attachment":[{"href":"https:\/\/www.une.edu.pe\/admision\/index.php\/wp-json\/wp\/v2\/media?parent=120"}],"curies":[{"name":"wp","href":"https:\/\/api.w.org\/{rel}","templated":true}]}}