{"id":104,"date":"2025-01-27T16:45:45","date_gmt":"2025-01-27T21:45:45","guid":{"rendered":"https:\/\/www.une.edu.pe\/admision\/?page_id=104"},"modified":"2025-04-14T12:06:28","modified_gmt":"2025-04-14T17:06:28","slug":"pagos","status":"publish","type":"page","link":"https:\/\/www.une.edu.pe\/admision\/index.php\/pagos\/","title":{"rendered":"Pagos"},"content":{"rendered":"\n<figure class=\"wp-block-image size-full\"><img fetchpriority=\"high\" decoding=\"async\" width=\"1200\" height=\"630\" src=\"https:\/\/www.une.edu.pe\/admision\/wp-content\/uploads\/2025\/01\/image-1.png\" alt=\"\" class=\"wp-image-105\" srcset=\"https:\/\/www.une.edu.pe\/admision\/wp-content\/uploads\/2025\/01\/image-1.png 1200w, https:\/\/www.une.edu.pe\/admision\/wp-content\/uploads\/2025\/01\/image-1-300x158.png 300w, https:\/\/www.une.edu.pe\/admision\/wp-content\/uploads\/2025\/01\/image-1-1024x538.png 1024w, https:\/\/www.une.edu.pe\/admision\/wp-content\/uploads\/2025\/01\/image-1-768x403.png 768w\" sizes=\"(max-width: 1200px) 100vw, 1200px\" \/><\/figure>\n\n\n\n<p>El pago en el Banco de la Naci\u00f3n, lo puede realizar cualquier persona con los datos personales del postulante (nombres y apellidos, n\u00famero del documento de identidad del postulante).<\/p>\n\n\n\n<p>Al acercarse a la ventanilla, deber\u00e1 indicar lo siguiente:<\/p>\n\n\n\n<figure class=\"wp-block-table\"><table class=\"has-fixed-layout\"><tbody><tr><td><strong><em>Cuenta de Transacci\u00f3n:<\/em><\/strong><\/td><td><strong>9135\u2013A&nbsp; &nbsp;La Cantuta<\/strong><\/td><\/tr><tr><td><strong><em>Universidad:<\/em><\/strong><\/td><td>La Cantuta<\/td><\/tr><tr><td><strong><em>Alternativa:<\/em><\/strong><\/td><td>Particular<\/td><\/tr><tr><td><strong><em>Concepto:<\/em><\/strong><\/td><td>Seleccionar de acuerdo a la Tabla 1<br><em>Ejemplo:<strong>&nbsp;0433 Prueba General<\/strong><\/em><\/td><\/tr><tr><td><strong><em>Tipo de Documento:<\/em><\/strong><\/td><td><em>DNI o<\/em><em>LIBERTA MILITAR o<\/em><em>PARTIDA DE NACIMIENTO<\/em><\/td><\/tr><tr><td><strong><em>N\u00famero del Documento:<\/em><\/strong><\/td><td>Brindar el n\u00famero del documento&nbsp;<strong>correspondiente<\/strong>.<\/td><\/tr><tr><td><strong><em>Nombre y Apellidos:<\/em><\/strong><\/td><td>Nombre y apellidos del postulante<\/td><\/tr><tr><td><strong><em>Nivel de Estudio:<\/em><\/strong><\/td><td>Indicar la modalidad por la que postula:<em>Ejemplo: Prueba General&nbsp;<\/em><\/td><\/tr><tr><td><strong><em>Sede:<\/em><\/strong><\/td><td>Central<\/td><\/tr><tr><td><strong><em>Importe a Pagar:<\/em><\/strong><\/td><td>Indicar EFECTIVO o CHEQUE<\/td><\/tr><\/tbody><\/table><\/figure>\n\n\n\n<p class=\"has-text-align-center has-regular-font-size\"><strong>Tabla  1<\/strong><\/p>\n\n\n\n<figure class=\"wp-block-table\"><table class=\"has-fixed-layout\"><tbody><tr><td class=\"has-text-align-center\" data-align=\"center\"><strong>CONCEPTO<\/strong><\/td><td class=\"has-text-align-center\" data-align=\"center\"><strong>MODALIDAD DE POSTULAR<\/strong><\/td><td class=\"has-text-align-center\" data-align=\"center\"><strong>COSTO (S\/)<\/strong><\/td><\/tr><tr><td class=\"has-text-align-center\" data-align=\"center\">0433<\/td><td class=\"has-text-align-center\" data-align=\"center\">Prueba General<br>Persona con Discapacidad<br>Centro Productivo \u2013 CETPRO<\/td><td class=\"has-text-align-center\" data-align=\"center\">320.00<\/td><\/tr><tr><td class=\"has-text-align-center\" data-align=\"center\">0008<\/td><td class=\"has-text-align-center\" data-align=\"center\">1er o 2do puesto de las Instituciones Educativas (colegio)<br>Beca 18 \u2013 Preseleccionado<\/td><td class=\"has-text-align-center\" data-align=\"center\">280.00<\/td><\/tr><tr><td class=\"has-text-align-center\" data-align=\"center\">0009<\/td><td class=\"has-text-align-center\" data-align=\"center\">Deportista Calificado de Alto Nivel<\/td><td class=\"has-text-align-center\" data-align=\"center\">280.00<\/td><\/tr><tr><td class=\"has-text-align-center\" data-align=\"center\">0010<\/td><td class=\"has-text-align-center\" data-align=\"center\">Traslado Externo Nacional<\/td><td class=\"has-text-align-center\" data-align=\"center\">520.00<\/td><\/tr><tr><td class=\"has-text-align-center\" data-align=\"center\">0436<\/td><td class=\"has-text-align-center\" data-align=\"center\">Exoneraci\u00f3n del Centro Preuniversitario (el que logro vacante)<\/td><td class=\"has-text-align-center\" data-align=\"center\">320.00<\/td><\/tr><tr><td class=\"has-text-align-center\" data-align=\"center\">0738<\/td><td class=\"has-text-align-center\" data-align=\"center\">Grado o T\u00edtulo Profesional Universitario<\/td><td class=\"has-text-align-center\" data-align=\"center\">660.00<\/td><\/tr><tr><td class=\"has-text-align-center\" data-align=\"center\">0418<\/td><td class=\"has-text-align-center\" data-align=\"center\">Segunda Especialidad<\/td><td class=\"has-text-align-center\" data-align=\"center\">350.00<\/td><\/tr><tr><td class=\"has-text-align-center\" data-align=\"center\">0015<\/td><td class=\"has-text-align-center\" data-align=\"center\">Constancia de Ingreso (Pregrado)<\/td><td class=\"has-text-align-center\" data-align=\"center\">50.00<\/td><\/tr><tr><td class=\"has-text-align-center\" data-align=\"center\">0015<\/td><td class=\"has-text-align-center\" data-align=\"center\">Constancia de Ingreso \u2013 Seg. Especialidad<\/td><td class=\"has-text-align-center\" data-align=\"center\">60.00<\/td><\/tr><\/tbody><\/table><\/figure>\n\n\n\n<p>Resoluci\u00f3n N\u00ba 4039-2024-R-UNE<\/p>\n","protected":false},"excerpt":{"rendered":"<p>El pago en el Banco de la Naci\u00f3n, lo puede realizar cualquier persona con los datos personales del postulante (nombres y apellidos, n\u00famero del documento de identidad del postulante). Al acercarse a la ventanilla, deber\u00e1 indicar lo siguiente: Cuenta de Transacci\u00f3n: 9135\u2013A&nbsp; &nbsp;La Cantuta Universidad: La Cantuta Alternativa: Particular Concepto: Seleccionar de acuerdo a la [&hellip;]<\/p>\n","protected":false},"author":2,"featured_media":0,"parent":0,"menu_order":0,"comment_status":"closed","ping_status":"closed","template":"","meta":{"footnotes":""},"class_list":["post-104","page","type-page","status-publish","hentry"],"_links":{"self":[{"href":"https:\/\/www.une.edu.pe\/admision\/index.php\/wp-json\/wp\/v2\/pages\/104","targetHints":{"allow":["GET"]}}],"collection":[{"href":"https:\/\/www.une.edu.pe\/admision\/index.php\/wp-json\/wp\/v2\/pages"}],"about":[{"href":"https:\/\/www.une.edu.pe\/admision\/index.php\/wp-json\/wp\/v2\/types\/page"}],"author":[{"embeddable":true,"href":"https:\/\/www.une.edu.pe\/admision\/index.php\/wp-json\/wp\/v2\/users\/2"}],"replies":[{"embeddable":true,"href":"https:\/\/www.une.edu.pe\/admision\/index.php\/wp-json\/wp\/v2\/comments?post=104"}],"version-history":[{"count":5,"href":"https:\/\/www.une.edu.pe\/admision\/index.php\/wp-json\/wp\/v2\/pages\/104\/revisions"}],"predecessor-version":[{"id":311,"href":"https:\/\/www.une.edu.pe\/admision\/index.php\/wp-json\/wp\/v2\/pages\/104\/revisions\/311"}],"wp:attachment":[{"href":"https:\/\/www.une.edu.pe\/admision\/index.php\/wp-json\/wp\/v2\/media?parent=104"}],"curies":[{"name":"wp","href":"https:\/\/api.w.org\/{rel}","templated":true}]}}