{"id":4048,"date":"2025-07-18T22:50:25","date_gmt":"2025-07-18T20:50:25","guid":{"rendered":"https:\/\/www.une.edu.pe\/Recursos_Humanos\/?page_id=4048"},"modified":"2025-08-20T14:52:16","modified_gmt":"2025-08-20T12:52:16","slug":"desarrollo-y-rendimiento","status":"publish","type":"page","link":"https:\/\/www.une.edu.pe\/Recursos_Humanos\/desarrollo-y-rendimiento\/","title":{"rendered":"Desarrollo y Rendimiento"},"content":{"rendered":"\t\t<div data-elementor-type=\"wp-page\" data-elementor-id=\"4048\" class=\"elementor elementor-4048\">\n\t\t\t\t\t\t<section class=\"elementor-section elementor-top-section elementor-element elementor-element-d12874d elementor-section-boxed elementor-section-height-default elementor-section-height-default\" data-id=\"d12874d\" data-element_type=\"section\" data-e-type=\"section\">\n\t\t\t\t\t\t<div class=\"elementor-container elementor-column-gap-default\">\n\t\t\t\t\t<div class=\"elementor-column elementor-col-100 elementor-top-column elementor-element elementor-element-fec8e70\" data-id=\"fec8e70\" data-element_type=\"column\" data-e-type=\"column\">\n\t\t\t<div class=\"elementor-widget-wrap elementor-element-populated\">\n\t\t\t\t\t\t<div class=\"elementor-element elementor-element-bde1cfd elementor-widget elementor-widget-image\" data-id=\"bde1cfd\" data-element_type=\"widget\" data-e-type=\"widget\" data-widget_type=\"image.default\">\n\t\t\t\t<div class=\"elementor-widget-container\">\n\t\t\t\t\t\t\t\t\t\t\t\t\t\t\t<img fetchpriority=\"high\" decoding=\"async\" width=\"847\" height=\"565\" src=\"https:\/\/www.une.edu.pe\/Recursos_Humanos\/wp-content\/uploads\/2025\/08\/DSC_5719-1024x683.jpg\" class=\"attachment-large size-large wp-image-4930\" alt=\"\" srcset=\"https:\/\/www.une.edu.pe\/Recursos_Humanos\/wp-content\/uploads\/2025\/08\/DSC_5719-1024x683.jpg 1024w, https:\/\/www.une.edu.pe\/Recursos_Humanos\/wp-content\/uploads\/2025\/08\/DSC_5719-300x200.jpg 300w, https:\/\/www.une.edu.pe\/Recursos_Humanos\/wp-content\/uploads\/2025\/08\/DSC_5719-768x512.jpg 768w, https:\/\/www.une.edu.pe\/Recursos_Humanos\/wp-content\/uploads\/2025\/08\/DSC_5719-1536x1024.jpg 1536w, https:\/\/www.une.edu.pe\/Recursos_Humanos\/wp-content\/uploads\/2025\/08\/DSC_5719-2048x1365.jpg 2048w, https:\/\/www.une.edu.pe\/Recursos_Humanos\/wp-content\/uploads\/2025\/08\/DSC_5719-360x240.jpg 360w\" sizes=\"(max-width: 847px) 100vw, 847px\" \/>\t\t\t\t\t\t\t\t\t\t\t\t\t\t\t<\/div>\n\t\t\t\t<\/div>\n\t\t\t\t\t<\/div>\n\t\t<\/div>\n\t\t\t\t\t<\/div>\n\t\t<\/section>\n\t\t\t\t<section class=\"elementor-section elementor-top-section elementor-element elementor-element-8ab7b8c elementor-section-boxed elementor-section-height-default elementor-section-height-default\" data-id=\"8ab7b8c\" data-element_type=\"section\" data-e-type=\"section\">\n\t\t\t\t\t\t<div class=\"elementor-container elementor-column-gap-default\">\n\t\t\t\t\t<div class=\"elementor-column elementor-col-100 elementor-top-column elementor-element elementor-element-a8ea652\" data-id=\"a8ea652\" data-element_type=\"column\" data-e-type=\"column\">\n\t\t\t<div class=\"elementor-widget-wrap elementor-element-populated\">\n\t\t\t\t\t\t<div class=\"elementor-element elementor-element-5d590cb elementor-widget elementor-widget-text-editor\" data-id=\"5d590cb\" data-element_type=\"widget\" data-e-type=\"widget\" data-widget_type=\"text-editor.default\">\n\t\t\t\t<div class=\"elementor-widget-container\">\n\t\t\t\t\t\t\t\t\t<p><strong>UNIDAD DE DESARROLLO Y RENDIMIENTO<br \/><\/strong>Anexo: 6140<br \/>Correo: escalafon@une.edu.pe<\/p><p style=\"mso-margin-top-alt: auto; mso-margin-bottom-alt: auto; text-align: justify; line-height: normal;\"><b><span lang=\"ES-PE\" style=\"font-family: 'Calibri Light',sans-serif; mso-fareast-font-family: 'Times New Roman';\">\u00bfEn qu\u00e9 te ayudamos?<\/span><\/b><\/p><p style=\"mso-margin-top-alt: auto; mso-margin-bottom-alt: auto; text-align: justify; line-height: normal;\"><span lang=\"ES-PE\" style=\"font-family: 'Calibri Light',sans-serif; mso-fareast-font-family: 'Times New Roman';\">Tu crecimiento profesional es tambi\u00e9n nuestro compromiso. Esta unidad se enfoca en <b>fortalecer tus capacidades y evaluar tu desempe\u00f1o<\/b>, siempre con miras a mejorar tu experiencia laboral.<\/span><\/p><p style=\"mso-margin-top-alt: auto; mso-margin-bottom-alt: auto; text-align: justify; line-height: normal;\"><b><span lang=\"ES-PE\" style=\"font-family: 'Calibri Light',sans-serif; mso-fareast-font-family: 'Times New Roman';\">Aqu\u00ed gestionamos:<\/span><\/b><\/p><ul type=\"disc\"><li style=\"mso-margin-top-alt: auto; mso-margin-bottom-alt: auto; text-align: justify; line-height: normal; mso-list: l0 level1 lfo1; tab-stops: list 36.0pt;\"><span lang=\"ES-PE\" style=\"font-family: 'Calibri Light',sans-serif; mso-fareast-font-family: 'Times New Roman';\">La <b>detecci\u00f3n de tus necesidades de capacitaci\u00f3n<\/b>, alineadas a los objetivos de tu \u00e1rea y de la instituci\u00f3n.<\/span><\/li><li style=\"mso-margin-top-alt: auto; mso-margin-bottom-alt: auto; text-align: justify; line-height: normal; mso-list: l0 level1 lfo1; tab-stops: list 36.0pt;\"><span lang=\"ES-PE\" style=\"font-family: 'Calibri Light',sans-serif; mso-fareast-font-family: 'Times New Roman';\">La <b>ejecuci\u00f3n del plan de desarrollo de personas<\/b>, brind\u00e1ndote oportunidades formativas para seguir creciendo.<\/span><\/li><li style=\"mso-margin-top-alt: auto; mso-margin-bottom-alt: auto; text-align: justify; line-height: normal; mso-list: l0 level1 lfo1; tab-stops: list 36.0pt;\"><span lang=\"ES-PE\" style=\"font-family: 'Calibri Light',sans-serif; mso-fareast-font-family: 'Times New Roman';\">La <b>evaluaci\u00f3n del desempe\u00f1o<\/b>, con un enfoque justo y continuo, para que sepas c\u00f3mo vas y c\u00f3mo puedes mejorar.<\/span><\/li><\/ul><p>\u00a0<\/p><p style=\"mso-margin-top-alt: auto; mso-margin-bottom-alt: auto; line-height: normal;\"><span lang=\"ES-PE\" style=\"font-family: 'Calibri Light',sans-serif; mso-fareast-font-family: 'Times New Roman';\">Porque creemos en tu talento y queremos que sigas avanzando con nosotros.<\/span><\/p>\t\t\t\t\t\t\t\t<\/div>\n\t\t\t\t<\/div>\n\t\t\t\t\t<\/div>\n\t\t<\/div>\n\t\t\t\t\t<\/div>\n\t\t<\/section>\n\t\t\t\t<\/div>\n\t\t","protected":false},"excerpt":{"rendered":"<p>UNIDAD DE DESARROLLO Y RENDIMIENTOAnexo: 6140Correo: escalafon@une.edu.pe \u00bfEn qu\u00e9 te ayudamos? Tu crecimiento profesional es tambi\u00e9n nuestro compromiso. Esta unidad se enfoca en fortalecer tus capacidades y evaluar tu desempe\u00f1o, siempre con miras a mejorar tu experiencia laboral. Aqu\u00ed gestionamos: <a href=\"https:\/\/www.une.edu.pe\/Recursos_Humanos\/desarrollo-y-rendimiento\/\" class=\"read-more\">Leer m\u00e1s&#8230;<\/a><\/p>\n","protected":false},"author":6,"featured_media":0,"parent":0,"menu_order":0,"comment_status":"closed","ping_status":"closed","template":"","meta":{"footnotes":""},"class_list":["post-4048","page","type-page","status-publish","hentry"],"_links":{"self":[{"href":"https:\/\/www.une.edu.pe\/Recursos_Humanos\/wp-json\/wp\/v2\/pages\/4048","targetHints":{"allow":["GET"]}}],"collection":[{"href":"https:\/\/www.une.edu.pe\/Recursos_Humanos\/wp-json\/wp\/v2\/pages"}],"about":[{"href":"https:\/\/www.une.edu.pe\/Recursos_Humanos\/wp-json\/wp\/v2\/types\/page"}],"author":[{"embeddable":true,"href":"https:\/\/www.une.edu.pe\/Recursos_Humanos\/wp-json\/wp\/v2\/users\/6"}],"replies":[{"embeddable":true,"href":"https:\/\/www.une.edu.pe\/Recursos_Humanos\/wp-json\/wp\/v2\/comments?post=4048"}],"version-history":[{"count":22,"href":"https:\/\/www.une.edu.pe\/Recursos_Humanos\/wp-json\/wp\/v2\/pages\/4048\/revisions"}],"predecessor-version":[{"id":4960,"href":"https:\/\/www.une.edu.pe\/Recursos_Humanos\/wp-json\/wp\/v2\/pages\/4048\/revisions\/4960"}],"wp:attachment":[{"href":"https:\/\/www.une.edu.pe\/Recursos_Humanos\/wp-json\/wp\/v2\/media?parent=4048"}],"curies":[{"name":"wp","href":"https:\/\/api.w.org\/{rel}","templated":true}]}}