{"id":4042,"date":"2025-07-18T22:47:01","date_gmt":"2025-07-18T20:47:01","guid":{"rendered":"https:\/\/www.une.edu.pe\/Recursos_Humanos\/?page_id=4042"},"modified":"2025-08-20T18:35:16","modified_gmt":"2025-08-20T16:35:16","slug":"compensaciones-y-pensiones","status":"publish","type":"page","link":"https:\/\/www.une.edu.pe\/Recursos_Humanos\/compensaciones-y-pensiones\/","title":{"rendered":"Remuneraciones y Pensiones"},"content":{"rendered":"\t\t<div data-elementor-type=\"wp-page\" data-elementor-id=\"4042\" class=\"elementor elementor-4042\">\n\t\t\t\t\t\t<section class=\"elementor-section elementor-top-section elementor-element elementor-element-d12874d elementor-section-boxed elementor-section-height-default elementor-section-height-default\" data-id=\"d12874d\" data-element_type=\"section\" data-e-type=\"section\">\n\t\t\t\t\t\t<div class=\"elementor-container elementor-column-gap-default\">\n\t\t\t\t\t<div class=\"elementor-column elementor-col-100 elementor-top-column elementor-element elementor-element-fec8e70\" data-id=\"fec8e70\" data-element_type=\"column\" data-e-type=\"column\">\n\t\t\t<div class=\"elementor-widget-wrap elementor-element-populated\">\n\t\t\t\t\t\t<div class=\"elementor-element elementor-element-bde1cfd elementor-widget elementor-widget-image\" data-id=\"bde1cfd\" data-element_type=\"widget\" data-e-type=\"widget\" data-widget_type=\"image.default\">\n\t\t\t\t<div class=\"elementor-widget-container\">\n\t\t\t\t\t\t\t\t\t\t\t\t\t\t\t<img fetchpriority=\"high\" decoding=\"async\" width=\"847\" height=\"565\" src=\"https:\/\/www.une.edu.pe\/Recursos_Humanos\/wp-content\/uploads\/2025\/08\/DSC_5733-1024x683.jpg\" class=\"attachment-large size-large wp-image-4934\" alt=\"\" srcset=\"https:\/\/www.une.edu.pe\/Recursos_Humanos\/wp-content\/uploads\/2025\/08\/DSC_5733-1024x683.jpg 1024w, https:\/\/www.une.edu.pe\/Recursos_Humanos\/wp-content\/uploads\/2025\/08\/DSC_5733-300x200.jpg 300w, https:\/\/www.une.edu.pe\/Recursos_Humanos\/wp-content\/uploads\/2025\/08\/DSC_5733-768x512.jpg 768w, https:\/\/www.une.edu.pe\/Recursos_Humanos\/wp-content\/uploads\/2025\/08\/DSC_5733-1536x1024.jpg 1536w, https:\/\/www.une.edu.pe\/Recursos_Humanos\/wp-content\/uploads\/2025\/08\/DSC_5733-2048x1365.jpg 2048w, https:\/\/www.une.edu.pe\/Recursos_Humanos\/wp-content\/uploads\/2025\/08\/DSC_5733-360x240.jpg 360w\" sizes=\"(max-width: 847px) 100vw, 847px\" \/>\t\t\t\t\t\t\t\t\t\t\t\t\t\t\t<\/div>\n\t\t\t\t<\/div>\n\t\t\t\t\t<\/div>\n\t\t<\/div>\n\t\t\t\t\t<\/div>\n\t\t<\/section>\n\t\t\t\t<section class=\"elementor-section elementor-top-section elementor-element elementor-element-7fbf7be elementor-section-boxed elementor-section-height-default elementor-section-height-default\" data-id=\"7fbf7be\" data-element_type=\"section\" data-e-type=\"section\">\n\t\t\t\t\t\t<div class=\"elementor-container elementor-column-gap-default\">\n\t\t\t\t\t<div class=\"elementor-column elementor-col-100 elementor-top-column elementor-element elementor-element-4333ecb\" data-id=\"4333ecb\" data-element_type=\"column\" data-e-type=\"column\">\n\t\t\t<div class=\"elementor-widget-wrap elementor-element-populated\">\n\t\t\t\t\t\t<div class=\"elementor-element elementor-element-90be5d5 elementor-widget elementor-widget-text-editor\" data-id=\"90be5d5\" data-element_type=\"widget\" data-e-type=\"widget\" data-widget_type=\"text-editor.default\">\n\t\t\t\t<div class=\"elementor-widget-container\">\n\t\t\t\t\t\t\t\t\t<p><span style=\"color: #333399;\"><strong>UNIDAD DE REMUNERACIONES Y PENSIONES<br \/><\/strong>Anexo: 6130 \u2013 6131<\/span><br \/><span style=\"color: #333399;\">Correo: remuneraciones@une.edu.pe<\/span><\/p>\t\t\t\t\t\t\t\t<\/div>\n\t\t\t\t<\/div>\n\t\t\t\t\t<\/div>\n\t\t<\/div>\n\t\t\t\t\t<\/div>\n\t\t<\/section>\n\t\t\t\t<section class=\"elementor-section elementor-top-section elementor-element elementor-element-a883954 elementor-section-boxed elementor-section-height-default elementor-section-height-default\" data-id=\"a883954\" data-element_type=\"section\" data-e-type=\"section\">\n\t\t\t\t\t\t<div class=\"elementor-container elementor-column-gap-default\">\n\t\t\t\t\t<div class=\"elementor-column elementor-col-100 elementor-top-column elementor-element elementor-element-6bd9cfd\" data-id=\"6bd9cfd\" data-element_type=\"column\" data-e-type=\"column\">\n\t\t\t<div class=\"elementor-widget-wrap elementor-element-populated\">\n\t\t\t\t\t\t<div class=\"elementor-element elementor-element-09d75c1 elementor-widget elementor-widget-heading\" data-id=\"09d75c1\" data-element_type=\"widget\" data-e-type=\"widget\" data-widget_type=\"heading.default\">\n\t\t\t\t<div class=\"elementor-widget-container\">\n\t\t\t\t\t<h2 class=\"elementor-heading-title elementor-size-default\">Descripcion:<\/h2>\t\t\t\t<\/div>\n\t\t\t\t<\/div>\n\t\t\t\t\t<\/div>\n\t\t<\/div>\n\t\t\t\t\t<\/div>\n\t\t<\/section>\n\t\t\t\t<section class=\"elementor-section elementor-top-section elementor-element elementor-element-ac85694 elementor-section-boxed elementor-section-height-default elementor-section-height-default\" data-id=\"ac85694\" data-element_type=\"section\" data-e-type=\"section\">\n\t\t\t\t\t\t<div class=\"elementor-container elementor-column-gap-default\">\n\t\t\t\t\t<div class=\"elementor-column elementor-col-100 elementor-top-column elementor-element elementor-element-96f91c6\" data-id=\"96f91c6\" data-element_type=\"column\" data-e-type=\"column\">\n\t\t\t<div class=\"elementor-widget-wrap elementor-element-populated\">\n\t\t\t\t\t\t<div class=\"elementor-element elementor-element-bb5e3fa elementor-widget elementor-widget-text-editor\" data-id=\"bb5e3fa\" data-element_type=\"widget\" data-e-type=\"widget\" data-widget_type=\"text-editor.default\">\n\t\t\t\t<div class=\"elementor-widget-container\">\n\t\t\t\t\t\t\t\t\t<p><span style=\"color: #333399;\">La Unidad Funcional de Remuneraciones y Pensiones es responsable de gestionar, ejecutar y controlar los procesos relacionados con el pago oportuno y correcto de las remuneraciones, beneficios sociales, y pensiones del personal activo y cesante, conforme al marco legal vigente y a las pol\u00edticas institucionales. Esta unidad garantiza la transparencia, equidad y eficiencia en la administraci\u00f3n de los recursos humanos vinculados a compensaciones econ\u00f3micas y derechos previsionales.<\/span><\/p>\t\t\t\t\t\t\t\t<\/div>\n\t\t\t\t<\/div>\n\t\t\t\t\t<\/div>\n\t\t<\/div>\n\t\t\t\t\t<\/div>\n\t\t<\/section>\n\t\t\t\t<section class=\"elementor-section elementor-top-section elementor-element elementor-element-62b5a07 elementor-section-boxed elementor-section-height-default elementor-section-height-default\" data-id=\"62b5a07\" data-element_type=\"section\" data-e-type=\"section\">\n\t\t\t\t\t\t<div class=\"elementor-container elementor-column-gap-default\">\n\t\t\t\t\t<div class=\"elementor-column elementor-col-100 elementor-top-column elementor-element elementor-element-f924e65\" data-id=\"f924e65\" data-element_type=\"column\" data-e-type=\"column\">\n\t\t\t<div class=\"elementor-widget-wrap elementor-element-populated\">\n\t\t\t\t\t\t<div class=\"elementor-element elementor-element-7cf901c elementor-widget elementor-widget-heading\" data-id=\"7cf901c\" data-element_type=\"widget\" data-e-type=\"widget\" data-widget_type=\"heading.default\">\n\t\t\t\t<div class=\"elementor-widget-container\">\n\t\t\t\t\t<h2 class=\"elementor-heading-title elementor-size-default\">Funciones principales:<\/h2>\t\t\t\t<\/div>\n\t\t\t\t<\/div>\n\t\t\t\t\t<\/div>\n\t\t<\/div>\n\t\t\t\t\t<\/div>\n\t\t<\/section>\n\t\t\t\t<section class=\"elementor-section elementor-top-section elementor-element elementor-element-4e4db1b elementor-section-boxed elementor-section-height-default elementor-section-height-default\" data-id=\"4e4db1b\" data-element_type=\"section\" data-e-type=\"section\">\n\t\t\t\t\t\t<div class=\"elementor-container elementor-column-gap-default\">\n\t\t\t\t\t<div class=\"elementor-column elementor-col-100 elementor-top-column elementor-element elementor-element-14446f7\" data-id=\"14446f7\" data-element_type=\"column\" data-e-type=\"column\">\n\t\t\t<div class=\"elementor-widget-wrap elementor-element-populated\">\n\t\t\t\t\t\t<div class=\"elementor-element elementor-element-d3ab6f1 elementor-widget elementor-widget-text-editor\" data-id=\"d3ab6f1\" data-element_type=\"widget\" data-e-type=\"widget\" data-widget_type=\"text-editor.default\">\n\t\t\t\t<div class=\"elementor-widget-container\">\n\t\t\t\t\t\t\t\t\t<ul class=\"font_8 wixui-rich-text__text\"><li class=\"wixui-rich-text__text\"><p class=\"font_8 wixui-rich-text__text\"><span class=\"wixui-rich-text__text\" style=\"color: #333399;\">Calcular y procesar las planillas de remuneraciones del personal activo, bajo cualquiera de los reg\u00edmenes laborales aplicables.<\/span><\/p><\/li><li class=\"wixui-rich-text__text\"><p class=\"font_8 wixui-rich-text__text\"><span class=\"wixui-rich-text__text\" style=\"color: #333399;\">Gestionar el pago de beneficios sociales: gratificaciones, compensaci\u00f3n por tiempo de servicios (CTS), asignaciones familiares, bonificaciones, entre otros.<\/span><\/p><\/li><li class=\"wixui-rich-text__text\"><p class=\"font_8 wixui-rich-text__text\"><span class=\"wixui-rich-text__text\" style=\"color: #333399;\">Administrar los aportes a los sistemas previsionales (ONP, AFP) y coordinar con las entidades respectivas.<\/span><\/p><\/li><li class=\"wixui-rich-text__text\"><p class=\"font_8 wixui-rich-text__text\"><span class=\"wixui-rich-text__text\" style=\"color: #333399;\">Tramitar las pensiones de jubilaci\u00f3n, invalidez, sobrevivencia u otras, en coordinaci\u00f3n con las entidades competentes.<\/span><\/p><\/li><li class=\"wixui-rich-text__text\"><p class=\"font_8 wixui-rich-text__text\"><span class=\"wixui-rich-text__text\" style=\"color: #333399;\">Elaborar informes t\u00e9cnicos y reportes mensuales sobre la ejecuci\u00f3n de planillas y cargas sociales.<\/span><\/p><\/li><li class=\"wixui-rich-text__text\"><p class=\"font_8 wixui-rich-text__text\"><span class=\"wixui-rich-text__text\" style=\"color: #333399;\">Atender consultas y brindar orientaci\u00f3n al personal sobre remuneraciones, descuentos, aportes y derechos pensionarios.<\/span><\/p><\/li><li class=\"wixui-rich-text__text\"><p class=\"font_8 wixui-rich-text__text\"><span class=\"wixui-rich-text__text\" style=\"color: #333399;\">Supervisar el cumplimiento de normas laborales y previsionales vigentes en materia remunerativa y de pensiones.<\/span><\/p><\/li><\/ul>\t\t\t\t\t\t\t\t<\/div>\n\t\t\t\t<\/div>\n\t\t\t\t\t<\/div>\n\t\t<\/div>\n\t\t\t\t\t<\/div>\n\t\t<\/section>\n\t\t\t\t<\/div>\n\t\t","protected":false},"excerpt":{"rendered":"<p>UNIDAD DE REMUNERACIONES Y PENSIONESAnexo: 6130 \u2013 6131Correo: remuneraciones@une.edu.pe Descripcion: La Unidad Funcional de Remuneraciones y Pensiones es responsable de gestionar, ejecutar y controlar los procesos relacionados con el pago oportuno y correcto de las remuneraciones, beneficios sociales, y pensiones <a href=\"https:\/\/www.une.edu.pe\/Recursos_Humanos\/compensaciones-y-pensiones\/\" class=\"read-more\">Leer m\u00e1s&#8230;<\/a><\/p>\n","protected":false},"author":6,"featured_media":0,"parent":0,"menu_order":0,"comment_status":"closed","ping_status":"closed","template":"","meta":{"footnotes":""},"class_list":["post-4042","page","type-page","status-publish","hentry"],"_links":{"self":[{"href":"https:\/\/www.une.edu.pe\/Recursos_Humanos\/wp-json\/wp\/v2\/pages\/4042","targetHints":{"allow":["GET"]}}],"collection":[{"href":"https:\/\/www.une.edu.pe\/Recursos_Humanos\/wp-json\/wp\/v2\/pages"}],"about":[{"href":"https:\/\/www.une.edu.pe\/Recursos_Humanos\/wp-json\/wp\/v2\/types\/page"}],"author":[{"embeddable":true,"href":"https:\/\/www.une.edu.pe\/Recursos_Humanos\/wp-json\/wp\/v2\/users\/6"}],"replies":[{"embeddable":true,"href":"https:\/\/www.une.edu.pe\/Recursos_Humanos\/wp-json\/wp\/v2\/comments?post=4042"}],"version-history":[{"count":36,"href":"https:\/\/www.une.edu.pe\/Recursos_Humanos\/wp-json\/wp\/v2\/pages\/4042\/revisions"}],"predecessor-version":[{"id":4967,"href":"https:\/\/www.une.edu.pe\/Recursos_Humanos\/wp-json\/wp\/v2\/pages\/4042\/revisions\/4967"}],"wp:attachment":[{"href":"https:\/\/www.une.edu.pe\/Recursos_Humanos\/wp-json\/wp\/v2\/media?parent=4042"}],"curies":[{"name":"wp","href":"https:\/\/api.w.org\/{rel}","templated":true}]}}