{"id":4034,"date":"2025-07-18T20:58:43","date_gmt":"2025-07-18T18:58:43","guid":{"rendered":"https:\/\/www.une.edu.pe\/Recursos_Humanos\/?page_id=4034"},"modified":"2025-08-20T14:52:54","modified_gmt":"2025-08-20T12:52:54","slug":"prese","status":"publish","type":"page","link":"https:\/\/www.une.edu.pe\/Recursos_Humanos\/prese\/","title":{"rendered":"Gesti\u00f3n del Empleo y Relaciones Humanas"},"content":{"rendered":"\t\t<div data-elementor-type=\"wp-page\" data-elementor-id=\"4034\" class=\"elementor elementor-4034\">\n\t\t\t\t\t\t<section class=\"elementor-section elementor-top-section elementor-element elementor-element-d12874d elementor-section-boxed elementor-section-height-default elementor-section-height-default\" data-id=\"d12874d\" data-element_type=\"section\" data-e-type=\"section\">\n\t\t\t\t\t\t<div class=\"elementor-container elementor-column-gap-default\">\n\t\t\t\t\t<div class=\"elementor-column elementor-col-100 elementor-top-column elementor-element elementor-element-fec8e70\" data-id=\"fec8e70\" data-element_type=\"column\" data-e-type=\"column\">\n\t\t\t<div class=\"elementor-widget-wrap elementor-element-populated\">\n\t\t\t\t\t\t<div class=\"elementor-element elementor-element-bde1cfd elementor-widget elementor-widget-image\" data-id=\"bde1cfd\" data-element_type=\"widget\" data-e-type=\"widget\" data-widget_type=\"image.default\">\n\t\t\t\t<div class=\"elementor-widget-container\">\n\t\t\t\t\t\t\t\t\t\t\t\t\t\t\t<img fetchpriority=\"high\" decoding=\"async\" width=\"847\" height=\"565\" src=\"https:\/\/www.une.edu.pe\/Recursos_Humanos\/wp-content\/uploads\/2025\/08\/DSC_5765-1024x683.jpg\" class=\"attachment-large size-large wp-image-4915\" alt=\"\" srcset=\"https:\/\/www.une.edu.pe\/Recursos_Humanos\/wp-content\/uploads\/2025\/08\/DSC_5765-1024x683.jpg 1024w, https:\/\/www.une.edu.pe\/Recursos_Humanos\/wp-content\/uploads\/2025\/08\/DSC_5765-300x200.jpg 300w, https:\/\/www.une.edu.pe\/Recursos_Humanos\/wp-content\/uploads\/2025\/08\/DSC_5765-768x512.jpg 768w, https:\/\/www.une.edu.pe\/Recursos_Humanos\/wp-content\/uploads\/2025\/08\/DSC_5765-1536x1024.jpg 1536w, https:\/\/www.une.edu.pe\/Recursos_Humanos\/wp-content\/uploads\/2025\/08\/DSC_5765-2048x1365.jpg 2048w, https:\/\/www.une.edu.pe\/Recursos_Humanos\/wp-content\/uploads\/2025\/08\/DSC_5765-360x240.jpg 360w\" sizes=\"(max-width: 847px) 100vw, 847px\" \/>\t\t\t\t\t\t\t\t\t\t\t\t\t\t\t<\/div>\n\t\t\t\t<\/div>\n\t\t\t\t\t<\/div>\n\t\t<\/div>\n\t\t\t\t\t<\/div>\n\t\t<\/section>\n\t\t\t\t<section class=\"elementor-section elementor-top-section elementor-element elementor-element-6a73174 elementor-section-boxed elementor-section-height-default elementor-section-height-default\" data-id=\"6a73174\" data-element_type=\"section\" data-e-type=\"section\">\n\t\t\t\t\t\t<div class=\"elementor-container elementor-column-gap-default\">\n\t\t\t\t\t<div class=\"elementor-column elementor-col-100 elementor-top-column elementor-element elementor-element-55a44dd\" data-id=\"55a44dd\" data-element_type=\"column\" data-e-type=\"column\">\n\t\t\t<div class=\"elementor-widget-wrap elementor-element-populated\">\n\t\t\t\t\t\t<div class=\"elementor-element elementor-element-3bb9a85 elementor-widget elementor-widget-text-editor\" data-id=\"3bb9a85\" data-element_type=\"widget\" data-e-type=\"widget\" data-widget_type=\"text-editor.default\">\n\t\t\t\t<div class=\"elementor-widget-container\">\n\t\t\t\t\t\t\t\t\t<p><strong>UNIDAD DE GESTI\u00d2N DEL EMPLEO Y RELACIONES HUMANAS<br \/><\/strong>Anexo: 6120 \u2013 6121<br \/>Correo: controlpersonal@une.edu.pe<\/p><p data-start=\"148\" data-end=\"203\"><strong data-start=\"148\" data-end=\"201\">Unidad de Gesti\u00f3n del Empleo y Relaciones Humanas<\/strong><\/p><p data-start=\"205\" data-end=\"518\"><strong data-start=\"205\" data-end=\"229\">\u00bfEn qu\u00e9 te ayudamos?<\/strong><br data-start=\"229\" data-end=\"232\" \/>Si eres parte del personal administrativo, docente o de modalidades formativas preprofesionales y profesionales, esta unidad te acompa\u00f1a desde el momento en que postulas a un puesto en la UNE, durante toda tu trayectoria en la instituci\u00f3n y hasta la conclusi\u00f3n de tu relaci\u00f3n laboral.<\/p><p data-start=\"520\" data-end=\"543\"><strong data-start=\"520\" data-end=\"541\">Aqu\u00ed gestionamos:<\/strong><\/p><ul data-start=\"544\" data-end=\"1467\"><li data-start=\"544\" data-end=\"692\"><p data-start=\"546\" data-end=\"692\">La elaboraci\u00f3n de perfiles de puestos y documentos organizativos que permiten que cada cargo est\u00e9 bien definido y sea justo para quien lo ocupa.<\/p><\/li><li data-start=\"693\" data-end=\"777\"><p data-start=\"695\" data-end=\"777\">El proceso de selecci\u00f3n, inducci\u00f3n y contrataci\u00f3n del nuevo personal no docente.<\/p><\/li><li data-start=\"778\" data-end=\"897\"><p data-start=\"780\" data-end=\"897\">La gesti\u00f3n de tu asistencia, legajo personal, desplazamientos y desvinculaciones, de forma ordenada y transparente.<\/p><\/li><li data-start=\"898\" data-end=\"994\"><p data-start=\"900\" data-end=\"994\">Todo lo relacionado con relaciones laborales, como derechos, deberes y clima organizacional.<\/p><\/li><li data-start=\"995\" data-end=\"1162\"><p data-start=\"997\" data-end=\"1162\">Actividades de bienestar social, salud y seguridad en el trabajo, as\u00ed como iniciativas para mejorar la comunicaci\u00f3n interna y fortalecer la cultura organizacional.<\/p><\/li><li data-start=\"1163\" data-end=\"1257\"><p data-start=\"1165\" data-end=\"1257\">El reconocimiento de bonificaciones y asignaciones especiales que por ley te corresponden.<\/p><\/li><li data-start=\"1258\" data-end=\"1311\"><p data-start=\"1260\" data-end=\"1311\">La emisi\u00f3n de constancias de trabajo y filiaci\u00f3n.<\/p><\/li><li data-start=\"1312\" data-end=\"1400\"><p data-start=\"1314\" data-end=\"1400\">La implementaci\u00f3n y seguimiento de las pol\u00edticas de seguridad y salud en el trabajo.<\/p><\/li><li data-start=\"1401\" data-end=\"1467\"><p data-start=\"1403\" data-end=\"1467\">La administraci\u00f3n y funcionamiento del lactario institucional.<\/p><\/li><\/ul><p data-start=\"1469\" data-end=\"1566\">En resumen, nos aseguramos de que tu experiencia laboral en la UNE sea clara, justa y positiva.<\/p>\t\t\t\t\t\t\t\t<\/div>\n\t\t\t\t<\/div>\n\t\t\t\t\t<\/div>\n\t\t<\/div>\n\t\t\t\t\t<\/div>\n\t\t<\/section>\n\t\t\t\t<\/div>\n\t\t","protected":false},"excerpt":{"rendered":"<p>UNIDAD DE GESTI\u00d2N DEL EMPLEO Y RELACIONES HUMANASAnexo: 6120 \u2013 6121Correo: controlpersonal@une.edu.pe Unidad de Gesti\u00f3n del Empleo y Relaciones Humanas \u00bfEn qu\u00e9 te ayudamos?Si eres parte del personal administrativo, docente o de modalidades formativas preprofesionales y profesionales, esta unidad te <a href=\"https:\/\/www.une.edu.pe\/Recursos_Humanos\/prese\/\" class=\"read-more\">Leer m\u00e1s&#8230;<\/a><\/p>\n","protected":false},"author":6,"featured_media":0,"parent":0,"menu_order":0,"comment_status":"closed","ping_status":"closed","template":"","meta":{"footnotes":""},"class_list":["post-4034","page","type-page","status-publish","hentry"],"_links":{"self":[{"href":"https:\/\/www.une.edu.pe\/Recursos_Humanos\/wp-json\/wp\/v2\/pages\/4034","targetHints":{"allow":["GET"]}}],"collection":[{"href":"https:\/\/www.une.edu.pe\/Recursos_Humanos\/wp-json\/wp\/v2\/pages"}],"about":[{"href":"https:\/\/www.une.edu.pe\/Recursos_Humanos\/wp-json\/wp\/v2\/types\/page"}],"author":[{"embeddable":true,"href":"https:\/\/www.une.edu.pe\/Recursos_Humanos\/wp-json\/wp\/v2\/users\/6"}],"replies":[{"embeddable":true,"href":"https:\/\/www.une.edu.pe\/Recursos_Humanos\/wp-json\/wp\/v2\/comments?post=4034"}],"version-history":[{"count":29,"href":"https:\/\/www.une.edu.pe\/Recursos_Humanos\/wp-json\/wp\/v2\/pages\/4034\/revisions"}],"predecessor-version":[{"id":4963,"href":"https:\/\/www.une.edu.pe\/Recursos_Humanos\/wp-json\/wp\/v2\/pages\/4034\/revisions\/4963"}],"wp:attachment":[{"href":"https:\/\/www.une.edu.pe\/Recursos_Humanos\/wp-json\/wp\/v2\/media?parent=4034"}],"curies":[{"name":"wp","href":"https:\/\/api.w.org\/{rel}","templated":true}]}}