{"id":5882,"date":"2024-06-06T18:49:47","date_gmt":"2024-06-06T16:49:47","guid":{"rendered":"http:\/\/www.une.edu.pe\/Practica_Preprofesionales\/?page_id=5882"},"modified":"2024-06-10T21:54:27","modified_gmt":"2024-06-10T19:54:27","slug":"intercambio-de-experiencias-de-facultades","status":"publish","type":"page","link":"https:\/\/www.une.edu.pe\/Practica_Preprofesionales\/intercambio-de-experiencias-de-facultades\/","title":{"rendered":"Intercambio de experiencias de facultades"},"content":{"rendered":"\t\t<div data-elementor-type=\"wp-page\" data-elementor-id=\"5882\" class=\"elementor elementor-5882\">\n\t\t\t\t\t\t<section class=\"elementor-section elementor-top-section elementor-element elementor-element-ad3285d elementor-section-boxed elementor-section-height-default elementor-section-height-default\" data-id=\"ad3285d\" data-element_type=\"section\" data-e-type=\"section\">\n\t\t\t\t\t\t<div class=\"elementor-container elementor-column-gap-default\">\n\t\t\t\t\t<div class=\"elementor-column elementor-col-14 elementor-top-column elementor-element elementor-element-14f3340\" data-id=\"14f3340\" data-element_type=\"column\" data-e-type=\"column\">\n\t\t\t<div class=\"elementor-widget-wrap elementor-element-populated\">\n\t\t\t\t\t\t<div class=\"elementor-element elementor-element-2a8c3bc elementor-widget elementor-widget-image\" data-id=\"2a8c3bc\" data-element_type=\"widget\" data-e-type=\"widget\" data-widget_type=\"image.default\">\n\t\t\t\t<div class=\"elementor-widget-container\">\n\t\t\t\t\t\t\t\t\t\t\t\t\t\t\t\t<a href=\"https:\/\/www.une.edu.pe\/Practica_Preprofesionales\/ciencias-sociales-y-humanidades-intercambio-de-experiencias-2023\/\" target=\"_blank\">\n\t\t\t\t\t\t\t<img decoding=\"async\" width=\"150\" height=\"150\" src=\"https:\/\/www.une.edu.pe\/Practica_Preprofesionales\/wp-content\/uploads\/2024\/06\/SOCIALES-150x150.jpg\" class=\"attachment-thumbnail size-thumbnail wp-image-6290\" alt=\"\" \/>\t\t\t\t\t\t\t\t<\/a>\n\t\t\t\t\t\t\t\t\t\t\t\t\t\t\t<\/div>\n\t\t\t\t<\/div>\n\t\t\t\t\t<\/div>\n\t\t<\/div>\n\t\t\t\t<div class=\"elementor-column elementor-col-14 elementor-top-column elementor-element elementor-element-82e8b47\" data-id=\"82e8b47\" data-element_type=\"column\" data-e-type=\"column\">\n\t\t\t<div class=\"elementor-widget-wrap elementor-element-populated\">\n\t\t\t\t\t\t<div class=\"elementor-element elementor-element-90fd05a elementor-widget elementor-widget-image\" data-id=\"90fd05a\" data-element_type=\"widget\" data-e-type=\"widget\" data-widget_type=\"image.default\">\n\t\t\t\t<div class=\"elementor-widget-container\">\n\t\t\t\t\t\t\t\t\t\t\t\t\t\t\t\t<a href=\"https:\/\/www.une.edu.pe\/Practica_Preprofesionales\/ciencias-intercambio-de-experiencias-2023\/\" target=\"_blank\">\n\t\t\t\t\t\t\t<img fetchpriority=\"high\" decoding=\"async\" width=\"307\" height=\"288\" src=\"https:\/\/www.une.edu.pe\/Practica_Preprofesionales\/wp-content\/uploads\/2024\/06\/CIENCIA_validito.png\" class=\"attachment-large size-large wp-image-6350\" alt=\"\" srcset=\"https:\/\/www.une.edu.pe\/Practica_Preprofesionales\/wp-content\/uploads\/2024\/06\/CIENCIA_validito.png 307w, https:\/\/www.une.edu.pe\/Practica_Preprofesionales\/wp-content\/uploads\/2024\/06\/CIENCIA_validito-300x281.png 300w, https:\/\/www.une.edu.pe\/Practica_Preprofesionales\/wp-content\/uploads\/2024\/06\/CIENCIA_validito-288x270.png 288w\" sizes=\"(max-width: 307px) 100vw, 307px\" \/>\t\t\t\t\t\t\t\t<\/a>\n\t\t\t\t\t\t\t\t\t\t\t\t\t\t\t<\/div>\n\t\t\t\t<\/div>\n\t\t\t\t\t<\/div>\n\t\t<\/div>\n\t\t\t\t<div class=\"elementor-column elementor-col-14 elementor-top-column elementor-element elementor-element-08d2670\" data-id=\"08d2670\" data-element_type=\"column\" data-e-type=\"column\">\n\t\t\t<div class=\"elementor-widget-wrap elementor-element-populated\">\n\t\t\t\t\t\t<div class=\"elementor-element elementor-element-f85f4c4 elementor-widget elementor-widget-image\" data-id=\"f85f4c4\" data-element_type=\"widget\" data-e-type=\"widget\" data-widget_type=\"image.default\">\n\t\t\t\t<div class=\"elementor-widget-container\">\n\t\t\t\t\t\t\t\t\t\t\t\t\t\t\t\t<a href=\"https:\/\/www.une.edu.pe\/Practica_Preprofesionales\/educacion-inicial-intercambio-de-experiencias-2023\/\" target=\"_blank\">\n\t\t\t\t\t\t\t<img decoding=\"async\" width=\"150\" height=\"150\" src=\"https:\/\/www.une.edu.pe\/Practica_Preprofesionales\/wp-content\/uploads\/2024\/06\/INICIAL_V-150x150.png\" class=\"attachment-thumbnail size-thumbnail wp-image-6313\" alt=\"\" \/>\t\t\t\t\t\t\t\t<\/a>\n\t\t\t\t\t\t\t\t\t\t\t\t\t\t\t<\/div>\n\t\t\t\t<\/div>\n\t\t\t\t\t<\/div>\n\t\t<\/div>\n\t\t\t\t<div class=\"elementor-column elementor-col-14 elementor-top-column elementor-element elementor-element-a7b3d26\" data-id=\"a7b3d26\" data-element_type=\"column\" data-e-type=\"column\">\n\t\t\t<div class=\"elementor-widget-wrap elementor-element-populated\">\n\t\t\t\t\t\t<div class=\"elementor-element elementor-element-57ddfff elementor-widget elementor-widget-image\" data-id=\"57ddfff\" data-element_type=\"widget\" data-e-type=\"widget\" data-widget_type=\"image.default\">\n\t\t\t\t<div class=\"elementor-widget-container\">\n\t\t\t\t\t\t\t\t\t\t\t\t\t\t\t\t<a href=\"https:\/\/www.une.edu.pe\/Practica_Preprofesionales\/tecnologia-intercambio-de-experiencias-2023\/\" target=\"_blank\">\n\t\t\t\t\t\t\t<img loading=\"lazy\" decoding=\"async\" width=\"150\" height=\"150\" src=\"https:\/\/www.une.edu.pe\/Practica_Preprofesionales\/wp-content\/uploads\/2024\/06\/TECNOLOGIA1-150x150.jpg\" class=\"attachment-thumbnail size-thumbnail wp-image-6321\" alt=\"\" \/>\t\t\t\t\t\t\t\t<\/a>\n\t\t\t\t\t\t\t\t\t\t\t\t\t\t\t<\/div>\n\t\t\t\t<\/div>\n\t\t\t\t\t<\/div>\n\t\t<\/div>\n\t\t\t\t<div class=\"elementor-column elementor-col-14 elementor-top-column elementor-element elementor-element-5bc6eaf\" data-id=\"5bc6eaf\" data-element_type=\"column\" data-e-type=\"column\">\n\t\t\t<div class=\"elementor-widget-wrap elementor-element-populated\">\n\t\t\t\t\t\t<div class=\"elementor-element elementor-element-84f3999 elementor-widget elementor-widget-image\" data-id=\"84f3999\" data-element_type=\"widget\" data-e-type=\"widget\" data-widget_type=\"image.default\">\n\t\t\t\t<div class=\"elementor-widget-container\">\n\t\t\t\t\t\t\t\t\t\t\t\t\t\t\t\t<a href=\"https:\/\/www.une.edu.pe\/Practica_Preprofesionales\/pedagogia-y-cultura-fisica-intercambio-de-experiencias-2023\/\" target=\"_blank\">\n\t\t\t\t\t\t\t<img loading=\"lazy\" decoding=\"async\" width=\"376\" height=\"332\" src=\"https:\/\/www.une.edu.pe\/Practica_Preprofesionales\/wp-content\/uploads\/2024\/06\/PEDAGOGIA_V.png\" class=\"attachment-large size-large wp-image-6325\" alt=\"\" srcset=\"https:\/\/www.une.edu.pe\/Practica_Preprofesionales\/wp-content\/uploads\/2024\/06\/PEDAGOGIA_V.png 376w, https:\/\/www.une.edu.pe\/Practica_Preprofesionales\/wp-content\/uploads\/2024\/06\/PEDAGOGIA_V-300x265.png 300w, https:\/\/www.une.edu.pe\/Practica_Preprofesionales\/wp-content\/uploads\/2024\/06\/PEDAGOGIA_V-306x270.png 306w\" sizes=\"(max-width: 376px) 100vw, 376px\" \/>\t\t\t\t\t\t\t\t<\/a>\n\t\t\t\t\t\t\t\t\t\t\t\t\t\t\t<\/div>\n\t\t\t\t<\/div>\n\t\t\t\t\t<\/div>\n\t\t<\/div>\n\t\t\t\t<div class=\"elementor-column elementor-col-14 elementor-top-column elementor-element elementor-element-e2cab03\" data-id=\"e2cab03\" data-element_type=\"column\" data-e-type=\"column\">\n\t\t\t<div class=\"elementor-widget-wrap elementor-element-populated\">\n\t\t\t\t\t\t<div class=\"elementor-element elementor-element-39b60db elementor-widget elementor-widget-image\" data-id=\"39b60db\" data-element_type=\"widget\" data-e-type=\"widget\" data-widget_type=\"image.default\">\n\t\t\t\t<div class=\"elementor-widget-container\">\n\t\t\t\t\t\t\t\t\t\t\t\t\t\t\t\t<a href=\"https:\/\/www.une.edu.pe\/Practica_Preprofesionales\/agropecuaria-y-nutricion-intercambio-de-experiencias-2023\/\" target=\"_blank\">\n\t\t\t\t\t\t\t<img loading=\"lazy\" decoding=\"async\" width=\"339\" height=\"361\" src=\"https:\/\/www.une.edu.pe\/Practica_Preprofesionales\/wp-content\/uploads\/2024\/06\/AGROPECUARIA_valido-removebg-preview.png\" class=\"attachment-large size-large wp-image-6343\" alt=\"\" srcset=\"https:\/\/www.une.edu.pe\/Practica_Preprofesionales\/wp-content\/uploads\/2024\/06\/AGROPECUARIA_valido-removebg-preview.png 339w, https:\/\/www.une.edu.pe\/Practica_Preprofesionales\/wp-content\/uploads\/2024\/06\/AGROPECUARIA_valido-removebg-preview-282x300.png 282w, https:\/\/www.une.edu.pe\/Practica_Preprofesionales\/wp-content\/uploads\/2024\/06\/AGROPECUARIA_valido-removebg-preview-254x270.png 254w\" sizes=\"(max-width: 339px) 100vw, 339px\" \/>\t\t\t\t\t\t\t\t<\/a>\n\t\t\t\t\t\t\t\t\t\t\t\t\t\t\t<\/div>\n\t\t\t\t<\/div>\n\t\t\t\t\t<\/div>\n\t\t<\/div>\n\t\t\t\t<div class=\"elementor-column elementor-col-14 elementor-top-column elementor-element elementor-element-2a9da72\" data-id=\"2a9da72\" data-element_type=\"column\" data-e-type=\"column\">\n\t\t\t<div class=\"elementor-widget-wrap elementor-element-populated\">\n\t\t\t\t\t\t<div class=\"elementor-element elementor-element-6869029 elementor-widget elementor-widget-image\" data-id=\"6869029\" data-element_type=\"widget\" data-e-type=\"widget\" data-widget_type=\"image.default\">\n\t\t\t\t<div class=\"elementor-widget-container\">\n\t\t\t\t\t\t\t\t\t\t\t\t\t\t\t<img loading=\"lazy\" decoding=\"async\" width=\"462\" height=\"385\" src=\"https:\/\/www.une.edu.pe\/Practica_Preprofesionales\/wp-content\/uploads\/2024\/06\/ADMINSTRATIVA_V.jpg\" class=\"attachment-large size-large wp-image-6337\" alt=\"\" srcset=\"https:\/\/www.une.edu.pe\/Practica_Preprofesionales\/wp-content\/uploads\/2024\/06\/ADMINSTRATIVA_V.jpg 462w, https:\/\/www.une.edu.pe\/Practica_Preprofesionales\/wp-content\/uploads\/2024\/06\/ADMINSTRATIVA_V-300x250.jpg 300w, https:\/\/www.une.edu.pe\/Practica_Preprofesionales\/wp-content\/uploads\/2024\/06\/ADMINSTRATIVA_V-324x270.jpg 324w\" sizes=\"(max-width: 462px) 100vw, 462px\" \/>\t\t\t\t\t\t\t\t\t\t\t\t\t\t\t<\/div>\n\t\t\t\t<\/div>\n\t\t\t\t\t<\/div>\n\t\t<\/div>\n\t\t\t\t\t<\/div>\n\t\t<\/section>\n\t\t\t\t<section class=\"elementor-section elementor-top-section elementor-element elementor-element-7825e5b elementor-section-boxed elementor-section-height-default elementor-section-height-default\" data-id=\"7825e5b\" data-element_type=\"section\" data-e-type=\"section\">\n\t\t\t\t\t\t<div class=\"elementor-container elementor-column-gap-default\">\n\t\t\t\t\t<div class=\"elementor-column elementor-col-14 elementor-top-column elementor-element elementor-element-5fdcc11\" data-id=\"5fdcc11\" data-element_type=\"column\" data-e-type=\"column\">\n\t\t\t<div class=\"elementor-widget-wrap elementor-element-populated\">\n\t\t\t\t\t\t<div class=\"elementor-element elementor-element-216ff12 elementor-widget elementor-widget-text-editor\" data-id=\"216ff12\" data-element_type=\"widget\" data-e-type=\"widget\" data-widget_type=\"text-editor.default\">\n\t\t\t\t<div class=\"elementor-widget-container\">\n\t\t\t\t\t\t\t\t\t<h6 style=\"text-align: center;\"><span style=\"color: #000080;\"><strong>Facultad de Ciencias Sociales y Humanidades<\/strong><\/span><\/h6>\t\t\t\t\t\t\t\t<\/div>\n\t\t\t\t<\/div>\n\t\t\t\t\t<\/div>\n\t\t<\/div>\n\t\t\t\t<div class=\"elementor-column elementor-col-14 elementor-top-column elementor-element elementor-element-1613206\" data-id=\"1613206\" data-element_type=\"column\" data-e-type=\"column\">\n\t\t\t<div class=\"elementor-widget-wrap elementor-element-populated\">\n\t\t\t\t\t\t<div class=\"elementor-element elementor-element-39e7f89 elementor-widget elementor-widget-text-editor\" data-id=\"39e7f89\" data-element_type=\"widget\" data-e-type=\"widget\" data-widget_type=\"text-editor.default\">\n\t\t\t\t<div class=\"elementor-widget-container\">\n\t\t\t\t\t\t\t\t\t<h6 style=\"text-align: center;\"><span style=\"color: #000080;\"><strong>Facultades de Ciencias<\/strong><\/span><\/h6>\t\t\t\t\t\t\t\t<\/div>\n\t\t\t\t<\/div>\n\t\t\t\t\t<\/div>\n\t\t<\/div>\n\t\t\t\t<div class=\"elementor-column elementor-col-14 elementor-top-column elementor-element elementor-element-8eaa358\" data-id=\"8eaa358\" data-element_type=\"column\" data-e-type=\"column\">\n\t\t\t<div class=\"elementor-widget-wrap elementor-element-populated\">\n\t\t\t\t\t\t<div class=\"elementor-element elementor-element-15b83d4 elementor-widget elementor-widget-text-editor\" data-id=\"15b83d4\" data-element_type=\"widget\" data-e-type=\"widget\" data-widget_type=\"text-editor.default\">\n\t\t\t\t<div class=\"elementor-widget-container\">\n\t\t\t\t\t\t\t\t\t<h6 style=\"text-align: center;\"><span style=\"color: #000080;\"><strong>Facultad de Educaci\u00f3n Inicial\u00a0<\/strong><\/span><\/h6>\t\t\t\t\t\t\t\t<\/div>\n\t\t\t\t<\/div>\n\t\t\t\t\t<\/div>\n\t\t<\/div>\n\t\t\t\t<div class=\"elementor-column elementor-col-14 elementor-top-column elementor-element elementor-element-d33cdc9\" data-id=\"d33cdc9\" data-element_type=\"column\" data-e-type=\"column\">\n\t\t\t<div class=\"elementor-widget-wrap elementor-element-populated\">\n\t\t\t\t\t\t<div class=\"elementor-element elementor-element-be5f49a elementor-widget elementor-widget-text-editor\" data-id=\"be5f49a\" data-element_type=\"widget\" data-e-type=\"widget\" data-widget_type=\"text-editor.default\">\n\t\t\t\t<div class=\"elementor-widget-container\">\n\t\t\t\t\t\t\t\t\t<h6 style=\"text-align: center;\"><span style=\"color: #000080;\"><strong>Facultad de Tecnolog\u00eda<\/strong><\/span><\/h6>\t\t\t\t\t\t\t\t<\/div>\n\t\t\t\t<\/div>\n\t\t\t\t\t<\/div>\n\t\t<\/div>\n\t\t\t\t<div class=\"elementor-column elementor-col-14 elementor-top-column elementor-element elementor-element-22da90f\" data-id=\"22da90f\" data-element_type=\"column\" data-e-type=\"column\">\n\t\t\t<div class=\"elementor-widget-wrap elementor-element-populated\">\n\t\t\t\t\t\t<div class=\"elementor-element elementor-element-d267856 elementor-widget elementor-widget-text-editor\" data-id=\"d267856\" data-element_type=\"widget\" data-e-type=\"widget\" data-widget_type=\"text-editor.default\">\n\t\t\t\t<div class=\"elementor-widget-container\">\n\t\t\t\t\t\t\t\t\t<h6 style=\"text-align: center;\"><span style=\"color: #000080;\"><strong>Facultad de Pedagog\u00eda y Cultura F\u00edsica<\/strong><\/span><\/h6>\t\t\t\t\t\t\t\t<\/div>\n\t\t\t\t<\/div>\n\t\t\t\t\t<\/div>\n\t\t<\/div>\n\t\t\t\t<div class=\"elementor-column elementor-col-14 elementor-top-column elementor-element elementor-element-fe0a101\" data-id=\"fe0a101\" data-element_type=\"column\" data-e-type=\"column\">\n\t\t\t<div class=\"elementor-widget-wrap elementor-element-populated\">\n\t\t\t\t\t\t<div class=\"elementor-element elementor-element-8af4595 elementor-widget elementor-widget-text-editor\" data-id=\"8af4595\" data-element_type=\"widget\" data-e-type=\"widget\" data-widget_type=\"text-editor.default\">\n\t\t\t\t<div class=\"elementor-widget-container\">\n\t\t\t\t\t\t\t\t\t<h6 style=\"text-align: center;\"><span style=\"color: #000080;\"><strong>Facultad de Agropecuaria y Nutrici\u00f3n<\/strong><\/span><\/h6>\t\t\t\t\t\t\t\t<\/div>\n\t\t\t\t<\/div>\n\t\t\t\t\t<\/div>\n\t\t<\/div>\n\t\t\t\t<div class=\"elementor-column elementor-col-14 elementor-top-column elementor-element elementor-element-9a59328\" data-id=\"9a59328\" data-element_type=\"column\" data-e-type=\"column\">\n\t\t\t<div class=\"elementor-widget-wrap elementor-element-populated\">\n\t\t\t\t\t\t<div class=\"elementor-element elementor-element-d506a7e elementor-widget elementor-widget-text-editor\" data-id=\"d506a7e\" data-element_type=\"widget\" data-e-type=\"widget\" data-widget_type=\"text-editor.default\">\n\t\t\t\t<div class=\"elementor-widget-container\">\n\t\t\t\t\t\t\t\t\t<h6 style=\"text-align: center;\"><span style=\"color: #000080;\"><strong>Facultad de Ciencias Empresariales<\/strong><\/span><\/h6>\t\t\t\t\t\t\t\t<\/div>\n\t\t\t\t<\/div>\n\t\t\t\t\t<\/div>\n\t\t<\/div>\n\t\t\t\t\t<\/div>\n\t\t<\/section>\n\t\t\t\t<section class=\"elementor-section elementor-top-section elementor-element elementor-element-8c2c09c elementor-section-boxed elementor-section-height-default elementor-section-height-default\" data-id=\"8c2c09c\" data-element_type=\"section\" data-e-type=\"section\">\n\t\t\t\t\t\t<div class=\"elementor-container elementor-column-gap-default\">\n\t\t\t\t\t<div class=\"elementor-column elementor-col-14 elementor-top-column elementor-element elementor-element-2917471\" data-id=\"2917471\" data-element_type=\"column\" data-e-type=\"column\">\n\t\t\t<div class=\"elementor-widget-wrap elementor-element-populated\">\n\t\t\t\t\t\t<div class=\"elementor-element elementor-element-d48df8e elementor-widget elementor-widget-image\" data-id=\"d48df8e\" data-element_type=\"widget\" data-e-type=\"widget\" data-widget_type=\"image.default\">\n\t\t\t\t<div class=\"elementor-widget-container\">\n\t\t\t\t\t\t\t\t\t\t\t\t\t\t\t\t<a href=\"https:\/\/www.une.edu.pe\/Practica_Preprofesionales\/intercambio-de-experiencias\/\" target=\"_blank\">\n\t\t\t\t\t\t\t<img loading=\"lazy\" decoding=\"async\" width=\"242\" height=\"181\" src=\"https:\/\/www.une.edu.pe\/Practica_Preprofesionales\/wp-content\/uploads\/2024\/06\/Carpeta.jpg\" class=\"attachment-large size-large wp-image-6006\" alt=\"\" \/>\t\t\t\t\t\t\t\t<\/a>\n\t\t\t\t\t\t\t\t\t\t\t\t\t\t\t<\/div>\n\t\t\t\t<\/div>\n\t\t\t\t\t<\/div>\n\t\t<\/div>\n\t\t\t\t<div class=\"elementor-column elementor-col-14 elementor-top-column elementor-element elementor-element-c1cd227\" data-id=\"c1cd227\" data-element_type=\"column\" data-e-type=\"column\">\n\t\t\t<div class=\"elementor-widget-wrap\">\n\t\t\t\t\t\t\t<\/div>\n\t\t<\/div>\n\t\t\t\t<div class=\"elementor-column elementor-col-14 elementor-top-column elementor-element elementor-element-62b9160\" data-id=\"62b9160\" data-element_type=\"column\" data-e-type=\"column\">\n\t\t\t<div class=\"elementor-widget-wrap\">\n\t\t\t\t\t\t\t<\/div>\n\t\t<\/div>\n\t\t\t\t<div class=\"elementor-column elementor-col-14 elementor-top-column elementor-element elementor-element-7829833\" data-id=\"7829833\" data-element_type=\"column\" data-e-type=\"column\">\n\t\t\t<div class=\"elementor-widget-wrap\">\n\t\t\t\t\t\t\t<\/div>\n\t\t<\/div>\n\t\t\t\t<div class=\"elementor-column elementor-col-14 elementor-top-column elementor-element elementor-element-6a8ab35\" data-id=\"6a8ab35\" data-element_type=\"column\" data-e-type=\"column\">\n\t\t\t<div class=\"elementor-widget-wrap\">\n\t\t\t\t\t\t\t<\/div>\n\t\t<\/div>\n\t\t\t\t<div class=\"elementor-column elementor-col-14 elementor-top-column elementor-element elementor-element-15f9a81\" data-id=\"15f9a81\" data-element_type=\"column\" data-e-type=\"column\">\n\t\t\t<div class=\"elementor-widget-wrap\">\n\t\t\t\t\t\t\t<\/div>\n\t\t<\/div>\n\t\t\t\t<div class=\"elementor-column elementor-col-14 elementor-top-column elementor-element elementor-element-7b5e554\" data-id=\"7b5e554\" data-element_type=\"column\" data-e-type=\"column\">\n\t\t\t<div class=\"elementor-widget-wrap\">\n\t\t\t\t\t\t\t<\/div>\n\t\t<\/div>\n\t\t\t\t\t<\/div>\n\t\t<\/section>\n\t\t\t\t<section class=\"elementor-section elementor-top-section elementor-element elementor-element-e5cbe5f elementor-section-boxed elementor-section-height-default elementor-section-height-default\" data-id=\"e5cbe5f\" data-element_type=\"section\" data-e-type=\"section\">\n\t\t\t\t\t\t<div class=\"elementor-container elementor-column-gap-default\">\n\t\t\t\t\t<div class=\"elementor-column elementor-col-14 elementor-top-column elementor-element elementor-element-674cc2e\" data-id=\"674cc2e\" data-element_type=\"column\" data-e-type=\"column\">\n\t\t\t<div class=\"elementor-widget-wrap elementor-element-populated\">\n\t\t\t\t\t\t<div class=\"elementor-element elementor-element-af8e245 elementor-widget elementor-widget-text-editor\" data-id=\"af8e245\" data-element_type=\"widget\" data-e-type=\"widget\" data-widget_type=\"text-editor.default\">\n\t\t\t\t<div class=\"elementor-widget-container\">\n\t\t\t\t\t\t\t\t\t<h6 style=\"text-align: center;\"><span style=\"color: #000080;\"><strong>El ciclo<\/strong><\/span><\/h6>\t\t\t\t\t\t\t\t<\/div>\n\t\t\t\t<\/div>\n\t\t\t\t\t<\/div>\n\t\t<\/div>\n\t\t\t\t<div class=\"elementor-column elementor-col-14 elementor-top-column elementor-element elementor-element-f82e946\" data-id=\"f82e946\" data-element_type=\"column\" data-e-type=\"column\">\n\t\t\t<div class=\"elementor-widget-wrap\">\n\t\t\t\t\t\t\t<\/div>\n\t\t<\/div>\n\t\t\t\t<div class=\"elementor-column elementor-col-14 elementor-top-column elementor-element elementor-element-0d90e8b\" data-id=\"0d90e8b\" data-element_type=\"column\" data-e-type=\"column\">\n\t\t\t<div class=\"elementor-widget-wrap\">\n\t\t\t\t\t\t\t<\/div>\n\t\t<\/div>\n\t\t\t\t<div class=\"elementor-column elementor-col-14 elementor-top-column elementor-element elementor-element-bb76bc9\" data-id=\"bb76bc9\" data-element_type=\"column\" data-e-type=\"column\">\n\t\t\t<div class=\"elementor-widget-wrap\">\n\t\t\t\t\t\t\t<\/div>\n\t\t<\/div>\n\t\t\t\t<div class=\"elementor-column elementor-col-14 elementor-top-column elementor-element elementor-element-ba8b4c1\" data-id=\"ba8b4c1\" data-element_type=\"column\" data-e-type=\"column\">\n\t\t\t<div class=\"elementor-widget-wrap\">\n\t\t\t\t\t\t\t<\/div>\n\t\t<\/div>\n\t\t\t\t<div class=\"elementor-column elementor-col-14 elementor-top-column elementor-element elementor-element-b486756\" data-id=\"b486756\" data-element_type=\"column\" data-e-type=\"column\">\n\t\t\t<div class=\"elementor-widget-wrap\">\n\t\t\t\t\t\t\t<\/div>\n\t\t<\/div>\n\t\t\t\t<div class=\"elementor-column elementor-col-14 elementor-top-column elementor-element elementor-element-6f87e0c\" data-id=\"6f87e0c\" data-element_type=\"column\" data-e-type=\"column\">\n\t\t\t<div class=\"elementor-widget-wrap\">\n\t\t\t\t\t\t\t<\/div>\n\t\t<\/div>\n\t\t\t\t\t<\/div>\n\t\t<\/section>\n\t\t\t\t<\/div>\n\t\t","protected":false},"excerpt":{"rendered":"<p>Facultad de Ciencias Sociales y Humanidades Facultades de Ciencias Facultad de Educaci\u00f3n Inicial\u00a0 Facultad de Tecnolog\u00eda Facultad de Pedagog\u00eda y Cultura F\u00edsica Facultad de Agropecuaria y Nutrici\u00f3n Facultad de Ciencias Empresariales El ciclo<\/p>\n","protected":false},"author":5,"featured_media":0,"parent":0,"menu_order":0,"comment_status":"closed","ping_status":"closed","template":"","meta":{"footnotes":""},"class_list":["post-5882","page","type-page","status-publish","hentry"],"_links":{"self":[{"href":"https:\/\/www.une.edu.pe\/Practica_Preprofesionales\/wp-json\/wp\/v2\/pages\/5882","targetHints":{"allow":["GET"]}}],"collection":[{"href":"https:\/\/www.une.edu.pe\/Practica_Preprofesionales\/wp-json\/wp\/v2\/pages"}],"about":[{"href":"https:\/\/www.une.edu.pe\/Practica_Preprofesionales\/wp-json\/wp\/v2\/types\/page"}],"author":[{"embeddable":true,"href":"https:\/\/www.une.edu.pe\/Practica_Preprofesionales\/wp-json\/wp\/v2\/users\/5"}],"replies":[{"embeddable":true,"href":"https:\/\/www.une.edu.pe\/Practica_Preprofesionales\/wp-json\/wp\/v2\/comments?post=5882"}],"version-history":[{"count":217,"href":"https:\/\/www.une.edu.pe\/Practica_Preprofesionales\/wp-json\/wp\/v2\/pages\/5882\/revisions"}],"predecessor-version":[{"id":6546,"href":"https:\/\/www.une.edu.pe\/Practica_Preprofesionales\/wp-json\/wp\/v2\/pages\/5882\/revisions\/6546"}],"wp:attachment":[{"href":"https:\/\/www.une.edu.pe\/Practica_Preprofesionales\/wp-json\/wp\/v2\/media?parent=5882"}],"curies":[{"name":"wp","href":"https:\/\/api.w.org\/{rel}","templated":true}]}}