{"id":5333,"date":"2024-06-03T20:57:56","date_gmt":"2024-06-03T18:57:56","guid":{"rendered":"http:\/\/www.une.edu.pe\/Practica_Preprofesionales\/?page_id=5333"},"modified":"2024-06-10T17:42:01","modified_gmt":"2024-06-10T15:42:01","slug":"vision-2","status":"publish","type":"page","link":"https:\/\/www.une.edu.pe\/Practica_Preprofesionales\/vision-2\/","title":{"rendered":"Visi\u00f3n"},"content":{"rendered":"\t\t<div data-elementor-type=\"wp-page\" data-elementor-id=\"5333\" class=\"elementor elementor-5333\">\n\t\t\t\t\t\t<section class=\"elementor-section elementor-top-section elementor-element elementor-element-666bda7f elementor-section-boxed elementor-section-height-default elementor-section-height-default\" data-id=\"666bda7f\" data-element_type=\"section\" data-e-type=\"section\">\n\t\t\t\t\t\t<div class=\"elementor-container elementor-column-gap-default\">\n\t\t\t\t\t<div class=\"elementor-column elementor-col-100 elementor-top-column elementor-element elementor-element-712a0812\" data-id=\"712a0812\" data-element_type=\"column\" data-e-type=\"column\">\n\t\t\t<div class=\"elementor-widget-wrap elementor-element-populated\">\n\t\t\t\t\t\t<div class=\"elementor-element elementor-element-76743b64 elementor-widget elementor-widget-text-editor\" data-id=\"76743b64\" data-element_type=\"widget\" data-e-type=\"widget\" data-widget_type=\"text-editor.default\">\n\t\t\t\t<div class=\"elementor-widget-container\">\n\t\t\t\t\t\t\t\t\t<p><\/p>\n<p><span style=\"color: #000080;\"><strong>En la pr\u00f3xima d\u00e9cada vemos una universidad renovada en su Licenciamiento y Acreditada, con niveles adecuados de calidad, pluralismo, gobernanza y pertinencia para abordar con conciencia social, cr\u00edtica y de manera \u00e9ticamente responsable, los desaf\u00edos de la ense\u00f1anza universitaria, la investigaci\u00f3n, la responsabilidad social y la vinculaci\u00f3n con el medio, contribuyendo al desarrollo de sus comunidades y del pa\u00eds.<\/strong><\/span><\/p>\n<p><\/p>\t\t\t\t\t\t\t\t<\/div>\n\t\t\t\t<\/div>\n\t\t\t\t\t<\/div>\n\t\t<\/div>\n\t\t\t\t\t<\/div>\n\t\t<\/section>\n\t\t\t\t<\/div>\n\t\t","protected":false},"excerpt":{"rendered":"<p>En la pr\u00f3xima d\u00e9cada vemos una universidad renovada en su Licenciamiento y Acreditada, con niveles adecuados de calidad, pluralismo, gobernanza y pertinencia para abordar con conciencia social, cr\u00edtica y de manera \u00e9ticamente responsable, los desaf\u00edos de la ense\u00f1anza universitaria, la <a href=\"https:\/\/www.une.edu.pe\/Practica_Preprofesionales\/vision-2\/\" class=\"read-more\">Leer m\u00e1s&#8230;<\/a><\/p>\n","protected":false},"author":5,"featured_media":0,"parent":0,"menu_order":0,"comment_status":"closed","ping_status":"closed","template":"","meta":{"footnotes":""},"class_list":["post-5333","page","type-page","status-publish","hentry"],"_links":{"self":[{"href":"https:\/\/www.une.edu.pe\/Practica_Preprofesionales\/wp-json\/wp\/v2\/pages\/5333","targetHints":{"allow":["GET"]}}],"collection":[{"href":"https:\/\/www.une.edu.pe\/Practica_Preprofesionales\/wp-json\/wp\/v2\/pages"}],"about":[{"href":"https:\/\/www.une.edu.pe\/Practica_Preprofesionales\/wp-json\/wp\/v2\/types\/page"}],"author":[{"embeddable":true,"href":"https:\/\/www.une.edu.pe\/Practica_Preprofesionales\/wp-json\/wp\/v2\/users\/5"}],"replies":[{"embeddable":true,"href":"https:\/\/www.une.edu.pe\/Practica_Preprofesionales\/wp-json\/wp\/v2\/comments?post=5333"}],"version-history":[{"count":12,"href":"https:\/\/www.une.edu.pe\/Practica_Preprofesionales\/wp-json\/wp\/v2\/pages\/5333\/revisions"}],"predecessor-version":[{"id":6356,"href":"https:\/\/www.une.edu.pe\/Practica_Preprofesionales\/wp-json\/wp\/v2\/pages\/5333\/revisions\/6356"}],"wp:attachment":[{"href":"https:\/\/www.une.edu.pe\/Practica_Preprofesionales\/wp-json\/wp\/v2\/media?parent=5333"}],"curies":[{"name":"wp","href":"https:\/\/api.w.org\/{rel}","templated":true}]}}