{"id":4143,"date":"2021-08-09T20:34:07","date_gmt":"2021-08-09T18:34:07","guid":{"rendered":"http:\/\/www.une.edu.pe\/Practica_Preprofesionales\/?page_id=4143"},"modified":"2024-06-10T17:43:21","modified_gmt":"2024-06-10T15:43:21","slug":"mision","status":"publish","type":"page","link":"https:\/\/www.une.edu.pe\/Practica_Preprofesionales\/mision\/","title":{"rendered":"Misi\u00f3n"},"content":{"rendered":"\t\t<div data-elementor-type=\"wp-page\" data-elementor-id=\"4143\" class=\"elementor elementor-4143\">\n\t\t\t\t\t\t<section class=\"elementor-section elementor-top-section elementor-element elementor-element-666bda7f elementor-section-boxed elementor-section-height-default elementor-section-height-default\" data-id=\"666bda7f\" data-element_type=\"section\" data-e-type=\"section\">\n\t\t\t\t\t\t<div class=\"elementor-container elementor-column-gap-default\">\n\t\t\t\t\t<div class=\"elementor-column elementor-col-100 elementor-top-column elementor-element elementor-element-712a0812\" data-id=\"712a0812\" data-element_type=\"column\" data-e-type=\"column\">\n\t\t\t<div class=\"elementor-widget-wrap elementor-element-populated\">\n\t\t\t\t\t\t<div class=\"elementor-element elementor-element-76743b64 elementor-widget elementor-widget-text-editor\" data-id=\"76743b64\" data-element_type=\"widget\" data-e-type=\"widget\" data-widget_type=\"text-editor.default\">\n\t\t\t\t<div class=\"elementor-widget-container\">\n\t\t\t\t\t\t\t\t\t<p><\/p>\n<p class=\"Estilo82\"><span style=\"color: #000080;\"><strong>Formar profesionales con sentido human\u00edstico, cient\u00edfico, intercultural, tecnol\u00f3gico, con responsabilidad social y principios \u00e9ticos, enfocado a la mejora continua en la competitividad e innovaci\u00f3n, orientado a contribuir al desarrollo sostenible de la educaci\u00f3n en la sociedad y en nuestro pa\u00eds.<\/strong><\/span><\/p>\n<p><\/p>\t\t\t\t\t\t\t\t<\/div>\n\t\t\t\t<\/div>\n\t\t\t\t\t<\/div>\n\t\t<\/div>\n\t\t\t\t\t<\/div>\n\t\t<\/section>\n\t\t\t\t<\/div>\n\t\t","protected":false},"excerpt":{"rendered":"<p>Formar profesionales con sentido human\u00edstico, cient\u00edfico, intercultural, tecnol\u00f3gico, con responsabilidad social y principios \u00e9ticos, enfocado a la mejora continua en la competitividad e innovaci\u00f3n, orientado a contribuir al desarrollo sostenible de la educaci\u00f3n en la sociedad y en nuestro pa\u00eds.<\/p>\n","protected":false},"author":5,"featured_media":0,"parent":0,"menu_order":0,"comment_status":"closed","ping_status":"closed","template":"","meta":{"footnotes":""},"class_list":["post-4143","page","type-page","status-publish","hentry"],"_links":{"self":[{"href":"https:\/\/www.une.edu.pe\/Practica_Preprofesionales\/wp-json\/wp\/v2\/pages\/4143","targetHints":{"allow":["GET"]}}],"collection":[{"href":"https:\/\/www.une.edu.pe\/Practica_Preprofesionales\/wp-json\/wp\/v2\/pages"}],"about":[{"href":"https:\/\/www.une.edu.pe\/Practica_Preprofesionales\/wp-json\/wp\/v2\/types\/page"}],"author":[{"embeddable":true,"href":"https:\/\/www.une.edu.pe\/Practica_Preprofesionales\/wp-json\/wp\/v2\/users\/5"}],"replies":[{"embeddable":true,"href":"https:\/\/www.une.edu.pe\/Practica_Preprofesionales\/wp-json\/wp\/v2\/comments?post=4143"}],"version-history":[{"count":14,"href":"https:\/\/www.une.edu.pe\/Practica_Preprofesionales\/wp-json\/wp\/v2\/pages\/4143\/revisions"}],"predecessor-version":[{"id":6359,"href":"https:\/\/www.une.edu.pe\/Practica_Preprofesionales\/wp-json\/wp\/v2\/pages\/4143\/revisions\/6359"}],"wp:attachment":[{"href":"https:\/\/www.une.edu.pe\/Practica_Preprofesionales\/wp-json\/wp\/v2\/media?parent=4143"}],"curies":[{"name":"wp","href":"https:\/\/api.w.org\/{rel}","templated":true}]}}