{"id":9987,"date":"2025-12-17T10:56:53","date_gmt":"2025-12-17T15:56:53","guid":{"rendered":"https:\/\/www.une.edu.pe\/Pedagogia\/?page_id=9987"},"modified":"2025-12-17T14:24:50","modified_gmt":"2025-12-17T19:24:50","slug":"porque-elegir-el-programa-de-educacionbasica-alternativa","status":"publish","type":"page","link":"https:\/\/www.une.edu.pe\/Pedagogia\/porque-elegir-el-programa-de-educacionbasica-alternativa\/","title":{"rendered":"PORQUE ELEGIR EL PROGRAMA DE EDUCACI\u00d3N B\u00c1SICA ALTERNATIVA"},"content":{"rendered":"\t\t<div data-elementor-type=\"wp-page\" data-elementor-id=\"9987\" class=\"elementor elementor-9987\">\n\t\t\t\t\t\t<section class=\"elementor-section elementor-top-section elementor-element elementor-element-c42ca98 elementor-section-boxed elementor-section-height-default elementor-section-height-default\" data-id=\"c42ca98\" data-element_type=\"section\" data-e-type=\"section\">\n\t\t\t\t\t\t<div class=\"elementor-container elementor-column-gap-default\">\n\t\t\t\t\t<div class=\"elementor-column elementor-col-100 elementor-top-column elementor-element elementor-element-e52b532\" data-id=\"e52b532\" data-element_type=\"column\" data-e-type=\"column\">\n\t\t\t<div class=\"elementor-widget-wrap elementor-element-populated\">\n\t\t\t\t\t\t<div class=\"elementor-element elementor-element-b830ba1 elementor-widget elementor-widget-spacer\" data-id=\"b830ba1\" data-element_type=\"widget\" data-e-type=\"widget\" data-widget_type=\"spacer.default\">\n\t\t\t\t<div class=\"elementor-widget-container\">\n\t\t\t\t\t\t\t<div class=\"elementor-spacer\">\n\t\t\t<div class=\"elementor-spacer-inner\"><\/div>\n\t\t<\/div>\n\t\t\t\t\t\t<\/div>\n\t\t\t\t<\/div>\n\t\t\t\t\t<\/div>\n\t\t<\/div>\n\t\t\t\t\t<\/div>\n\t\t<\/section>\n\t\t\t\t<section class=\"elementor-section elementor-top-section elementor-element elementor-element-687182e elementor-section-boxed elementor-section-height-default elementor-section-height-default\" data-id=\"687182e\" data-element_type=\"section\" data-e-type=\"section\">\n\t\t\t\t\t\t<div class=\"elementor-container elementor-column-gap-default\">\n\t\t\t\t\t<div class=\"elementor-column elementor-col-100 elementor-top-column elementor-element elementor-element-b97c504\" data-id=\"b97c504\" data-element_type=\"column\" data-e-type=\"column\">\n\t\t\t<div class=\"elementor-widget-wrap elementor-element-populated\">\n\t\t\t\t\t\t<div class=\"elementor-element elementor-element-1a4906b elementor-widget elementor-widget-sina_accordion\" data-id=\"1a4906b\" data-element_type=\"widget\" data-e-type=\"widget\" data-widget_type=\"sina_accordion.default\">\n\t\t\t\t<div class=\"elementor-widget-container\">\n\t\t\t\t\t\t\t<div class=\"sina-accordion\"\r\n\t\tdata-open-first=\"yes\">\r\n\t\t\t\t\t\t\t<div class=\"sina-accordion-item elementor-repeater-item-6c774ac open\">\r\n\t\t\t\t\t<h4 class=\"sina-accordion-header sina-flex\">\r\n\t\t\t\t\t\t\t\t\t\t\t\tPROP\u00d3SITO DEL PROGRAMA\t\t\t\t\t\t\t\t\t\t\t\t\t<span class=\"sina-accordion-icon\">\r\n\t\t\t\t\t\t\t\t<i class=\"fa fa-arrow-circle-o-down off\"><\/i>\r\n\t\t\t\t\t\t\t\t<i class=\"fa fa-arrow-circle-o-up on\"><\/i>\r\n\t\t\t\t\t\t\t<\/span>\r\n\t\t\t\t\t\t\t\t\t\t\t<\/h4>\r\n\t\t\t\t\t<div class=\"sina-accordion-body\">\r\n\t\t\t\t\t\t\t\t\t\t\t\t\t\t<div class=\"sina-accordion-desc\">\r\n\t\t\t\t\t\t\t\t\tEl Programa de Estudios de Educaci\u00f3n con especialidad de Educaci\u00f3n B\u00e1sica Alternativa \u2013 Educaci\u00f3n Primaria, tiene como prop\u00f3sito brindar una s\u00f3lida formaci\u00f3n profesional humanista, cient\u00edfica tecnol\u00f3gica, socio comunitaria productiva, a los estudiantes de Educaci\u00f3n B\u00e1sica Alternativa-Educaci\u00f3n Primaria, para su aprendizaje y ense\u00f1anza colectivos en la vida y para la vida, con sus potencialidades y capacidades para recoger, crear y recrear conocimientos y pedagog\u00edas intra e interculturales, pluriling\u00fces y el pensamiento cient\u00edfico.\t\t\t\t\t\t\t\t<\/div>\r\n\t\t\t\t\t\t\t\t\t\t\t<\/div>\r\n\t\t\t\t<\/div>\r\n\t\t\t\t\t<\/div><!-- .sina-accordion -->\r\n\t\t\t\t\t\t<\/div>\n\t\t\t\t<\/div>\n\t\t\t\t\t<\/div>\n\t\t<\/div>\n\t\t\t\t\t<\/div>\n\t\t<\/section>\n\t\t\t\t<section class=\"elementor-section elementor-top-section elementor-element elementor-element-bff22d1 elementor-section-boxed elementor-section-height-default elementor-section-height-default\" data-id=\"bff22d1\" data-element_type=\"section\" data-e-type=\"section\">\n\t\t\t\t\t\t<div class=\"elementor-container elementor-column-gap-default\">\n\t\t\t\t\t<div class=\"elementor-column elementor-col-100 elementor-top-column elementor-element elementor-element-e8e23ae\" data-id=\"e8e23ae\" data-element_type=\"column\" data-e-type=\"column\">\n\t\t\t<div class=\"elementor-widget-wrap elementor-element-populated\">\n\t\t\t\t\t\t<div class=\"elementor-element elementor-element-d920c1d elementor-align-justify elementor-widget elementor-widget-button\" data-id=\"d920c1d\" data-element_type=\"widget\" data-e-type=\"widget\" data-widget_type=\"button.default\">\n\t\t\t\t<div class=\"elementor-widget-container\">\n\t\t\t\t\t\t\t\t\t<div class=\"elementor-button-wrapper\">\n\t\t\t\t\t<a class=\"elementor-button elementor-button-link elementor-size-sm\" href=\"#\">\n\t\t\t\t\t\t<span class=\"elementor-button-content-wrapper\">\n\t\t\t\t\t\t\t\t\t<span class=\"elementor-button-text\">PERFIL DEL INGRESANTE:<\/span>\n\t\t\t\t\t<\/span>\n\t\t\t\t\t<\/a>\n\t\t\t\t<\/div>\n\t\t\t\t\t\t\t\t<\/div>\n\t\t\t\t<\/div>\n\t\t\t\t\t<\/div>\n\t\t<\/div>\n\t\t\t\t\t<\/div>\n\t\t<\/section>\n\t\t\t\t<section class=\"elementor-section elementor-top-section elementor-element elementor-element-2074c68 elementor-section-boxed elementor-section-height-default elementor-section-height-default\" data-id=\"2074c68\" data-element_type=\"section\" data-e-type=\"section\">\n\t\t\t\t\t\t<div class=\"elementor-container elementor-column-gap-default\">\n\t\t\t\t\t<div class=\"elementor-column elementor-col-100 elementor-top-column elementor-element elementor-element-5fbd1d8\" data-id=\"5fbd1d8\" data-element_type=\"column\" data-e-type=\"column\">\n\t\t\t<div class=\"elementor-widget-wrap elementor-element-populated\">\n\t\t\t\t\t\t<div class=\"elementor-element elementor-element-3dc00d0 elementor-widget elementor-widget-text-editor\" data-id=\"3dc00d0\" data-element_type=\"widget\" data-e-type=\"widget\" data-widget_type=\"text-editor.default\">\n\t\t\t\t<div class=\"elementor-widget-container\">\n\t\t\t\t\t\t\t\t\t<h4>\u00a0<\/h4><h4><span style=\"color: #000000;\">\u00a0 Los candidatos deben\u00a0 haber culminado la\u00a0 educaci\u00f3n b\u00e1sica para\u00a0 ingresar a estudiar en\u00a0 esta carrera profesional y\u00a0 deber\u00e1n poseer las\u00a0 siguientes caracter\u00edsticas:<\/span><\/h4><h4><span style=\"color: #000000;\"><strong>\u00a0 Conocimientos:<\/strong><\/span><br \/><span style=\"color: #000000;\">\u00a0 Domina, conceptos y teor\u00edas sobre la educaci\u00f3n en general.<\/span><br \/><span style=\"color: #000000;\">\u00a0 Posee conocimientos b\u00e1sicos sobre la realidad nacional e internacional.<\/span><br \/><span style=\"color: #000000;\">\u00a0 Conoce sus derechos y proyecto de vida para su realizaci\u00f3n personal y social.<\/span><\/h4><h4><span style=\"color: #000000;\"><strong>\u00a0 Capacidades:<\/strong><\/span><br \/><span style=\"color: #000000;\"><strong>\u00a0 Habilidades Personales<\/strong><\/span><br \/><span style=\"color: #000000;\">\u00a0 Se expresa verbalmente adecuada y correctamente. Reconoce y discrimina s\u00edmbolos visuales. Posee un nivel adecuado de comprensi\u00f3n lectora.<\/span><br \/><span style=\"color: #000000;\"><strong>\u00a0 Habilidades Sociales<\/strong><\/span><br \/><span style=\"color: #000000;\">\u00a0 Practica relaciones interpersonales que facilitan el trabajo en equipo.<\/span><br \/><span style=\"color: #000000;\">\u00a0 Manifiesta sus puntos de vista y respeta las opiniones de los dem\u00e1s.<\/span><br \/><span style=\"color: #000000;\">\u00a0 Domina\/Usa las tecnolog\u00edas de la comunicaci\u00f3n en la vida cotidiana.<\/span><\/h4>\t\t\t\t\t\t\t\t<\/div>\n\t\t\t\t<\/div>\n\t\t\t\t\t<\/div>\n\t\t<\/div>\n\t\t\t\t\t<\/div>\n\t\t<\/section>\n\t\t\t\t<section class=\"elementor-section elementor-top-section elementor-element elementor-element-414e455 elementor-section-boxed elementor-section-height-default elementor-section-height-default\" data-id=\"414e455\" data-element_type=\"section\" data-e-type=\"section\">\n\t\t\t\t\t\t<div class=\"elementor-container elementor-column-gap-default\">\n\t\t\t\t\t<div class=\"elementor-column elementor-col-100 elementor-top-column elementor-element elementor-element-583f0e5\" data-id=\"583f0e5\" data-element_type=\"column\" data-e-type=\"column\">\n\t\t\t<div class=\"elementor-widget-wrap elementor-element-populated\">\n\t\t\t\t\t\t<div class=\"elementor-element elementor-element-cdaaf9a elementor-align-justify elementor-widget elementor-widget-button\" data-id=\"cdaaf9a\" data-element_type=\"widget\" data-e-type=\"widget\" data-widget_type=\"button.default\">\n\t\t\t\t<div class=\"elementor-widget-container\">\n\t\t\t\t\t\t\t\t\t<div class=\"elementor-button-wrapper\">\n\t\t\t\t\t<a class=\"elementor-button elementor-button-link elementor-size-sm\" href=\"#\">\n\t\t\t\t\t\t<span class=\"elementor-button-content-wrapper\">\n\t\t\t\t\t\t\t\t\t<span class=\"elementor-button-text\">PERFIL DEL EGRESADO:<\/span>\n\t\t\t\t\t<\/span>\n\t\t\t\t\t<\/a>\n\t\t\t\t<\/div>\n\t\t\t\t\t\t\t\t<\/div>\n\t\t\t\t<\/div>\n\t\t\t\t\t<\/div>\n\t\t<\/div>\n\t\t\t\t\t<\/div>\n\t\t<\/section>\n\t\t\t\t<section class=\"elementor-section elementor-top-section elementor-element elementor-element-3feed29 elementor-section-boxed elementor-section-height-default elementor-section-height-default\" data-id=\"3feed29\" data-element_type=\"section\" data-e-type=\"section\">\n\t\t\t\t\t\t<div class=\"elementor-container elementor-column-gap-default\">\n\t\t\t\t\t<div class=\"elementor-column elementor-col-100 elementor-top-column elementor-element elementor-element-7ca0154\" data-id=\"7ca0154\" data-element_type=\"column\" data-e-type=\"column\">\n\t\t\t<div class=\"elementor-widget-wrap elementor-element-populated\">\n\t\t\t\t\t\t<div class=\"elementor-element elementor-element-41b45e0 elementor-widget elementor-widget-text-editor\" data-id=\"41b45e0\" data-element_type=\"widget\" data-e-type=\"widget\" data-widget_type=\"text-editor.default\">\n\t\t\t\t<div class=\"elementor-widget-container\">\n\t\t\t\t\t\t\t\t\t<h3>\u00a0<\/h3><h3><span style=\"color: #000000;\"><strong>\u00a0 Competencia general<\/strong><\/span><\/h3><h4><span style=\"color: #000000;\">&#8211; Consolida una clara concepci\u00f3n de la especialidad de Educaci\u00f3n B\u00e1sica Alternativa dentro de la formaci\u00f3n en la UNE EGYV integrante del Sistema Universitario Peruano que ejercer\u00e1 su rol social de Maestro en el sistema educativo nacional acorde a las exigencias del estudiante su familia y el \u00e1rea de influencia de donde procede al Centro de Educaci\u00f3n B\u00e1sica Alternativa.<\/span><\/h4><h3><span style=\"color: #000000;\"><strong>\u00a0 Competencias espec\u00edficas<\/strong><\/span><\/h3><h4><span style=\"color: #000000;\">&#8211; Posee y domina los tipos de investigaci\u00f3n educativa que requiere desde la formulaci\u00f3n del proyecto educativo institucional, dise\u00f1o curricular local, unidades\u00a0did\u00e1cticas, planes de sesi\u00f3n y experimentos de aprendizaje.<\/span><\/h4><h4><span style=\"color: #000000;\">&#8211; Domina los procesos del m\u00e9todo cient\u00edfico de la ense\u00f1anza y aprendizaje en las\u00a0diferentes \u00e1reas curriculares que se desarrollan en los ciclos, programas y formas de\u00a0atenci\u00f3n en el sistema educativo.<\/span><\/h4><h4><span style=\"color: #000000;\">&#8211; Aplica las teor\u00edas pedag\u00f3gicas y de la moderna did\u00e1ctica desde su Proyecto\u00a0Educativo Institucional (PEI), Dise\u00f1o Curricular Local (DCL), el curr\u00edculo nacional, la\u00a0programaci\u00f3n curricular y sus herramientas de la conectividad para la planificaci\u00f3n y\u00a0la diversificaci\u00f3n curricular en las instituciones educativas.<\/span><\/h4><h4><span style=\"color: #000000;\">&#8211; Construye y utiliza los materiales, medios tecnol\u00f3gicos e instrumentos de la\u00a0conectividad para un mejor desempe\u00f1o en la ense\u00f1anza impresionante y aprendizaje\u00a0duradero de sus capacidades que consolida sus competencias y capacidades del\u00a0estudiante.<\/span><\/h4>\t\t\t\t\t\t\t\t<\/div>\n\t\t\t\t<\/div>\n\t\t\t\t\t<\/div>\n\t\t<\/div>\n\t\t\t\t\t<\/div>\n\t\t<\/section>\n\t\t\t\t<section class=\"elementor-section elementor-top-section elementor-element elementor-element-fbd6dd6 elementor-section-boxed elementor-section-height-default elementor-section-height-default\" data-id=\"fbd6dd6\" data-element_type=\"section\" data-e-type=\"section\">\n\t\t\t\t\t\t<div class=\"elementor-container elementor-column-gap-default\">\n\t\t\t\t\t<div class=\"elementor-column elementor-col-100 elementor-top-column elementor-element elementor-element-7347dc4\" data-id=\"7347dc4\" data-element_type=\"column\" data-e-type=\"column\">\n\t\t\t<div class=\"elementor-widget-wrap elementor-element-populated\">\n\t\t\t\t\t\t<div class=\"elementor-element elementor-element-28ab074 elementor-widget elementor-widget-sina_accordion\" data-id=\"28ab074\" data-element_type=\"widget\" data-e-type=\"widget\" data-widget_type=\"sina_accordion.default\">\n\t\t\t\t<div class=\"elementor-widget-container\">\n\t\t\t\t\t\t\t<div class=\"sina-accordion\"\r\n\t\tdata-open-first=\"yes\">\r\n\t\t\t\t\t\t\t<div class=\"sina-accordion-item elementor-repeater-item-6c774ac open\">\r\n\t\t\t\t\t<h4 class=\"sina-accordion-header sina-flex\">\r\n\t\t\t\t\t\t\t\t\t\t\t\tDURACI\u00d3N DEL PROGRAMA\t\t\t\t\t\t\t\t\t\t\t\t\t<span class=\"sina-accordion-icon\">\r\n\t\t\t\t\t\t\t\t<i class=\"fa fa-arrow-circle-o-down off\"><\/i>\r\n\t\t\t\t\t\t\t\t<i class=\"fa fa-arrow-circle-o-up on\"><\/i>\r\n\t\t\t\t\t\t\t<\/span>\r\n\t\t\t\t\t\t\t\t\t\t\t<\/h4>\r\n\t\t\t\t\t<div class=\"sina-accordion-body\">\r\n\t\t\t\t\t\t\t\t\t\t\t\t\t\t<div class=\"sina-accordion-desc\">\r\n\t\t\t\t\t\t\t\t\tLos estudios tienen una duraci\u00f3n de cinco (5) a\u00f1os, se realizan en un m\u00e1ximo de dos (2) semestres acad\u00e9micos por a\u00f1o.\t\t\t\t\t\t\t\t<\/div>\r\n\t\t\t\t\t\t\t\t\t\t\t<\/div>\r\n\t\t\t\t<\/div>\r\n\t\t\t\t\t\t\t<div class=\"sina-accordion-item elementor-repeater-item-94f0585 \">\r\n\t\t\t\t\t<h4 class=\"sina-accordion-header sina-flex\">\r\n\t\t\t\t\t\t\t\t\t\t\t\tMODALIDAD\t\t\t\t\t\t\t\t\t\t\t\t\t<span class=\"sina-accordion-icon\">\r\n\t\t\t\t\t\t\t\t<i class=\"fa fa-arrow-circle-o-down off\"><\/i>\r\n\t\t\t\t\t\t\t\t<i class=\"fa fa-arrow-circle-o-up on\"><\/i>\r\n\t\t\t\t\t\t\t<\/span>\r\n\t\t\t\t\t\t\t\t\t\t\t<\/h4>\r\n\t\t\t\t\t<div class=\"sina-accordion-body\">\r\n\t\t\t\t\t\t\t\t\t\t\t\t\t\t<div class=\"sina-accordion-desc\">\r\n\t\t\t\t\t\t\t\t\tPresencial\t\t\t\t\t\t\t\t<\/div>\r\n\t\t\t\t\t\t\t\t\t\t\t<\/div>\r\n\t\t\t\t<\/div>\r\n\t\t\t\t\t<\/div><!-- .sina-accordion -->\r\n\t\t\t\t\t\t<\/div>\n\t\t\t\t<\/div>\n\t\t\t\t<div class=\"elementor-element elementor-element-715db56 elementor-align-justify elementor-widget elementor-widget-button\" data-id=\"715db56\" data-element_type=\"widget\" data-e-type=\"widget\" data-widget_type=\"button.default\">\n\t\t\t\t<div class=\"elementor-widget-container\">\n\t\t\t\t\t\t\t\t\t<div class=\"elementor-button-wrapper\">\n\t\t\t\t\t<a class=\"elementor-button elementor-button-link elementor-size-sm\" href=\"#\">\n\t\t\t\t\t\t<span class=\"elementor-button-content-wrapper\">\n\t\t\t\t\t\t\t\t\t<span class=\"elementor-button-text\">GRADO ACAD\u00c9MICO Y T\u00cdTULO PROFESIONAL QUE OTORGA<\/span>\n\t\t\t\t\t<\/span>\n\t\t\t\t\t<\/a>\n\t\t\t\t<\/div>\n\t\t\t\t\t\t\t\t<\/div>\n\t\t\t\t<\/div>\n\t\t\t\t\t<\/div>\n\t\t<\/div>\n\t\t\t\t\t<\/div>\n\t\t<\/section>\n\t\t\t\t<section class=\"elementor-section elementor-top-section elementor-element elementor-element-f78adca elementor-section-boxed elementor-section-height-default elementor-section-height-default\" data-id=\"f78adca\" data-element_type=\"section\" data-e-type=\"section\">\n\t\t\t\t\t\t<div class=\"elementor-container elementor-column-gap-default\">\n\t\t\t\t\t<div class=\"elementor-column elementor-col-100 elementor-top-column elementor-element elementor-element-6455efb\" data-id=\"6455efb\" data-element_type=\"column\" data-e-type=\"column\">\n\t\t\t<div class=\"elementor-widget-wrap elementor-element-populated\">\n\t\t\t\t\t\t<div class=\"elementor-element elementor-element-12ae210 elementor-widget elementor-widget-text-editor\" data-id=\"12ae210\" data-element_type=\"widget\" data-e-type=\"widget\" data-widget_type=\"text-editor.default\">\n\t\t\t\t<div class=\"elementor-widget-container\">\n\t\t\t\t\t\t\t\t\t<h3>\u00a0<\/h3><h3><span style=\"color: #000000;\">\u00a0 Denominaci\u00f3n del grado acad\u00e9mico que otorga<\/span><\/h3><p><span style=\"color: #000000;\">\u00a0 BACHILLER UNIVERSITARIO EN CIENCIAS DE LA EDUCACI\u00d3N<\/span><\/p><h3><span style=\"color: #000000;\">\u00a0 Denominaci\u00f3n del t\u00edtulo profesional que otorga<\/span><\/h3><p><span style=\"color: #000000;\">\u00a0 LICENCIADO PROFESIONAL UNIVERSITARIO EN EDUCACI\u00d3N ESPECIALIDAD: EDUCACI\u00d3N B\u00c1SICA ALTERNATIVA \u2013 EDUCACI\u00d3N PRIMARIA<\/span><\/p><p>\u00a0<\/p>\t\t\t\t\t\t\t\t<\/div>\n\t\t\t\t<\/div>\n\t\t\t\t\t<\/div>\n\t\t<\/div>\n\t\t\t\t\t<\/div>\n\t\t<\/section>\n\t\t\t\t<section class=\"elementor-section elementor-top-section elementor-element elementor-element-171c1e5 elementor-section-boxed elementor-section-height-default elementor-section-height-default\" data-id=\"171c1e5\" data-element_type=\"section\" data-e-type=\"section\">\n\t\t\t\t\t\t<div class=\"elementor-container elementor-column-gap-default\">\n\t\t\t\t\t<div class=\"elementor-column elementor-col-100 elementor-top-column elementor-element elementor-element-9ef2c72\" data-id=\"9ef2c72\" data-element_type=\"column\" data-e-type=\"column\">\n\t\t\t<div class=\"elementor-widget-wrap elementor-element-populated\">\n\t\t\t\t\t\t<div class=\"elementor-element elementor-element-4837f75 elementor-widget elementor-widget-spacer\" data-id=\"4837f75\" data-element_type=\"widget\" data-e-type=\"widget\" data-widget_type=\"spacer.default\">\n\t\t\t\t<div class=\"elementor-widget-container\">\n\t\t\t\t\t\t\t<div class=\"elementor-spacer\">\n\t\t\t<div class=\"elementor-spacer-inner\"><\/div>\n\t\t<\/div>\n\t\t\t\t\t\t<\/div>\n\t\t\t\t<\/div>\n\t\t\t\t\t<\/div>\n\t\t<\/div>\n\t\t\t\t\t<\/div>\n\t\t<\/section>\n\t\t\t\t<\/div>\n\t\t","protected":false},"excerpt":{"rendered":"<p>PROP\u00d3SITO DEL PROGRAMA El Programa de Estudios de Educaci\u00f3n con especialidad de Educaci\u00f3n B\u00e1sica Alternativa \u2013 Educaci\u00f3n Primaria, tiene como prop\u00f3sito brindar una s\u00f3lida formaci\u00f3n profesional humanista, cient\u00edfica tecnol\u00f3gica, socio comunitaria productiva, a los estudiantes de Educaci\u00f3n B\u00e1sica Alternativa-Educaci\u00f3n Primaria, <a href=\"https:\/\/www.une.edu.pe\/Pedagogia\/porque-elegir-el-programa-de-educacionbasica-alternativa\/\" class=\"read-more\">Leer m\u00e1s&#8230;<\/a><\/p>\n","protected":false},"author":3,"featured_media":0,"parent":0,"menu_order":0,"comment_status":"closed","ping_status":"closed","template":"elementor_canvas","meta":{"footnotes":""},"class_list":["post-9987","page","type-page","status-publish","hentry"],"_links":{"self":[{"href":"https:\/\/www.une.edu.pe\/Pedagogia\/wp-json\/wp\/v2\/pages\/9987","targetHints":{"allow":["GET"]}}],"collection":[{"href":"https:\/\/www.une.edu.pe\/Pedagogia\/wp-json\/wp\/v2\/pages"}],"about":[{"href":"https:\/\/www.une.edu.pe\/Pedagogia\/wp-json\/wp\/v2\/types\/page"}],"author":[{"embeddable":true,"href":"https:\/\/www.une.edu.pe\/Pedagogia\/wp-json\/wp\/v2\/users\/3"}],"replies":[{"embeddable":true,"href":"https:\/\/www.une.edu.pe\/Pedagogia\/wp-json\/wp\/v2\/comments?post=9987"}],"version-history":[{"count":182,"href":"https:\/\/www.une.edu.pe\/Pedagogia\/wp-json\/wp\/v2\/pages\/9987\/revisions"}],"predecessor-version":[{"id":10202,"href":"https:\/\/www.une.edu.pe\/Pedagogia\/wp-json\/wp\/v2\/pages\/9987\/revisions\/10202"}],"wp:attachment":[{"href":"https:\/\/www.une.edu.pe\/Pedagogia\/wp-json\/wp\/v2\/media?parent=9987"}],"curies":[{"name":"wp","href":"https:\/\/api.w.org\/{rel}","templated":true}]}}