{"id":8859,"date":"2025-07-09T14:44:56","date_gmt":"2025-07-09T19:44:56","guid":{"rendered":"https:\/\/www.une.edu.pe\/Pedagogia\/?page_id=8859"},"modified":"2025-11-14T12:16:56","modified_gmt":"2025-11-14T17:16:56","slug":"horarios-del-programa-educacion-basica-alternativa-educacion-primaria","status":"publish","type":"page","link":"https:\/\/www.une.edu.pe\/Pedagogia\/horarios-del-programa-educacion-basica-alternativa-educacion-primaria\/","title":{"rendered":"Horarios del Programa Educaci\u00f3n B\u00e1sica Alternativa &#8211; Educaci\u00f3n Primaria"},"content":{"rendered":"\t\t<div data-elementor-type=\"wp-post\" data-elementor-id=\"8859\" class=\"elementor elementor-8859\">\n\t\t\t\t\t\t<section class=\"elementor-section elementor-top-section elementor-element elementor-element-0acd93b elementor-section-boxed elementor-section-height-default elementor-section-height-default\" data-id=\"0acd93b\" data-element_type=\"section\" data-e-type=\"section\">\n\t\t\t\t\t\t<div class=\"elementor-container elementor-column-gap-default\">\n\t\t\t\t\t<div class=\"elementor-column elementor-col-50 elementor-top-column elementor-element elementor-element-922be18\" data-id=\"922be18\" data-element_type=\"column\" data-e-type=\"column\">\n\t\t\t<div class=\"elementor-widget-wrap elementor-element-populated\">\n\t\t\t\t\t\t<div class=\"elementor-element elementor-element-98290b0 elementor-widget elementor-widget-text-editor\" data-id=\"98290b0\" data-element_type=\"widget\" data-e-type=\"widget\" data-widget_type=\"text-editor.default\">\n\t\t\t\t<div class=\"elementor-widget-container\">\n\t\t\t\t\t\t\t\t\t<p style=\"text-align: center;\"><strong>Horarios del Programa &#8211; 2025-II<\/strong><\/p>\t\t\t\t\t\t\t\t<\/div>\n\t\t\t\t<\/div>\n\t\t\t\t\t<\/div>\n\t\t<\/div>\n\t\t\t\t<div class=\"elementor-column elementor-col-50 elementor-top-column elementor-element elementor-element-424bb2e\" data-id=\"424bb2e\" data-element_type=\"column\" data-e-type=\"column\">\n\t\t\t<div class=\"elementor-widget-wrap elementor-element-populated\">\n\t\t\t\t\t\t<div class=\"elementor-element elementor-element-831bcb9 elementor-align-center elementor-widget elementor-widget-button\" data-id=\"831bcb9\" data-element_type=\"widget\" data-e-type=\"widget\" data-widget_type=\"button.default\">\n\t\t\t\t<div class=\"elementor-widget-container\">\n\t\t\t\t\t\t\t\t\t<div class=\"elementor-button-wrapper\">\n\t\t\t\t\t<a class=\"elementor-button elementor-button-link elementor-size-sm\" href=\"https:\/\/www.une.edu.pe\/Pedagogia\/wp-content\/uploads\/2025\/11\/HORARIOS-EBA-2025-II-x-COMISION-CORREGIDO-SET-OK-1.pdf\" target=\"_blank\">\n\t\t\t\t\t\t<span class=\"elementor-button-content-wrapper\">\n\t\t\t\t\t\t\t\t\t<span class=\"elementor-button-text\">Ver Informaci\u00f3n<\/span>\n\t\t\t\t\t<\/span>\n\t\t\t\t\t<\/a>\n\t\t\t\t<\/div>\n\t\t\t\t\t\t\t\t<\/div>\n\t\t\t\t<\/div>\n\t\t\t\t\t<\/div>\n\t\t<\/div>\n\t\t\t\t\t<\/div>\n\t\t<\/section>\n\t\t\t\t<section class=\"elementor-section elementor-top-section elementor-element elementor-element-de932d5 elementor-section-boxed elementor-section-height-default elementor-section-height-default\" data-id=\"de932d5\" data-element_type=\"section\" data-e-type=\"section\">\n\t\t\t\t\t\t<div class=\"elementor-container elementor-column-gap-default\">\n\t\t\t\t\t<div class=\"elementor-column elementor-col-50 elementor-top-column elementor-element elementor-element-4be49a7\" data-id=\"4be49a7\" data-element_type=\"column\" data-e-type=\"column\">\n\t\t\t<div class=\"elementor-widget-wrap elementor-element-populated\">\n\t\t\t\t\t\t<div class=\"elementor-element elementor-element-12f25f0 elementor-widget elementor-widget-text-editor\" data-id=\"12f25f0\" data-element_type=\"widget\" data-e-type=\"widget\" data-widget_type=\"text-editor.default\">\n\t\t\t\t<div class=\"elementor-widget-container\">\n\t\t\t\t\t\t\t\t\t<p style=\"text-align: center;\"><strong>Horarios del Programa &#8211; 2025-I<\/strong><\/p>\t\t\t\t\t\t\t\t<\/div>\n\t\t\t\t<\/div>\n\t\t\t\t\t<\/div>\n\t\t<\/div>\n\t\t\t\t<div class=\"elementor-column elementor-col-50 elementor-top-column elementor-element elementor-element-8d20b5a\" data-id=\"8d20b5a\" data-element_type=\"column\" data-e-type=\"column\">\n\t\t\t<div class=\"elementor-widget-wrap elementor-element-populated\">\n\t\t\t\t\t\t<div class=\"elementor-element elementor-element-b7dc165 elementor-align-center elementor-widget elementor-widget-button\" data-id=\"b7dc165\" data-element_type=\"widget\" data-e-type=\"widget\" data-widget_type=\"button.default\">\n\t\t\t\t<div class=\"elementor-widget-container\">\n\t\t\t\t\t\t\t\t\t<div class=\"elementor-button-wrapper\">\n\t\t\t\t\t<a class=\"elementor-button elementor-button-link elementor-size-sm\" href=\"https:\/\/www.une.edu.pe\/Pedagogia\/wp-content\/uploads\/2025\/11\/HORARIOS-2025-I-1.pdf\" target=\"_blank\">\n\t\t\t\t\t\t<span class=\"elementor-button-content-wrapper\">\n\t\t\t\t\t\t\t\t\t<span class=\"elementor-button-text\">Ver Informaci\u00f3n<\/span>\n\t\t\t\t\t<\/span>\n\t\t\t\t\t<\/a>\n\t\t\t\t<\/div>\n\t\t\t\t\t\t\t\t<\/div>\n\t\t\t\t<\/div>\n\t\t\t\t\t<\/div>\n\t\t<\/div>\n\t\t\t\t\t<\/div>\n\t\t<\/section>\n\t\t\t\t<\/div>\n\t\t","protected":false},"excerpt":{"rendered":"<p>Horarios del Programa &#8211; 2025-II Ver Informaci\u00f3n Horarios del Programa &#8211; 2025-I Ver Informaci\u00f3n<\/p>\n","protected":false},"author":3,"featured_media":0,"parent":0,"menu_order":0,"comment_status":"closed","ping_status":"closed","template":"","meta":{"footnotes":""},"class_list":["post-8859","page","type-page","status-publish","hentry"],"_links":{"self":[{"href":"https:\/\/www.une.edu.pe\/Pedagogia\/wp-json\/wp\/v2\/pages\/8859","targetHints":{"allow":["GET"]}}],"collection":[{"href":"https:\/\/www.une.edu.pe\/Pedagogia\/wp-json\/wp\/v2\/pages"}],"about":[{"href":"https:\/\/www.une.edu.pe\/Pedagogia\/wp-json\/wp\/v2\/types\/page"}],"author":[{"embeddable":true,"href":"https:\/\/www.une.edu.pe\/Pedagogia\/wp-json\/wp\/v2\/users\/3"}],"replies":[{"embeddable":true,"href":"https:\/\/www.une.edu.pe\/Pedagogia\/wp-json\/wp\/v2\/comments?post=8859"}],"version-history":[{"count":13,"href":"https:\/\/www.une.edu.pe\/Pedagogia\/wp-json\/wp\/v2\/pages\/8859\/revisions"}],"predecessor-version":[{"id":9504,"href":"https:\/\/www.une.edu.pe\/Pedagogia\/wp-json\/wp\/v2\/pages\/8859\/revisions\/9504"}],"wp:attachment":[{"href":"https:\/\/www.une.edu.pe\/Pedagogia\/wp-json\/wp\/v2\/media?parent=8859"}],"curies":[{"name":"wp","href":"https:\/\/api.w.org\/{rel}","templated":true}]}}