{"id":8806,"date":"2025-07-08T15:46:12","date_gmt":"2025-07-08T20:46:12","guid":{"rendered":"https:\/\/www.une.edu.pe\/Pedagogia\/?page_id=8806"},"modified":"2025-12-23T11:33:17","modified_gmt":"2025-12-23T16:33:17","slug":"educacion-basica-alternativa-educacion-primaria","status":"publish","type":"page","link":"https:\/\/www.une.edu.pe\/Pedagogia\/educacion-basica-alternativa-educacion-primaria\/","title":{"rendered":"Educaci\u00f3n B\u00e1sica Alternativa &#8211; Educaci\u00f3n Primaria"},"content":{"rendered":"\t\t<div data-elementor-type=\"wp-page\" data-elementor-id=\"8806\" class=\"elementor elementor-8806\">\n\t\t\t\t\t\t<section class=\"elementor-section elementor-top-section elementor-element elementor-element-1485538 elementor-section-boxed elementor-section-height-default elementor-section-height-default\" data-id=\"1485538\" data-element_type=\"section\" data-e-type=\"section\">\n\t\t\t\t\t\t<div class=\"elementor-container elementor-column-gap-default\">\n\t\t\t\t\t<div class=\"elementor-column elementor-col-20 elementor-top-column elementor-element elementor-element-0fbb28e\" data-id=\"0fbb28e\" data-element_type=\"column\" data-e-type=\"column\">\n\t\t\t<div class=\"elementor-widget-wrap elementor-element-populated\">\n\t\t\t\t\t\t<div class=\"elementor-element elementor-element-d03cc04 elementor-widget elementor-widget-image\" data-id=\"d03cc04\" data-element_type=\"widget\" data-e-type=\"widget\" data-widget_type=\"image.default\">\n\t\t\t\t<div class=\"elementor-widget-container\">\n\t\t\t\t\t\t\t\t\t\t\t\t<figure class=\"wp-caption\">\n\t\t\t\t\t\t\t\t\t\t\t<a href=\"https:\/\/www.une.edu.pe\/Pedagogia\/docentes-del-programa-educacion-basica-alternativa-educacion-primaria\/\" target=\"_blank\">\n\t\t\t\t\t\t\t<img fetchpriority=\"high\" decoding=\"async\" width=\"847\" height=\"847\" src=\"https:\/\/www.une.edu.pe\/Pedagogia\/wp-content\/uploads\/2025\/07\/ChatGPT-Image-Jul-8-2025-02_59_06-PM.png\" class=\"attachment-large size-large wp-image-8777\" alt=\"\" srcset=\"https:\/\/www.une.edu.pe\/Pedagogia\/wp-content\/uploads\/2025\/07\/ChatGPT-Image-Jul-8-2025-02_59_06-PM.png 1024w, https:\/\/www.une.edu.pe\/Pedagogia\/wp-content\/uploads\/2025\/07\/ChatGPT-Image-Jul-8-2025-02_59_06-PM-300x300.png 300w, https:\/\/www.une.edu.pe\/Pedagogia\/wp-content\/uploads\/2025\/07\/ChatGPT-Image-Jul-8-2025-02_59_06-PM-150x150.png 150w, https:\/\/www.une.edu.pe\/Pedagogia\/wp-content\/uploads\/2025\/07\/ChatGPT-Image-Jul-8-2025-02_59_06-PM-768x768.png 768w, https:\/\/www.une.edu.pe\/Pedagogia\/wp-content\/uploads\/2025\/07\/ChatGPT-Image-Jul-8-2025-02_59_06-PM-270x270.png 270w, https:\/\/www.une.edu.pe\/Pedagogia\/wp-content\/uploads\/2025\/07\/elementor\/thumbs\/ChatGPT-Image-Jul-8-2025-02_59_06-PM-r8gzvunzpzefrm7gibhexkblr0g49bgcn72fav1qjk.png 400w\" sizes=\"(max-width: 847px) 100vw, 847px\" \/>\t\t\t\t\t\t\t\t<\/a>\n\t\t\t\t\t\t\t\t\t\t\t<figcaption class=\"widget-image-caption wp-caption-text\">DOCENTES<\/figcaption>\n\t\t\t\t\t\t\t\t\t\t<\/figure>\n\t\t\t\t\t\t\t\t\t<\/div>\n\t\t\t\t<\/div>\n\t\t\t\t\t<\/div>\n\t\t<\/div>\n\t\t\t\t<div class=\"elementor-column elementor-col-20 elementor-top-column elementor-element elementor-element-a6b37ea\" data-id=\"a6b37ea\" data-element_type=\"column\" data-e-type=\"column\">\n\t\t\t<div class=\"elementor-widget-wrap elementor-element-populated\">\n\t\t\t\t\t\t<div class=\"elementor-element elementor-element-c8bb375 elementor-widget elementor-widget-image\" data-id=\"c8bb375\" data-element_type=\"widget\" data-e-type=\"widget\" data-widget_type=\"image.default\">\n\t\t\t\t<div class=\"elementor-widget-container\">\n\t\t\t\t\t\t\t\t\t\t\t\t<figure class=\"wp-caption\">\n\t\t\t\t\t\t\t\t\t\t\t<a href=\"https:\/\/www.une.edu.pe\/Pedagogia\/silabos-educacion-basica-alternativa-educacion-primaria\/\" target=\"_blank\">\n\t\t\t\t\t\t\t<img decoding=\"async\" width=\"847\" height=\"847\" src=\"https:\/\/www.une.edu.pe\/Pedagogia\/wp-content\/uploads\/2025\/07\/Silabus.png\" class=\"attachment-large size-large wp-image-8793\" alt=\"\" srcset=\"https:\/\/www.une.edu.pe\/Pedagogia\/wp-content\/uploads\/2025\/07\/Silabus.png 1024w, https:\/\/www.une.edu.pe\/Pedagogia\/wp-content\/uploads\/2025\/07\/Silabus-300x300.png 300w, https:\/\/www.une.edu.pe\/Pedagogia\/wp-content\/uploads\/2025\/07\/Silabus-150x150.png 150w, https:\/\/www.une.edu.pe\/Pedagogia\/wp-content\/uploads\/2025\/07\/Silabus-768x768.png 768w, https:\/\/www.une.edu.pe\/Pedagogia\/wp-content\/uploads\/2025\/07\/Silabus-270x270.png 270w\" sizes=\"(max-width: 847px) 100vw, 847px\" \/>\t\t\t\t\t\t\t\t<\/a>\n\t\t\t\t\t\t\t\t\t\t\t<figcaption class=\"widget-image-caption wp-caption-text\">SILABOS<\/figcaption>\n\t\t\t\t\t\t\t\t\t\t<\/figure>\n\t\t\t\t\t\t\t\t\t<\/div>\n\t\t\t\t<\/div>\n\t\t\t\t\t<\/div>\n\t\t<\/div>\n\t\t\t\t<div class=\"elementor-column elementor-col-20 elementor-top-column elementor-element elementor-element-cee1f91\" data-id=\"cee1f91\" data-element_type=\"column\" data-e-type=\"column\">\n\t\t\t<div class=\"elementor-widget-wrap elementor-element-populated\">\n\t\t\t\t\t\t<div class=\"elementor-element elementor-element-3eeb63f elementor-widget elementor-widget-image\" data-id=\"3eeb63f\" data-element_type=\"widget\" data-e-type=\"widget\" data-widget_type=\"image.default\">\n\t\t\t\t<div class=\"elementor-widget-container\">\n\t\t\t\t\t\t\t\t\t\t\t\t<figure class=\"wp-caption\">\n\t\t\t\t\t\t\t\t\t\t\t<a href=\"https:\/\/www.une.edu.pe\/Pedagogia\/horarios-del-programa-educacion-basica-alternativa-educacion-primaria\/\" target=\"_blank\">\n\t\t\t\t\t\t\t<img decoding=\"async\" width=\"847\" height=\"847\" src=\"https:\/\/www.une.edu.pe\/Pedagogia\/wp-content\/uploads\/2025\/07\/Horario.png\" class=\"attachment-large size-large wp-image-8792\" alt=\"\" srcset=\"https:\/\/www.une.edu.pe\/Pedagogia\/wp-content\/uploads\/2025\/07\/Horario.png 1024w, https:\/\/www.une.edu.pe\/Pedagogia\/wp-content\/uploads\/2025\/07\/Horario-300x300.png 300w, https:\/\/www.une.edu.pe\/Pedagogia\/wp-content\/uploads\/2025\/07\/Horario-150x150.png 150w, https:\/\/www.une.edu.pe\/Pedagogia\/wp-content\/uploads\/2025\/07\/Horario-768x768.png 768w, https:\/\/www.une.edu.pe\/Pedagogia\/wp-content\/uploads\/2025\/07\/Horario-270x270.png 270w\" sizes=\"(max-width: 847px) 100vw, 847px\" \/>\t\t\t\t\t\t\t\t<\/a>\n\t\t\t\t\t\t\t\t\t\t\t<figcaption class=\"widget-image-caption wp-caption-text\">HORARIO<\/figcaption>\n\t\t\t\t\t\t\t\t\t\t<\/figure>\n\t\t\t\t\t\t\t\t\t<\/div>\n\t\t\t\t<\/div>\n\t\t\t\t\t<\/div>\n\t\t<\/div>\n\t\t\t\t<div class=\"elementor-column elementor-col-20 elementor-top-column elementor-element elementor-element-57e6e08\" data-id=\"57e6e08\" data-element_type=\"column\" data-e-type=\"column\">\n\t\t\t<div class=\"elementor-widget-wrap elementor-element-populated\">\n\t\t\t\t\t\t<div class=\"elementor-element elementor-element-01b82c8 elementor-widget elementor-widget-image\" data-id=\"01b82c8\" data-element_type=\"widget\" data-e-type=\"widget\" data-widget_type=\"image.default\">\n\t\t\t\t<div class=\"elementor-widget-container\">\n\t\t\t\t\t\t\t\t\t\t\t\t<figure class=\"wp-caption\">\n\t\t\t\t\t\t\t\t\t\t\t<a href=\"https:\/\/www.une.edu.pe\/Pedagogia\/plan-de-estudio-del-programa-educacion-basica-alternativa-educacion-primaria\/\" target=\"_blank\">\n\t\t\t\t\t\t\t<img loading=\"lazy\" decoding=\"async\" width=\"847\" height=\"847\" src=\"https:\/\/www.une.edu.pe\/Pedagogia\/wp-content\/uploads\/2025\/07\/Plan-de-estudio.png\" class=\"attachment-large size-large wp-image-8797\" alt=\"\" srcset=\"https:\/\/www.une.edu.pe\/Pedagogia\/wp-content\/uploads\/2025\/07\/Plan-de-estudio.png 1024w, https:\/\/www.une.edu.pe\/Pedagogia\/wp-content\/uploads\/2025\/07\/Plan-de-estudio-300x300.png 300w, https:\/\/www.une.edu.pe\/Pedagogia\/wp-content\/uploads\/2025\/07\/Plan-de-estudio-150x150.png 150w, https:\/\/www.une.edu.pe\/Pedagogia\/wp-content\/uploads\/2025\/07\/Plan-de-estudio-768x768.png 768w, https:\/\/www.une.edu.pe\/Pedagogia\/wp-content\/uploads\/2025\/07\/Plan-de-estudio-270x270.png 270w\" sizes=\"(max-width: 847px) 100vw, 847px\" \/>\t\t\t\t\t\t\t\t<\/a>\n\t\t\t\t\t\t\t\t\t\t\t<figcaption class=\"widget-image-caption wp-caption-text\">PLAN DE ESTUDIO<\/figcaption>\n\t\t\t\t\t\t\t\t\t\t<\/figure>\n\t\t\t\t\t\t\t\t\t<\/div>\n\t\t\t\t<\/div>\n\t\t\t\t\t<\/div>\n\t\t<\/div>\n\t\t\t\t<div class=\"elementor-column elementor-col-20 elementor-top-column elementor-element elementor-element-32e627b\" data-id=\"32e627b\" data-element_type=\"column\" data-e-type=\"column\">\n\t\t\t<div class=\"elementor-widget-wrap elementor-element-populated\">\n\t\t\t\t\t\t<div class=\"elementor-element elementor-element-678d155 elementor-widget elementor-widget-image\" data-id=\"678d155\" data-element_type=\"widget\" data-e-type=\"widget\" data-widget_type=\"image.default\">\n\t\t\t\t<div class=\"elementor-widget-container\">\n\t\t\t\t\t\t\t\t\t\t\t\t<figure class=\"wp-caption\">\n\t\t\t\t\t\t\t\t\t\t\t<a href=\"https:\/\/www.une.edu.pe\/Pedagogia\/wp-content\/uploads\/2025\/11\/Linea-de-progresion-profesional-del-Programa.pdf\" target=\"_blank\">\n\t\t\t\t\t\t\t<img loading=\"lazy\" decoding=\"async\" width=\"473\" height=\"488\" src=\"https:\/\/www.une.edu.pe\/Pedagogia\/wp-content\/uploads\/2025\/07\/iCONO-PROGRESO.jpg\" class=\"attachment-large size-large wp-image-8799\" alt=\"\" srcset=\"https:\/\/www.une.edu.pe\/Pedagogia\/wp-content\/uploads\/2025\/07\/iCONO-PROGRESO.jpg 473w, https:\/\/www.une.edu.pe\/Pedagogia\/wp-content\/uploads\/2025\/07\/iCONO-PROGRESO-291x300.jpg 291w, https:\/\/www.une.edu.pe\/Pedagogia\/wp-content\/uploads\/2025\/07\/iCONO-PROGRESO-262x270.jpg 262w\" sizes=\"(max-width: 473px) 100vw, 473px\" \/>\t\t\t\t\t\t\t\t<\/a>\n\t\t\t\t\t\t\t\t\t\t\t<figcaption class=\"widget-image-caption wp-caption-text\">LINEA DE PROGRESION<\/figcaption>\n\t\t\t\t\t\t\t\t\t\t<\/figure>\n\t\t\t\t\t\t\t\t\t<\/div>\n\t\t\t\t<\/div>\n\t\t\t\t\t<\/div>\n\t\t<\/div>\n\t\t\t\t\t<\/div>\n\t\t<\/section>\n\t\t\t\t<section class=\"elementor-section elementor-top-section elementor-element elementor-element-5c8a889 elementor-section-boxed elementor-section-height-default elementor-section-height-default\" data-id=\"5c8a889\" data-element_type=\"section\" data-e-type=\"section\">\n\t\t\t\t\t\t<div class=\"elementor-container elementor-column-gap-default\">\n\t\t\t\t\t<div class=\"elementor-column elementor-col-100 elementor-top-column elementor-element elementor-element-ccc88cf\" data-id=\"ccc88cf\" data-element_type=\"column\" data-e-type=\"column\">\n\t\t\t<div class=\"elementor-widget-wrap elementor-element-populated\">\n\t\t\t\t\t\t<div class=\"elementor-element elementor-element-65d084e elementor-widget-divider--view-line_icon elementor-view-default elementor-widget-divider--element-align-center elementor-widget elementor-widget-divider\" data-id=\"65d084e\" data-element_type=\"widget\" data-e-type=\"widget\" data-widget_type=\"divider.default\">\n\t\t\t\t<div class=\"elementor-widget-container\">\n\t\t\t\t\t\t\t<div class=\"elementor-divider\">\n\t\t\t<span class=\"elementor-divider-separator\">\n\t\t\t\t\t\t\t<div class=\"elementor-icon elementor-divider__element\">\n\t\t\t\t\t<i aria-hidden=\"true\" class=\"fab fa-centos\"><\/i><\/div>\n\t\t\t\t\t\t<\/span>\n\t\t<\/div>\n\t\t\t\t\t\t<\/div>\n\t\t\t\t<\/div>\n\t\t\t\t\t<\/div>\n\t\t<\/div>\n\t\t\t\t\t<\/div>\n\t\t<\/section>\n\t\t\t\t<section class=\"elementor-section elementor-top-section elementor-element elementor-element-aa368d6 elementor-section-boxed elementor-section-height-default elementor-section-height-default\" data-id=\"aa368d6\" data-element_type=\"section\" data-e-type=\"section\">\n\t\t\t\t\t\t<div class=\"elementor-container elementor-column-gap-default\">\n\t\t\t\t\t<div class=\"elementor-column elementor-col-25 elementor-top-column elementor-element elementor-element-9252719\" data-id=\"9252719\" data-element_type=\"column\" data-e-type=\"column\">\n\t\t\t<div class=\"elementor-widget-wrap\">\n\t\t\t\t\t\t\t<\/div>\n\t\t<\/div>\n\t\t\t\t<div class=\"elementor-column elementor-col-50 elementor-top-column elementor-element elementor-element-80ac913\" data-id=\"80ac913\" data-element_type=\"column\" data-e-type=\"column\">\n\t\t\t<div class=\"elementor-widget-wrap elementor-element-populated\">\n\t\t\t\t\t\t<div class=\"elementor-element elementor-element-e56583d elementor-widget__width-initial elementor-widget elementor-widget-image\" data-id=\"e56583d\" data-element_type=\"widget\" data-e-type=\"widget\" data-widget_type=\"image.default\">\n\t\t\t\t<div class=\"elementor-widget-container\">\n\t\t\t\t\t\t\t\t\t\t\t\t\t\t\t\t<a href=\"https:\/\/www.une.edu.pe\/Pedagogia\/porque-elegir-el-programa-de-educacionbasica-alternativa\/\" target=\"_blank\">\n\t\t\t\t\t\t\t<img loading=\"lazy\" decoding=\"async\" width=\"941\" height=\"942\" src=\"https:\/\/www.une.edu.pe\/Pedagogia\/wp-content\/uploads\/2025\/12\/Imagen-chica.jpg\" class=\"attachment-full size-full wp-image-10184\" alt=\"\" srcset=\"https:\/\/www.une.edu.pe\/Pedagogia\/wp-content\/uploads\/2025\/12\/Imagen-chica.jpg 941w, https:\/\/www.une.edu.pe\/Pedagogia\/wp-content\/uploads\/2025\/12\/Imagen-chica-300x300.jpg 300w, https:\/\/www.une.edu.pe\/Pedagogia\/wp-content\/uploads\/2025\/12\/Imagen-chica-150x150.jpg 150w, https:\/\/www.une.edu.pe\/Pedagogia\/wp-content\/uploads\/2025\/12\/Imagen-chica-768x769.jpg 768w, https:\/\/www.une.edu.pe\/Pedagogia\/wp-content\/uploads\/2025\/12\/Imagen-chica-270x270.jpg 270w\" sizes=\"(max-width: 941px) 100vw, 941px\" \/>\t\t\t\t\t\t\t\t<\/a>\n\t\t\t\t\t\t\t\t\t\t\t\t\t\t\t<\/div>\n\t\t\t\t<\/div>\n\t\t\t\t\t<\/div>\n\t\t<\/div>\n\t\t\t\t<div class=\"elementor-column elementor-col-25 elementor-top-column elementor-element elementor-element-9047804\" data-id=\"9047804\" data-element_type=\"column\" data-e-type=\"column\">\n\t\t\t<div class=\"elementor-widget-wrap\">\n\t\t\t\t\t\t\t<\/div>\n\t\t<\/div>\n\t\t\t\t\t<\/div>\n\t\t<\/section>\n\t\t\t\t<section class=\"elementor-section elementor-top-section elementor-element elementor-element-75ab1db elementor-section-boxed elementor-section-height-default elementor-section-height-default\" data-id=\"75ab1db\" data-element_type=\"section\" data-e-type=\"section\">\n\t\t\t\t\t\t<div class=\"elementor-container elementor-column-gap-default\">\n\t\t\t\t\t<div class=\"elementor-column elementor-col-100 elementor-top-column elementor-element elementor-element-3c9c770\" data-id=\"3c9c770\" data-element_type=\"column\" data-e-type=\"column\">\n\t\t\t<div class=\"elementor-widget-wrap elementor-element-populated\">\n\t\t\t\t\t\t<div class=\"elementor-element elementor-element-1407b2b elementor-widget-divider--view-line_icon elementor-view-default elementor-widget-divider--element-align-center elementor-widget elementor-widget-divider\" data-id=\"1407b2b\" data-element_type=\"widget\" data-e-type=\"widget\" data-widget_type=\"divider.default\">\n\t\t\t\t<div class=\"elementor-widget-container\">\n\t\t\t\t\t\t\t<div class=\"elementor-divider\">\n\t\t\t<span class=\"elementor-divider-separator\">\n\t\t\t\t\t\t\t<div class=\"elementor-icon elementor-divider__element\">\n\t\t\t\t\t<i aria-hidden=\"true\" class=\"fab fa-centos\"><\/i><\/div>\n\t\t\t\t\t\t<\/span>\n\t\t<\/div>\n\t\t\t\t\t\t<\/div>\n\t\t\t\t<\/div>\n\t\t\t\t\t<\/div>\n\t\t<\/div>\n\t\t\t\t\t<\/div>\n\t\t<\/section>\n\t\t\t\t<\/div>\n\t\t","protected":false},"excerpt":{"rendered":"<p>DOCENTES SILABOS HORARIO PLAN DE ESTUDIO LINEA DE PROGRESION<\/p>\n","protected":false},"author":3,"featured_media":0,"parent":0,"menu_order":0,"comment_status":"closed","ping_status":"closed","template":"","meta":{"footnotes":""},"class_list":["post-8806","page","type-page","status-publish","hentry"],"_links":{"self":[{"href":"https:\/\/www.une.edu.pe\/Pedagogia\/wp-json\/wp\/v2\/pages\/8806","targetHints":{"allow":["GET"]}}],"collection":[{"href":"https:\/\/www.une.edu.pe\/Pedagogia\/wp-json\/wp\/v2\/pages"}],"about":[{"href":"https:\/\/www.une.edu.pe\/Pedagogia\/wp-json\/wp\/v2\/types\/page"}],"author":[{"embeddable":true,"href":"https:\/\/www.une.edu.pe\/Pedagogia\/wp-json\/wp\/v2\/users\/3"}],"replies":[{"embeddable":true,"href":"https:\/\/www.une.edu.pe\/Pedagogia\/wp-json\/wp\/v2\/comments?post=8806"}],"version-history":[{"count":37,"href":"https:\/\/www.une.edu.pe\/Pedagogia\/wp-json\/wp\/v2\/pages\/8806\/revisions"}],"predecessor-version":[{"id":10283,"href":"https:\/\/www.une.edu.pe\/Pedagogia\/wp-json\/wp\/v2\/pages\/8806\/revisions\/10283"}],"wp:attachment":[{"href":"https:\/\/www.une.edu.pe\/Pedagogia\/wp-json\/wp\/v2\/media?parent=8806"}],"curies":[{"name":"wp","href":"https:\/\/api.w.org\/{rel}","templated":true}]}}