{"id":6985,"date":"2025-01-29T11:24:29","date_gmt":"2025-01-29T16:24:29","guid":{"rendered":"https:\/\/www.une.edu.pe\/Pedagogia\/?page_id=6985"},"modified":"2025-01-29T13:39:03","modified_gmt":"2025-01-29T18:39:03","slug":"segunda-especialidad","status":"publish","type":"page","link":"https:\/\/www.une.edu.pe\/Pedagogia\/segunda-especialidad\/","title":{"rendered":"Segunda Especialidad"},"content":{"rendered":"\t\t<div data-elementor-type=\"wp-post\" data-elementor-id=\"6985\" class=\"elementor elementor-6985\">\n\t\t\t\t\t\t<section class=\"elementor-section elementor-top-section elementor-element elementor-element-f8f53d8 elementor-section-boxed elementor-section-height-default elementor-section-height-default\" data-id=\"f8f53d8\" data-element_type=\"section\" data-e-type=\"section\">\n\t\t\t\t\t\t<div class=\"elementor-container elementor-column-gap-default\">\n\t\t\t\t\t<div class=\"elementor-column elementor-col-100 elementor-top-column elementor-element elementor-element-0f163b5\" data-id=\"0f163b5\" data-element_type=\"column\" data-e-type=\"column\">\n\t\t\t<div class=\"elementor-widget-wrap\">\n\t\t\t\t\t\t\t<\/div>\n\t\t<\/div>\n\t\t\t\t\t<\/div>\n\t\t<\/section>\n\t\t\t\t<section class=\"elementor-section elementor-top-section elementor-element elementor-element-e62d0d9 elementor-section-boxed elementor-section-height-default elementor-section-height-default\" data-id=\"e62d0d9\" data-element_type=\"section\" data-e-type=\"section\">\n\t\t\t\t\t\t<div class=\"elementor-container elementor-column-gap-default\">\n\t\t\t\t\t<div class=\"elementor-column elementor-col-25 elementor-top-column elementor-element elementor-element-40087d4\" data-id=\"40087d4\" data-element_type=\"column\" data-e-type=\"column\">\n\t\t\t<div class=\"elementor-widget-wrap elementor-element-populated\">\n\t\t\t\t\t\t<div class=\"elementor-element elementor-element-c1fd1ad elementor-widget elementor-widget-image\" data-id=\"c1fd1ad\" data-element_type=\"widget\" data-e-type=\"widget\" data-widget_type=\"image.default\">\n\t\t\t\t<div class=\"elementor-widget-container\">\n\t\t\t\t\t\t\t\t\t\t\t\t\t\t\t\t<a href=\"https:\/\/www.une.edu.pe\/Pedagogia\/informacion-educacion-primaria\/\" target=\"_blank\">\n\t\t\t\t\t\t\t<img fetchpriority=\"high\" decoding=\"async\" width=\"497\" height=\"495\" src=\"https:\/\/www.une.edu.pe\/Pedagogia\/wp-content\/uploads\/2025\/01\/EducacionPrimaria.jpg\" class=\"attachment-large size-large wp-image-7003\" alt=\"\" srcset=\"https:\/\/www.une.edu.pe\/Pedagogia\/wp-content\/uploads\/2025\/01\/EducacionPrimaria.jpg 497w, https:\/\/www.une.edu.pe\/Pedagogia\/wp-content\/uploads\/2025\/01\/EducacionPrimaria-300x300.jpg 300w, https:\/\/www.une.edu.pe\/Pedagogia\/wp-content\/uploads\/2025\/01\/EducacionPrimaria-150x150.jpg 150w, https:\/\/www.une.edu.pe\/Pedagogia\/wp-content\/uploads\/2025\/01\/EducacionPrimaria-271x270.jpg 271w\" sizes=\"(max-width: 497px) 100vw, 497px\" \/>\t\t\t\t\t\t\t\t<\/a>\n\t\t\t\t\t\t\t\t\t\t\t\t\t\t\t<\/div>\n\t\t\t\t<\/div>\n\t\t\t\t<div class=\"elementor-element elementor-element-0efe516 elementor-widget elementor-widget-text-editor\" data-id=\"0efe516\" data-element_type=\"widget\" data-e-type=\"widget\" data-widget_type=\"text-editor.default\">\n\t\t\t\t<div class=\"elementor-widget-container\">\n\t\t\t\t\t\t\t\t\t<h4 style=\"text-align: center;\"><span style=\"color: #333399;\"><strong>Educaci\u00f3n Primaria <br \/><\/strong><\/span><\/h4>\t\t\t\t\t\t\t\t<\/div>\n\t\t\t\t<\/div>\n\t\t\t\t\t<\/div>\n\t\t<\/div>\n\t\t\t\t<div class=\"elementor-column elementor-col-25 elementor-top-column elementor-element elementor-element-7f6fd96\" data-id=\"7f6fd96\" data-element_type=\"column\" data-e-type=\"column\">\n\t\t\t<div class=\"elementor-widget-wrap elementor-element-populated\">\n\t\t\t\t\t\t<div class=\"elementor-element elementor-element-3f131b5 elementor-widget elementor-widget-image\" data-id=\"3f131b5\" data-element_type=\"widget\" data-e-type=\"widget\" data-widget_type=\"image.default\">\n\t\t\t\t<div class=\"elementor-widget-container\">\n\t\t\t\t\t\t\t\t\t\t\t\t\t\t\t\t<a href=\"https:\/\/www.une.edu.pe\/Pedagogia\/informacion-problemas-de-aprendizaje\/\" target=\"_blank\">\n\t\t\t\t\t\t\t<img decoding=\"async\" width=\"483\" height=\"483\" src=\"https:\/\/www.une.edu.pe\/Pedagogia\/wp-content\/uploads\/2025\/01\/ProblemasAprendizaje1.jpg\" class=\"attachment-large size-large wp-image-7006\" alt=\"\" srcset=\"https:\/\/www.une.edu.pe\/Pedagogia\/wp-content\/uploads\/2025\/01\/ProblemasAprendizaje1.jpg 483w, https:\/\/www.une.edu.pe\/Pedagogia\/wp-content\/uploads\/2025\/01\/ProblemasAprendizaje1-300x300.jpg 300w, https:\/\/www.une.edu.pe\/Pedagogia\/wp-content\/uploads\/2025\/01\/ProblemasAprendizaje1-150x150.jpg 150w, https:\/\/www.une.edu.pe\/Pedagogia\/wp-content\/uploads\/2025\/01\/ProblemasAprendizaje1-270x270.jpg 270w\" sizes=\"(max-width: 483px) 100vw, 483px\" \/>\t\t\t\t\t\t\t\t<\/a>\n\t\t\t\t\t\t\t\t\t\t\t\t\t\t\t<\/div>\n\t\t\t\t<\/div>\n\t\t\t\t<div class=\"elementor-element elementor-element-103021f elementor-widget elementor-widget-text-editor\" data-id=\"103021f\" data-element_type=\"widget\" data-e-type=\"widget\" data-widget_type=\"text-editor.default\">\n\t\t\t\t<div class=\"elementor-widget-container\">\n\t\t\t\t\t\t\t\t\t<h3 style=\"text-align: center;\"><span style=\"color: #333399;\"><strong>Problemas de Aprendizaje <br \/><\/strong><\/span><\/h3>\t\t\t\t\t\t\t\t<\/div>\n\t\t\t\t<\/div>\n\t\t\t\t\t<\/div>\n\t\t<\/div>\n\t\t\t\t<div class=\"elementor-column elementor-col-25 elementor-top-column elementor-element elementor-element-affe2bc\" data-id=\"affe2bc\" data-element_type=\"column\" data-e-type=\"column\">\n\t\t\t<div class=\"elementor-widget-wrap elementor-element-populated\">\n\t\t\t\t\t\t<div class=\"elementor-element elementor-element-fe27ea7 elementor-widget elementor-widget-image\" data-id=\"fe27ea7\" data-element_type=\"widget\" data-e-type=\"widget\" data-widget_type=\"image.default\">\n\t\t\t\t<div class=\"elementor-widget-container\">\n\t\t\t\t\t\t\t\t\t\t\t\t\t\t\t\t<a href=\"https:\/\/www.une.edu.pe\/Pedagogia\/informacion-educacion-basica-alternativa\/\" target=\"_blank\">\n\t\t\t\t\t\t\t<img decoding=\"async\" width=\"548\" height=\"545\" src=\"https:\/\/www.une.edu.pe\/Pedagogia\/wp-content\/uploads\/2025\/01\/BasicaAlternativa-1.jpg\" class=\"attachment-large size-large wp-image-7012\" alt=\"\" srcset=\"https:\/\/www.une.edu.pe\/Pedagogia\/wp-content\/uploads\/2025\/01\/BasicaAlternativa-1.jpg 548w, https:\/\/www.une.edu.pe\/Pedagogia\/wp-content\/uploads\/2025\/01\/BasicaAlternativa-1-300x298.jpg 300w, https:\/\/www.une.edu.pe\/Pedagogia\/wp-content\/uploads\/2025\/01\/BasicaAlternativa-1-150x150.jpg 150w, https:\/\/www.une.edu.pe\/Pedagogia\/wp-content\/uploads\/2025\/01\/BasicaAlternativa-1-271x270.jpg 271w\" sizes=\"(max-width: 548px) 100vw, 548px\" \/>\t\t\t\t\t\t\t\t<\/a>\n\t\t\t\t\t\t\t\t\t\t\t\t\t\t\t<\/div>\n\t\t\t\t<\/div>\n\t\t\t\t<div class=\"elementor-element elementor-element-ba22e56 elementor-widget elementor-widget-text-editor\" data-id=\"ba22e56\" data-element_type=\"widget\" data-e-type=\"widget\" data-widget_type=\"text-editor.default\">\n\t\t\t\t<div class=\"elementor-widget-container\">\n\t\t\t\t\t\t\t\t\t<h3 style=\"text-align: center;\"><span style=\"color: #333399;\"><strong>Educaci\u00f3n B\u00e1sica Alternativa <br \/><\/strong><\/span><\/h3>\t\t\t\t\t\t\t\t<\/div>\n\t\t\t\t<\/div>\n\t\t\t\t\t<\/div>\n\t\t<\/div>\n\t\t\t\t<div class=\"elementor-column elementor-col-25 elementor-top-column elementor-element elementor-element-e6d030e\" data-id=\"e6d030e\" data-element_type=\"column\" data-e-type=\"column\">\n\t\t\t<div class=\"elementor-widget-wrap elementor-element-populated\">\n\t\t\t\t\t\t<div class=\"elementor-element elementor-element-7152ea7 elementor-widget elementor-widget-image\" data-id=\"7152ea7\" data-element_type=\"widget\" data-e-type=\"widget\" data-widget_type=\"image.default\">\n\t\t\t\t<div class=\"elementor-widget-container\">\n\t\t\t\t\t\t\t\t\t\t\t\t\t\t\t\t<a href=\"https:\/\/www.une.edu.pe\/Pedagogia\/informacion-educacion-fisica\/\" target=\"_blank\">\n\t\t\t\t\t\t\t<img loading=\"lazy\" decoding=\"async\" width=\"291\" height=\"300\" src=\"https:\/\/www.une.edu.pe\/Pedagogia\/wp-content\/uploads\/2025\/01\/Entrenador-291x300.jpg\" class=\"attachment-medium size-medium wp-image-7033\" alt=\"\" srcset=\"https:\/\/www.une.edu.pe\/Pedagogia\/wp-content\/uploads\/2025\/01\/Entrenador-291x300.jpg 291w, https:\/\/www.une.edu.pe\/Pedagogia\/wp-content\/uploads\/2025\/01\/Entrenador-262x270.jpg 262w, https:\/\/www.une.edu.pe\/Pedagogia\/wp-content\/uploads\/2025\/01\/Entrenador.jpg 631w\" sizes=\"(max-width: 291px) 100vw, 291px\" \/>\t\t\t\t\t\t\t\t<\/a>\n\t\t\t\t\t\t\t\t\t\t\t\t\t\t\t<\/div>\n\t\t\t\t<\/div>\n\t\t\t\t<div class=\"elementor-element elementor-element-81723fa elementor-widget elementor-widget-text-editor\" data-id=\"81723fa\" data-element_type=\"widget\" data-e-type=\"widget\" data-widget_type=\"text-editor.default\">\n\t\t\t\t<div class=\"elementor-widget-container\">\n\t\t\t\t\t\t\t\t\t<h3 style=\"text-align: center;\"><span style=\"color: #333399;\"><strong>Educaci\u00f3n F\u00edsica <br \/><\/strong><\/span><\/h3>\t\t\t\t\t\t\t\t<\/div>\n\t\t\t\t<\/div>\n\t\t\t\t\t<\/div>\n\t\t<\/div>\n\t\t\t\t\t<\/div>\n\t\t<\/section>\n\t\t\t\t<\/div>\n\t\t","protected":false},"excerpt":{"rendered":"<p>Educaci\u00f3n Primaria Problemas de Aprendizaje Educaci\u00f3n B\u00e1sica Alternativa Educaci\u00f3n F\u00edsica<\/p>\n","protected":false},"author":3,"featured_media":0,"parent":0,"menu_order":0,"comment_status":"closed","ping_status":"closed","template":"","meta":{"footnotes":""},"class_list":["post-6985","page","type-page","status-publish","hentry"],"_links":{"self":[{"href":"https:\/\/www.une.edu.pe\/Pedagogia\/wp-json\/wp\/v2\/pages\/6985","targetHints":{"allow":["GET"]}}],"collection":[{"href":"https:\/\/www.une.edu.pe\/Pedagogia\/wp-json\/wp\/v2\/pages"}],"about":[{"href":"https:\/\/www.une.edu.pe\/Pedagogia\/wp-json\/wp\/v2\/types\/page"}],"author":[{"embeddable":true,"href":"https:\/\/www.une.edu.pe\/Pedagogia\/wp-json\/wp\/v2\/users\/3"}],"replies":[{"embeddable":true,"href":"https:\/\/www.une.edu.pe\/Pedagogia\/wp-json\/wp\/v2\/comments?post=6985"}],"version-history":[{"count":52,"href":"https:\/\/www.une.edu.pe\/Pedagogia\/wp-json\/wp\/v2\/pages\/6985\/revisions"}],"predecessor-version":[{"id":7080,"href":"https:\/\/www.une.edu.pe\/Pedagogia\/wp-json\/wp\/v2\/pages\/6985\/revisions\/7080"}],"wp:attachment":[{"href":"https:\/\/www.une.edu.pe\/Pedagogia\/wp-json\/wp\/v2\/media?parent=6985"}],"curies":[{"name":"wp","href":"https:\/\/api.w.org\/{rel}","templated":true}]}}