{"id":6110,"date":"2022-12-16T18:49:30","date_gmt":"2022-12-16T17:49:30","guid":{"rendered":"http:\/\/www.une.edu.pe\/Pedagogia\/?page_id=6110"},"modified":"2022-12-16T18:51:03","modified_gmt":"2022-12-16T17:51:03","slug":"seminario-taller-estrategias-didacticas-para-el-area-de-comunicacion-en-la-educacion-primaria","status":"publish","type":"page","link":"https:\/\/www.une.edu.pe\/Pedagogia\/seminario-taller-estrategias-didacticas-para-el-area-de-comunicacion-en-la-educacion-primaria\/","title":{"rendered":"Seminario Taller: Estrategias did\u00e1cticas para el \u00e1rea de Comunicaci\u00f3n en la Educaci\u00f3n Primaria"},"content":{"rendered":"\t\t<div data-elementor-type=\"wp-post\" data-elementor-id=\"6110\" class=\"elementor elementor-6110\">\n\t\t\t\t\t\t<section class=\"elementor-section elementor-top-section elementor-element elementor-element-ace9796 elementor-section-boxed elementor-section-height-default elementor-section-height-default\" data-id=\"ace9796\" data-element_type=\"section\" data-e-type=\"section\">\n\t\t\t\t\t\t<div class=\"elementor-container elementor-column-gap-default\">\n\t\t\t\t\t<div class=\"elementor-column elementor-col-100 elementor-top-column elementor-element elementor-element-296655c\" data-id=\"296655c\" data-element_type=\"column\" data-e-type=\"column\">\n\t\t\t<div class=\"elementor-widget-wrap elementor-element-populated\">\n\t\t\t\t\t\t<div class=\"elementor-element elementor-element-88b0f41 elementor-widget elementor-widget-image\" data-id=\"88b0f41\" data-element_type=\"widget\" data-e-type=\"widget\" data-widget_type=\"image.default\">\n\t\t\t\t<div class=\"elementor-widget-container\">\n\t\t\t\t\t\t\t\t\t\t\t\t\t\t\t<img fetchpriority=\"high\" decoding=\"async\" width=\"716\" height=\"1024\" src=\"https:\/\/www.une.edu.pe\/Pedagogia\/wp-content\/uploads\/2022\/12\/seminario-estrategias-716x1024.jpeg\" class=\"attachment-large size-large wp-image-6114\" alt=\"\" srcset=\"https:\/\/www.une.edu.pe\/Pedagogia\/wp-content\/uploads\/2022\/12\/seminario-estrategias-716x1024.jpeg 716w, https:\/\/www.une.edu.pe\/Pedagogia\/wp-content\/uploads\/2022\/12\/seminario-estrategias-210x300.jpeg 210w, https:\/\/www.une.edu.pe\/Pedagogia\/wp-content\/uploads\/2022\/12\/seminario-estrategias-768x1098.jpeg 768w, https:\/\/www.une.edu.pe\/Pedagogia\/wp-content\/uploads\/2022\/12\/seminario-estrategias-189x270.jpeg 189w, https:\/\/www.une.edu.pe\/Pedagogia\/wp-content\/uploads\/2022\/12\/seminario-estrategias.jpeg 895w\" sizes=\"(max-width: 716px) 100vw, 716px\" \/>\t\t\t\t\t\t\t\t\t\t\t\t\t\t\t<\/div>\n\t\t\t\t<\/div>\n\t\t\t\t\t<\/div>\n\t\t<\/div>\n\t\t\t\t\t<\/div>\n\t\t<\/section>\n\t\t\t\t<section class=\"elementor-section elementor-top-section elementor-element elementor-element-a55257e elementor-section-boxed elementor-section-height-default elementor-section-height-default\" data-id=\"a55257e\" data-element_type=\"section\" data-e-type=\"section\">\n\t\t\t\t\t\t<div class=\"elementor-container elementor-column-gap-default\">\n\t\t\t\t\t<div class=\"elementor-column elementor-col-100 elementor-top-column elementor-element elementor-element-b189403\" data-id=\"b189403\" data-element_type=\"column\" data-e-type=\"column\">\n\t\t\t<div class=\"elementor-widget-wrap\">\n\t\t\t\t\t\t\t<\/div>\n\t\t<\/div>\n\t\t\t\t\t<\/div>\n\t\t<\/section>\n\t\t\t\t<\/div>\n\t\t","protected":false},"excerpt":{"rendered":"","protected":false},"author":3,"featured_media":6113,"parent":0,"menu_order":0,"comment_status":"closed","ping_status":"closed","template":"","meta":{"footnotes":""},"class_list":["post-6110","page","type-page","status-publish","has-post-thumbnail","hentry"],"_links":{"self":[{"href":"https:\/\/www.une.edu.pe\/Pedagogia\/wp-json\/wp\/v2\/pages\/6110","targetHints":{"allow":["GET"]}}],"collection":[{"href":"https:\/\/www.une.edu.pe\/Pedagogia\/wp-json\/wp\/v2\/pages"}],"about":[{"href":"https:\/\/www.une.edu.pe\/Pedagogia\/wp-json\/wp\/v2\/types\/page"}],"author":[{"embeddable":true,"href":"https:\/\/www.une.edu.pe\/Pedagogia\/wp-json\/wp\/v2\/users\/3"}],"replies":[{"embeddable":true,"href":"https:\/\/www.une.edu.pe\/Pedagogia\/wp-json\/wp\/v2\/comments?post=6110"}],"version-history":[{"count":2,"href":"https:\/\/www.une.edu.pe\/Pedagogia\/wp-json\/wp\/v2\/pages\/6110\/revisions"}],"predecessor-version":[{"id":6115,"href":"https:\/\/www.une.edu.pe\/Pedagogia\/wp-json\/wp\/v2\/pages\/6110\/revisions\/6115"}],"wp:featuredmedia":[{"embeddable":true,"href":"https:\/\/www.une.edu.pe\/Pedagogia\/wp-json\/wp\/v2\/media\/6113"}],"wp:attachment":[{"href":"https:\/\/www.une.edu.pe\/Pedagogia\/wp-json\/wp\/v2\/media?parent=6110"}],"curies":[{"name":"wp","href":"https:\/\/api.w.org\/{rel}","templated":true}]}}