{"id":5570,"date":"2022-04-28T17:17:57","date_gmt":"2022-04-28T15:17:57","guid":{"rendered":"http:\/\/www.une.edu.pe\/Pedagogia\/?page_id=5570"},"modified":"2023-05-05T14:27:38","modified_gmt":"2023-05-05T19:27:38","slug":"revista-virtual-aportes-pedagogicos-en-la-educacion-primaria-y-en-la-educacion-basica-alternativa","status":"publish","type":"page","link":"https:\/\/www.une.edu.pe\/Pedagogia\/revista-virtual-aportes-pedagogicos-en-la-educacion-primaria-y-en-la-educacion-basica-alternativa\/","title":{"rendered":"REVISTA VIRTUAL A\u00d1O 2022-II \/ A\u00d1O 2021-I"},"content":{"rendered":"\t\t<div data-elementor-type=\"wp-post\" data-elementor-id=\"5570\" class=\"elementor elementor-5570\">\n\t\t\t\t\t\t<section class=\"elementor-section elementor-top-section elementor-element elementor-element-6fd2f2a elementor-section-boxed elementor-section-height-default elementor-section-height-default\" data-id=\"6fd2f2a\" data-element_type=\"section\">\n\t\t\t\t\t\t<div class=\"elementor-container elementor-column-gap-default\">\n\t\t\t\t\t<div class=\"elementor-column elementor-col-100 elementor-top-column elementor-element elementor-element-caf81cd\" data-id=\"caf81cd\" data-element_type=\"column\">\n\t\t\t<div class=\"elementor-widget-wrap elementor-element-populated\">\n\t\t\t\t\t\t<div class=\"elementor-element elementor-element-29a17f1 elementor-widget elementor-widget-image\" data-id=\"29a17f1\" data-element_type=\"widget\" data-widget_type=\"image.default\">\n\t\t\t\t<div class=\"elementor-widget-container\">\n\t\t\t\t\t\t\t\t\t\t\t\t\t\t\t\t<a href=\"http:\/\/www.une.edu.pe\/Pedagogia\/wp-content\/uploads\/2022\/10\/Revista_Virtual_2022-Aportes-pedag\u00f3gicos..pdf\" target=\"_blank\">\n\t\t\t\t\t\t\t<img fetchpriority=\"high\" decoding=\"async\" width=\"717\" height=\"993\" src=\"https:\/\/www.une.edu.pe\/Pedagogia\/wp-content\/uploads\/2022\/10\/PortadaRevista2022.png\" class=\"attachment-large size-large wp-image-5893\" alt=\"\" srcset=\"https:\/\/www.une.edu.pe\/Pedagogia\/wp-content\/uploads\/2022\/10\/PortadaRevista2022.png 717w, https:\/\/www.une.edu.pe\/Pedagogia\/wp-content\/uploads\/2022\/10\/PortadaRevista2022-217x300.png 217w, https:\/\/www.une.edu.pe\/Pedagogia\/wp-content\/uploads\/2022\/10\/PortadaRevista2022-195x270.png 195w\" sizes=\"(max-width: 717px) 100vw, 717px\" \/>\t\t\t\t\t\t\t\t<\/a>\n\t\t\t\t\t\t\t\t\t\t\t\t\t\t\t<\/div>\n\t\t\t\t<\/div>\n\t\t\t\t<div class=\"elementor-element elementor-element-a1b5c22 elementor-widget elementor-widget-image\" data-id=\"a1b5c22\" data-element_type=\"widget\" data-widget_type=\"image.default\">\n\t\t\t\t<div class=\"elementor-widget-container\">\n\t\t\t\t\t\t\t\t\t\t\t\t\t\t\t\t<a href=\"http:\/\/www.une.edu.pe\/Pedagogia\/wp-content\/uploads\/2022\/04\/Revista-Virtual-2021-Ok.pdf\">\n\t\t\t\t\t\t\t<img decoding=\"async\" width=\"677\" height=\"931\" src=\"https:\/\/www.une.edu.pe\/Pedagogia\/wp-content\/uploads\/2022\/04\/revista-2.png\" class=\"attachment-large size-large wp-image-5574\" alt=\"\" srcset=\"https:\/\/www.une.edu.pe\/Pedagogia\/wp-content\/uploads\/2022\/04\/revista-2.png 677w, https:\/\/www.une.edu.pe\/Pedagogia\/wp-content\/uploads\/2022\/04\/revista-2-218x300.png 218w, https:\/\/www.une.edu.pe\/Pedagogia\/wp-content\/uploads\/2022\/04\/revista-2-196x270.png 196w\" sizes=\"(max-width: 677px) 100vw, 677px\" \/>\t\t\t\t\t\t\t\t<\/a>\n\t\t\t\t\t\t\t\t\t\t\t\t\t\t\t<\/div>\n\t\t\t\t<\/div>\n\t\t\t\t\t<\/div>\n\t\t<\/div>\n\t\t\t\t\t<\/div>\n\t\t<\/section>\n\t\t\t\t<section class=\"elementor-section elementor-top-section elementor-element elementor-element-e738c22 elementor-section-boxed elementor-section-height-default elementor-section-height-default\" data-id=\"e738c22\" data-element_type=\"section\">\n\t\t\t\t\t\t<div class=\"elementor-container elementor-column-gap-default\">\n\t\t\t\t\t<div class=\"elementor-column elementor-col-100 elementor-top-column elementor-element elementor-element-a97b262\" data-id=\"a97b262\" data-element_type=\"column\">\n\t\t\t<div class=\"elementor-widget-wrap elementor-element-populated\">\n\t\t\t\t\t\t<div class=\"elementor-element elementor-element-256632d elementor-widget elementor-widget-text-editor\" data-id=\"256632d\" data-element_type=\"widget\" data-widget_type=\"text-editor.default\">\n\t\t\t\t<div class=\"elementor-widget-container\">\n\t\t\t\t\t\t\t\t\t<p>Revista Virtual Aportes pedag\u00f3gicos en la Educaci\u00f3n Primaria y en la Educaci\u00f3n B\u00e1sica Alternativa.<\/p><p>Universidad Nacional de Educaci\u00f3n Enrique Guzm\u00e1n y Valle<br \/>Facultad de Pedagog\u00eda y Cultura F\u00edsica<br \/>Departamento Acad\u00e9mico de Educaci\u00f3n Primaria y Educaci\u00f3n B\u00e1sica Alternativa<br \/>Av. Enrique Guzm\u00e1n y Valle 951 La Cantuta, Lurigancho-Chosica<br \/>Lima-Per\u00fa<br \/>Hecho el Dep\u00f3sito Legal en la Biblioteca Nacional del Per\u00fa N\u00b0 2021-14106<\/p>\t\t\t\t\t\t\t\t<\/div>\n\t\t\t\t<\/div>\n\t\t\t\t\t<\/div>\n\t\t<\/div>\n\t\t\t\t\t<\/div>\n\t\t<\/section>\n\t\t\t\t<\/div>\n\t\t","protected":false},"excerpt":{"rendered":"<p>Revista Virtual Aportes pedag\u00f3gicos en la Educaci\u00f3n Primaria y en la Educaci\u00f3n B\u00e1sica Alternativa. Universidad Nacional de Educaci\u00f3n Enrique Guzm\u00e1n y Valle Facultad de Pedagog\u00eda y Cultura F\u00edsica Departamento Acad\u00e9mico de Educaci\u00f3n Primaria y Educaci\u00f3n B\u00e1sica Alternativa Av. Enrique Guzm\u00e1n <a href=\"https:\/\/www.une.edu.pe\/Pedagogia\/revista-virtual-aportes-pedagogicos-en-la-educacion-primaria-y-en-la-educacion-basica-alternativa\/\" class=\"read-more\">Leer m\u00e1s&#8230;<\/a><\/p>\n","protected":false},"author":3,"featured_media":5897,"parent":0,"menu_order":0,"comment_status":"closed","ping_status":"closed","template":"","meta":{"footnotes":""},"class_list":["post-5570","page","type-page","status-publish","has-post-thumbnail","hentry"],"_links":{"self":[{"href":"https:\/\/www.une.edu.pe\/Pedagogia\/wp-json\/wp\/v2\/pages\/5570","targetHints":{"allow":["GET"]}}],"collection":[{"href":"https:\/\/www.une.edu.pe\/Pedagogia\/wp-json\/wp\/v2\/pages"}],"about":[{"href":"https:\/\/www.une.edu.pe\/Pedagogia\/wp-json\/wp\/v2\/types\/page"}],"author":[{"embeddable":true,"href":"https:\/\/www.une.edu.pe\/Pedagogia\/wp-json\/wp\/v2\/users\/3"}],"replies":[{"embeddable":true,"href":"https:\/\/www.une.edu.pe\/Pedagogia\/wp-json\/wp\/v2\/comments?post=5570"}],"version-history":[{"count":9,"href":"https:\/\/www.une.edu.pe\/Pedagogia\/wp-json\/wp\/v2\/pages\/5570\/revisions"}],"predecessor-version":[{"id":5906,"href":"https:\/\/www.une.edu.pe\/Pedagogia\/wp-json\/wp\/v2\/pages\/5570\/revisions\/5906"}],"wp:featuredmedia":[{"embeddable":true,"href":"https:\/\/www.une.edu.pe\/Pedagogia\/wp-json\/wp\/v2\/media\/5897"}],"wp:attachment":[{"href":"https:\/\/www.une.edu.pe\/Pedagogia\/wp-json\/wp\/v2\/media?parent=5570"}],"curies":[{"name":"wp","href":"https:\/\/api.w.org\/{rel}","templated":true}]}}