{"id":3124,"date":"2019-12-04T17:59:37","date_gmt":"2019-12-04T16:59:37","guid":{"rendered":"http:\/\/www.une.edu.pe\/Pedagogia\/?page_id=3124"},"modified":"2021-07-22T09:33:44","modified_gmt":"2021-07-22T07:33:44","slug":"resena-historica-2","status":"publish","type":"page","link":"https:\/\/www.une.edu.pe\/Pedagogia\/resena-historica-2\/","title":{"rendered":"Rese\u00f1a Hist\u00f3rica"},"content":{"rendered":"\t\t<div data-elementor-type=\"wp-post\" data-elementor-id=\"3124\" class=\"elementor elementor-3124\">\n\t\t\t\t\t\t<section class=\"elementor-section elementor-top-section elementor-element elementor-element-3a5b433 elementor-section-boxed elementor-section-height-default elementor-section-height-default\" data-id=\"3a5b433\" data-element_type=\"section\" data-e-type=\"section\">\n\t\t\t\t\t\t<div class=\"elementor-container elementor-column-gap-default\">\n\t\t\t\t\t<div class=\"elementor-column elementor-col-100 elementor-top-column elementor-element elementor-element-68b7ab8\" data-id=\"68b7ab8\" data-element_type=\"column\" data-e-type=\"column\">\n\t\t\t<div class=\"elementor-widget-wrap elementor-element-populated\">\n\t\t\t\t\t\t<div class=\"elementor-element elementor-element-a486e84 elementor-widget elementor-widget-text-editor\" data-id=\"a486e84\" data-element_type=\"widget\" data-e-type=\"widget\" data-widget_type=\"text-editor.default\">\n\t\t\t\t<div class=\"elementor-widget-container\">\n\t\t\t\t\t\t\t\t\t<p><span lang=\"ES-PE\">La Facultad de Pedagog\u00eda y Cultura F\u00edsica tiene su inicio en la decisi\u00f3n del General Don Jos\u00e9 de San Mart\u00edn que crea la Primera Escuela Nacional de preceptores un 6 de julio de 1822, fecha en que se establece del D\u00eda del Maestro. Luego en 1850 se convierte en Escuela Normal Central, en 1871 es Escuela Modelo de Instrucci\u00f3n Primaria, en 1905 es Escuela Normal de Segundo Grado, en 1929 es el Instituto Pedag\u00f3gico Nacional de Varones, en 1953 es Escuela Normal Central de Varones y luego en 1955 es Escuela Normal Superior Enrique Guzm\u00e1n y Valle, y a partir de 1967 es la Universidad Nacional de Educaci\u00f3n Enrique Guzm\u00e1n y Valle &#8211; La Cantuta. La especialidad de Educaci\u00f3n Primaria, es parte de su estructura como Programa Acad\u00e9mico de Pedagog\u00eda, posteriormente como Facultad de Pedagog\u00eda hasta 1996. \u00a0A partir del a\u00f1o 2001, como Facultad de Pedagog\u00eda y Cultura F\u00edsica; a la fecha y de acuerdo a la Nueva Estructura cuenta con cuatro Departamentos Acad\u00e9micos en las Especialidades de:<\/span>\u00a0<span lang=\"ES-PE\">Educaci\u00f3n Primaria y Educaci\u00f3n B\u00e1sica Alternativa, &#8211; Pedagog\u00eda y Ciencia de la Educaci\u00f3n, &#8211; Educaci\u00f3n F\u00edsica y Deportes y &#8211; Ciencias Aplicadas a la Educaci\u00f3n F\u00edsica y el Deporte; y con tres Escuelas\u00a0Profesionales: -Educaci\u00f3n B\u00e1sica Alternativa,\u00a0-Educaci\u00f3n Primaria y -Educaci\u00f3n F\u00edsica y Deporte.<\/span><\/p>\t\t\t\t\t\t\t\t<\/div>\n\t\t\t\t<\/div>\n\t\t\t\t\t<\/div>\n\t\t<\/div>\n\t\t\t\t\t<\/div>\n\t\t<\/section>\n\t\t\t\t<\/div>\n\t\t","protected":false},"excerpt":{"rendered":"<p>La Facultad de Pedagog\u00eda y Cultura F\u00edsica tiene su inicio en la decisi\u00f3n del General Don Jos\u00e9 de San Mart\u00edn que crea la Primera Escuela Nacional de preceptores un 6 de julio de 1822, fecha en que se establece del <a href=\"https:\/\/www.une.edu.pe\/Pedagogia\/resena-historica-2\/\" class=\"read-more\">Leer m\u00e1s&#8230;<\/a><\/p>\n","protected":false},"author":3,"featured_media":3125,"parent":0,"menu_order":0,"comment_status":"closed","ping_status":"closed","template":"","meta":{"footnotes":""},"class_list":["post-3124","page","type-page","status-publish","has-post-thumbnail","hentry"],"_links":{"self":[{"href":"https:\/\/www.une.edu.pe\/Pedagogia\/wp-json\/wp\/v2\/pages\/3124","targetHints":{"allow":["GET"]}}],"collection":[{"href":"https:\/\/www.une.edu.pe\/Pedagogia\/wp-json\/wp\/v2\/pages"}],"about":[{"href":"https:\/\/www.une.edu.pe\/Pedagogia\/wp-json\/wp\/v2\/types\/page"}],"author":[{"embeddable":true,"href":"https:\/\/www.une.edu.pe\/Pedagogia\/wp-json\/wp\/v2\/users\/3"}],"replies":[{"embeddable":true,"href":"https:\/\/www.une.edu.pe\/Pedagogia\/wp-json\/wp\/v2\/comments?post=3124"}],"version-history":[{"count":6,"href":"https:\/\/www.une.edu.pe\/Pedagogia\/wp-json\/wp\/v2\/pages\/3124\/revisions"}],"predecessor-version":[{"id":4306,"href":"https:\/\/www.une.edu.pe\/Pedagogia\/wp-json\/wp\/v2\/pages\/3124\/revisions\/4306"}],"wp:featuredmedia":[{"embeddable":true,"href":"https:\/\/www.une.edu.pe\/Pedagogia\/wp-json\/wp\/v2\/media\/3125"}],"wp:attachment":[{"href":"https:\/\/www.une.edu.pe\/Pedagogia\/wp-json\/wp\/v2\/media?parent=3124"}],"curies":[{"name":"wp","href":"https:\/\/api.w.org\/{rel}","templated":true}]}}