{"id":3112,"date":"2019-12-04T17:44:58","date_gmt":"2019-12-04T16:44:58","guid":{"rendered":"http:\/\/www.une.edu.pe\/Pedagogia\/?page_id=3112"},"modified":"2025-03-03T13:26:42","modified_gmt":"2025-03-03T18:26:42","slug":"bienvenidos-a-la-facultad","status":"publish","type":"page","link":"https:\/\/www.une.edu.pe\/Pedagogia\/bienvenidos-a-la-facultad\/","title":{"rendered":"Bienvenidos a la Facultad"},"content":{"rendered":"\t\t<div data-elementor-type=\"wp-post\" data-elementor-id=\"3112\" class=\"elementor elementor-3112\">\n\t\t\t\t\t\t<section class=\"elementor-section elementor-top-section elementor-element elementor-element-9a22cda elementor-section-boxed elementor-section-height-default elementor-section-height-default\" data-id=\"9a22cda\" data-element_type=\"section\" data-e-type=\"section\">\n\t\t\t\t\t\t<div class=\"elementor-container elementor-column-gap-default\">\n\t\t\t\t\t<div class=\"elementor-column elementor-col-50 elementor-top-column elementor-element elementor-element-7de12d8\" data-id=\"7de12d8\" data-element_type=\"column\" data-e-type=\"column\">\n\t\t\t<div class=\"elementor-widget-wrap elementor-element-populated\">\n\t\t\t\t\t\t<div class=\"elementor-element elementor-element-cf8a80d elementor-widget elementor-widget-text-editor\" data-id=\"cf8a80d\" data-element_type=\"widget\" data-e-type=\"widget\" data-widget_type=\"text-editor.default\">\n\t\t\t\t<div class=\"elementor-widget-container\">\n\t\t\t\t\t\t\t\t\t<p><span style=\"color: #333333;\">\u00a0 \u00a0 \u00a0 \u00a0 \u00a0 Estimados estudiantes, profesores y personal de la Facultad de Pedagog\u00eda y Cultura F\u00edsica ,es una satisfacci\u00f3n para m\u00ed presentarles la P\u00e1gina Web de nuestra facultad.<\/span><br \/><span style=\"color: #333333;\">Esta P\u00e1gina Web, est\u00e1 dise\u00f1ada para ofrecerles un entorno interactivo y accesible, es el resultado del esfuerzo y dedicaci\u00f3n de muchos de ustedes, y es un paso importante hacia la modernizaci\u00f3n y la innovaci\u00f3n en nuestra instituci\u00f3n.<\/span><br \/><span style=\"color: #333333;\">Con esta P\u00e1gina Web, buscamos mejorar la experiencia de aprendizaje, la interacci\u00f3n y comunicaci\u00f3n entre todos los miembros de nuestra comunidad acad\u00e9mica. Queremos que sea un espacio donde podamos compartir ideas, recursos y experiencias, y nos involucremos en el trabajo en equipo para trabajar juntos y lograr nuestros objetivos acad\u00e9micos.<\/span><br \/><span style=\"color: #333333;\">Esta P\u00e1gina Web no es un simple recurso tecnol\u00f3gico, es un s\u00edmbolo de nuestro compromiso con la excelencia y la innovaci\u00f3n en la educaci\u00f3n. Es un reflejo de nuestra visi\u00f3n de una educaci\u00f3n que sea accesible, inclusiva y de alta calidad. Queremos agradecer a todos los que han trabajado en este proyecto por su dedicaci\u00f3n y su esfuerzo. Quiero tambi\u00e9n invitar a todos los miembros de nuestra comunidad acad\u00e9mica a que se unan a nosotros en la renovada P\u00e1gina Web y que la utilicen para mejorar su experiencia de aprendizaje y su conexi\u00f3n con nuestra<\/span><br \/><span style=\"color: #333333;\">facultad.<\/span><br \/><span style=\"color: #333333;\">\u00a1Bienvenidos a nuestra P\u00e1gina Web! Esperamos que la disfruten y que la utilicen para satisfacer <\/span><span style=\"color: #333333;\">sus intereses profesionales.<\/span><\/p><p>\u00a0<\/p>\t\t\t\t\t\t\t\t<\/div>\n\t\t\t\t<\/div>\n\t\t\t\t\t<\/div>\n\t\t<\/div>\n\t\t\t\t<div class=\"elementor-column elementor-col-50 elementor-top-column elementor-element elementor-element-b35ce67\" data-id=\"b35ce67\" data-element_type=\"column\" data-e-type=\"column\">\n\t\t\t<div class=\"elementor-widget-wrap elementor-element-populated\">\n\t\t\t\t\t\t<div class=\"elementor-element elementor-element-c043411 elementor-widget elementor-widget-image\" data-id=\"c043411\" data-element_type=\"widget\" data-e-type=\"widget\" data-widget_type=\"image.default\">\n\t\t\t\t<div class=\"elementor-widget-container\">\n\t\t\t\t\t\t\t\t\t\t\t\t\t\t\t<img fetchpriority=\"high\" decoding=\"async\" width=\"683\" height=\"1024\" src=\"https:\/\/www.une.edu.pe\/Pedagogia\/wp-content\/uploads\/2025\/03\/DSC_5205-683x1024.jpg\" class=\"attachment-large size-large wp-image-7939\" alt=\"\" srcset=\"https:\/\/www.une.edu.pe\/Pedagogia\/wp-content\/uploads\/2025\/03\/DSC_5205-683x1024.jpg 683w, https:\/\/www.une.edu.pe\/Pedagogia\/wp-content\/uploads\/2025\/03\/DSC_5205-200x300.jpg 200w, https:\/\/www.une.edu.pe\/Pedagogia\/wp-content\/uploads\/2025\/03\/DSC_5205-768x1152.jpg 768w, https:\/\/www.une.edu.pe\/Pedagogia\/wp-content\/uploads\/2025\/03\/DSC_5205-1024x1536.jpg 1024w, https:\/\/www.une.edu.pe\/Pedagogia\/wp-content\/uploads\/2025\/03\/DSC_5205-1365x2048.jpg 1365w, https:\/\/www.une.edu.pe\/Pedagogia\/wp-content\/uploads\/2025\/03\/DSC_5205-180x270.jpg 180w, https:\/\/www.une.edu.pe\/Pedagogia\/wp-content\/uploads\/2025\/03\/DSC_5205-scaled.jpg 1707w\" sizes=\"(max-width: 683px) 100vw, 683px\" \/>\t\t\t\t\t\t\t\t\t\t\t\t\t\t\t<\/div>\n\t\t\t\t<\/div>\n\t\t\t\t<div class=\"elementor-element elementor-element-22a1383 elementor-widget elementor-widget-text-editor\" data-id=\"22a1383\" data-element_type=\"widget\" data-e-type=\"widget\" data-widget_type=\"text-editor.default\">\n\t\t\t\t<div class=\"elementor-widget-container\">\n\t\t\t\t\t\t\t\t\t<p style=\"text-align: center;\"><strong><span style=\"color: #333333;\">Dra. Ramos Ch\u00e1vez, Laura Antonieta\u00a0<\/span><\/strong><\/p><p style=\"text-align: center;\"><strong><span style=\"color: #333333;\"><em>Decana de la Facultad de Pedagog\u00eda y Cultura F\u00edsica<\/em><\/span><\/strong><\/p>\t\t\t\t\t\t\t\t<\/div>\n\t\t\t\t<\/div>\n\t\t\t\t\t<\/div>\n\t\t<\/div>\n\t\t\t\t\t<\/div>\n\t\t<\/section>\n\t\t\t\t<\/div>\n\t\t","protected":false},"excerpt":{"rendered":"<p>\u00a0 \u00a0 \u00a0 \u00a0 \u00a0 Estimados estudiantes, profesores y personal de la Facultad de Pedagog\u00eda y Cultura F\u00edsica ,es una satisfacci\u00f3n para m\u00ed presentarles la P\u00e1gina Web de nuestra facultad.Esta P\u00e1gina Web, est\u00e1 dise\u00f1ada para ofrecerles un entorno interactivo y <a href=\"https:\/\/www.une.edu.pe\/Pedagogia\/bienvenidos-a-la-facultad\/\" class=\"read-more\">Leer m\u00e1s&#8230;<\/a><\/p>\n","protected":false},"author":3,"featured_media":4340,"parent":0,"menu_order":0,"comment_status":"closed","ping_status":"closed","template":"","meta":{"footnotes":""},"class_list":["post-3112","page","type-page","status-publish","has-post-thumbnail","hentry"],"_links":{"self":[{"href":"https:\/\/www.une.edu.pe\/Pedagogia\/wp-json\/wp\/v2\/pages\/3112","targetHints":{"allow":["GET"]}}],"collection":[{"href":"https:\/\/www.une.edu.pe\/Pedagogia\/wp-json\/wp\/v2\/pages"}],"about":[{"href":"https:\/\/www.une.edu.pe\/Pedagogia\/wp-json\/wp\/v2\/types\/page"}],"author":[{"embeddable":true,"href":"https:\/\/www.une.edu.pe\/Pedagogia\/wp-json\/wp\/v2\/users\/3"}],"replies":[{"embeddable":true,"href":"https:\/\/www.une.edu.pe\/Pedagogia\/wp-json\/wp\/v2\/comments?post=3112"}],"version-history":[{"count":16,"href":"https:\/\/www.une.edu.pe\/Pedagogia\/wp-json\/wp\/v2\/pages\/3112\/revisions"}],"predecessor-version":[{"id":7953,"href":"https:\/\/www.une.edu.pe\/Pedagogia\/wp-json\/wp\/v2\/pages\/3112\/revisions\/7953"}],"wp:featuredmedia":[{"embeddable":true,"href":"https:\/\/www.une.edu.pe\/Pedagogia\/wp-json\/wp\/v2\/media\/4340"}],"wp:attachment":[{"href":"https:\/\/www.une.edu.pe\/Pedagogia\/wp-json\/wp\/v2\/media?parent=3112"}],"curies":[{"name":"wp","href":"https:\/\/api.w.org\/{rel}","templated":true}]}}