{"id":1526,"date":"2021-04-01T19:21:45","date_gmt":"2021-04-02T00:21:45","guid":{"rendered":"http:\/\/www.une.edu.pe\/Oficina_de_Calidad\/?page_id=1526"},"modified":"2021-04-02T19:34:37","modified_gmt":"2021-04-03T00:34:37","slug":"infomacion","status":"publish","type":"page","link":"https:\/\/www.une.edu.pe\/Oficina_de_Calidad\/infomacion\/","title":{"rendered":"Infomaci\u00f3n"},"content":{"rendered":"\t\t<div data-elementor-type=\"wp-page\" data-elementor-id=\"1526\" class=\"elementor elementor-1526\">\n\t\t\t\t\t\t<section class=\"elementor-section elementor-top-section elementor-element elementor-element-80f88e8 elementor-section-boxed elementor-section-height-default elementor-section-height-default\" data-id=\"80f88e8\" data-element_type=\"section\" data-e-type=\"section\">\n\t\t\t\t\t\t<div class=\"elementor-container elementor-column-gap-default\">\n\t\t\t\t\t<div class=\"elementor-column elementor-col-100 elementor-top-column elementor-element elementor-element-beef3ee\" data-id=\"beef3ee\" data-element_type=\"column\" data-e-type=\"column\">\n\t\t\t<div class=\"elementor-widget-wrap elementor-element-populated\">\n\t\t\t\t\t\t<div class=\"elementor-element elementor-element-9c43e34 elementor-widget elementor-widget-image\" data-id=\"9c43e34\" data-element_type=\"widget\" data-e-type=\"widget\" data-widget_type=\"image.default\">\n\t\t\t\t<div class=\"elementor-widget-container\">\n\t\t\t\t\t\t\t\t\t\t\t\t\t\t\t<img fetchpriority=\"high\" decoding=\"async\" width=\"640\" height=\"150\" src=\"https:\/\/www.une.edu.pe\/Oficina_de_Calidad\/wp-content\/uploads\/2021\/04\/banner-acreditacion-1024x240.png\" class=\"attachment-large size-large wp-image-1529\" alt=\"\" srcset=\"https:\/\/www.une.edu.pe\/Oficina_de_Calidad\/wp-content\/uploads\/2021\/04\/banner-acreditacion-1024x240.png 1024w, https:\/\/www.une.edu.pe\/Oficina_de_Calidad\/wp-content\/uploads\/2021\/04\/banner-acreditacion-300x70.png 300w, https:\/\/www.une.edu.pe\/Oficina_de_Calidad\/wp-content\/uploads\/2021\/04\/banner-acreditacion-768x180.png 768w, https:\/\/www.une.edu.pe\/Oficina_de_Calidad\/wp-content\/uploads\/2021\/04\/banner-acreditacion.png 1260w\" sizes=\"(max-width: 640px) 100vw, 640px\" \/>\t\t\t\t\t\t\t\t\t\t\t\t\t\t\t<\/div>\n\t\t\t\t<\/div>\n\t\t\t\t\t<\/div>\n\t\t<\/div>\n\t\t\t\t\t<\/div>\n\t\t<\/section>\n\t\t\t\t<section class=\"elementor-section elementor-top-section elementor-element elementor-element-6ee167f elementor-section-boxed elementor-section-height-default elementor-section-height-default\" data-id=\"6ee167f\" data-element_type=\"section\" data-e-type=\"section\">\n\t\t\t\t\t\t<div class=\"elementor-container elementor-column-gap-default\">\n\t\t\t\t\t<div class=\"elementor-column elementor-col-100 elementor-top-column elementor-element elementor-element-dcf14d9\" data-id=\"dcf14d9\" data-element_type=\"column\" data-e-type=\"column\">\n\t\t\t<div class=\"elementor-widget-wrap elementor-element-populated\">\n\t\t\t\t\t\t<div class=\"elementor-element elementor-element-6aa651b elementor-widget elementor-widget-toggle\" data-id=\"6aa651b\" data-element_type=\"widget\" data-e-type=\"widget\" data-widget_type=\"toggle.default\">\n\t\t\t\t<div class=\"elementor-widget-container\">\n\t\t\t\t\t\t\t<div class=\"elementor-toggle\">\n\t\t\t\t\t\t\t<div class=\"elementor-toggle-item\">\n\t\t\t\t\t<div id=\"elementor-tab-title-1111\" class=\"elementor-tab-title\" data-tab=\"1\" role=\"button\" aria-controls=\"elementor-tab-content-1111\" aria-expanded=\"false\">\n\t\t\t\t\t\t\t\t\t\t\t\t<span class=\"elementor-toggle-icon elementor-toggle-icon-left\" aria-hidden=\"true\">\n\t\t\t\t\t\t\t\t\t\t\t\t\t\t\t<span class=\"elementor-toggle-icon-closed\"><i class=\"fas fa-caret-right\"><\/i><\/span>\n\t\t\t\t\t\t\t\t<span class=\"elementor-toggle-icon-opened\"><i class=\"elementor-toggle-icon-opened fas fa-caret-up\"><\/i><\/span>\n\t\t\t\t\t\t\t\t\t\t\t\t\t<\/span>\n\t\t\t\t\t\t\t\t\t\t\t\t<a class=\"elementor-toggle-title\" tabindex=\"0\">LECTURAS RECOMENDADAS<\/a>\n\t\t\t\t\t<\/div>\n\n\t\t\t\t\t<div id=\"elementor-tab-content-1111\" class=\"elementor-tab-content elementor-clearfix\" data-tab=\"1\" role=\"region\" aria-labelledby=\"elementor-tab-title-1111\"><ul><li><a href=\"http:\/\/www.une.edu.pe\/Oficina_de_Calidad\/wp-content\/uploads\/2021\/04\/1.-Modelo-de-Acreditaci\u00f3n-Institucional.pdf\" target=\"_blank\" rel=\"noopener\">Modelo de acreditaci\u00f3n institucional\u00a0para universidades<\/a><\/li><li><a href=\"http:\/\/www.une.edu.pe\/Oficina_de_Calidad\/wp-content\/uploads\/2021\/04\/2.-Modelo-de-Acreditaci\u00f3n-de-Programa-de-Estudios.pdf\" target=\"_blank\" rel=\"noopener\">Modelo de acreditaci\u00f3n para programas de estudios de educaci\u00f3n superior universitaria<\/a><\/li><li><a href=\"http:\/\/www.une.edu.pe\/Oficina_de_Calidad\/wp-content\/uploads\/2021\/04\/3.-Explicaci\u00f3n-de-Est\u00e1ndares-del-Modelo-de-Acreditaci\u00f3n.pdf\" target=\"_blank\" rel=\"noopener\">Explicaci\u00f3n de est\u00e1ndares del modelo de acreditaci\u00f3n de programas de estudios\u00a0 de educaci\u00f3n superior universitaria<\/a><\/li><li><a href=\"http:\/\/www.une.edu.pe\/Oficina_de_Calidad\/wp-content\/uploads\/2021\/04\/4.-Directiva-que-Regula-el-Procesos-de-Acreditaci\u00f3n.pdf\" target=\"_blank\" rel=\"noopener\">Directiva que regula el Procesos de Acreditaci\u00f3n de Instituciones Educativas y Programas<\/a><\/li><li><a href=\"http:\/\/www.une.edu.pe\/Oficina_de_Calidad\/wp-content\/uploads\/2021\/04\/5.-Plan-de-Gesti\u00f3n-de-la-Calidad-2019-2022.pdf\" target=\"_blank\" rel=\"noopener\">Plan de Gesti\u00f3n de la Calidad 2019-2022<\/a><\/li><li><a href=\"http:\/\/www.une.edu.pe\/Oficina_de_Calidad\/wp-content\/uploads\/2021\/04\/Ley-N\u00b0-30220-Ley-Universitaria.pdf\" target=\"_blank\" rel=\"noopener\">Ley N\u00b0 30220 Ley Universitaria<\/a><\/li><li><a href=\"http:\/\/www.une.edu.pe\/Oficina_de_Calidad\/wp-content\/uploads\/2021\/04\/Politica-de-Aseguramiento-de-la-Calidad.pdf\" target=\"_blank\" rel=\"noopener\">Pol\u00edtica de Aseguramiento de la Calidad de la Educaci\u00f3n Superior Universitaria<\/a><\/li><\/ul><\/div>\n\t\t\t\t<\/div>\n\t\t\t\t\t\t\t<div class=\"elementor-toggle-item\">\n\t\t\t\t\t<div id=\"elementor-tab-title-1112\" class=\"elementor-tab-title\" data-tab=\"2\" role=\"button\" aria-controls=\"elementor-tab-content-1112\" aria-expanded=\"false\">\n\t\t\t\t\t\t\t\t\t\t\t\t<span class=\"elementor-toggle-icon elementor-toggle-icon-left\" aria-hidden=\"true\">\n\t\t\t\t\t\t\t\t\t\t\t\t\t\t\t<span class=\"elementor-toggle-icon-closed\"><i class=\"fas fa-caret-right\"><\/i><\/span>\n\t\t\t\t\t\t\t\t<span class=\"elementor-toggle-icon-opened\"><i class=\"elementor-toggle-icon-opened fas fa-caret-up\"><\/i><\/span>\n\t\t\t\t\t\t\t\t\t\t\t\t\t<\/span>\n\t\t\t\t\t\t\t\t\t\t\t\t<a class=\"elementor-toggle-title\" tabindex=\"0\">COMIT\u00c9S DE CALIDAD<\/a>\n\t\t\t\t\t<\/div>\n\n\t\t\t\t\t<div id=\"elementor-tab-content-1112\" class=\"elementor-tab-content elementor-clearfix\" data-tab=\"2\" role=\"region\" aria-labelledby=\"elementor-tab-title-1112\"><p><strong>REGULAR<\/strong><\/p><ul><li><a href=\"http:\/\/www.une.edu.pe\/Oficina_de_Calidad\/wp-content\/uploads\/2021\/04\/1.-FACE-Resoluci\u00f3n-N\u00b0-1198-2020-R-UNE.pdf\" target=\"_blank\" rel=\"noopener\">FACE &#8211; Resoluci\u00f3n N\u00b0 1198-2020-R-UNE<\/a><\/li><li><a href=\"http:\/\/www.une.edu.pe\/Oficina_de_Calidad\/wp-content\/uploads\/2021\/04\/2.-FAN-Resoluci\u00f3n-N\u00b0-1200-2020-R-UNE.pdf\" target=\"_blank\" rel=\"noopener\">FAN &#8211; Resoluci\u00f3n N\u00b0 1200-2020-R-UNE<\/a><\/li><li><a href=\"http:\/\/www.une.edu.pe\/Oficina_de_Calidad\/wp-content\/uploads\/2021\/04\/3.-FAC-Resoluci\u00f3n-N\u00b0-1020-2020-R-UNE.pdf\" target=\"_blank\" rel=\"noopener\">FAC &#8211; Resoluci\u00f3n N\u00b0 1020-2020-R-UNE<\/a><\/li><li><a href=\"http:\/\/www.une.edu.pe\/Oficina_de_Calidad\/wp-content\/uploads\/2021\/04\/4.-FATEC-Resoluci\u00f3n-N\u00b0-1197-2020-R-UNE.pdf\" target=\"_blank\" rel=\"noopener\">FATEC- Resoluci\u00f3n N\u00b0 1197-2020-R-UNE<\/a><\/li><li><a href=\"http:\/\/www.une.edu.pe\/Oficina_de_Calidad\/wp-content\/uploads\/2021\/04\/5.-FCSYH-1-Resoluci\u00f3n-N\u00b0-1021-2020-R-UNE.pdf\" target=\"_blank\" rel=\"noopener\">FCSYH 1 -Resoluci\u00f3n N\u00b0 1021-2020-R-UNE<\/a><\/li><li><a href=\"http:\/\/www.une.edu.pe\/Oficina_de_Calidad\/wp-content\/uploads\/2021\/04\/5.-FCSYH-2-Resoluci\u00f3n-N\u00b0-1022-2020-R-UNE.pdf\" target=\"_blank\" rel=\"noopener\">FCSYH 2 &#8211; Resoluci\u00f3n N\u00b0 1022-2020-R-UNE<\/a><\/li><li><a href=\"http:\/\/www.une.edu.pe\/Oficina_de_Calidad\/wp-content\/uploads\/2021\/04\/5.-FCSYH-3-Resoluci\u00f3n-N\u00b0-1023-2020-R-UNE.pdf\" target=\"_blank\" rel=\"noopener\">FCSYH 3 &#8211; Resoluci\u00f3n N\u00b0 1023-2020-R-UNE<\/a><\/li><li><a href=\"http:\/\/www.une.edu.pe\/Oficina_de_Calidad\/wp-content\/uploads\/2021\/04\/5.-FCSYH-4-Resoluci\u00f3n-N\u00b0-1024-2020-R-UNE.pdf\" target=\"_blank\" rel=\"noopener\">FCSYH 4 &#8211; Resoluci\u00f3n N\u00b0 1024-2020-R-UNE<\/a><\/li><li><a href=\"http:\/\/www.une.edu.pe\/Oficina_de_Calidad\/wp-content\/uploads\/2021\/04\/6.-FEI-Resoluci\u00f3n-N\u00b0-1199-2020-R-UNE.pdf\" target=\"_blank\" rel=\"noopener\">FEI &#8211; Resoluci\u00f3n N\u00b0 1199-2020-R-UNE<\/a><\/li><li><a href=\"http:\/\/www.une.edu.pe\/Oficina_de_Calidad\/wp-content\/uploads\/2021\/04\/7.-FPYCF-Resoluci\u00f3n-N\u00b0-1334-2020-R-UNE.pdf\" target=\"_blank\" rel=\"noopener\">FPYCF &#8211; Resoluci\u00f3n N\u00b0 1334-2020-R-UNE<\/a><\/li><\/ul><p><strong>POSGRADO<\/strong><\/p><ul><li><a href=\"http:\/\/www.une.edu.pe\/Oficina_de_Calidad\/wp-content\/uploads\/2021\/04\/P055-Resoluci\u00f3n-N\u00b0-1206-2020-R-UNE-EPG-INGLES-LENGUA-EXTRANJERA.pdf\" target=\"_blank\" rel=\"noopener\">P055 &#8211; Resoluci\u00f3n N\u00b0 1206-2020-R-UNE &#8211; EPG INGLES LENGUA EXTRANJERA<\/a><\/li><li><a href=\"http:\/\/www.une.edu.pe\/Oficina_de_Calidad\/wp-content\/uploads\/2021\/04\/P056-Resoluci\u00f3n-N\u00b0-1205-2020-R-UNE-EPG-GESTI\u00d3N-EDUCACIONAL.pdf\" target=\"_blank\" rel=\"noopener\">P056 &#8211; Resoluci\u00f3n N\u00b0 1205-2020-R-UNE &#8211; EPG GESTI\u00d3N EDUCACIONAL<\/a><\/li><li><a href=\"http:\/\/www.une.edu.pe\/Oficina_de_Calidad\/wp-content\/uploads\/2021\/04\/P060-Resoluci\u00f3n-N\u00b0-1202-2020-R-UNE-EPG-ADMINISTRACION.pdf\" target=\"_blank\" rel=\"noopener\">P060 &#8211; Resoluci\u00f3n N\u00b0 1202-2020-R-UNE &#8211; EPG ADMINISTRACION<\/a><\/li><li><a href=\"http:\/\/www.une.edu.pe\/Oficina_de_Calidad\/wp-content\/uploads\/2021\/04\/P061-Resoluci\u00f3n-N\u00b0-1201-2020-R-UNE-EPG-GESTI\u00d3N-P\u00daBLICA.pdf\" target=\"_blank\" rel=\"noopener\">P061 &#8211; Resoluci\u00f3n N\u00b0 1201-2020-R-UNE &#8211; EPG GESTI\u00d3N P\u00daBLICA<\/a><\/li><li><a href=\"http:\/\/www.une.edu.pe\/Oficina_de_Calidad\/wp-content\/uploads\/2021\/04\/P062-Resoluci\u00f3n-N\u00b0-1337-2020-R-UNE-EPG-PSICOLOGIA-EDUCATIVA.pdf\" target=\"_blank\" rel=\"noopener\">P062 &#8211; Resoluci\u00f3n N\u00b0 1337-2020-R-UNE &#8211; EPG PSICOLOGIA EDUCATIVA<\/a><\/li><li><a href=\"http:\/\/www.une.edu.pe\/Oficina_de_Calidad\/wp-content\/uploads\/2021\/04\/P063-Resoluci\u00f3n-N\u00b0-1207-2020-R-UNE-EPG-CIENCIAS-DEL-DEPORTE.pdf\" target=\"_blank\" rel=\"noopener\">P063 &#8211; Resoluci\u00f3n N\u00b0 1207-2020-R-UNE &#8211; EPG CIENCIAS DEL DEPORTE<\/a><\/li><li><a href=\"http:\/\/www.une.edu.pe\/Oficina_de_Calidad\/wp-content\/uploads\/2021\/04\/P064-Resoluci\u00f3n-N\u00b0-1204-2020-R-UNE-EPG-MATEM\u00c1TICA.pdf\" target=\"_blank\" rel=\"noopener\">P064 &#8211; Resoluci\u00f3n N\u00b0 1204-2020-R-UNE &#8211; EPG MATEM\u00c1TICA<\/a><\/li><li><a href=\"http:\/\/www.une.edu.pe\/Oficina_de_Calidad\/wp-content\/uploads\/2021\/04\/P067-Resoluci\u00f3n-N\u00b0-1203-2020-R-UNE-EGP-RECURSOS-HUMANOS.pdf\" target=\"_blank\" rel=\"noopener\">P067 &#8211; Resoluci\u00f3n N\u00b0 1203-2020-R-UNE &#8211; EGP RECURSOS HUMANOS<\/a><\/li><li><a href=\"http:\/\/www.une.edu.pe\/Oficina_de_Calidad\/wp-content\/uploads\/2021\/04\/P068-Resoluci\u00f3n-N\u00b0-1339-2020-R-UNE-EPG-TURISMO-Y-HOTELERIA.pdf\" target=\"_blank\" rel=\"noopener\">P068 &#8211; Resoluci\u00f3n N\u00b0 1339-2020-R-UNE &#8211; EPG TURISMO Y HOTELERIA<\/a><\/li><\/ul><\/div>\n\t\t\t\t<\/div>\n\t\t\t\t\t\t\t<div class=\"elementor-toggle-item\">\n\t\t\t\t\t<div id=\"elementor-tab-title-1113\" class=\"elementor-tab-title\" data-tab=\"3\" role=\"button\" aria-controls=\"elementor-tab-content-1113\" aria-expanded=\"false\">\n\t\t\t\t\t\t\t\t\t\t\t\t<span class=\"elementor-toggle-icon elementor-toggle-icon-left\" aria-hidden=\"true\">\n\t\t\t\t\t\t\t\t\t\t\t\t\t\t\t<span class=\"elementor-toggle-icon-closed\"><i class=\"fas fa-caret-right\"><\/i><\/span>\n\t\t\t\t\t\t\t\t<span class=\"elementor-toggle-icon-opened\"><i class=\"elementor-toggle-icon-opened fas fa-caret-up\"><\/i><\/span>\n\t\t\t\t\t\t\t\t\t\t\t\t\t<\/span>\n\t\t\t\t\t\t\t\t\t\t\t\t<a class=\"elementor-toggle-title\" tabindex=\"0\">DIAGNOSTICO DE LOS PROGRAMAS DE ESTUDIO<\/a>\n\t\t\t\t\t<\/div>\n\n\t\t\t\t\t<div id=\"elementor-tab-content-1113\" class=\"elementor-tab-content elementor-clearfix\" data-tab=\"3\" role=\"region\" aria-labelledby=\"elementor-tab-title-1113\"><ul><li><a href=\"http:\/\/www.une.edu.pe\/Oficina_de_Calidad\/wp-content\/uploads\/2021\/04\/1.-LANZAMIENTO-DE-LOS-66-PROCESOS-DE-AUTOEVALUACI\u00d3N.pdf\" target=\"_blank\" rel=\"noopener\">LANZAMIENTO DE LOS 66 PROCESOS DE AUTOEVALUACI\u00d3N<\/a><\/li><li><a href=\"http:\/\/www.une.edu.pe\/Oficina_de_Calidad\/wp-content\/uploads\/2021\/04\/2.-EXPLICACI\u00d3N-DE-EST\u00c1NDARES.pdf\" target=\"_blank\" rel=\"noopener\">EXPLICACI\u00d3N DEL MODELO DE ACREDITACI\u00d3N<\/a><\/li><\/ul><\/div>\n\t\t\t\t<\/div>\n\t\t\t\t\t\t\t<div class=\"elementor-toggle-item\">\n\t\t\t\t\t<div id=\"elementor-tab-title-1114\" class=\"elementor-tab-title\" data-tab=\"4\" role=\"button\" aria-controls=\"elementor-tab-content-1114\" aria-expanded=\"false\">\n\t\t\t\t\t\t\t\t\t\t\t\t<span class=\"elementor-toggle-icon elementor-toggle-icon-left\" aria-hidden=\"true\">\n\t\t\t\t\t\t\t\t\t\t\t\t\t\t\t<span class=\"elementor-toggle-icon-closed\"><i class=\"fas fa-caret-right\"><\/i><\/span>\n\t\t\t\t\t\t\t\t<span class=\"elementor-toggle-icon-opened\"><i class=\"elementor-toggle-icon-opened fas fa-caret-up\"><\/i><\/span>\n\t\t\t\t\t\t\t\t\t\t\t\t\t<\/span>\n\t\t\t\t\t\t\t\t\t\t\t\t<a class=\"elementor-toggle-title\" tabindex=\"0\">IMPLEMENTACI\u00d3N DE PLANES DE MEJORA<\/a>\n\t\t\t\t\t<\/div>\n\n\t\t\t\t\t<div id=\"elementor-tab-content-1114\" class=\"elementor-tab-content elementor-clearfix\" data-tab=\"4\" role=\"region\" aria-labelledby=\"elementor-tab-title-1114\"><p>La oficina de Calidad Acad\u00e9mica y Acreditaci\u00f3n, es responsable de planificar, coordinar, ejecutar y evaluar el sistema de gesti\u00f3n de la calidad de la UNE EGyV. En ese sentido, para el a\u00f1o 2021 viene trabajando la Acreditaci\u00f3n de 66 programas de estudios de la UNE, a fin de continuar con el aseguramiento de la calidad en su servicio educativo, de acuerdo a lo establecido en la Directiva que regula la acreditaci\u00f3n de instituciones educativas y programas, aprobada con Resoluci\u00f3n 172-2018-SINEACE.<\/p><p>Para mayor informaci\u00f3n acerca de las gu\u00edas y formatos de este proceso, solicitarlo mediante el correo institucional a occaya@une.edu.pe<\/p><\/div>\n\t\t\t\t<\/div>\n\t\t\t\t\t\t\t\t<\/div>\n\t\t\t\t\t\t<\/div>\n\t\t\t\t<\/div>\n\t\t\t\t\t<\/div>\n\t\t<\/div>\n\t\t\t\t\t<\/div>\n\t\t<\/section>\n\t\t\t\t<section class=\"elementor-section elementor-top-section elementor-element elementor-element-c328c4e elementor-section-boxed elementor-section-height-default elementor-section-height-default\" data-id=\"c328c4e\" data-element_type=\"section\" data-e-type=\"section\">\n\t\t\t\t\t\t<div class=\"elementor-container elementor-column-gap-default\">\n\t\t\t\t\t<div class=\"elementor-column elementor-col-100 elementor-top-column elementor-element elementor-element-e079227\" data-id=\"e079227\" data-element_type=\"column\" data-e-type=\"column\">\n\t\t\t<div class=\"elementor-widget-wrap\">\n\t\t\t\t\t\t\t<\/div>\n\t\t<\/div>\n\t\t\t\t\t<\/div>\n\t\t<\/section>\n\t\t\t\t<\/div>\n\t\t","protected":false},"excerpt":{"rendered":"<p>LECTURAS RECOMENDADAS Modelo de acreditaci\u00f3n institucional&nbsp;para universidades Modelo de acreditaci\u00f3n para programas de estudios de educaci\u00f3n superior universitaria Explicaci\u00f3n de est\u00e1ndares del modelo de acreditaci\u00f3n &#8230;. <\/p>\n","protected":false},"author":2,"featured_media":0,"parent":0,"menu_order":0,"comment_status":"closed","ping_status":"closed","template":"elementor_header_footer","meta":{"footnotes":""},"class_list":["post-1526","page","type-page","status-publish","hentry"],"_links":{"self":[{"href":"https:\/\/www.une.edu.pe\/Oficina_de_Calidad\/wp-json\/wp\/v2\/pages\/1526","targetHints":{"allow":["GET"]}}],"collection":[{"href":"https:\/\/www.une.edu.pe\/Oficina_de_Calidad\/wp-json\/wp\/v2\/pages"}],"about":[{"href":"https:\/\/www.une.edu.pe\/Oficina_de_Calidad\/wp-json\/wp\/v2\/types\/page"}],"author":[{"embeddable":true,"href":"https:\/\/www.une.edu.pe\/Oficina_de_Calidad\/wp-json\/wp\/v2\/users\/2"}],"replies":[{"embeddable":true,"href":"https:\/\/www.une.edu.pe\/Oficina_de_Calidad\/wp-json\/wp\/v2\/comments?post=1526"}],"version-history":[{"count":89,"href":"https:\/\/www.une.edu.pe\/Oficina_de_Calidad\/wp-json\/wp\/v2\/pages\/1526\/revisions"}],"predecessor-version":[{"id":1649,"href":"https:\/\/www.une.edu.pe\/Oficina_de_Calidad\/wp-json\/wp\/v2\/pages\/1526\/revisions\/1649"}],"wp:attachment":[{"href":"https:\/\/www.une.edu.pe\/Oficina_de_Calidad\/wp-json\/wp\/v2\/media?parent=1526"}],"curies":[{"name":"wp","href":"https:\/\/api.w.org\/{rel}","templated":true}]}}