{"id":1381,"date":"2021-01-05T16:16:58","date_gmt":"2021-01-05T21:16:58","guid":{"rendered":"http:\/\/www.une.edu.pe\/Oficina_de_Calidad\/?page_id=1381"},"modified":"2021-01-05T16:34:15","modified_gmt":"2021-01-05T21:34:15","slug":"noticias","status":"publish","type":"page","link":"https:\/\/www.une.edu.pe\/Oficina_de_Calidad\/noticias\/","title":{"rendered":"Noticias"},"content":{"rendered":"\t\t<div data-elementor-type=\"wp-page\" data-elementor-id=\"1381\" class=\"elementor elementor-1381\">\n\t\t\t\t\t\t<section class=\"elementor-section elementor-top-section elementor-element elementor-element-cb79fc9 elementor-section-boxed elementor-section-height-default elementor-section-height-default\" data-id=\"cb79fc9\" data-element_type=\"section\" data-e-type=\"section\">\n\t\t\t\t\t\t<div class=\"elementor-container elementor-column-gap-default\">\n\t\t\t\t\t<div class=\"elementor-column elementor-col-100 elementor-top-column elementor-element elementor-element-5c146b8\" data-id=\"5c146b8\" data-element_type=\"column\" data-e-type=\"column\">\n\t\t\t<div class=\"elementor-widget-wrap\">\n\t\t\t\t\t\t\t<\/div>\n\t\t<\/div>\n\t\t\t\t\t<\/div>\n\t\t<\/section>\n\t\t\t\t<section class=\"elementor-section elementor-top-section elementor-element elementor-element-a8cbad3 elementor-section-boxed elementor-section-height-default elementor-section-height-default\" data-id=\"a8cbad3\" data-element_type=\"section\" data-e-type=\"section\">\n\t\t\t\t\t\t<div class=\"elementor-container elementor-column-gap-default\">\n\t\t\t\t\t<div class=\"elementor-column elementor-col-100 elementor-top-column elementor-element elementor-element-74f11ff\" data-id=\"74f11ff\" data-element_type=\"column\" data-e-type=\"column\">\n\t\t\t<div class=\"elementor-widget-wrap elementor-element-populated\">\n\t\t\t\t\t\t<div class=\"elementor-element elementor-element-f3870a5 elementor-widget elementor-widget-button\" data-id=\"f3870a5\" data-element_type=\"widget\" data-e-type=\"widget\" data-widget_type=\"button.default\">\n\t\t\t\t<div class=\"elementor-widget-container\">\n\t\t\t\t\t\t\t\t\t<div class=\"elementor-button-wrapper\">\n\t\t\t\t\t<a class=\"elementor-button elementor-button-link elementor-size-sm\" href=\"#\">\n\t\t\t\t\t\t<span class=\"elementor-button-content-wrapper\">\n\t\t\t\t\t\t\t\t\t<span class=\"elementor-button-text\">NOTICIAS<\/span>\n\t\t\t\t\t<\/span>\n\t\t\t\t\t<\/a>\n\t\t\t\t<\/div>\n\t\t\t\t\t\t\t\t<\/div>\n\t\t\t\t<\/div>\n\t\t\t\t<div class=\"elementor-element elementor-element-9b46b63 elementor-widget-divider--view-line elementor-widget elementor-widget-divider\" data-id=\"9b46b63\" data-element_type=\"widget\" data-e-type=\"widget\" data-widget_type=\"divider.default\">\n\t\t\t\t<div class=\"elementor-widget-container\">\n\t\t\t\t\t\t\t<div class=\"elementor-divider\">\n\t\t\t<span class=\"elementor-divider-separator\">\n\t\t\t\t\t\t<\/span>\n\t\t<\/div>\n\t\t\t\t\t\t<\/div>\n\t\t\t\t<\/div>\n\t\t\t\t<div class=\"elementor-element elementor-element-90ffda0 elementor-grid-2 elementor-grid-tablet-2 elementor-grid-mobile-1 elementor-widget elementor-widget-elementor-blog-posts\" data-id=\"90ffda0\" data-element_type=\"widget\" data-e-type=\"widget\" data-settings=\"{&quot;columns&quot;:&quot;2&quot;,&quot;columns_tablet&quot;:&quot;2&quot;,&quot;columns_mobile&quot;:&quot;1&quot;}\" data-widget_type=\"elementor-blog-posts.default\">\n\t\t\t\t<div class=\"elementor-widget-container\">\n\t\t\t\t\t\t\t<div class=\"wpcap-grid\">\n\t\t\t\t\t\t<div class=\"wpcap-grid-container elementor-grid wpcap-grid-desktop-2 wpcap-grid-tablet-2 wpcap-grid-mobile-1 grid-meta-bottom\">\n\n\t\t\t\t\n        <article id=\"post-1686\" class=\"wpcap-post post-1686 post type-post status-publish format-standard hentry category-noticias\">\n         \n            <div class=\"post-grid-inner\">\n            \t\n            \t\n                <div class=\"post-grid-text-wrap\">\n               \t\t\t\t<h3 class=\"title\">\n\t\t\t<a href=\"https:\/\/www.une.edu.pe\/Oficina_de_Calidad\/2025\/01\/28\/acreditacion-de-programas-de-estudios-2\/\">Acreditaci\u00f3n de programas de estudios<\/a>\n\t\t<\/h3>\n\t\t\t                \t\t<div class=\"post-grid-excerpt\">\n\t\t\t\t\t<\/div>\n\t\t\t                \t\t<a class=\"read-more-btn\" href=\"https:\/\/www.une.edu.pe\/Oficina_de_Calidad\/2025\/01\/28\/acreditacion-de-programas-de-estudios-2\/\">Leer m\u00e1s \u00bb<\/a>\n\t\t                <\/div>\n\n                \n            <\/div><!-- .blog-inner -->\n           \n        <\/article>\n\n        \n        <article id=\"post-1392\" class=\"wpcap-post post-1392 post type-post status-publish format-standard has-post-thumbnail hentry category-noticias\">\n         \n            <div class=\"post-grid-inner\">\n            \t\n            \t\t\t\t<div class=\"post-grid-thumbnail\">\n\t\t\t\t<a href=\"https:\/\/www.une.edu.pe\/Oficina_de_Calidad\/2021\/01\/05\/acreditacion-de-programas-de-estudios\/\">\n\t\t\t\t\t<img fetchpriority=\"high\" decoding=\"async\" width=\"900\" height=\"500\" src=\"https:\/\/www.une.edu.pe\/Oficina_de_Calidad\/wp-content\/uploads\/2021\/01\/SQSQS-900x500.png\" class=\"attachment-cream-blog-thumbnail-four size-cream-blog-thumbnail-four wp-post-image\" alt=\"\" \/>\t\t\t\t<\/a>\n\t\t\t<\/div>\n        \n                <div class=\"post-grid-text-wrap\">\n               \t\t\t\t<h3 class=\"title\">\n\t\t\t<a href=\"https:\/\/www.une.edu.pe\/Oficina_de_Calidad\/2021\/01\/05\/acreditacion-de-programas-de-estudios\/\">Acreditaci\u00f3n de programas de estudios<\/a>\n\t\t<\/h3>\n\t\t\t                \t\t<div class=\"post-grid-excerpt\">\n\t\t\t<p>Lanzamiento de procesos de autoevaluaci\u00f3n con fines de acreditaci\u00f3n de 66 programas de estudios de pregrado y posgrado de la UNE. Capacitaci\u00f3n y asistencias t\u00e9cnicas&hellip;<\/p>\n\t\t<\/div>\n\t\t\t                \t\t<a class=\"read-more-btn\" href=\"https:\/\/www.une.edu.pe\/Oficina_de_Calidad\/2021\/01\/05\/acreditacion-de-programas-de-estudios\/\">Leer m\u00e1s \u00bb<\/a>\n\t\t                <\/div>\n\n                \n            <\/div><!-- .blog-inner -->\n           \n        <\/article>\n\n        \n        <article id=\"post-1390\" class=\"wpcap-post post-1390 post type-post status-publish format-standard has-post-thumbnail hentry category-noticias\">\n         \n            <div class=\"post-grid-inner\">\n            \t\n            \t\t\t\t<div class=\"post-grid-thumbnail\">\n\t\t\t\t<a href=\"https:\/\/www.une.edu.pe\/Oficina_de_Calidad\/2021\/01\/05\/licenciamiento-institucional\/\">\n\t\t\t\t\t<img decoding=\"async\" width=\"900\" height=\"500\" src=\"https:\/\/www.une.edu.pe\/Oficina_de_Calidad\/wp-content\/uploads\/2020\/12\/000639875W-900x500.jpg\" class=\"attachment-cream-blog-thumbnail-four size-cream-blog-thumbnail-four wp-post-image\" alt=\"\" \/>\t\t\t\t<\/a>\n\t\t\t<\/div>\n        \n                <div class=\"post-grid-text-wrap\">\n               \t\t\t\t<h3 class=\"title\">\n\t\t\t<a href=\"https:\/\/www.une.edu.pe\/Oficina_de_Calidad\/2021\/01\/05\/licenciamiento-institucional\/\">Licenciamiento Institucional<\/a>\n\t\t<\/h3>\n\t\t\t                \t\t<div class=\"post-grid-excerpt\">\n\t\t\t<p>Jornada de trabajo: Asesoramiento de la informaci\u00f3n requerida en el informe final de licenciamiento (Cumplimiento de requerimiento y recomendaciones), dirigido a todas las dependencias involucradas.&hellip;<\/p>\n\t\t<\/div>\n\t\t\t                \t\t<a class=\"read-more-btn\" href=\"https:\/\/www.une.edu.pe\/Oficina_de_Calidad\/2021\/01\/05\/licenciamiento-institucional\/\">Leer m\u00e1s \u00bb<\/a>\n\t\t                <\/div>\n\n                \n            <\/div><!-- .blog-inner -->\n           \n        <\/article>\n\n        \n        <article id=\"post-1386\" class=\"wpcap-post post-1386 post type-post status-publish format-standard has-post-thumbnail hentry category-noticias\">\n         \n            <div class=\"post-grid-inner\">\n            \t\n            \t\t\t\t<div class=\"post-grid-thumbnail\">\n\t\t\t\t<a href=\"https:\/\/www.une.edu.pe\/Oficina_de_Calidad\/2021\/01\/05\/implementacion-del-sistema-de-gestion-de-calidad-institucional\/\">\n\t\t\t\t\t<img decoding=\"async\" width=\"900\" height=\"500\" src=\"https:\/\/www.une.edu.pe\/Oficina_de_Calidad\/wp-content\/uploads\/2021\/01\/Calidad-y-Excelencia-900x500.jpg\" class=\"attachment-cream-blog-thumbnail-four size-cream-blog-thumbnail-four wp-post-image\" alt=\"\" \/>\t\t\t\t<\/a>\n\t\t\t<\/div>\n        \n                <div class=\"post-grid-text-wrap\">\n               \t\t\t\t<h3 class=\"title\">\n\t\t\t<a href=\"https:\/\/www.une.edu.pe\/Oficina_de_Calidad\/2021\/01\/05\/implementacion-del-sistema-de-gestion-de-calidad-institucional\/\">Implementaci\u00f3n del sistema de gesti\u00f3n de calidad institucional<\/a>\n\t\t<\/h3>\n\t\t\t                \t\t<div class=\"post-grid-excerpt\">\n\t\t\t<p>Propuesta de Plan Piloto \u00abGesti\u00f3n de los procesos acad\u00e9micos-administrativos y transformaci\u00f3n digital en el \u00e1rea de admisi\u00f3n y registro de la UNE EGyV\u00bb para la&hellip;<\/p>\n\t\t<\/div>\n\t\t\t                \t\t<a class=\"read-more-btn\" href=\"https:\/\/www.une.edu.pe\/Oficina_de_Calidad\/2021\/01\/05\/implementacion-del-sistema-de-gestion-de-calidad-institucional\/\">Leer m\u00e1s \u00bb<\/a>\n\t\t                <\/div>\n\n                \n            <\/div><!-- .blog-inner -->\n           \n        <\/article>\n\n        \n        <article id=\"post-1072\" class=\"wpcap-post post-1072 post type-post status-publish format-standard has-post-thumbnail hentry category-noticias\">\n         \n            <div class=\"post-grid-inner\">\n            \t\n            \t\t\t\t<div class=\"post-grid-thumbnail\">\n\t\t\t\t<a href=\"https:\/\/www.une.edu.pe\/Oficina_de_Calidad\/2020\/12\/07\/mas-de-5-mil-cantutenos-participaron-en-elecciones-virtuales-de-decanos-y-representantes-estudiantiles\/\">\n\t\t\t\t\t<img decoding=\"async\" width=\"900\" height=\"500\" src=\"https:\/\/www.une.edu.pe\/Oficina_de_Calidad\/wp-content\/uploads\/2020\/12\/000639875W-900x500.jpg\" class=\"attachment-cream-blog-thumbnail-four size-cream-blog-thumbnail-four wp-post-image\" alt=\"\" \/>\t\t\t\t<\/a>\n\t\t\t<\/div>\n        \n                <div class=\"post-grid-text-wrap\">\n               \t\t\t\t<h3 class=\"title\">\n\t\t\t<a href=\"https:\/\/www.une.edu.pe\/Oficina_de_Calidad\/2020\/12\/07\/mas-de-5-mil-cantutenos-participaron-en-elecciones-virtuales-de-decanos-y-representantes-estudiantiles\/\">M\u00e1s de 5 mil cantute\u00f1os participaron en elecciones virtuales de decanos y representantes estudiantiles<\/a>\n\t\t<\/h3>\n\t\t\t                \t\t<div class=\"post-grid-excerpt\">\n\t\t\t<p>Nota de Prensa N\u00b0 051-2020-OII-UNE De acuerdo al acta de sufragio publicada en la p\u00e1gina web del Comit\u00e9 Electoral de la Universidad Nacional de Educaci\u00f3n&hellip;<\/p>\n\t\t<\/div>\n\t\t\t                \t\t<a class=\"read-more-btn\" href=\"https:\/\/www.une.edu.pe\/Oficina_de_Calidad\/2020\/12\/07\/mas-de-5-mil-cantutenos-participaron-en-elecciones-virtuales-de-decanos-y-representantes-estudiantiles\/\">Leer m\u00e1s \u00bb<\/a>\n\t\t                <\/div>\n\n                \n            <\/div><!-- .blog-inner -->\n           \n        <\/article>\n\n        \n        <article id=\"post-1010\" class=\"wpcap-post post-1010 post type-post status-publish format-standard has-post-thumbnail hentry category-noticias\">\n         \n            <div class=\"post-grid-inner\">\n            \t\n            \t\t\t\t<div class=\"post-grid-thumbnail\">\n\t\t\t\t<a href=\"https:\/\/www.une.edu.pe\/Oficina_de_Calidad\/2020\/12\/04\/ciencias-empresariales-culmina-las-celebraciones-por-sus-bodas-de-oro\/\">\n\t\t\t\t\t<img loading=\"lazy\" decoding=\"async\" width=\"900\" height=\"500\" src=\"https:\/\/www.une.edu.pe\/Oficina_de_Calidad\/wp-content\/uploads\/2020\/12\/face-900x500.png\" class=\"attachment-cream-blog-thumbnail-four size-cream-blog-thumbnail-four wp-post-image\" alt=\"\" \/>\t\t\t\t<\/a>\n\t\t\t<\/div>\n        \n                <div class=\"post-grid-text-wrap\">\n               \t\t\t\t<h3 class=\"title\">\n\t\t\t<a href=\"https:\/\/www.une.edu.pe\/Oficina_de_Calidad\/2020\/12\/04\/ciencias-empresariales-culmina-las-celebraciones-por-sus-bodas-de-oro\/\">Ciencias Empresariales culmina las celebraciones por sus Bodas de Oro<\/a>\n\t\t<\/h3>\n\t\t\t                \t\t<div class=\"post-grid-excerpt\">\n\t\t\t<p>Nota de Prensa N\u00b0 049-2020-OII-UNE El viernes 4 de diciembre, la Facultad de Ciencias Empresariales de la Universidad Nacional de Educaci\u00f3n Enrique Guzm\u00e1n y Valle,&hellip;<\/p>\n\t\t<\/div>\n\t\t\t                \t\t<a class=\"read-more-btn\" href=\"https:\/\/www.une.edu.pe\/Oficina_de_Calidad\/2020\/12\/04\/ciencias-empresariales-culmina-las-celebraciones-por-sus-bodas-de-oro\/\">Leer m\u00e1s \u00bb<\/a>\n\t\t                <\/div>\n\n                \n            <\/div><!-- .blog-inner -->\n           \n        <\/article>\n\n        \n\t\t\t<\/div>\n\t\t<\/div>\n\t\t\t\t\t\t<\/div>\n\t\t\t\t<\/div>\n\t\t\t\t\t<\/div>\n\t\t<\/div>\n\t\t\t\t\t<\/div>\n\t\t<\/section>\n\t\t\t\t<\/div>\n\t\t","protected":false},"excerpt":{"rendered":"<p>NOTICIAS Acreditaci\u00f3n de programas de estudios Lanzamiento de procesos de autoevaluaci\u00f3n con fines de acreditaci\u00f3n de 66 programas de estudios de pregrado y posgrado de &#8230;. <\/p>\n","protected":false},"author":1,"featured_media":0,"parent":0,"menu_order":0,"comment_status":"closed","ping_status":"closed","template":"elementor_header_footer","meta":{"footnotes":""},"class_list":["post-1381","page","type-page","status-publish","hentry"],"_links":{"self":[{"href":"https:\/\/www.une.edu.pe\/Oficina_de_Calidad\/wp-json\/wp\/v2\/pages\/1381","targetHints":{"allow":["GET"]}}],"collection":[{"href":"https:\/\/www.une.edu.pe\/Oficina_de_Calidad\/wp-json\/wp\/v2\/pages"}],"about":[{"href":"https:\/\/www.une.edu.pe\/Oficina_de_Calidad\/wp-json\/wp\/v2\/types\/page"}],"author":[{"embeddable":true,"href":"https:\/\/www.une.edu.pe\/Oficina_de_Calidad\/wp-json\/wp\/v2\/users\/1"}],"replies":[{"embeddable":true,"href":"https:\/\/www.une.edu.pe\/Oficina_de_Calidad\/wp-json\/wp\/v2\/comments?post=1381"}],"version-history":[{"count":7,"href":"https:\/\/www.une.edu.pe\/Oficina_de_Calidad\/wp-json\/wp\/v2\/pages\/1381\/revisions"}],"predecessor-version":[{"id":1398,"href":"https:\/\/www.une.edu.pe\/Oficina_de_Calidad\/wp-json\/wp\/v2\/pages\/1381\/revisions\/1398"}],"wp:attachment":[{"href":"https:\/\/www.une.edu.pe\/Oficina_de_Calidad\/wp-json\/wp\/v2\/media?parent=1381"}],"curies":[{"name":"wp","href":"https:\/\/api.w.org\/{rel}","templated":true}]}}